{"id":47401,"date":"2026-03-29T17:29:18","date_gmt":"2026-03-29T14:29:16","guid":{"rendered":"https:\/\/nerasa.eu\/?post_type=product&#038;p=47401"},"modified":"2026-04-20T09:06:43","modified_gmt":"2026-04-20T06:06:43","slug":"ilgi-moteriski-sortai-su-kisenemis","status":"publish","type":"product","link":"https:\/\/nerasa.eu\/lt\/p\/ilgi-moteriski-sortai-su-kisenemis\/","title":{"rendered":"Ilgi moteri\u0161ki \u0161ortai su ki\u0161en\u0117mis"},"content":{"rendered":"<p>Moteri\u0161ki \u0161ortai su ki\u0161en\u0117mis patogiu tampriu juosmeniu su guma.<\/p>\n<p>\u0160ortai pasi\u016bti i\u0161 \u0161velnaus vidutinio storumo auk\u0161tos kokyb\u0117s medviln\u0117s trikota\u017eo.<\/p>\n<h4>\u25b6 APIE \u0160ORTUS\u25c0<\/h4>\n<p>\u25c8 Trikota\u017einiai \u0161ortai su pla\u010dia guma juosmens dalyje<\/p>\n<p>\u25c8 Pagaminti i\u0161 auk\u0161tos kokyb\u0117s medviln\u0117s trikota\u017eo<\/p>\n<p>\u25c8 Su patogiomis \u0161onin\u0117mis ki\u0161en\u0117mis<\/p>\n<h4>\u25b6 SUD\u0116TIS \u25c0<\/h4>\n<p>OEKO-TEX 100 standartu sertifikuotas trikota\u017eas:<\/p>\n<p>72% medviln\u0117, 20% poliesteris, 8% elastanas. Be p\u016bkelio vidin\u0117je pus\u0117je.<\/p>\n<h4>\u25b6DYD\u017dIO PASIRINKIMAS \u25c0<\/h4>\n<p>Prie\u0161 pasirinkdami dyd\u012f atkreipkite d\u0117mes\u012f \u012f <a class=\"size-chart-pum\" href=\"#\">dyd\u017ei\u0173 lentel\u0119.<\/a><\/p>\n<p>\u0160ort\u0173 \u017eingsnio ilgis 25 cm. (ilgis nuo klynuko iki apa\u010dios). Ilgis gali b\u016bti koreguojamas pagal J\u016bs\u0173 pageidavimus, tiesiog para\u0161ykite apie tai u\u017esakydami.<\/p>\n<p>Gaminius gaminame net iki 6 XL dyd\u017eio, tad tikim\u0117s, kad visi rasite sau tinkam\u0105 dyd\u012f.<\/p>\n<h4>\u25b6 PRIE\u017dI\u016aRA \u25c0<\/h4>\n<p>\u25c8 Skalbkite lengva skalbimo ma\u0161inos programa 30 laipsni\u0173 temperat\u016broje.<\/p>\n<p>\u25c8 Ned\u017eiovinkite d\u017eiovykl\u0117je, nebalinkite.<\/p>\n<h4>\u25b6 I\u0160ANKSTINIS U\u017dSAKYMAS \u25c0<\/h4>\n<p>Jei gaminio neturime pagaminto, po u\u017esakymo gavimo j\u012f pagaminsime per 3-5 darbo dienas specialiai Jums!<\/p>\n<p>PAGAMINTA LIETUVOJE!<\/p>\n","protected":false},"excerpt":{"rendered":"<p>\u0160ortai pasi\u016bti i\u0161 \u0161velnaus vidutinio storumo auk\u0161tos kokyb\u0117s medviln\u0117s trikota\u017eo.<\/p>\n<h4>\u25b6 APIE \u0160ORTUS\u25c0<\/h4>\n<p>\u25c8 Trikota\u017einiai \u0161ortai su pla\u010dia guma juosmens dalyje<\/p>\n<p>\u25c8 Pagaminti i\u0161 auk\u0161tos kokyb\u0117s medviln\u0117s trikota\u017eo<\/p>\n<p>\u25c8 Su patogiomis \u0161onin\u0117mis ki\u0161en\u0117mis<\/p>\n<h4>\u25b6 SUD\u0116TIS \u25c0<\/h4>\n<p>OEKO-TEX 100 standartu sertifikuotas trikota\u017eas:<\/p>\n<p>72% medviln\u0117, 20% poliesteris, 8% elastanas. Be p\u016bkelio vidin\u0117je pus\u0117je.<\/p>\n<h4>\u25b6DYD\u017dIO PASIRINKIMAS \u25c0<\/h4>\n<p>Prie\u0161 pasirinkdami dyd\u012f atkreipkite d\u0117mes\u012f \u012f <a class=\"size-chart-pum\" href=\"#\">dyd\u017ei\u0173 lentel\u0119.<\/a><\/p>\n<p>\u0160ort\u0173 \u017eingsnio ilgis 25 cm. (ilgis nuo klynuko iki apa\u010dios). Ilgis gali b\u016bti koreguojamas pagal J\u016bs\u0173 pageidavimus, tiesiog para\u0161ykite apie tai u\u017esakydami.<\/p>\n<h4>\u25b6 I\u0160ANKSTINIS U\u017dSAKYMAS \u25c0<\/h4>\n<p>Jei gaminio neturime pagaminto, po u\u017esakymo gavimo j\u012f pagaminsime per 3-5\u00a0 darbo dienas specialiai Jums!<\/p>\n<p>PAGAMINTA LIETUVOJE!<\/p>\n","protected":false},"featured_media":47436,"template":"","meta":{"_mi_skip_tracking":false,"_monsterinsights_sitenote_active":false,"_monsterinsights_sitenote_note":"","_monsterinsights_sitenote_category":0,"spay_email":""},"product-groups":[],"product_cat":[356,1645,1646,378],"product_tag":[],"acf":[],"yoast_head":"<!-- This site is optimized with the Yoast SEO plugin v17.4 - https:\/\/yoast.com\/wordpress\/plugins\/seo\/ -->\n<title>Ilgi moteri\u0161ki \u0161ortai su ki\u0161en\u0117mis - ne.rasa<\/title>\n<meta name=\"description\" content=\"Moteri\u0161ki \u0161ortai su ki\u0161en\u0117mis ir atvartais\" \/>\n<meta name=\"robots\" content=\"index, follow, max-snippet:-1, max-image-preview:large, max-video-preview:-1\" \/>\n<link rel=\"canonical\" href=\"https:\/\/nerasa.eu\/lt\/p\/ilgi-moteriski-sortai-su-kisenemis\/\" \/>\n<meta property=\"og:locale\" content=\"lt_LT\" \/>\n<meta property=\"og:type\" content=\"article\" \/>\n<meta property=\"og:title\" content=\"Ilgi moteri\u0161ki \u0161ortai su ki\u0161en\u0117mis - ne.rasa\" \/>\n<meta property=\"og:description\" content=\"Moteri\u0161ki \u0161ortai su ki\u0161en\u0117mis ir atvartais\" \/>\n<meta property=\"og:url\" content=\"https:\/\/nerasa.eu\/lt\/p\/ilgi-moteriski-sortai-su-kisenemis\/\" \/>\n<meta property=\"og:site_name\" content=\"ne.rasa\" \/>\n<meta property=\"article:publisher\" content=\"https:\/\/www.facebook.com\/nerasa.eu\" \/>\n<meta property=\"article:modified_time\" content=\"2026-04-20T06:06:43+00:00\" \/>\n<meta property=\"og:image\" content=\"https:\/\/nerasa.eu\/wp-content\/uploads\/2026\/03\/20250819_155933-Holly-Stucco-Wall.jpeg\" \/>\n\t<meta property=\"og:image:width\" content=\"1536\" \/>\n\t<meta property=\"og:image:height\" content=\"2048\" \/>\n<meta name=\"twitter:card\" content=\"summary\" \/>\n<meta name=\"twitter:label1\" content=\"Est. reading time\" \/>\n\t<meta name=\"twitter:data1\" content=\"1 minut\u0117\" \/>\n<script type=\"application\/ld+json\" class=\"yoast-schema-graph\">{\"@context\":\"https:\/\/schema.org\",\"@graph\":[{\"@type\":\"Organization\",\"@id\":\"https:\/\/nerasa.eu\/lt\/#organization\",\"name\":\"ne.rasa\",\"url\":\"https:\/\/nerasa.eu\/lt\/\",\"sameAs\":[\"https:\/\/www.facebook.com\/nerasa.eu\"],\"logo\":{\"@type\":\"ImageObject\",\"@id\":\"https:\/\/nerasa.eu\/lt\/#logo\",\"inLanguage\":\"lt-LT\",\"url\":\"https:\/\/nerasa.eu\/wp-content\/uploads\/2017\/09\/logo-borderless-1-e1506375274625.png\",\"contentUrl\":\"https:\/\/nerasa.eu\/wp-content\/uploads\/2017\/09\/logo-borderless-1-e1506375274625.png\",\"width\":105,\"height\":93,\"caption\":\"ne.rasa\"},\"image\":{\"@id\":\"https:\/\/nerasa.eu\/lt\/#logo\"}},{\"@type\":\"WebSite\",\"@id\":\"https:\/\/nerasa.eu\/lt\/#website\",\"url\":\"https:\/\/nerasa.eu\/lt\/\",\"name\":\"ne.rasa\",\"description\":\"\",\"publisher\":{\"@id\":\"https:\/\/nerasa.eu\/lt\/#organization\"},\"potentialAction\":[{\"@type\":\"SearchAction\",\"target\":{\"@type\":\"EntryPoint\",\"urlTemplate\":\"https:\/\/nerasa.eu\/lt\/?s={search_term_string}\"},\"query-input\":\"required name=search_term_string\"}],\"inLanguage\":\"lt-LT\"},{\"@type\":\"ImageObject\",\"@id\":\"https:\/\/nerasa.eu\/lt\/p\/ilgi-moteriski-sortai-su-kisenemis\/#primaryimage\",\"inLanguage\":\"lt-LT\",\"url\":\"https:\/\/nerasa.eu\/wp-content\/uploads\/2026\/03\/20250819_155933-Holly-Stucco-Wall.jpeg\",\"contentUrl\":\"https:\/\/nerasa.eu\/wp-content\/uploads\/2026\/03\/20250819_155933-Holly-Stucco-Wall.jpeg\",\"width\":1536,\"height\":2048,\"caption\":\"Long women summer shorts with pockets\"},{\"@type\":\"WebPage\",\"@id\":\"https:\/\/nerasa.eu\/lt\/p\/ilgi-moteriski-sortai-su-kisenemis\/#webpage\",\"url\":\"https:\/\/nerasa.eu\/lt\/p\/ilgi-moteriski-sortai-su-kisenemis\/\",\"name\":\"Ilgi moteri\\u0161ki \\u0161ortai su ki\\u0161en\\u0117mis - ne.rasa\",\"isPartOf\":{\"@id\":\"https:\/\/nerasa.eu\/lt\/#website\"},\"primaryImageOfPage\":{\"@id\":\"https:\/\/nerasa.eu\/lt\/p\/ilgi-moteriski-sortai-su-kisenemis\/#primaryimage\"},\"datePublished\":\"2026-03-29T14:29:16+00:00\",\"dateModified\":\"2026-04-20T06:06:43+00:00\",\"description\":\"Moteri\\u0161ki \\u0161ortai su ki\\u0161en\\u0117mis ir atvartais\",\"breadcrumb\":{\"@id\":\"https:\/\/nerasa.eu\/lt\/p\/ilgi-moteriski-sortai-su-kisenemis\/#breadcrumb\"},\"inLanguage\":\"lt-LT\",\"potentialAction\":[{\"@type\":\"ReadAction\",\"target\":[\"https:\/\/nerasa.eu\/lt\/p\/ilgi-moteriski-sortai-su-kisenemis\/\"]}]},{\"@type\":\"BreadcrumbList\",\"@id\":\"https:\/\/nerasa.eu\/lt\/p\/ilgi-moteriski-sortai-su-kisenemis\/#breadcrumb\",\"itemListElement\":[{\"@type\":\"ListItem\",\"position\":1,\"name\":\"Pagrindinis\",\"item\":\"https:\/\/nerasa.eu\/lt\/\"},{\"@type\":\"ListItem\",\"position\":2,\"name\":\"Parduotuv\\u0117\",\"item\":\"https:\/\/nerasa.eu\/lt\/parduotuve\/\"},{\"@type\":\"ListItem\",\"position\":3,\"name\":\"Ilgi moteri\\u0161ki \\u0161ortai su ki\\u0161en\\u0117mis\"}]}]}<\/script>\n<!-- \/ Yoast SEO plugin. -->","yoast_head_json":{"title":"Ilgi moteri\u0161ki \u0161ortai su ki\u0161en\u0117mis - ne.rasa","description":"Moteri\u0161ki \u0161ortai su ki\u0161en\u0117mis ir atvartais","robots":{"index":"index","follow":"follow","max-snippet":"max-snippet:-1","max-image-preview":"max-image-preview:large","max-video-preview":"max-video-preview:-1"},"canonical":"https:\/\/nerasa.eu\/lt\/p\/ilgi-moteriski-sortai-su-kisenemis\/","og_locale":"lt_LT","og_type":"article","og_title":"Ilgi moteri\u0161ki \u0161ortai su ki\u0161en\u0117mis - ne.rasa","og_description":"Moteri\u0161ki \u0161ortai su ki\u0161en\u0117mis ir atvartais","og_url":"https:\/\/nerasa.eu\/lt\/p\/ilgi-moteriski-sortai-su-kisenemis\/","og_site_name":"ne.rasa","article_publisher":"https:\/\/www.facebook.com\/nerasa.eu","article_modified_time":"2026-04-20T06:06:43+00:00","og_image":[{"width":1536,"height":2048,"url":"https:\/\/nerasa.eu\/wp-content\/uploads\/2026\/03\/20250819_155933-Holly-Stucco-Wall.jpeg","type":"image\/jpeg"}],"twitter_card":"summary","twitter_misc":{"Est. reading time":"1 minut\u0117"},"schema":{"@context":"https:\/\/schema.org","@graph":[{"@type":"Organization","@id":"https:\/\/nerasa.eu\/lt\/#organization","name":"ne.rasa","url":"https:\/\/nerasa.eu\/lt\/","sameAs":["https:\/\/www.facebook.com\/nerasa.eu"],"logo":{"@type":"ImageObject","@id":"https:\/\/nerasa.eu\/lt\/#logo","inLanguage":"lt-LT","url":"https:\/\/nerasa.eu\/wp-content\/uploads\/2017\/09\/logo-borderless-1-e1506375274625.png","contentUrl":"https:\/\/nerasa.eu\/wp-content\/uploads\/2017\/09\/logo-borderless-1-e1506375274625.png","width":105,"height":93,"caption":"ne.rasa"},"image":{"@id":"https:\/\/nerasa.eu\/lt\/#logo"}},{"@type":"WebSite","@id":"https:\/\/nerasa.eu\/lt\/#website","url":"https:\/\/nerasa.eu\/lt\/","name":"ne.rasa","description":"","publisher":{"@id":"https:\/\/nerasa.eu\/lt\/#organization"},"potentialAction":[{"@type":"SearchAction","target":{"@type":"EntryPoint","urlTemplate":"https:\/\/nerasa.eu\/lt\/?s={search_term_string}"},"query-input":"required name=search_term_string"}],"inLanguage":"lt-LT"},{"@type":"ImageObject","@id":"https:\/\/nerasa.eu\/lt\/p\/ilgi-moteriski-sortai-su-kisenemis\/#primaryimage","inLanguage":"lt-LT","url":"https:\/\/nerasa.eu\/wp-content\/uploads\/2026\/03\/20250819_155933-Holly-Stucco-Wall.jpeg","contentUrl":"https:\/\/nerasa.eu\/wp-content\/uploads\/2026\/03\/20250819_155933-Holly-Stucco-Wall.jpeg","width":1536,"height":2048,"caption":"Long women summer shorts with pockets"},{"@type":"WebPage","@id":"https:\/\/nerasa.eu\/lt\/p\/ilgi-moteriski-sortai-su-kisenemis\/#webpage","url":"https:\/\/nerasa.eu\/lt\/p\/ilgi-moteriski-sortai-su-kisenemis\/","name":"Ilgi moteri\u0161ki \u0161ortai su ki\u0161en\u0117mis - ne.rasa","isPartOf":{"@id":"https:\/\/nerasa.eu\/lt\/#website"},"primaryImageOfPage":{"@id":"https:\/\/nerasa.eu\/lt\/p\/ilgi-moteriski-sortai-su-kisenemis\/#primaryimage"},"datePublished":"2026-03-29T14:29:16+00:00","dateModified":"2026-04-20T06:06:43+00:00","description":"Moteri\u0161ki \u0161ortai su ki\u0161en\u0117mis ir atvartais","breadcrumb":{"@id":"https:\/\/nerasa.eu\/lt\/p\/ilgi-moteriski-sortai-su-kisenemis\/#breadcrumb"},"inLanguage":"lt-LT","potentialAction":[{"@type":"ReadAction","target":["https:\/\/nerasa.eu\/lt\/p\/ilgi-moteriski-sortai-su-kisenemis\/"]}]},{"@type":"BreadcrumbList","@id":"https:\/\/nerasa.eu\/lt\/p\/ilgi-moteriski-sortai-su-kisenemis\/#breadcrumb","itemListElement":[{"@type":"ListItem","position":1,"name":"Pagrindinis","item":"https:\/\/nerasa.eu\/lt\/"},{"@type":"ListItem","position":2,"name":"Parduotuv\u0117","item":"https:\/\/nerasa.eu\/lt\/parduotuve\/"},{"@type":"ListItem","position":3,"name":"Ilgi moteri\u0161ki \u0161ortai su ki\u0161en\u0117mis"}]}]}},"_links":{"self":[{"href":"https:\/\/nerasa.eu\/lt\/wp-json\/wp\/v2\/product\/47401"}],"collection":[{"href":"https:\/\/nerasa.eu\/lt\/wp-json\/wp\/v2\/product"}],"about":[{"href":"https:\/\/nerasa.eu\/lt\/wp-json\/wp\/v2\/types\/product"}],"wp:featuredmedia":[{"embeddable":true,"href":"https:\/\/nerasa.eu\/lt\/wp-json\/wp\/v2\/media\/47436"}],"wp:attachment":[{"href":"https:\/\/nerasa.eu\/lt\/wp-json\/wp\/v2\/media?parent=47401"}],"wp:term":[{"taxonomy":"product-groups","embeddable":true,"href":"https:\/\/nerasa.eu\/lt\/wp-json\/wp\/v2\/product-groups?post=47401"},{"taxonomy":"product_cat","embeddable":true,"href":"https:\/\/nerasa.eu\/lt\/wp-json\/wp\/v2\/product_cat?post=47401"},{"taxonomy":"product_tag","embeddable":true,"href":"https:\/\/nerasa.eu\/lt\/wp-json\/wp\/v2\/product_tag?post=47401"}],"curies":[{"name":"wp","href":"https:\/\/api.w.org\/{rel}","templated":true}]}}