{"id":45796,"date":"2025-06-05T15:40:40","date_gmt":"2025-06-05T12:40:41","guid":{"rendered":"https:\/\/nerasa.eu\/?post_type=product&#038;p=45796"},"modified":"2026-04-09T10:17:14","modified_gmt":"2026-04-09T07:17:14","slug":"ilgejanti-laisva-palaidine","status":"publish","type":"product","link":"https:\/\/nerasa.eu\/lt\/p\/ilgejanti-laisva-palaidine\/","title":{"rendered":"Ilg\u0117janti laisva palaidin\u0117"},"content":{"rendered":"<p>\u25c8 Ilg\u0117janti laisva palaidin\u0117 OVERSIZED tipo palaidin\u0117.<\/p>\n<p>\u25c8 Pagaminta i\u0161 auk\u0161tos kokyb\u0117s medviln\u0117s trikota\u017eo be p\u016bkelio vidin\u0117je pus\u0117je<\/p>\n<p>\u25c8 Prie palaidin\u0117s galite priderinti <strong><a href=\"https:\/\/nerasa.eu\/lt\/c\/moterims\/kelnes-sortai-moterims\/\">tos pa\u010dios kolekcijos kelnes<\/a><\/strong>.<\/p>\n<h4>\u25b6 SUD\u0116TIS \u25c0<\/h4>\n<p>OEKO-TEX 100 standartu sertifikuotas trikota\u017eas:<\/p>\n<p>72% medviln\u0117, 20% poliesteris, 8% elastanas. Be p\u016bkelio vidin\u0117je pus\u0117je.<\/p>\n<h4>\u25b6DYD\u017dIO PASIRINKIMAS \u25c0<\/h4>\n<p>Gaminio plotis ties kr\u016btine:<\/p>\n<ul>\n<li>XS \u2013 104cm rekomenduojama XXS\/XS dyd\u017eius d\u0117vin\u010dioms<\/li>\n<li>\u00a0S \u2013 112 cm rekomenduojama S\/M\/L dyd\u017eius d\u0117vin\u010dioms<\/li>\n<li>\u00a0M \u2013 120 cm rekomenduojama L\/XL dyd\u017eius d\u0117vin\u010dioms<\/li>\n<li>\u00a0L \u2013 128 cm rekomenduojama XXL dyd\u017eius d\u0117vin\u010dioms<\/li>\n<li>\u00a0XL \u2013 136 cm rekomenduojama 3XL\/4XL dyd\u017eius d\u0117vin\u010dioms<\/li>\n<li>\u00a0XXL \u2013 144 cm rekomenduojama 5XL\/6XL dyd\u017eius d\u0117vin\u010dioms<\/li>\n<\/ul>\n<p>Gaminio ilgis nuo petuko (ties kaklu) &#8211; priekyje 64, nugaroje 78<\/p>\n<h4>\u25b6 PRIE\u017dI\u016aRA \u25c0<\/h4>\n<p>\u25c8 Skalbkite lengva skalbimo ma\u0161inos programa 30 laipsni\u0173 temperat\u016broje.<\/p>\n<p>\u25c8 Ned\u017eiovinkite d\u017eiovykl\u0117je, nebalinkite.<\/p>\n<h4>\u25b6 I\u0160ANKSTINIS U\u017dSAKYMAS \u25c0<\/h4>\n<p>Da\u017eniausiai gaminame specialiai Jums tik po J\u016bs\u0173 u\u017esakymo gavimo. Gamyba u\u017etrunka 3-5 d.d.<\/p>\n<p>PAGAMINTA LIETUVOJE specialiai Jums!<\/p>\n","protected":false},"excerpt":{"rendered":"<p>\u25c8 Ilg\u0117janti laisva palaidin\u0117 OVERSIZED tipo.<\/p>\n<p>\u25c8 Pagaminta i\u0161 auk\u0161tos kokyb\u0117s medviln\u0117s trikota\u017eo be p\u016bkelio vidin\u0117je pus\u0117je<\/p>\n<p>\u25c8 Prie palaidin\u0117s galite priderinti <strong><a href=\"https:\/\/nerasa.eu\/lt\/c\/moterims\/kelnes-sortai-moterims\/\">tos pa\u010dios kolekcijos kelnes<\/a><\/strong>.<\/p>\n<h4>\u25b6 SUD\u0116TIS \u25c0<\/h4>\n<p>OEKO-TEX 100 standartu sertifikuotas trikota\u017eas:<\/p>\n<p>72% medviln\u0117, 20% poliesteris, 8% elastanas. Be p\u016bkelio vidin\u0117je pus\u0117je.<\/p>\n<h4>\u25b6DYD\u017dIO PASIRINKIMAS \u25c0<\/h4>\n<p>Gaminio plotis ties kr\u016btine:<\/p>\n<ul>\n<li>XS \u2013 104cm rekomenduojama XXS\/XS dyd\u017eius d\u0117vin\u010dioms<\/li>\n<li>\u00a0S \u2013 112 cm rekomenduojama S\/M\/L dyd\u017eius d\u0117vin\u010dioms<\/li>\n<li>\u00a0M \u2013 120 cm rekomenduojama L\/XL dyd\u017eius d\u0117vin\u010dioms<\/li>\n<li>\u00a0L \u2013 128 cm rekomenduojama XXL dyd\u017eius d\u0117vin\u010dioms<\/li>\n<li>\u00a0XL \u2013 136 cm rekomenduojama 3XL\/4XL dyd\u017eius d\u0117vin\u010dioms<\/li>\n<li>\u00a0XXL \u2013 144 cm rekomenduojama 5XL\/6XL dyd\u017eius d\u0117vin\u010dioms<\/li>\n<\/ul>\n<p>Gaminio ilgis nuo petuko (ties kaklu) &#8211; priekyje 64, nugaroje 78<\/p>\n<h4>\u25b6 I\u0160ANKSTINIS U\u017dSAKYMAS \u25c0<\/h4>\n<p>Da\u017eniausiai gaminame specialiai Jums tik po J\u016bs\u0173 u\u017esakymo gavimo. Gamyba u\u017etrunka 3-5 d.d.<\/p>\n<p>PAGAMINTA LIETUVOJE specialiai Jums!<\/p>\n","protected":false},"featured_media":45804,"template":"","meta":{"_mi_skip_tracking":false,"_monsterinsights_sitenote_active":false,"_monsterinsights_sitenote_note":"","_monsterinsights_sitenote_category":0,"spay_email":""},"product-groups":[],"product_cat":[1645,390,356,378],"product_tag":[],"acf":[],"yoast_head":"<!-- This site is optimized with the Yoast SEO plugin v17.4 - https:\/\/yoast.com\/wordpress\/plugins\/seo\/ -->\n<title>Ilg\u0117janti laisva palaidin\u0117 - ne.rasa<\/title>\n<meta name=\"description\" content=\"Ilg\u0117janti laisva palaidin\u0117 pusilg\u0117mis rankov\u0117mis pagaminta i\u0161 nuostabiai \u0161velnaus medviln\u0117s trikota\u017eo. Pagaminta Lietuvoje!\" \/>\n<meta name=\"robots\" content=\"index, follow, max-snippet:-1, max-image-preview:large, max-video-preview:-1\" \/>\n<link rel=\"canonical\" href=\"https:\/\/nerasa.eu\/lt\/p\/ilgejanti-laisva-palaidine\/\" \/>\n<meta property=\"og:locale\" content=\"lt_LT\" \/>\n<meta property=\"og:type\" content=\"article\" \/>\n<meta property=\"og:title\" content=\"Ilg\u0117janti laisva palaidin\u0117 - ne.rasa\" \/>\n<meta property=\"og:description\" content=\"Ilg\u0117janti laisva palaidin\u0117 pusilg\u0117mis rankov\u0117mis pagaminta i\u0161 nuostabiai \u0161velnaus medviln\u0117s trikota\u017eo. Pagaminta Lietuvoje!\" \/>\n<meta property=\"og:url\" content=\"https:\/\/nerasa.eu\/lt\/p\/ilgejanti-laisva-palaidine\/\" \/>\n<meta property=\"og:site_name\" content=\"ne.rasa\" \/>\n<meta property=\"article:publisher\" content=\"https:\/\/www.facebook.com\/nerasa.eu\" \/>\n<meta property=\"article:modified_time\" content=\"2026-04-09T07:17:14+00:00\" \/>\n<meta property=\"og:image\" content=\"https:\/\/nerasa.eu\/wp-content\/uploads\/2025\/06\/20250604_074558-Holly-Concrete-Chic.jpeg\" \/>\n\t<meta property=\"og:image:width\" content=\"1254\" \/>\n\t<meta property=\"og:image:height\" content=\"2048\" \/>\n<meta name=\"twitter:card\" content=\"summary\" \/>\n<meta name=\"twitter:label1\" content=\"Est. reading time\" \/>\n\t<meta name=\"twitter:data1\" content=\"1 minut\u0117\" \/>\n<script type=\"application\/ld+json\" class=\"yoast-schema-graph\">{\"@context\":\"https:\/\/schema.org\",\"@graph\":[{\"@type\":\"Organization\",\"@id\":\"https:\/\/nerasa.eu\/lt\/#organization\",\"name\":\"ne.rasa\",\"url\":\"https:\/\/nerasa.eu\/lt\/\",\"sameAs\":[\"https:\/\/www.facebook.com\/nerasa.eu\"],\"logo\":{\"@type\":\"ImageObject\",\"@id\":\"https:\/\/nerasa.eu\/lt\/#logo\",\"inLanguage\":\"lt-LT\",\"url\":\"https:\/\/nerasa.eu\/wp-content\/uploads\/2017\/09\/logo-borderless-1-e1506375274625.png\",\"contentUrl\":\"https:\/\/nerasa.eu\/wp-content\/uploads\/2017\/09\/logo-borderless-1-e1506375274625.png\",\"width\":105,\"height\":93,\"caption\":\"ne.rasa\"},\"image\":{\"@id\":\"https:\/\/nerasa.eu\/lt\/#logo\"}},{\"@type\":\"WebSite\",\"@id\":\"https:\/\/nerasa.eu\/lt\/#website\",\"url\":\"https:\/\/nerasa.eu\/lt\/\",\"name\":\"ne.rasa\",\"description\":\"\",\"publisher\":{\"@id\":\"https:\/\/nerasa.eu\/lt\/#organization\"},\"potentialAction\":[{\"@type\":\"SearchAction\",\"target\":{\"@type\":\"EntryPoint\",\"urlTemplate\":\"https:\/\/nerasa.eu\/lt\/?s={search_term_string}\"},\"query-input\":\"required name=search_term_string\"}],\"inLanguage\":\"lt-LT\"},{\"@type\":\"ImageObject\",\"@id\":\"https:\/\/nerasa.eu\/lt\/p\/ilgejanti-laisva-palaidine\/#primaryimage\",\"inLanguage\":\"lt-LT\",\"url\":\"https:\/\/nerasa.eu\/wp-content\/uploads\/2025\/06\/20250604_074558-Holly-Concrete-Chic.jpeg\",\"contentUrl\":\"https:\/\/nerasa.eu\/wp-content\/uploads\/2025\/06\/20250604_074558-Holly-Concrete-Chic.jpeg\",\"width\":1254,\"height\":2048,\"caption\":\"Loose prolonged top\"},{\"@type\":\"WebPage\",\"@id\":\"https:\/\/nerasa.eu\/lt\/p\/ilgejanti-laisva-palaidine\/#webpage\",\"url\":\"https:\/\/nerasa.eu\/lt\/p\/ilgejanti-laisva-palaidine\/\",\"name\":\"Ilg\\u0117janti laisva palaidin\\u0117 - ne.rasa\",\"isPartOf\":{\"@id\":\"https:\/\/nerasa.eu\/lt\/#website\"},\"primaryImageOfPage\":{\"@id\":\"https:\/\/nerasa.eu\/lt\/p\/ilgejanti-laisva-palaidine\/#primaryimage\"},\"datePublished\":\"2025-06-05T12:40:41+00:00\",\"dateModified\":\"2026-04-09T07:17:14+00:00\",\"description\":\"Ilg\\u0117janti laisva palaidin\\u0117 pusilg\\u0117mis rankov\\u0117mis pagaminta i\\u0161 nuostabiai \\u0161velnaus medviln\\u0117s trikota\\u017eo. Pagaminta Lietuvoje!\",\"breadcrumb\":{\"@id\":\"https:\/\/nerasa.eu\/lt\/p\/ilgejanti-laisva-palaidine\/#breadcrumb\"},\"inLanguage\":\"lt-LT\",\"potentialAction\":[{\"@type\":\"ReadAction\",\"target\":[\"https:\/\/nerasa.eu\/lt\/p\/ilgejanti-laisva-palaidine\/\"]}]},{\"@type\":\"BreadcrumbList\",\"@id\":\"https:\/\/nerasa.eu\/lt\/p\/ilgejanti-laisva-palaidine\/#breadcrumb\",\"itemListElement\":[{\"@type\":\"ListItem\",\"position\":1,\"name\":\"Pagrindinis\",\"item\":\"https:\/\/nerasa.eu\/lt\/\"},{\"@type\":\"ListItem\",\"position\":2,\"name\":\"Parduotuv\\u0117\",\"item\":\"https:\/\/nerasa.eu\/lt\/parduotuve\/\"},{\"@type\":\"ListItem\",\"position\":3,\"name\":\"Ilg\\u0117janti laisva palaidin\\u0117\"}]}]}<\/script>\n<!-- \/ Yoast SEO plugin. -->","yoast_head_json":{"title":"Ilg\u0117janti laisva palaidin\u0117 - ne.rasa","description":"Ilg\u0117janti laisva palaidin\u0117 pusilg\u0117mis rankov\u0117mis pagaminta i\u0161 nuostabiai \u0161velnaus medviln\u0117s trikota\u017eo. Pagaminta Lietuvoje!","robots":{"index":"index","follow":"follow","max-snippet":"max-snippet:-1","max-image-preview":"max-image-preview:large","max-video-preview":"max-video-preview:-1"},"canonical":"https:\/\/nerasa.eu\/lt\/p\/ilgejanti-laisva-palaidine\/","og_locale":"lt_LT","og_type":"article","og_title":"Ilg\u0117janti laisva palaidin\u0117 - ne.rasa","og_description":"Ilg\u0117janti laisva palaidin\u0117 pusilg\u0117mis rankov\u0117mis pagaminta i\u0161 nuostabiai \u0161velnaus medviln\u0117s trikota\u017eo. Pagaminta Lietuvoje!","og_url":"https:\/\/nerasa.eu\/lt\/p\/ilgejanti-laisva-palaidine\/","og_site_name":"ne.rasa","article_publisher":"https:\/\/www.facebook.com\/nerasa.eu","article_modified_time":"2026-04-09T07:17:14+00:00","og_image":[{"width":1254,"height":2048,"url":"https:\/\/nerasa.eu\/wp-content\/uploads\/2025\/06\/20250604_074558-Holly-Concrete-Chic.jpeg","type":"image\/jpeg"}],"twitter_card":"summary","twitter_misc":{"Est. reading time":"1 minut\u0117"},"schema":{"@context":"https:\/\/schema.org","@graph":[{"@type":"Organization","@id":"https:\/\/nerasa.eu\/lt\/#organization","name":"ne.rasa","url":"https:\/\/nerasa.eu\/lt\/","sameAs":["https:\/\/www.facebook.com\/nerasa.eu"],"logo":{"@type":"ImageObject","@id":"https:\/\/nerasa.eu\/lt\/#logo","inLanguage":"lt-LT","url":"https:\/\/nerasa.eu\/wp-content\/uploads\/2017\/09\/logo-borderless-1-e1506375274625.png","contentUrl":"https:\/\/nerasa.eu\/wp-content\/uploads\/2017\/09\/logo-borderless-1-e1506375274625.png","width":105,"height":93,"caption":"ne.rasa"},"image":{"@id":"https:\/\/nerasa.eu\/lt\/#logo"}},{"@type":"WebSite","@id":"https:\/\/nerasa.eu\/lt\/#website","url":"https:\/\/nerasa.eu\/lt\/","name":"ne.rasa","description":"","publisher":{"@id":"https:\/\/nerasa.eu\/lt\/#organization"},"potentialAction":[{"@type":"SearchAction","target":{"@type":"EntryPoint","urlTemplate":"https:\/\/nerasa.eu\/lt\/?s={search_term_string}"},"query-input":"required name=search_term_string"}],"inLanguage":"lt-LT"},{"@type":"ImageObject","@id":"https:\/\/nerasa.eu\/lt\/p\/ilgejanti-laisva-palaidine\/#primaryimage","inLanguage":"lt-LT","url":"https:\/\/nerasa.eu\/wp-content\/uploads\/2025\/06\/20250604_074558-Holly-Concrete-Chic.jpeg","contentUrl":"https:\/\/nerasa.eu\/wp-content\/uploads\/2025\/06\/20250604_074558-Holly-Concrete-Chic.jpeg","width":1254,"height":2048,"caption":"Loose prolonged top"},{"@type":"WebPage","@id":"https:\/\/nerasa.eu\/lt\/p\/ilgejanti-laisva-palaidine\/#webpage","url":"https:\/\/nerasa.eu\/lt\/p\/ilgejanti-laisva-palaidine\/","name":"Ilg\u0117janti laisva palaidin\u0117 - ne.rasa","isPartOf":{"@id":"https:\/\/nerasa.eu\/lt\/#website"},"primaryImageOfPage":{"@id":"https:\/\/nerasa.eu\/lt\/p\/ilgejanti-laisva-palaidine\/#primaryimage"},"datePublished":"2025-06-05T12:40:41+00:00","dateModified":"2026-04-09T07:17:14+00:00","description":"Ilg\u0117janti laisva palaidin\u0117 pusilg\u0117mis rankov\u0117mis pagaminta i\u0161 nuostabiai \u0161velnaus medviln\u0117s trikota\u017eo. Pagaminta Lietuvoje!","breadcrumb":{"@id":"https:\/\/nerasa.eu\/lt\/p\/ilgejanti-laisva-palaidine\/#breadcrumb"},"inLanguage":"lt-LT","potentialAction":[{"@type":"ReadAction","target":["https:\/\/nerasa.eu\/lt\/p\/ilgejanti-laisva-palaidine\/"]}]},{"@type":"BreadcrumbList","@id":"https:\/\/nerasa.eu\/lt\/p\/ilgejanti-laisva-palaidine\/#breadcrumb","itemListElement":[{"@type":"ListItem","position":1,"name":"Pagrindinis","item":"https:\/\/nerasa.eu\/lt\/"},{"@type":"ListItem","position":2,"name":"Parduotuv\u0117","item":"https:\/\/nerasa.eu\/lt\/parduotuve\/"},{"@type":"ListItem","position":3,"name":"Ilg\u0117janti laisva palaidin\u0117"}]}]}},"_links":{"self":[{"href":"https:\/\/nerasa.eu\/lt\/wp-json\/wp\/v2\/product\/45796"}],"collection":[{"href":"https:\/\/nerasa.eu\/lt\/wp-json\/wp\/v2\/product"}],"about":[{"href":"https:\/\/nerasa.eu\/lt\/wp-json\/wp\/v2\/types\/product"}],"wp:featuredmedia":[{"embeddable":true,"href":"https:\/\/nerasa.eu\/lt\/wp-json\/wp\/v2\/media\/45804"}],"wp:attachment":[{"href":"https:\/\/nerasa.eu\/lt\/wp-json\/wp\/v2\/media?parent=45796"}],"wp:term":[{"taxonomy":"product-groups","embeddable":true,"href":"https:\/\/nerasa.eu\/lt\/wp-json\/wp\/v2\/product-groups?post=45796"},{"taxonomy":"product_cat","embeddable":true,"href":"https:\/\/nerasa.eu\/lt\/wp-json\/wp\/v2\/product_cat?post=45796"},{"taxonomy":"product_tag","embeddable":true,"href":"https:\/\/nerasa.eu\/lt\/wp-json\/wp\/v2\/product_tag?post=45796"}],"curies":[{"name":"wp","href":"https:\/\/api.w.org\/{rel}","templated":true}]}}