{"id":45236,"date":"2025-05-30T16:15:34","date_gmt":"2025-05-30T13:15:36","guid":{"rendered":"https:\/\/nerasa.eu\/?post_type=product&#038;p=45236"},"modified":"2026-04-09T09:57:26","modified_gmt":"2026-04-09T06:57:26","slug":"elegantiskos-juodos-placios-kelnes-2","status":"publish","type":"product","link":"https:\/\/nerasa.eu\/lt\/p\/elegantiskos-juodos-placios-kelnes-2\/","title":{"rendered":"Eleganti\u0161kos juodos pla\u010dios keln\u0117s"},"content":{"rendered":"<p data-start=\"56\" data-end=\"144\"><strong data-start=\"56\" data-end=\"142\">Eleganti\u0161kos juodos pla\u010dios keln\u0117s \u2013 ne tik stilingas, bet ir tvarus pasirinkimas.<\/strong><\/p>\n<p data-start=\"146\" data-end=\"319\">Siuvame jas savo studijoje tik gav\u0119 J\u016bs\u0173 u\u017esakym\u0105, kad gamintume atsakingai \u2013 tiek, kiek reikia, be pertekliaus.<\/p>\n<p data-start=\"146\" data-end=\"319\">Mums r\u016bpi kokyb\u0117, ilgaam\u017ei\u0161kumas ir s\u0105moningas vartojimas.<\/p>\n<p data-start=\"321\" data-end=\"541\">Auk\u0161tas liemuo, patogios ki\u0161en\u0117s ir gra\u017eiai krintanti forma leis Jums jaustis ypatingai ir patogiai.<\/p>\n<p data-start=\"321\" data-end=\"541\">Prie \u0161i\u0173 kelni\u0173 lengvai priderinsite \u012fvairias vir\u0161utines dalis \u2013 jos tikrai taps m\u0117gstamiausiu garderobo pasirinkimu.<\/p>\n<p data-start=\"543\" data-end=\"588\">Prie kelni\u0173 galite priderinti ir <a href=\"https:\/\/nerasa.eu\/lt\/c\/moterims\/marskineliai-palaidines-moterims\/\">to pa\u010dio audinio palaidines<\/a>.<\/p>\n<h4>\u25b6 APIE KELNES\u25c0<\/h4>\n<p>\u25c8 Pagamintos i\u0161 auk\u0161tos kokyb\u0117s medviln\u0117s trikota\u017eo be p\u016bkelio vidin\u0117je pus\u0117je<\/p>\n<p>\u25c8 Su patogiomis \u0161onin\u0117mis ki\u0161en\u0117mis<\/p>\n<p>\u25c8 Auk\u0161tas liemuo su pla\u010dia guma tvirtintu juosmeniu.<\/p>\n<h4>\u25b6 SUD\u0116TIS \u25c0<\/h4>\n<p>OEKO-TEX 100 standartu sertifikuotas trikota\u017eas:<\/p>\n<p>72% medviln\u0117, 20% poliesteris, 8% elastanas. Be p\u016bkelio vidin\u0117je pus\u0117je.<\/p>\n<h4>\u25b6DYD\u017dIO PASIRINKIMAS \u25c0<\/h4>\n<p>Prie\u0161 pasirinkdami dyd\u012f atkreipkite d\u0117mes\u012f \u012f <a class=\"size-chart-pum\" href=\"#\">dyd\u017ei\u0173 lentel\u0119.<\/a><\/p>\n<p>Kelni\u0173 \u017eingsnio ilgis (kle\u0161n\u0117s ilgis nuo klyno iki apa\u010dios)<\/p>\n<div class=\"table-wrapper\">\n<ul>\n<li>Dyd\u017eiai XS&#8211;XXL &#8211; 77 cm<\/li>\n<li>Dyd\u017eiai 3XL-6XL &#8211; 79 cm *<\/li>\n<\/ul>\n<p><strong>SVARBU:\u00a0 Kelni\u0173 ilgis yra koreguojamas, tiesiog para\u0161ykite norim\u0105 \u017eingsnio ilg\u012f komentare u\u017esakant, arba para\u0161ykite mums \u017einut\u0119.<\/strong><\/p>\n<\/div>\n<div class=\"table-wrapper\">*Galima nedidel\u0117 pasiuvimo paklaida.<\/div>\n<p>Kelnes gaminame net iki 6 XL dyd\u017eio, tad tikim\u0117s, kad visi rasite sau tinkam\u0105 dyd\u012f.<\/p>\n<h4>\u25b6 PRIE\u017dI\u016aRA \u25c0<\/h4>\n<p>\u25c8 Skalbkite lengva skalbimo ma\u0161inos programa 30 laipsni\u0173 temperat\u016broje.<\/p>\n<p>\u25c8 Ned\u017eiovinkite d\u017eiovykl\u0117je, nebalinkite.<\/p>\n<h4>\u25b6 I\u0160ANKSTINIS U\u017dSAKYMAS \u25c0<\/h4>\n<p>Da\u017eniausiai kelnes gaminame specialiai Jums tik po J\u016bs\u0173 u\u017esakymo gavimo. Gamyba u\u017etrunka 3-7 d. d. PAGAMINTA LIETUVOJE specialiai Jums!<\/p>\n","protected":false},"excerpt":{"rendered":"<p data-start=\"56\" data-end=\"144\"><strong data-start=\"56\" data-end=\"142\">Ne tik stilingas, bet ir tvarus pasirinkimas.<\/strong><\/p>\n<p data-start=\"146\" data-end=\"319\">Siuvame jas savo studijoje tik gav\u0119 J\u016bs\u0173 u\u017esakym\u0105, kad gamintume atsakingai \u2013 tiek, kiek reikia, be pertekliaus.<\/p>\n<p data-start=\"146\" data-end=\"319\">Mums r\u016bpi kokyb\u0117, ilgaam\u017ei\u0161kumas ir s\u0105moningas vartojimas.<\/p>\n<p data-start=\"321\" data-end=\"541\">Auk\u0161tas liemuo, patogios ki\u0161en\u0117s ir gra\u017eiai krintanti forma leis Jums jaustis ypatingai ir patogiai.<\/p>\n<p data-start=\"321\" data-end=\"541\">Prie \u0161i\u0173 kelni\u0173 lengvai priderinsite \u012fvairias vir\u0161utines dalis \u2013 jos tikrai taps m\u0117gstamiausiu garderobo pasirinkimu.<\/p>\n<p data-start=\"321\" data-end=\"541\">Prie kelni\u0173 galite priderinti ir <a href=\"https:\/\/nerasa.eu\/lt\/c\/moterims\/marskineliai-palaidines-moterims\/\">to pa\u010dio audinio palaidines<\/a>.<\/p>\n<h4>\u25b6 SUD\u0116TIS \u25c0<\/h4>\n<p>OEKO-TEX 100 standartu sertifikuotas trikota\u017eas:<\/p>\n<p>72% medviln\u0117, 20% poliesteris, 8% elastanas. Be p\u016bkelio vidin\u0117je pus\u0117je.<\/p>\n<h4>\u25b6DYD\u017dIO PASIRINKIMAS \u25c0<\/h4>\n<p>Prie\u0161 pasirinkdami dyd\u012f atkreipkite d\u0117mes\u012f \u012f <a class=\"size-chart-pum\" href=\"#\">dyd\u017ei\u0173 lentel\u0119.<\/a><\/p>\n<p>Kelnes gaminame net iki 6 XL dyd\u017eio, tad tikim\u0117s, kad visi rasite sau tinkam\u0105 dyd\u012f.<\/p>\n<p>Kelni\u0173 \u017eingsnio ilgis (kle\u0161n\u0117s ilgis nuo klyno iki apa\u010dios)<\/p>\n<div class=\"table-wrapper\">\n<ul>\n<li>Dyd\u017eiai XS&#8211;XXL &#8211; 77 cm<\/li>\n<li>Dyd\u017eiai 3XL-6XL &#8211; 79 cm *<\/li>\n<\/ul>\n<p><strong>SVARBU:\u00a0 Kelni\u0173 ilgis yra koreguojamas, tiesiog para\u0161ykite norim\u0105 \u017eingsnio ilg\u012f komentare u\u017esakant, arba para\u0161ykite mums \u017einut\u0119.<\/strong><\/p>\n<\/div>\n<h4>\u25b6 I\u0160ANKSTINIS U\u017dSAKYMAS \u25c0<\/h4>\n<p>Da\u017eniausiai kelnes gaminame specialiai Jums tik po J\u016bs\u0173 u\u017esakymo gavimo. Gamyba u\u017etrunka 3-7 d. d. PAGAMINTA LIETUVOJE specialiai Jums!<\/p>\n","protected":false},"featured_media":45854,"template":"","meta":{"_mi_skip_tracking":false,"_monsterinsights_sitenote_active":false,"_monsterinsights_sitenote_note":"","_monsterinsights_sitenote_category":0,"spay_email":""},"product-groups":[],"product_cat":[356,1645,1646,378],"product_tag":[],"acf":[],"yoast_head":"<!-- This site is optimized with the Yoast SEO plugin v17.4 - https:\/\/yoast.com\/wordpress\/plugins\/seo\/ -->\n<title>Eleganti\u0161kos juodos pla\u010dios keln\u0117s - ne.rasa<\/title>\n<meta name=\"description\" content=\"Moteri\u0161kos patogios laisvalaikio keln\u0117s su guma tvirtintu juosmeniu ir ki\u0161en\u0117mis. ne.rasas Laisvalaikio kolekcija J\u016bs\u0173 patogumui.\" \/>\n<meta name=\"robots\" content=\"index, follow, max-snippet:-1, max-image-preview:large, max-video-preview:-1\" \/>\n<link rel=\"canonical\" href=\"https:\/\/nerasa.eu\/lt\/p\/elegantiskos-juodos-placios-kelnes-2\/\" \/>\n<meta property=\"og:locale\" content=\"lt_LT\" \/>\n<meta property=\"og:type\" content=\"article\" \/>\n<meta property=\"og:title\" content=\"Eleganti\u0161kos juodos pla\u010dios keln\u0117s - ne.rasa\" \/>\n<meta property=\"og:description\" content=\"Moteri\u0161kos patogios laisvalaikio keln\u0117s su guma tvirtintu juosmeniu ir ki\u0161en\u0117mis. ne.rasas Laisvalaikio kolekcija J\u016bs\u0173 patogumui.\" \/>\n<meta property=\"og:url\" content=\"https:\/\/nerasa.eu\/lt\/p\/elegantiskos-juodos-placios-kelnes-2\/\" \/>\n<meta property=\"og:site_name\" content=\"ne.rasa\" \/>\n<meta property=\"article:publisher\" content=\"https:\/\/www.facebook.com\/nerasa.eu\" \/>\n<meta property=\"article:modified_time\" content=\"2026-04-09T06:57:26+00:00\" \/>\n<meta property=\"og:image\" content=\"https:\/\/nerasa.eu\/wp-content\/uploads\/2025\/05\/20250530_105124-Holly-Stucco-Wall.jpeg\" \/>\n\t<meta property=\"og:image:width\" content=\"1536\" \/>\n\t<meta property=\"og:image:height\" content=\"2048\" \/>\n<meta name=\"twitter:card\" content=\"summary\" \/>\n<meta name=\"twitter:label1\" content=\"Est. reading time\" \/>\n\t<meta name=\"twitter:data1\" content=\"1 minut\u0117\" \/>\n<script type=\"application\/ld+json\" class=\"yoast-schema-graph\">{\"@context\":\"https:\/\/schema.org\",\"@graph\":[{\"@type\":\"Organization\",\"@id\":\"https:\/\/nerasa.eu\/lt\/#organization\",\"name\":\"ne.rasa\",\"url\":\"https:\/\/nerasa.eu\/lt\/\",\"sameAs\":[\"https:\/\/www.facebook.com\/nerasa.eu\"],\"logo\":{\"@type\":\"ImageObject\",\"@id\":\"https:\/\/nerasa.eu\/lt\/#logo\",\"inLanguage\":\"lt-LT\",\"url\":\"https:\/\/nerasa.eu\/wp-content\/uploads\/2017\/09\/logo-borderless-1-e1506375274625.png\",\"contentUrl\":\"https:\/\/nerasa.eu\/wp-content\/uploads\/2017\/09\/logo-borderless-1-e1506375274625.png\",\"width\":105,\"height\":93,\"caption\":\"ne.rasa\"},\"image\":{\"@id\":\"https:\/\/nerasa.eu\/lt\/#logo\"}},{\"@type\":\"WebSite\",\"@id\":\"https:\/\/nerasa.eu\/lt\/#website\",\"url\":\"https:\/\/nerasa.eu\/lt\/\",\"name\":\"ne.rasa\",\"description\":\"\",\"publisher\":{\"@id\":\"https:\/\/nerasa.eu\/lt\/#organization\"},\"potentialAction\":[{\"@type\":\"SearchAction\",\"target\":{\"@type\":\"EntryPoint\",\"urlTemplate\":\"https:\/\/nerasa.eu\/lt\/?s={search_term_string}\"},\"query-input\":\"required name=search_term_string\"}],\"inLanguage\":\"lt-LT\"},{\"@type\":\"ImageObject\",\"@id\":\"https:\/\/nerasa.eu\/lt\/p\/elegantiskos-juodos-placios-kelnes-2\/#primaryimage\",\"inLanguage\":\"lt-LT\",\"url\":\"https:\/\/nerasa.eu\/wp-content\/uploads\/2025\/05\/20250530_105124-Holly-Stucco-Wall.jpeg\",\"contentUrl\":\"https:\/\/nerasa.eu\/wp-content\/uploads\/2025\/05\/20250530_105124-Holly-Stucco-Wall.jpeg\",\"width\":1536,\"height\":2048,\"caption\":\"Elegant Black Wide-Leg Black Pants\"},{\"@type\":\"WebPage\",\"@id\":\"https:\/\/nerasa.eu\/lt\/p\/elegantiskos-juodos-placios-kelnes-2\/#webpage\",\"url\":\"https:\/\/nerasa.eu\/lt\/p\/elegantiskos-juodos-placios-kelnes-2\/\",\"name\":\"Eleganti\\u0161kos juodos pla\\u010dios keln\\u0117s - ne.rasa\",\"isPartOf\":{\"@id\":\"https:\/\/nerasa.eu\/lt\/#website\"},\"primaryImageOfPage\":{\"@id\":\"https:\/\/nerasa.eu\/lt\/p\/elegantiskos-juodos-placios-kelnes-2\/#primaryimage\"},\"datePublished\":\"2025-05-30T13:15:36+00:00\",\"dateModified\":\"2026-04-09T06:57:26+00:00\",\"description\":\"Moteri\\u0161kos patogios laisvalaikio keln\\u0117s su guma tvirtintu juosmeniu ir ki\\u0161en\\u0117mis. ne.rasas Laisvalaikio kolekcija J\\u016bs\\u0173 patogumui.\",\"breadcrumb\":{\"@id\":\"https:\/\/nerasa.eu\/lt\/p\/elegantiskos-juodos-placios-kelnes-2\/#breadcrumb\"},\"inLanguage\":\"lt-LT\",\"potentialAction\":[{\"@type\":\"ReadAction\",\"target\":[\"https:\/\/nerasa.eu\/lt\/p\/elegantiskos-juodos-placios-kelnes-2\/\"]}]},{\"@type\":\"BreadcrumbList\",\"@id\":\"https:\/\/nerasa.eu\/lt\/p\/elegantiskos-juodos-placios-kelnes-2\/#breadcrumb\",\"itemListElement\":[{\"@type\":\"ListItem\",\"position\":1,\"name\":\"Pagrindinis\",\"item\":\"https:\/\/nerasa.eu\/lt\/\"},{\"@type\":\"ListItem\",\"position\":2,\"name\":\"Parduotuv\\u0117\",\"item\":\"https:\/\/nerasa.eu\/lt\/parduotuve\/\"},{\"@type\":\"ListItem\",\"position\":3,\"name\":\"Eleganti\\u0161kos juodos pla\\u010dios keln\\u0117s\"}]}]}<\/script>\n<!-- \/ Yoast SEO plugin. -->","yoast_head_json":{"title":"Eleganti\u0161kos juodos pla\u010dios keln\u0117s - ne.rasa","description":"Moteri\u0161kos patogios laisvalaikio keln\u0117s su guma tvirtintu juosmeniu ir ki\u0161en\u0117mis. ne.rasas Laisvalaikio kolekcija J\u016bs\u0173 patogumui.","robots":{"index":"index","follow":"follow","max-snippet":"max-snippet:-1","max-image-preview":"max-image-preview:large","max-video-preview":"max-video-preview:-1"},"canonical":"https:\/\/nerasa.eu\/lt\/p\/elegantiskos-juodos-placios-kelnes-2\/","og_locale":"lt_LT","og_type":"article","og_title":"Eleganti\u0161kos juodos pla\u010dios keln\u0117s - ne.rasa","og_description":"Moteri\u0161kos patogios laisvalaikio keln\u0117s su guma tvirtintu juosmeniu ir ki\u0161en\u0117mis. ne.rasas Laisvalaikio kolekcija J\u016bs\u0173 patogumui.","og_url":"https:\/\/nerasa.eu\/lt\/p\/elegantiskos-juodos-placios-kelnes-2\/","og_site_name":"ne.rasa","article_publisher":"https:\/\/www.facebook.com\/nerasa.eu","article_modified_time":"2026-04-09T06:57:26+00:00","og_image":[{"width":1536,"height":2048,"url":"https:\/\/nerasa.eu\/wp-content\/uploads\/2025\/05\/20250530_105124-Holly-Stucco-Wall.jpeg","type":"image\/jpeg"}],"twitter_card":"summary","twitter_misc":{"Est. reading time":"1 minut\u0117"},"schema":{"@context":"https:\/\/schema.org","@graph":[{"@type":"Organization","@id":"https:\/\/nerasa.eu\/lt\/#organization","name":"ne.rasa","url":"https:\/\/nerasa.eu\/lt\/","sameAs":["https:\/\/www.facebook.com\/nerasa.eu"],"logo":{"@type":"ImageObject","@id":"https:\/\/nerasa.eu\/lt\/#logo","inLanguage":"lt-LT","url":"https:\/\/nerasa.eu\/wp-content\/uploads\/2017\/09\/logo-borderless-1-e1506375274625.png","contentUrl":"https:\/\/nerasa.eu\/wp-content\/uploads\/2017\/09\/logo-borderless-1-e1506375274625.png","width":105,"height":93,"caption":"ne.rasa"},"image":{"@id":"https:\/\/nerasa.eu\/lt\/#logo"}},{"@type":"WebSite","@id":"https:\/\/nerasa.eu\/lt\/#website","url":"https:\/\/nerasa.eu\/lt\/","name":"ne.rasa","description":"","publisher":{"@id":"https:\/\/nerasa.eu\/lt\/#organization"},"potentialAction":[{"@type":"SearchAction","target":{"@type":"EntryPoint","urlTemplate":"https:\/\/nerasa.eu\/lt\/?s={search_term_string}"},"query-input":"required name=search_term_string"}],"inLanguage":"lt-LT"},{"@type":"ImageObject","@id":"https:\/\/nerasa.eu\/lt\/p\/elegantiskos-juodos-placios-kelnes-2\/#primaryimage","inLanguage":"lt-LT","url":"https:\/\/nerasa.eu\/wp-content\/uploads\/2025\/05\/20250530_105124-Holly-Stucco-Wall.jpeg","contentUrl":"https:\/\/nerasa.eu\/wp-content\/uploads\/2025\/05\/20250530_105124-Holly-Stucco-Wall.jpeg","width":1536,"height":2048,"caption":"Elegant Black Wide-Leg Black Pants"},{"@type":"WebPage","@id":"https:\/\/nerasa.eu\/lt\/p\/elegantiskos-juodos-placios-kelnes-2\/#webpage","url":"https:\/\/nerasa.eu\/lt\/p\/elegantiskos-juodos-placios-kelnes-2\/","name":"Eleganti\u0161kos juodos pla\u010dios keln\u0117s - ne.rasa","isPartOf":{"@id":"https:\/\/nerasa.eu\/lt\/#website"},"primaryImageOfPage":{"@id":"https:\/\/nerasa.eu\/lt\/p\/elegantiskos-juodos-placios-kelnes-2\/#primaryimage"},"datePublished":"2025-05-30T13:15:36+00:00","dateModified":"2026-04-09T06:57:26+00:00","description":"Moteri\u0161kos patogios laisvalaikio keln\u0117s su guma tvirtintu juosmeniu ir ki\u0161en\u0117mis. ne.rasas Laisvalaikio kolekcija J\u016bs\u0173 patogumui.","breadcrumb":{"@id":"https:\/\/nerasa.eu\/lt\/p\/elegantiskos-juodos-placios-kelnes-2\/#breadcrumb"},"inLanguage":"lt-LT","potentialAction":[{"@type":"ReadAction","target":["https:\/\/nerasa.eu\/lt\/p\/elegantiskos-juodos-placios-kelnes-2\/"]}]},{"@type":"BreadcrumbList","@id":"https:\/\/nerasa.eu\/lt\/p\/elegantiskos-juodos-placios-kelnes-2\/#breadcrumb","itemListElement":[{"@type":"ListItem","position":1,"name":"Pagrindinis","item":"https:\/\/nerasa.eu\/lt\/"},{"@type":"ListItem","position":2,"name":"Parduotuv\u0117","item":"https:\/\/nerasa.eu\/lt\/parduotuve\/"},{"@type":"ListItem","position":3,"name":"Eleganti\u0161kos juodos pla\u010dios keln\u0117s"}]}]}},"_links":{"self":[{"href":"https:\/\/nerasa.eu\/lt\/wp-json\/wp\/v2\/product\/45236"}],"collection":[{"href":"https:\/\/nerasa.eu\/lt\/wp-json\/wp\/v2\/product"}],"about":[{"href":"https:\/\/nerasa.eu\/lt\/wp-json\/wp\/v2\/types\/product"}],"wp:featuredmedia":[{"embeddable":true,"href":"https:\/\/nerasa.eu\/lt\/wp-json\/wp\/v2\/media\/45854"}],"wp:attachment":[{"href":"https:\/\/nerasa.eu\/lt\/wp-json\/wp\/v2\/media?parent=45236"}],"wp:term":[{"taxonomy":"product-groups","embeddable":true,"href":"https:\/\/nerasa.eu\/lt\/wp-json\/wp\/v2\/product-groups?post=45236"},{"taxonomy":"product_cat","embeddable":true,"href":"https:\/\/nerasa.eu\/lt\/wp-json\/wp\/v2\/product_cat?post=45236"},{"taxonomy":"product_tag","embeddable":true,"href":"https:\/\/nerasa.eu\/lt\/wp-json\/wp\/v2\/product_tag?post=45236"}],"curies":[{"name":"wp","href":"https:\/\/api.w.org\/{rel}","templated":true}]}}