{"id":43769,"date":"2024-06-15T15:12:22","date_gmt":"2024-10-15T12:12:45","guid":{"rendered":"https:\/\/nerasa.eu\/?post_type=product&#038;p=43769"},"modified":"2025-12-17T10:44:08","modified_gmt":"2025-12-17T07:44:08","slug":"unisex-juoda-liemene","status":"publish","type":"product","link":"https:\/\/nerasa.eu\/lt\/p\/unisex-juoda-liemene\/","title":{"rendered":"UNISEX Juoda liem\u0117n\u0117"},"content":{"rendered":"<p>UNISEX Juoda liem\u0117n\u0117 puikiai tinka tiek vyrams, tiek moterims<\/p>\n<p>Nuostabi stiliaus detal\u0117, taip pat puikus pasirinkimas, kai jau v\u0117siau, bet dar nesinori vilktis bliuzono.<\/p>\n<h4><strong>SUD\u0116TIS<\/strong><\/h4>\n<p>Audinys su p\u016bkeliu vidin\u0117je pus\u0117je: 80% medviln\u0117, 20% poliesteris.<\/p>\n<p>Audinys sertifikuotas OEKO-TEX 100 standartu.<\/p>\n<h4><strong>DYD\u017dIO PASIRINKIMAS<\/strong><\/h4>\n<p>Vienas dydis &#8211; tinka XS-XXL dyd\u017eius ne\u0161iojantiems.<\/p>\n<h4><strong>PRIE\u017dI\u016aRA<\/strong><\/h4>\n<p><span style=\"font-weight: 400;\">Skalbkite\u00a0 30 laipsni\u0173 temperat\u016broje.<\/span><\/p>\n<h4><strong>I\u0160ANKSTINIS U\u017dSAKYMAS<\/strong><\/h4>\n<p>Jei rinkdamiesi prek\u0119 matote u\u017era\u0161\u0105 I\u0160ANKSTINIS U\u017dSAKYMAS, tai rei\u0161kia, kad gaminio \u0161iuo metu vietoje neturime ir j\u012f pagaminsime specialiai Jums, po J\u016bs\u0173 u\u017esakymo gavimo. Gamyba u\u017etrunka 2 d.d. &#8211; 7 d.d., priklausomai nuo to, kiek tuo metu turime u\u017esakym\u0173.<\/p>\n<h4><span style=\"font-weight: 400;\">PAGAMINTA LIETUVOJE!<\/span><\/h4>\n","protected":false},"excerpt":{"rendered":"<p>UNISEX Juoda liem\u0117n\u0117 puikiai tinka tiek vyrams, tiek moterims<\/p>\n<p>Nuostabi stiliaus detal\u0117, taip pat puikus pasirinkimas, kai jau v\u0117siau, bet dar nesinori vilktis bliuzono.<\/p>\n<h4><strong>SUD\u0116TIS<\/strong><\/h4>\n<p>Audinys su p\u016bkeliu vidin\u0117je pus\u0117je: 80% medviln\u0117, 20% poliesteris.<\/p>\n<p>Audinys sertifikuotas OEKO-TEX 100 standartu.<\/p>\n<h4><strong>DYD\u017dIO PASIRINKIMAS<\/strong><\/h4>\n<p>Vienas dydis &#8211; tinka XS-XXL dyd\u017eius ne\u0161iojantiems.<\/p>\n<h4><strong>I\u0160ANKSTINIS U\u017dSAKYMAS<\/strong><\/h4>\n<p>Jei rinkdamiesi prek\u0119 matote u\u017era\u0161\u0105 I\u0160ANKSTINIS U\u017dSAKYMAS, tai rei\u0161kia, kad gaminio \u0161iuo metu vietoje neturime ir j\u012f pagaminsime specialiai Jums, po J\u016bs\u0173 u\u017esakymo gavimo. Gamyba u\u017etrunka 2 d.d. &#8211; 7 d.d., priklausomai nuo to, kiek tuo metu turime u\u017esakym\u0173.<\/p>\n<h4><span style=\"font-weight: 400;\">PAGAMINTA LIETUVOJE!<\/span><\/h4>\n","protected":false},"featured_media":47511,"template":"","meta":{"_mi_skip_tracking":false,"_monsterinsights_sitenote_active":false,"_monsterinsights_sitenote_note":"","_monsterinsights_sitenote_category":0,"spay_email":""},"product-groups":[],"product_cat":[356,1594,376,1592],"product_tag":[],"acf":[],"yoast_head":"<!-- This site is optimized with the Yoast SEO plugin v17.4 - https:\/\/yoast.com\/wordpress\/plugins\/seo\/ -->\n<title>UNISEX Juoda liem\u0117n\u0117 - ne.rasa<\/title>\n<meta name=\"description\" content=\"UNISEX Juoda liem\u0117n\u0117\" \/>\n<meta name=\"robots\" content=\"index, follow, max-snippet:-1, max-image-preview:large, max-video-preview:-1\" \/>\n<link rel=\"canonical\" href=\"https:\/\/nerasa.eu\/lt\/p\/unisex-juoda-liemene\/\" \/>\n<meta property=\"og:locale\" content=\"lt_LT\" \/>\n<meta property=\"og:type\" content=\"article\" \/>\n<meta property=\"og:title\" content=\"UNISEX Juoda liem\u0117n\u0117 - ne.rasa\" \/>\n<meta property=\"og:description\" content=\"UNISEX Juoda liem\u0117n\u0117\" \/>\n<meta property=\"og:url\" content=\"https:\/\/nerasa.eu\/lt\/p\/unisex-juoda-liemene\/\" \/>\n<meta property=\"og:site_name\" content=\"ne.rasa\" \/>\n<meta property=\"article:publisher\" content=\"https:\/\/www.facebook.com\/nerasa.eu\" \/>\n<meta property=\"article:modified_time\" content=\"2025-12-17T07:44:08+00:00\" \/>\n<meta property=\"og:image\" content=\"https:\/\/nerasa.eu\/wp-content\/uploads\/2024\/10\/15.png\" \/>\n\t<meta property=\"og:image:width\" content=\"667\" \/>\n\t<meta property=\"og:image:height\" content=\"1000\" \/>\n<meta name=\"twitter:card\" content=\"summary\" \/>\n<meta name=\"twitter:label1\" content=\"Est. reading time\" \/>\n\t<meta name=\"twitter:data1\" content=\"1 minut\u0117\" \/>\n<script type=\"application\/ld+json\" class=\"yoast-schema-graph\">{\"@context\":\"https:\/\/schema.org\",\"@graph\":[{\"@type\":\"Organization\",\"@id\":\"https:\/\/nerasa.eu\/lt\/#organization\",\"name\":\"ne.rasa\",\"url\":\"https:\/\/nerasa.eu\/lt\/\",\"sameAs\":[\"https:\/\/www.facebook.com\/nerasa.eu\"],\"logo\":{\"@type\":\"ImageObject\",\"@id\":\"https:\/\/nerasa.eu\/lt\/#logo\",\"inLanguage\":\"lt-LT\",\"url\":\"https:\/\/nerasa.eu\/wp-content\/uploads\/2017\/09\/logo-borderless-1-e1506375274625.png\",\"contentUrl\":\"https:\/\/nerasa.eu\/wp-content\/uploads\/2017\/09\/logo-borderless-1-e1506375274625.png\",\"width\":105,\"height\":93,\"caption\":\"ne.rasa\"},\"image\":{\"@id\":\"https:\/\/nerasa.eu\/lt\/#logo\"}},{\"@type\":\"WebSite\",\"@id\":\"https:\/\/nerasa.eu\/lt\/#website\",\"url\":\"https:\/\/nerasa.eu\/lt\/\",\"name\":\"ne.rasa\",\"description\":\"\",\"publisher\":{\"@id\":\"https:\/\/nerasa.eu\/lt\/#organization\"},\"potentialAction\":[{\"@type\":\"SearchAction\",\"target\":{\"@type\":\"EntryPoint\",\"urlTemplate\":\"https:\/\/nerasa.eu\/lt\/?s={search_term_string}\"},\"query-input\":\"required name=search_term_string\"}],\"inLanguage\":\"lt-LT\"},{\"@type\":\"ImageObject\",\"@id\":\"https:\/\/nerasa.eu\/lt\/p\/unisex-juoda-liemene\/#primaryimage\",\"inLanguage\":\"lt-LT\",\"url\":\"https:\/\/nerasa.eu\/wp-content\/uploads\/2024\/06\/16-Clara-Concrete-Chic.jpeg\",\"contentUrl\":\"https:\/\/nerasa.eu\/wp-content\/uploads\/2024\/06\/16-Clara-Concrete-Chic.jpeg\",\"width\":1357,\"height\":2048,\"caption\":\"UNISEX black vest\"},{\"@type\":\"WebPage\",\"@id\":\"https:\/\/nerasa.eu\/lt\/p\/unisex-juoda-liemene\/#webpage\",\"url\":\"https:\/\/nerasa.eu\/lt\/p\/unisex-juoda-liemene\/\",\"name\":\"UNISEX Juoda liem\\u0117n\\u0117 - ne.rasa\",\"isPartOf\":{\"@id\":\"https:\/\/nerasa.eu\/lt\/#website\"},\"primaryImageOfPage\":{\"@id\":\"https:\/\/nerasa.eu\/lt\/p\/unisex-juoda-liemene\/#primaryimage\"},\"datePublished\":\"2024-10-15T12:12:45+00:00\",\"dateModified\":\"2025-12-17T07:44:08+00:00\",\"description\":\"UNISEX Juoda liem\\u0117n\\u0117\",\"breadcrumb\":{\"@id\":\"https:\/\/nerasa.eu\/lt\/p\/unisex-juoda-liemene\/#breadcrumb\"},\"inLanguage\":\"lt-LT\",\"potentialAction\":[{\"@type\":\"ReadAction\",\"target\":[\"https:\/\/nerasa.eu\/lt\/p\/unisex-juoda-liemene\/\"]}]},{\"@type\":\"BreadcrumbList\",\"@id\":\"https:\/\/nerasa.eu\/lt\/p\/unisex-juoda-liemene\/#breadcrumb\",\"itemListElement\":[{\"@type\":\"ListItem\",\"position\":1,\"name\":\"Pagrindinis\",\"item\":\"https:\/\/nerasa.eu\/lt\/\"},{\"@type\":\"ListItem\",\"position\":2,\"name\":\"Parduotuv\\u0117\",\"item\":\"https:\/\/nerasa.eu\/lt\/parduotuve\/\"},{\"@type\":\"ListItem\",\"position\":3,\"name\":\"UNISEX Juoda liem\\u0117n\\u0117\"}]}]}<\/script>\n<!-- \/ Yoast SEO plugin. -->","yoast_head_json":{"title":"UNISEX Juoda liem\u0117n\u0117 - ne.rasa","description":"UNISEX Juoda liem\u0117n\u0117","robots":{"index":"index","follow":"follow","max-snippet":"max-snippet:-1","max-image-preview":"max-image-preview:large","max-video-preview":"max-video-preview:-1"},"canonical":"https:\/\/nerasa.eu\/lt\/p\/unisex-juoda-liemene\/","og_locale":"lt_LT","og_type":"article","og_title":"UNISEX Juoda liem\u0117n\u0117 - ne.rasa","og_description":"UNISEX Juoda liem\u0117n\u0117","og_url":"https:\/\/nerasa.eu\/lt\/p\/unisex-juoda-liemene\/","og_site_name":"ne.rasa","article_publisher":"https:\/\/www.facebook.com\/nerasa.eu","article_modified_time":"2025-12-17T07:44:08+00:00","og_image":[{"width":667,"height":1000,"url":"https:\/\/nerasa.eu\/wp-content\/uploads\/2024\/10\/15.png","type":"image\/png"}],"twitter_card":"summary","twitter_misc":{"Est. reading time":"1 minut\u0117"},"schema":{"@context":"https:\/\/schema.org","@graph":[{"@type":"Organization","@id":"https:\/\/nerasa.eu\/lt\/#organization","name":"ne.rasa","url":"https:\/\/nerasa.eu\/lt\/","sameAs":["https:\/\/www.facebook.com\/nerasa.eu"],"logo":{"@type":"ImageObject","@id":"https:\/\/nerasa.eu\/lt\/#logo","inLanguage":"lt-LT","url":"https:\/\/nerasa.eu\/wp-content\/uploads\/2017\/09\/logo-borderless-1-e1506375274625.png","contentUrl":"https:\/\/nerasa.eu\/wp-content\/uploads\/2017\/09\/logo-borderless-1-e1506375274625.png","width":105,"height":93,"caption":"ne.rasa"},"image":{"@id":"https:\/\/nerasa.eu\/lt\/#logo"}},{"@type":"WebSite","@id":"https:\/\/nerasa.eu\/lt\/#website","url":"https:\/\/nerasa.eu\/lt\/","name":"ne.rasa","description":"","publisher":{"@id":"https:\/\/nerasa.eu\/lt\/#organization"},"potentialAction":[{"@type":"SearchAction","target":{"@type":"EntryPoint","urlTemplate":"https:\/\/nerasa.eu\/lt\/?s={search_term_string}"},"query-input":"required name=search_term_string"}],"inLanguage":"lt-LT"},{"@type":"ImageObject","@id":"https:\/\/nerasa.eu\/lt\/p\/unisex-juoda-liemene\/#primaryimage","inLanguage":"lt-LT","url":"https:\/\/nerasa.eu\/wp-content\/uploads\/2024\/06\/16-Clara-Concrete-Chic.jpeg","contentUrl":"https:\/\/nerasa.eu\/wp-content\/uploads\/2024\/06\/16-Clara-Concrete-Chic.jpeg","width":1357,"height":2048,"caption":"UNISEX black vest"},{"@type":"WebPage","@id":"https:\/\/nerasa.eu\/lt\/p\/unisex-juoda-liemene\/#webpage","url":"https:\/\/nerasa.eu\/lt\/p\/unisex-juoda-liemene\/","name":"UNISEX Juoda liem\u0117n\u0117 - ne.rasa","isPartOf":{"@id":"https:\/\/nerasa.eu\/lt\/#website"},"primaryImageOfPage":{"@id":"https:\/\/nerasa.eu\/lt\/p\/unisex-juoda-liemene\/#primaryimage"},"datePublished":"2024-10-15T12:12:45+00:00","dateModified":"2025-12-17T07:44:08+00:00","description":"UNISEX Juoda liem\u0117n\u0117","breadcrumb":{"@id":"https:\/\/nerasa.eu\/lt\/p\/unisex-juoda-liemene\/#breadcrumb"},"inLanguage":"lt-LT","potentialAction":[{"@type":"ReadAction","target":["https:\/\/nerasa.eu\/lt\/p\/unisex-juoda-liemene\/"]}]},{"@type":"BreadcrumbList","@id":"https:\/\/nerasa.eu\/lt\/p\/unisex-juoda-liemene\/#breadcrumb","itemListElement":[{"@type":"ListItem","position":1,"name":"Pagrindinis","item":"https:\/\/nerasa.eu\/lt\/"},{"@type":"ListItem","position":2,"name":"Parduotuv\u0117","item":"https:\/\/nerasa.eu\/lt\/parduotuve\/"},{"@type":"ListItem","position":3,"name":"UNISEX Juoda liem\u0117n\u0117"}]}]}},"_links":{"self":[{"href":"https:\/\/nerasa.eu\/lt\/wp-json\/wp\/v2\/product\/43769"}],"collection":[{"href":"https:\/\/nerasa.eu\/lt\/wp-json\/wp\/v2\/product"}],"about":[{"href":"https:\/\/nerasa.eu\/lt\/wp-json\/wp\/v2\/types\/product"}],"wp:featuredmedia":[{"embeddable":true,"href":"https:\/\/nerasa.eu\/lt\/wp-json\/wp\/v2\/media\/47511"}],"wp:attachment":[{"href":"https:\/\/nerasa.eu\/lt\/wp-json\/wp\/v2\/media?parent=43769"}],"wp:term":[{"taxonomy":"product-groups","embeddable":true,"href":"https:\/\/nerasa.eu\/lt\/wp-json\/wp\/v2\/product-groups?post=43769"},{"taxonomy":"product_cat","embeddable":true,"href":"https:\/\/nerasa.eu\/lt\/wp-json\/wp\/v2\/product_cat?post=43769"},{"taxonomy":"product_tag","embeddable":true,"href":"https:\/\/nerasa.eu\/lt\/wp-json\/wp\/v2\/product_tag?post=43769"}],"curies":[{"name":"wp","href":"https:\/\/api.w.org\/{rel}","templated":true}]}}