{"id":40346,"date":"2024-05-31T15:18:11","date_gmt":"2024-05-31T12:18:23","guid":{"rendered":"https:\/\/nerasa.eu\/?post_type=product&#038;p=40346"},"modified":"2026-04-10T13:57:13","modified_gmt":"2026-04-10T10:57:13","slug":"bliuzonas-bomberis","status":"publish","type":"product","link":"https:\/\/nerasa.eu\/lt\/p\/bliuzonas-bomberis\/","title":{"rendered":"Bliuzonas Bomberis"},"content":{"rendered":"<p>BOMBERIS &#8211; tai puikus minimalistinis bliuzonas, kuris tiks tiek vyrams, tiek moterims.<\/p>\n<p>Bliuzonas minimalistinis, bet kaip ir visi ne.rasa bliuzonai pasi\u017eymi funkcionalumu.<\/p>\n<p>Kad ir koks ma\u017eas \u0161is Bomberio bliuzonas, bet ji turi patogias gana dideles \u0161onines ki\u0161enes, kurios yra u\u017esegamos u\u017etrauktukais. Tad, ir su juo jausit\u0117s itin patogiai ir nesukdami galvos tur\u0117site, kur saugiai \u012fsid\u0117ti tokias smulkmenas kaip raktai, pinigai, telefonas ar ausin\u0117s.<\/p>\n<h4><span style=\"font-weight: 400;\">DYD\u017dIO PASIRINKIMAS<\/span><\/h4>\n<p>Prie\u0161 pasirinkdami dyd\u012f atkreipkite d\u0117mes\u012f \u012f <a class=\"size-chart-pum\" href=\"#\">dyd\u017ei\u0173 lentel\u0119<\/a>.<\/p>\n<p>Abejojate, kok\u012f dyd\u012f pasirinkti, para\u0161ykite mums, pad\u0117sime i\u0161sirinkti.<\/p>\n<p>Jei reikia didesnio, ar ma\u017eesnio dyd\u017eio nei si\u016blome, norite trumpesni\u0173, ar ilgesni\u0173 rankovi\u0173 ar kitoki\u0173 pakeitim\u0173, para\u0161ykite. Vykdome ir individualius u\u017esakymus.<\/p>\n<h4><span style=\"font-weight: 400;\">SUD\u0116TIS<\/span><\/h4>\n<p>Audinys su p\u016bkeliu vidin\u0117je pus\u0117je: 80% medviln\u0117, 20% poliesteris.<\/p>\n<p>Audinys sertifikuotas OEKO-TEX 100 standartu.<\/p>\n<h4><span style=\"font-weight: 400;\">PRIE\u017dI\u016aRA<\/span><\/h4>\n<p><span style=\"font-weight: 400;\">Skalbkite\u00a0 30 laipsni\u0173 temperat\u016broje.<\/span><\/p>\n<h4><span style=\"font-weight: 400;\">I\u0160ANKSTINIS U\u017dSAKYMAS<\/span><\/h4>\n<p>Jei rinkdamiesi prek\u0119 matote u\u017era\u0161\u0105 I\u0160ANKSTINIS U\u017dSAKYMAS, tai rei\u0161kia, kad gaminio \u0161iuo metu vietoje neturime ir j\u012f pagaminsime specialiai Jums, po J\u016bs\u0173 u\u017esakymo gavimo. Gamyba u\u017etrunka nuo 2 d.d. iki 7 d.d., priklausomai nuo to, kiek tuo metu turime u\u017esakym\u0173.<\/p>\n<h4><span style=\"font-weight: 400;\">PAGAMINTA LIETUVOJE<\/span><\/h4>\n","protected":false},"excerpt":{"rendered":"<p>Minimalistinis, bet funkcionalus bliuzonas tinkantis tiek vyrams, tiek moterims.<\/p>\n<p>Bliuzono \u0161onuose slepiasi u\u017etrauktukais u\u017esegamos ki\u0161en\u0117s, \u012f kurias saugiai gal\u0117site \u012fsid\u0117ti tokias smulkmenas kaip raktai, pinigai, telefonas ar ausin\u0117s.<\/p>\n<h4><span style=\"font-weight: 400;\">DYD\u017dIO PASIRINKIMAS<\/span><\/h4>\n<p>Prie\u0161 pasirinkdami dyd\u012f atkreipkite d\u0117mes\u012f \u012f <a class=\"size-chart-pum\" href=\"#\">dyd\u017ei\u0173 lentel\u0119<\/a>.<\/p>\n<p>Abejojate, kok\u012f dyd\u012f pasirinkti, para\u0161ykite mums, pad\u0117sime i\u0161sirinkti.<\/p>\n<p>Jei reikia didesnio, ar ma\u017eesnio dyd\u017eio nei si\u016blome, norite trumpesni\u0173, ar ilgesni\u0173 rankovi\u0173 ar kitoki\u0173 pakeitim\u0173, para\u0161ykite. Vykdome ir individualius u\u017esakymus.<\/p>\n<h4><span style=\"font-weight: 400;\">SUD\u0116TIS<\/span><\/h4>\n<p>Audinys su p\u016bkeliu vidin\u0117je pus\u0117je: 80% medviln\u0117, 20% poliesteris.<\/p>\n<p>Audinys sertifikuotas OEKO-TEX 100 standartu.<\/p>\n<h4><span style=\"font-weight: 400;\">I\u0160ANKSTINIS U\u017dSAKYMAS<\/span><\/h4>\n<p>Jei rinkdamiesi prek\u0119 matote u\u017era\u0161\u0105 I\u0160ANKSTINIS U\u017dSAKYMAS, tai rei\u0161kia, kad gaminio \u0161iuo metu vietoje neturime ir j\u012f pagaminsime specialiai Jums, po J\u016bs\u0173 u\u017esakymo gavimo. Gamyba u\u017etrunka nuo 2 d.d. iki 7 d.d., priklausomai nuo to, kiek tuo metu turime u\u017esakym\u0173.<\/p>\n<h4><span style=\"font-weight: 400;\">PAGAMINTA LIETUVOJE<\/span><\/h4>\n","protected":false},"featured_media":47515,"template":"","meta":{"_mi_skip_tracking":false,"_monsterinsights_sitenote_active":false,"_monsterinsights_sitenote_note":"","_monsterinsights_sitenote_category":0,"spay_email":""},"product-groups":[],"product_cat":[356,1592,1594,376],"product_tag":[],"acf":[],"yoast_head":"<!-- This site is optimized with the Yoast SEO plugin v17.4 - https:\/\/yoast.com\/wordpress\/plugins\/seo\/ -->\n<title>Bliuzonas Bomberis - ne.rasa<\/title>\n<meta name=\"description\" content=\"Unisex patogus bliuzonas HORIZONTAS\" \/>\n<meta name=\"robots\" content=\"index, follow, max-snippet:-1, max-image-preview:large, max-video-preview:-1\" \/>\n<link rel=\"canonical\" href=\"https:\/\/nerasa.eu\/lt\/p\/bliuzonas-bomberis\/\" \/>\n<meta property=\"og:locale\" content=\"lt_LT\" \/>\n<meta property=\"og:type\" content=\"article\" \/>\n<meta property=\"og:title\" content=\"Bliuzonas Bomberis - ne.rasa\" \/>\n<meta property=\"og:description\" content=\"Unisex patogus bliuzonas HORIZONTAS\" \/>\n<meta property=\"og:url\" content=\"https:\/\/nerasa.eu\/lt\/p\/bliuzonas-bomberis\/\" \/>\n<meta property=\"og:site_name\" content=\"ne.rasa\" \/>\n<meta property=\"article:publisher\" content=\"https:\/\/www.facebook.com\/nerasa.eu\" \/>\n<meta property=\"article:modified_time\" content=\"2026-04-10T10:57:13+00:00\" \/>\n<meta property=\"og:image\" content=\"https:\/\/nerasa.eu\/wp-content\/uploads\/2024\/05\/20240613_110305-women-bottom-03_front-women-footwear-2_front-Marcus-Stucco-Wall-2.jpeg\" \/>\n\t<meta property=\"og:image:width\" content=\"1599\" \/>\n\t<meta property=\"og:image:height\" content=\"2048\" \/>\n<meta name=\"twitter:card\" content=\"summary\" \/>\n<meta name=\"twitter:label1\" content=\"Est. reading time\" \/>\n\t<meta name=\"twitter:data1\" content=\"1 minut\u0117\" \/>\n<script type=\"application\/ld+json\" class=\"yoast-schema-graph\">{\"@context\":\"https:\/\/schema.org\",\"@graph\":[{\"@type\":\"Organization\",\"@id\":\"https:\/\/nerasa.eu\/lt\/#organization\",\"name\":\"ne.rasa\",\"url\":\"https:\/\/nerasa.eu\/lt\/\",\"sameAs\":[\"https:\/\/www.facebook.com\/nerasa.eu\"],\"logo\":{\"@type\":\"ImageObject\",\"@id\":\"https:\/\/nerasa.eu\/lt\/#logo\",\"inLanguage\":\"lt-LT\",\"url\":\"https:\/\/nerasa.eu\/wp-content\/uploads\/2017\/09\/logo-borderless-1-e1506375274625.png\",\"contentUrl\":\"https:\/\/nerasa.eu\/wp-content\/uploads\/2017\/09\/logo-borderless-1-e1506375274625.png\",\"width\":105,\"height\":93,\"caption\":\"ne.rasa\"},\"image\":{\"@id\":\"https:\/\/nerasa.eu\/lt\/#logo\"}},{\"@type\":\"WebSite\",\"@id\":\"https:\/\/nerasa.eu\/lt\/#website\",\"url\":\"https:\/\/nerasa.eu\/lt\/\",\"name\":\"ne.rasa\",\"description\":\"\",\"publisher\":{\"@id\":\"https:\/\/nerasa.eu\/lt\/#organization\"},\"potentialAction\":[{\"@type\":\"SearchAction\",\"target\":{\"@type\":\"EntryPoint\",\"urlTemplate\":\"https:\/\/nerasa.eu\/lt\/?s={search_term_string}\"},\"query-input\":\"required name=search_term_string\"}],\"inLanguage\":\"lt-LT\"},{\"@type\":\"ImageObject\",\"@id\":\"https:\/\/nerasa.eu\/lt\/p\/bliuzonas-bomberis\/#primaryimage\",\"inLanguage\":\"lt-LT\",\"url\":\"https:\/\/nerasa.eu\/wp-content\/uploads\/2024\/05\/20240613_110305-women-bottom-03_front-women-footwear-2_front-Marcus-Stucco-Wall-2.jpeg\",\"contentUrl\":\"https:\/\/nerasa.eu\/wp-content\/uploads\/2024\/05\/20240613_110305-women-bottom-03_front-women-footwear-2_front-Marcus-Stucco-Wall-2.jpeg\",\"width\":1599,\"height\":2048,\"caption\":\"Unisex BOMBER jacket with zipper\"},{\"@type\":\"WebPage\",\"@id\":\"https:\/\/nerasa.eu\/lt\/p\/bliuzonas-bomberis\/#webpage\",\"url\":\"https:\/\/nerasa.eu\/lt\/p\/bliuzonas-bomberis\/\",\"name\":\"Bliuzonas Bomberis - ne.rasa\",\"isPartOf\":{\"@id\":\"https:\/\/nerasa.eu\/lt\/#website\"},\"primaryImageOfPage\":{\"@id\":\"https:\/\/nerasa.eu\/lt\/p\/bliuzonas-bomberis\/#primaryimage\"},\"datePublished\":\"2024-05-31T12:18:23+00:00\",\"dateModified\":\"2026-04-10T10:57:13+00:00\",\"description\":\"Unisex patogus bliuzonas HORIZONTAS\",\"breadcrumb\":{\"@id\":\"https:\/\/nerasa.eu\/lt\/p\/bliuzonas-bomberis\/#breadcrumb\"},\"inLanguage\":\"lt-LT\",\"potentialAction\":[{\"@type\":\"ReadAction\",\"target\":[\"https:\/\/nerasa.eu\/lt\/p\/bliuzonas-bomberis\/\"]}]},{\"@type\":\"BreadcrumbList\",\"@id\":\"https:\/\/nerasa.eu\/lt\/p\/bliuzonas-bomberis\/#breadcrumb\",\"itemListElement\":[{\"@type\":\"ListItem\",\"position\":1,\"name\":\"Pagrindinis\",\"item\":\"https:\/\/nerasa.eu\/lt\/\"},{\"@type\":\"ListItem\",\"position\":2,\"name\":\"Parduotuv\\u0117\",\"item\":\"https:\/\/nerasa.eu\/lt\/parduotuve\/\"},{\"@type\":\"ListItem\",\"position\":3,\"name\":\"Bliuzonas Bomberis\"}]}]}<\/script>\n<!-- \/ Yoast SEO plugin. -->","yoast_head_json":{"title":"Bliuzonas Bomberis - ne.rasa","description":"Unisex patogus bliuzonas HORIZONTAS","robots":{"index":"index","follow":"follow","max-snippet":"max-snippet:-1","max-image-preview":"max-image-preview:large","max-video-preview":"max-video-preview:-1"},"canonical":"https:\/\/nerasa.eu\/lt\/p\/bliuzonas-bomberis\/","og_locale":"lt_LT","og_type":"article","og_title":"Bliuzonas Bomberis - ne.rasa","og_description":"Unisex patogus bliuzonas HORIZONTAS","og_url":"https:\/\/nerasa.eu\/lt\/p\/bliuzonas-bomberis\/","og_site_name":"ne.rasa","article_publisher":"https:\/\/www.facebook.com\/nerasa.eu","article_modified_time":"2026-04-10T10:57:13+00:00","og_image":[{"width":1599,"height":2048,"url":"https:\/\/nerasa.eu\/wp-content\/uploads\/2024\/05\/20240613_110305-women-bottom-03_front-women-footwear-2_front-Marcus-Stucco-Wall-2.jpeg","type":"image\/jpeg"}],"twitter_card":"summary","twitter_misc":{"Est. reading time":"1 minut\u0117"},"schema":{"@context":"https:\/\/schema.org","@graph":[{"@type":"Organization","@id":"https:\/\/nerasa.eu\/lt\/#organization","name":"ne.rasa","url":"https:\/\/nerasa.eu\/lt\/","sameAs":["https:\/\/www.facebook.com\/nerasa.eu"],"logo":{"@type":"ImageObject","@id":"https:\/\/nerasa.eu\/lt\/#logo","inLanguage":"lt-LT","url":"https:\/\/nerasa.eu\/wp-content\/uploads\/2017\/09\/logo-borderless-1-e1506375274625.png","contentUrl":"https:\/\/nerasa.eu\/wp-content\/uploads\/2017\/09\/logo-borderless-1-e1506375274625.png","width":105,"height":93,"caption":"ne.rasa"},"image":{"@id":"https:\/\/nerasa.eu\/lt\/#logo"}},{"@type":"WebSite","@id":"https:\/\/nerasa.eu\/lt\/#website","url":"https:\/\/nerasa.eu\/lt\/","name":"ne.rasa","description":"","publisher":{"@id":"https:\/\/nerasa.eu\/lt\/#organization"},"potentialAction":[{"@type":"SearchAction","target":{"@type":"EntryPoint","urlTemplate":"https:\/\/nerasa.eu\/lt\/?s={search_term_string}"},"query-input":"required name=search_term_string"}],"inLanguage":"lt-LT"},{"@type":"ImageObject","@id":"https:\/\/nerasa.eu\/lt\/p\/bliuzonas-bomberis\/#primaryimage","inLanguage":"lt-LT","url":"https:\/\/nerasa.eu\/wp-content\/uploads\/2024\/05\/20240613_110305-women-bottom-03_front-women-footwear-2_front-Marcus-Stucco-Wall-2.jpeg","contentUrl":"https:\/\/nerasa.eu\/wp-content\/uploads\/2024\/05\/20240613_110305-women-bottom-03_front-women-footwear-2_front-Marcus-Stucco-Wall-2.jpeg","width":1599,"height":2048,"caption":"Unisex BOMBER jacket with zipper"},{"@type":"WebPage","@id":"https:\/\/nerasa.eu\/lt\/p\/bliuzonas-bomberis\/#webpage","url":"https:\/\/nerasa.eu\/lt\/p\/bliuzonas-bomberis\/","name":"Bliuzonas Bomberis - ne.rasa","isPartOf":{"@id":"https:\/\/nerasa.eu\/lt\/#website"},"primaryImageOfPage":{"@id":"https:\/\/nerasa.eu\/lt\/p\/bliuzonas-bomberis\/#primaryimage"},"datePublished":"2024-05-31T12:18:23+00:00","dateModified":"2026-04-10T10:57:13+00:00","description":"Unisex patogus bliuzonas HORIZONTAS","breadcrumb":{"@id":"https:\/\/nerasa.eu\/lt\/p\/bliuzonas-bomberis\/#breadcrumb"},"inLanguage":"lt-LT","potentialAction":[{"@type":"ReadAction","target":["https:\/\/nerasa.eu\/lt\/p\/bliuzonas-bomberis\/"]}]},{"@type":"BreadcrumbList","@id":"https:\/\/nerasa.eu\/lt\/p\/bliuzonas-bomberis\/#breadcrumb","itemListElement":[{"@type":"ListItem","position":1,"name":"Pagrindinis","item":"https:\/\/nerasa.eu\/lt\/"},{"@type":"ListItem","position":2,"name":"Parduotuv\u0117","item":"https:\/\/nerasa.eu\/lt\/parduotuve\/"},{"@type":"ListItem","position":3,"name":"Bliuzonas Bomberis"}]}]}},"_links":{"self":[{"href":"https:\/\/nerasa.eu\/lt\/wp-json\/wp\/v2\/product\/40346"}],"collection":[{"href":"https:\/\/nerasa.eu\/lt\/wp-json\/wp\/v2\/product"}],"about":[{"href":"https:\/\/nerasa.eu\/lt\/wp-json\/wp\/v2\/types\/product"}],"wp:featuredmedia":[{"embeddable":true,"href":"https:\/\/nerasa.eu\/lt\/wp-json\/wp\/v2\/media\/47515"}],"wp:attachment":[{"href":"https:\/\/nerasa.eu\/lt\/wp-json\/wp\/v2\/media?parent=40346"}],"wp:term":[{"taxonomy":"product-groups","embeddable":true,"href":"https:\/\/nerasa.eu\/lt\/wp-json\/wp\/v2\/product-groups?post=40346"},{"taxonomy":"product_cat","embeddable":true,"href":"https:\/\/nerasa.eu\/lt\/wp-json\/wp\/v2\/product_cat?post=40346"},{"taxonomy":"product_tag","embeddable":true,"href":"https:\/\/nerasa.eu\/lt\/wp-json\/wp\/v2\/product_tag?post=40346"}],"curies":[{"name":"wp","href":"https:\/\/api.w.org\/{rel}","templated":true}]}}