{"id":33569,"date":"2024-07-20T16:00:19","date_gmt":"2024-08-20T13:00:19","guid":{"rendered":"https:\/\/nerasa.eu\/?post_type=product&#038;p=33569"},"modified":"2026-03-29T19:28:43","modified_gmt":"2026-03-29T16:28:43","slug":"ilgas-unisex-bliuzonas-ausra","status":"publish","type":"product","link":"https:\/\/nerasa.eu\/lt\/p\/ilgas-unisex-bliuzonas-ausra\/","title":{"rendered":"Ilgas UNISEX bliuzonas &#8216;AU\u0160RA&#8217;"},"content":{"rendered":"<p>Ilgas bliuzonas su gobtuvu ir ki\u0161en\u0117mis AU\u0160RA\u00a0 &#8211;\u00a0 turi patogias dideles priekines ki\u0161enes,\u00a0 didel\u012f \u0161ilt\u0105 gobtuv\u0105 ir ilg\u0105 i\u0161 abiej\u0173 pusi\u0173 atsisegant\u012f u\u017etrauktuk\u0105, kad net vairuoti ir keliauti b\u016bt\u0173 itin patogu.<\/p>\n<h4><strong>SUD\u0116TIS<\/strong><\/h4>\n<p>Audinys su p\u016bkeliu vidin\u0117je pus\u0117je: 80% medviln\u0117, 20% poliesteris.<\/p>\n<p>Audinys sertifikuotas OEKO-TEX 100 standartu.<\/p>\n<h4><strong>DYD\u017dIO PASIRINKIMAS<\/strong><\/h4>\n<p>Prie\u0161 pasirinkdami dyd\u012f atkreipkite d\u0117mes\u012f \u012f <a class=\"size-chart-pum\" href=\"#\">dyd\u017ei\u0173 lentel\u0119<\/a><\/p>\n<p>PASTABA: D\u017eemperis yra laisvo stiliaus. Jei nem\u0117gstate labai laisv\u0173 drabu\u017ei\u0173 rinkit\u0117s vienu dyd\u017eiu ma\u017eesn\u012f dyd\u012f, nei rekomenduojamas. Arba vadovaukit\u0117s lentel\u0117je pateiktais paties bliuzono i\u0161matavimais. Pamatuokite savo m\u0117gstam\u0105 drabu\u017e\u012f ir pagal tai rinkit\u0117s bliuzono dyd\u012f.<\/p>\n<p>Jei reikia didesnio, ar ma\u017eesnio dyd\u017eio nei si\u016blome, norite trumpesni\u0173, ar ilgesni\u0173 rankovi\u0173 ar kitoki\u0173 pakeitim\u0173, para\u0161ykite. Vykdome ir individualius u\u017esakymus.<\/p>\n<h4><strong>PRIE\u017dI\u016aRA<\/strong><\/h4>\n<p><span style=\"font-weight: 400;\">Skalbkite\u00a0 30 laipsni\u0173 temperat\u016broje.<\/span><\/p>\n<h4><strong>I\u0160ANKSTINIS U\u017dSAKYMAS<\/strong><\/h4>\n<p>Jei rinkdamiesi prek\u0119 matote u\u017era\u0161\u0105 I\u0160ANKSTINIS U\u017dSAKYMAS, tai rei\u0161kia, kad gaminio \u0161iuo metu vietoje neturime ir j\u012f pagaminsime specialiai Jums, po J\u016bs\u0173 u\u017esakymo gavimo. Gamyba u\u017etrunka 2 d.d. &#8211; 7 d.d., priklausomai nuo to, kiek tuo metu turime u\u017esakym\u0173.<\/p>\n<h4><span style=\"font-weight: 400;\">PAGAMINTA LIETUVOJE!<\/span><\/h4>\n","protected":false},"excerpt":{"rendered":"<p>Stilingas ir patogus bliuzonas rudeniui, pavasariui ar vasarai.<\/p>\n<p>Tinka tiek vyrams, tiek moterims.<\/p>\n<p>Su didel\u0117mis priekin\u0117mis ki\u0161en\u0117mis,\u00a0 dideliu \u0161iltu gobtuvu ir i\u0161 abiej\u0173 pusi\u0173 atsisegan\u010diu u\u017etrauktuku, kad net vairuoti ir keliauti b\u016bt\u0173 itin patogu.<\/p>\n<h4><strong>SUD\u0116TIS<\/strong><\/h4>\n<p>Audinys su p\u016bkeliu vidin\u0117je pus\u0117je: 80% medviln\u0117, 20% poliesteris.<\/p>\n<p>Audinys sertifikuotas OEKO-TEX 100 standartu.<\/p>\n<h4><strong>DYD\u017dIO PASIRINKIMAS<\/strong><\/h4>\n<p>Prie\u0161 pasirinkdami dyd\u012f atkreipkite d\u0117mes\u012f \u012f <a class=\"size-chart-pum\" href=\"#\">dyd\u017ei\u0173 lentel\u0119<\/a><\/p>\n<p>PASTABA: D\u017eemperis yra laisvo stiliaus. Jei nem\u0117gstate labai laisv\u0173 drabu\u017ei\u0173 rinkit\u0117s vienu dyd\u017eiu ma\u017eesn\u012f dyd\u012f, nei rekomenduojamas. Arba vadovaukit\u0117s lentel\u0117je pateiktais paties bliuzono i\u0161matavimais. Pamatuokite savo m\u0117gstam\u0105 drabu\u017e\u012f ir pagal tai rinkit\u0117s bliuzono dyd\u012f.<\/p>\n<p>Modelis nuotraukose d\u0117vi M dyd\u017eio bliuzon\u0105. Modelio i\u0161matavimai:<\/p>\n<ul>\n<li>\u016agis: 178 cm<\/li>\n<li>Kr\u016btin\u0117s apimtis 90cm<\/li>\n<li>Liemens apimtis 78cm<\/li>\n<li>Klub\u0173 apimtis 104 cm.<\/li>\n<\/ul>\n<h4><strong>I\u0160ANKSTINIS U\u017dSAKYMAS<\/strong><\/h4>\n<p>Jei rinkdamiesi prek\u0119 matote u\u017era\u0161\u0105 I\u0160ANKSTINIS U\u017dSAKYMAS, tai rei\u0161kia, kad gaminio \u0161iuo metu vietoje neturime ir j\u012f pagaminsime specialiai Jums, po J\u016bs\u0173 u\u017esakymo gavimo. Gamyba u\u017etrunka 2 d.d. &#8211; 7 d.d., priklausomai nuo to, kiek tuo metu turime u\u017esakym\u0173.<\/p>\n<p>Jei turite speciali\u0173 pageidavim\u0173 bliuzonui, pavyzd\u017eiui ilgesni\u0173 rankovi\u0173 ar trumpesnio bliuzono ilgio, tiesiog para\u0161ykite mums apie tai u\u017esakydami bliuzon\u0105.<\/p>\n<h4><span style=\"font-weight: 400;\">PAGAMINTA LIETUVOJE!<\/span><\/h4>\n","protected":false},"featured_media":47541,"template":"","meta":{"_mi_skip_tracking":false,"_monsterinsights_sitenote_active":false,"_monsterinsights_sitenote_note":"","_monsterinsights_sitenote_category":0,"spay_email":""},"product-groups":[],"product_cat":[356,1592,1594,376],"product_tag":[],"acf":[],"yoast_head":"<!-- This site is optimized with the Yoast SEO plugin v17.4 - https:\/\/yoast.com\/wordpress\/plugins\/seo\/ -->\n<title>Ilgas UNISEX bliuzonas &#039;AU\u0160RA&#039; - ne.rasa<\/title>\n<meta name=\"description\" content=\"Ilgas bliuzonas &#039;AU\u0160RA&#039; - moterims ir vyrams\" \/>\n<meta name=\"robots\" content=\"index, follow, max-snippet:-1, max-image-preview:large, max-video-preview:-1\" \/>\n<link rel=\"canonical\" href=\"https:\/\/nerasa.eu\/lt\/p\/ilgas-unisex-bliuzonas-ausra\/\" \/>\n<meta property=\"og:locale\" content=\"lt_LT\" \/>\n<meta property=\"og:type\" content=\"article\" \/>\n<meta property=\"og:title\" content=\"Ilgas UNISEX bliuzonas &#039;AU\u0160RA&#039; - ne.rasa\" \/>\n<meta property=\"og:description\" content=\"Ilgas bliuzonas &#039;AU\u0160RA&#039; - moterims ir vyrams\" \/>\n<meta property=\"og:url\" content=\"https:\/\/nerasa.eu\/lt\/p\/ilgas-unisex-bliuzonas-ausra\/\" \/>\n<meta property=\"og:site_name\" content=\"ne.rasa\" \/>\n<meta property=\"article:publisher\" content=\"https:\/\/www.facebook.com\/nerasa.eu\" \/>\n<meta property=\"article:modified_time\" content=\"2026-03-29T16:28:43+00:00\" \/>\n<meta property=\"og:image\" content=\"https:\/\/nerasa.eu\/wp-content\/uploads\/2024\/07\/IMG_9193-Clara-Stucco-Wall.jpeg\" \/>\n\t<meta property=\"og:image:width\" content=\"1365\" \/>\n\t<meta property=\"og:image:height\" content=\"2048\" \/>\n<meta name=\"twitter:card\" content=\"summary\" \/>\n<meta name=\"twitter:label1\" content=\"Est. reading time\" \/>\n\t<meta name=\"twitter:data1\" content=\"1 minut\u0117\" \/>\n<script type=\"application\/ld+json\" class=\"yoast-schema-graph\">{\"@context\":\"https:\/\/schema.org\",\"@graph\":[{\"@type\":\"Organization\",\"@id\":\"https:\/\/nerasa.eu\/lt\/#organization\",\"name\":\"ne.rasa\",\"url\":\"https:\/\/nerasa.eu\/lt\/\",\"sameAs\":[\"https:\/\/www.facebook.com\/nerasa.eu\"],\"logo\":{\"@type\":\"ImageObject\",\"@id\":\"https:\/\/nerasa.eu\/lt\/#logo\",\"inLanguage\":\"lt-LT\",\"url\":\"https:\/\/nerasa.eu\/wp-content\/uploads\/2017\/09\/logo-borderless-1-e1506375274625.png\",\"contentUrl\":\"https:\/\/nerasa.eu\/wp-content\/uploads\/2017\/09\/logo-borderless-1-e1506375274625.png\",\"width\":105,\"height\":93,\"caption\":\"ne.rasa\"},\"image\":{\"@id\":\"https:\/\/nerasa.eu\/lt\/#logo\"}},{\"@type\":\"WebSite\",\"@id\":\"https:\/\/nerasa.eu\/lt\/#website\",\"url\":\"https:\/\/nerasa.eu\/lt\/\",\"name\":\"ne.rasa\",\"description\":\"\",\"publisher\":{\"@id\":\"https:\/\/nerasa.eu\/lt\/#organization\"},\"potentialAction\":[{\"@type\":\"SearchAction\",\"target\":{\"@type\":\"EntryPoint\",\"urlTemplate\":\"https:\/\/nerasa.eu\/lt\/?s={search_term_string}\"},\"query-input\":\"required name=search_term_string\"}],\"inLanguage\":\"lt-LT\"},{\"@type\":\"ImageObject\",\"@id\":\"https:\/\/nerasa.eu\/lt\/p\/ilgas-unisex-bliuzonas-ausra\/#primaryimage\",\"inLanguage\":\"lt-LT\",\"url\":\"https:\/\/nerasa.eu\/wp-content\/uploads\/2024\/07\/IMG_9193-Clara-Stucco-Wall.jpeg\",\"contentUrl\":\"https:\/\/nerasa.eu\/wp-content\/uploads\/2024\/07\/IMG_9193-Clara-Stucco-Wall.jpeg\",\"width\":1365,\"height\":2048,\"caption\":\"Comfy long jacket with hood, zipper and front pockets 'DAWN'\"},{\"@type\":\"WebPage\",\"@id\":\"https:\/\/nerasa.eu\/lt\/p\/ilgas-unisex-bliuzonas-ausra\/#webpage\",\"url\":\"https:\/\/nerasa.eu\/lt\/p\/ilgas-unisex-bliuzonas-ausra\/\",\"name\":\"Ilgas UNISEX bliuzonas 'AU\\u0160RA' - ne.rasa\",\"isPartOf\":{\"@id\":\"https:\/\/nerasa.eu\/lt\/#website\"},\"primaryImageOfPage\":{\"@id\":\"https:\/\/nerasa.eu\/lt\/p\/ilgas-unisex-bliuzonas-ausra\/#primaryimage\"},\"datePublished\":\"2024-08-20T13:00:19+00:00\",\"dateModified\":\"2026-03-29T16:28:43+00:00\",\"description\":\"Ilgas bliuzonas 'AU\\u0160RA' - moterims ir vyrams\",\"breadcrumb\":{\"@id\":\"https:\/\/nerasa.eu\/lt\/p\/ilgas-unisex-bliuzonas-ausra\/#breadcrumb\"},\"inLanguage\":\"lt-LT\",\"potentialAction\":[{\"@type\":\"ReadAction\",\"target\":[\"https:\/\/nerasa.eu\/lt\/p\/ilgas-unisex-bliuzonas-ausra\/\"]}]},{\"@type\":\"BreadcrumbList\",\"@id\":\"https:\/\/nerasa.eu\/lt\/p\/ilgas-unisex-bliuzonas-ausra\/#breadcrumb\",\"itemListElement\":[{\"@type\":\"ListItem\",\"position\":1,\"name\":\"Pagrindinis\",\"item\":\"https:\/\/nerasa.eu\/lt\/\"},{\"@type\":\"ListItem\",\"position\":2,\"name\":\"Parduotuv\\u0117\",\"item\":\"https:\/\/nerasa.eu\/lt\/parduotuve\/\"},{\"@type\":\"ListItem\",\"position\":3,\"name\":\"Ilgas UNISEX bliuzonas &#8216;AU\\u0160RA&#8217;\"}]}]}<\/script>\n<!-- \/ Yoast SEO plugin. -->","yoast_head_json":{"title":"Ilgas UNISEX bliuzonas 'AU\u0160RA' - ne.rasa","description":"Ilgas bliuzonas 'AU\u0160RA' - moterims ir vyrams","robots":{"index":"index","follow":"follow","max-snippet":"max-snippet:-1","max-image-preview":"max-image-preview:large","max-video-preview":"max-video-preview:-1"},"canonical":"https:\/\/nerasa.eu\/lt\/p\/ilgas-unisex-bliuzonas-ausra\/","og_locale":"lt_LT","og_type":"article","og_title":"Ilgas UNISEX bliuzonas 'AU\u0160RA' - ne.rasa","og_description":"Ilgas bliuzonas 'AU\u0160RA' - moterims ir vyrams","og_url":"https:\/\/nerasa.eu\/lt\/p\/ilgas-unisex-bliuzonas-ausra\/","og_site_name":"ne.rasa","article_publisher":"https:\/\/www.facebook.com\/nerasa.eu","article_modified_time":"2026-03-29T16:28:43+00:00","og_image":[{"width":1365,"height":2048,"url":"https:\/\/nerasa.eu\/wp-content\/uploads\/2024\/07\/IMG_9193-Clara-Stucco-Wall.jpeg","type":"image\/jpeg"}],"twitter_card":"summary","twitter_misc":{"Est. reading time":"1 minut\u0117"},"schema":{"@context":"https:\/\/schema.org","@graph":[{"@type":"Organization","@id":"https:\/\/nerasa.eu\/lt\/#organization","name":"ne.rasa","url":"https:\/\/nerasa.eu\/lt\/","sameAs":["https:\/\/www.facebook.com\/nerasa.eu"],"logo":{"@type":"ImageObject","@id":"https:\/\/nerasa.eu\/lt\/#logo","inLanguage":"lt-LT","url":"https:\/\/nerasa.eu\/wp-content\/uploads\/2017\/09\/logo-borderless-1-e1506375274625.png","contentUrl":"https:\/\/nerasa.eu\/wp-content\/uploads\/2017\/09\/logo-borderless-1-e1506375274625.png","width":105,"height":93,"caption":"ne.rasa"},"image":{"@id":"https:\/\/nerasa.eu\/lt\/#logo"}},{"@type":"WebSite","@id":"https:\/\/nerasa.eu\/lt\/#website","url":"https:\/\/nerasa.eu\/lt\/","name":"ne.rasa","description":"","publisher":{"@id":"https:\/\/nerasa.eu\/lt\/#organization"},"potentialAction":[{"@type":"SearchAction","target":{"@type":"EntryPoint","urlTemplate":"https:\/\/nerasa.eu\/lt\/?s={search_term_string}"},"query-input":"required name=search_term_string"}],"inLanguage":"lt-LT"},{"@type":"ImageObject","@id":"https:\/\/nerasa.eu\/lt\/p\/ilgas-unisex-bliuzonas-ausra\/#primaryimage","inLanguage":"lt-LT","url":"https:\/\/nerasa.eu\/wp-content\/uploads\/2024\/07\/IMG_9193-Clara-Stucco-Wall.jpeg","contentUrl":"https:\/\/nerasa.eu\/wp-content\/uploads\/2024\/07\/IMG_9193-Clara-Stucco-Wall.jpeg","width":1365,"height":2048,"caption":"Comfy long jacket with hood, zipper and front pockets 'DAWN'"},{"@type":"WebPage","@id":"https:\/\/nerasa.eu\/lt\/p\/ilgas-unisex-bliuzonas-ausra\/#webpage","url":"https:\/\/nerasa.eu\/lt\/p\/ilgas-unisex-bliuzonas-ausra\/","name":"Ilgas UNISEX bliuzonas 'AU\u0160RA' - ne.rasa","isPartOf":{"@id":"https:\/\/nerasa.eu\/lt\/#website"},"primaryImageOfPage":{"@id":"https:\/\/nerasa.eu\/lt\/p\/ilgas-unisex-bliuzonas-ausra\/#primaryimage"},"datePublished":"2024-08-20T13:00:19+00:00","dateModified":"2026-03-29T16:28:43+00:00","description":"Ilgas bliuzonas 'AU\u0160RA' - moterims ir vyrams","breadcrumb":{"@id":"https:\/\/nerasa.eu\/lt\/p\/ilgas-unisex-bliuzonas-ausra\/#breadcrumb"},"inLanguage":"lt-LT","potentialAction":[{"@type":"ReadAction","target":["https:\/\/nerasa.eu\/lt\/p\/ilgas-unisex-bliuzonas-ausra\/"]}]},{"@type":"BreadcrumbList","@id":"https:\/\/nerasa.eu\/lt\/p\/ilgas-unisex-bliuzonas-ausra\/#breadcrumb","itemListElement":[{"@type":"ListItem","position":1,"name":"Pagrindinis","item":"https:\/\/nerasa.eu\/lt\/"},{"@type":"ListItem","position":2,"name":"Parduotuv\u0117","item":"https:\/\/nerasa.eu\/lt\/parduotuve\/"},{"@type":"ListItem","position":3,"name":"Ilgas UNISEX bliuzonas &#8216;AU\u0160RA&#8217;"}]}]}},"_links":{"self":[{"href":"https:\/\/nerasa.eu\/lt\/wp-json\/wp\/v2\/product\/33569"}],"collection":[{"href":"https:\/\/nerasa.eu\/lt\/wp-json\/wp\/v2\/product"}],"about":[{"href":"https:\/\/nerasa.eu\/lt\/wp-json\/wp\/v2\/types\/product"}],"wp:featuredmedia":[{"embeddable":true,"href":"https:\/\/nerasa.eu\/lt\/wp-json\/wp\/v2\/media\/47541"}],"wp:attachment":[{"href":"https:\/\/nerasa.eu\/lt\/wp-json\/wp\/v2\/media?parent=33569"}],"wp:term":[{"taxonomy":"product-groups","embeddable":true,"href":"https:\/\/nerasa.eu\/lt\/wp-json\/wp\/v2\/product-groups?post=33569"},{"taxonomy":"product_cat","embeddable":true,"href":"https:\/\/nerasa.eu\/lt\/wp-json\/wp\/v2\/product_cat?post=33569"},{"taxonomy":"product_tag","embeddable":true,"href":"https:\/\/nerasa.eu\/lt\/wp-json\/wp\/v2\/product_tag?post=33569"}],"curies":[{"name":"wp","href":"https:\/\/api.w.org\/{rel}","templated":true}]}}