{"id":33267,"date":"2024-07-02T14:11:29","date_gmt":"2023-06-20T10:01:39","guid":{"rendered":"https:\/\/nerasa.eu\/?post_type=product&#038;p=33267"},"modified":"2026-03-29T19:36:33","modified_gmt":"2026-03-29T16:36:33","slug":"unisex-bliuzonas-miestas","status":"publish","type":"product","link":"https:\/\/nerasa.eu\/lt\/p\/unisex-bliuzonas-miestas\/","title":{"rendered":"\u0160iltas Unisex bliuzonas su u\u017etrauktuku MIESTAS"},"content":{"rendered":"<p>\u0160iltas\u00a0 Unisex bliuzonas su u\u017etrauktuku ir dideliu \u0161iltu kaklu MIESTAS &#8211; tai labai patogus, stilingas ir prakti\u0161kas \u0161iltas bliuzonas ilgiems vasaros, pavasario ir rudens vakarams.<\/p>\n<p>Bliuzonas turi patogias \u0161onines ki\u0161enes bei vien\u0105 didel\u0119 priekin\u0119 ki\u0161en\u0119.<\/p>\n<p>UNISEX modelis puikiai tinka tiek vyrui, tiek moteriai.<\/p>\n<h4><span style=\"font-weight: 400;\">DYD\u017dIO PASIRINKIMAS<\/span><\/h4>\n<p>Prie\u0161 pasirinkdami dyd\u012f atkreipkite d\u0117mes\u012f \u012f <a class=\"size-chart-pum\" href=\"#\">dyd\u017ei\u0173 lentel\u0119<\/a>.<\/p>\n<p>Abejojate, kok\u012f dyd\u012f pasirinkti, para\u0161ykite mums, pad\u0117sime i\u0161sirinkti.<\/p>\n<p>Jei reikia didesnio, ar ma\u017eesnio dyd\u017eio nei si\u016blome, norite trumpesni\u0173, ar ilgesni\u0173 rankovi\u0173 ar kitoki\u0173 pakeitim\u0173, para\u0161ykite. Vykdome ir individualius u\u017esakymus.<\/p>\n<h4><span style=\"font-weight: 400;\">SUD\u0116TIS<\/span><\/h4>\n<p>Audinys su p\u016bkeliu vidin\u0117je pus\u0117je: 80% medviln\u0117, 20% poliesteris.<\/p>\n<p>Audinys sertifikuotas OEKO-TEX 100 standartu.<\/p>\n<h4><span style=\"font-weight: 400;\">PRIE\u017dI\u016aRA<\/span><\/h4>\n<p><span style=\"font-weight: 400;\">Skalbkite\u00a0 30 laipsni\u0173 temperat\u016broje.<\/span><\/p>\n<h4><span style=\"font-weight: 400;\">I\u0160ANKSTINIS U\u017dSAKYMAS<\/span><\/h4>\n<p>Jei rinkdamiesi prek\u0119 matote u\u017era\u0161\u0105 I\u0160ANKSTINIS U\u017dSAKYMAS, tai rei\u0161kia, kad gaminio \u0161iuo metu vietoje neturime ir j\u012f pagaminsime specialiai Jums, po J\u016bs\u0173 u\u017esakymo gavimo. Gamyba u\u017etrunka nuo 2 d.d. iki 7 d.d., priklausomai nuo to, kiek tuo metu turime u\u017esakym\u0173.<\/p>\n<h4><span style=\"font-weight: 400;\">PAGAMINTA LIETUVOJE<\/span><\/h4>\n","protected":false},"excerpt":{"rendered":"<p>Bliuzonas turi patogias \u0161onines ki\u0161enes bei vien\u0105 didel\u0119 priekin\u0119 ki\u0161en\u0119.<\/p>\n<p>UNISEX modelis puikiai tinka tiek vyrui, tiek moteriai.<\/p>\n<p>Stilingas asimetrinis modelis atrodo nuostabiai tiek u\u017esegtas tiek atsegtas.<\/p>\n<h4><span style=\"font-weight: 400;\">DYD\u017dIO PASIRINKIMAS<\/span><\/h4>\n<p>Prie\u0161 pasirinkdami dyd\u012f atkreipkite d\u0117mes\u012f \u012f <a class=\"size-chart-pum\" href=\"#\">dyd\u017ei\u0173 lentel\u0119<\/a>.<\/p>\n<p>Abejojate, kok\u012f dyd\u012f pasirinkti, para\u0161ykite mums, pad\u0117sime i\u0161sirinkti.<\/p>\n<p>Jei reikia didesnio, ar ma\u017eesnio dyd\u017eio nei si\u016blome, norite trumpesni\u0173, ar ilgesni\u0173 rankovi\u0173 ar kitoki\u0173 pakeitim\u0173, para\u0161ykite. Vykdome ir individualius u\u017esakymus.<\/p>\n<h4><span style=\"font-weight: 400;\">SUD\u0116TIS<\/span><\/h4>\n<p>Audinys su p\u016bkeliu vidin\u0117je pus\u0117je: 80% medviln\u0117, 20% poliesteris.<\/p>\n<p>Audinys sertifikuotas OEKO-TEX 100 standartu.<\/p>\n<h4><span style=\"font-weight: 400;\">I\u0160ANKSTINIS U\u017dSAKYMAS<\/span><\/h4>\n<p>Jei rinkdamiesi prek\u0119 matote u\u017era\u0161\u0105 I\u0160ANKSTINIS U\u017dSAKYMAS, tai rei\u0161kia, kad gaminio \u0161iuo metu vietoje neturime ir j\u012f pagaminsime specialiai Jums, po J\u016bs\u0173 u\u017esakymo gavimo. Gamyba u\u017etrunka nuo 2 d.d. iki 7 d.d., priklausomai nuo to, kiek tuo metu turime u\u017esakym\u0173.<\/p>\n<h4><span style=\"font-weight: 400;\">PAGAMINTA LIETUVOJE<\/span><\/h4>\n","protected":false},"featured_media":47557,"template":"","meta":{"_mi_skip_tracking":false,"_monsterinsights_sitenote_active":false,"_monsterinsights_sitenote_note":"","_monsterinsights_sitenote_category":0,"spay_email":""},"product-groups":[],"product_cat":[356,1594,376,1592,378],"product_tag":[],"acf":[],"yoast_head":"<!-- This site is optimized with the Yoast SEO plugin v17.4 - https:\/\/yoast.com\/wordpress\/plugins\/seo\/ -->\n<title>\u0160iltas Unisex bliuzonas su u\u017etrauktuku MIESTAS - ne.rasa<\/title>\n<meta name=\"description\" content=\"\u0160iltas Unisex bliuzonas su u\u017etrauktuku MIESTAS\" \/>\n<meta name=\"robots\" content=\"index, follow, max-snippet:-1, max-image-preview:large, max-video-preview:-1\" \/>\n<link rel=\"canonical\" href=\"https:\/\/nerasa.eu\/lt\/p\/unisex-bliuzonas-miestas\/\" \/>\n<meta property=\"og:locale\" content=\"lt_LT\" \/>\n<meta property=\"og:type\" content=\"article\" \/>\n<meta property=\"og:title\" content=\"\u0160iltas Unisex bliuzonas su u\u017etrauktuku MIESTAS - ne.rasa\" \/>\n<meta property=\"og:description\" content=\"\u0160iltas Unisex bliuzonas su u\u017etrauktuku MIESTAS\" \/>\n<meta property=\"og:url\" content=\"https:\/\/nerasa.eu\/lt\/p\/unisex-bliuzonas-miestas\/\" \/>\n<meta property=\"og:site_name\" content=\"ne.rasa\" \/>\n<meta property=\"article:publisher\" content=\"https:\/\/www.facebook.com\/nerasa.eu\" \/>\n<meta property=\"article:modified_time\" content=\"2026-03-29T16:36:33+00:00\" \/>\n<meta property=\"og:image\" content=\"https:\/\/nerasa.eu\/wp-content\/uploads\/2024\/07\/IMG_9033-2-Marcus-Concrete-Chic.jpeg\" \/>\n\t<meta property=\"og:image:width\" content=\"1357\" \/>\n\t<meta property=\"og:image:height\" content=\"2048\" \/>\n<meta name=\"twitter:card\" content=\"summary\" \/>\n<meta name=\"twitter:label1\" content=\"Est. reading time\" \/>\n\t<meta name=\"twitter:data1\" content=\"1 minut\u0117\" \/>\n<script type=\"application\/ld+json\" class=\"yoast-schema-graph\">{\"@context\":\"https:\/\/schema.org\",\"@graph\":[{\"@type\":\"Organization\",\"@id\":\"https:\/\/nerasa.eu\/lt\/#organization\",\"name\":\"ne.rasa\",\"url\":\"https:\/\/nerasa.eu\/lt\/\",\"sameAs\":[\"https:\/\/www.facebook.com\/nerasa.eu\"],\"logo\":{\"@type\":\"ImageObject\",\"@id\":\"https:\/\/nerasa.eu\/lt\/#logo\",\"inLanguage\":\"lt-LT\",\"url\":\"https:\/\/nerasa.eu\/wp-content\/uploads\/2017\/09\/logo-borderless-1-e1506375274625.png\",\"contentUrl\":\"https:\/\/nerasa.eu\/wp-content\/uploads\/2017\/09\/logo-borderless-1-e1506375274625.png\",\"width\":105,\"height\":93,\"caption\":\"ne.rasa\"},\"image\":{\"@id\":\"https:\/\/nerasa.eu\/lt\/#logo\"}},{\"@type\":\"WebSite\",\"@id\":\"https:\/\/nerasa.eu\/lt\/#website\",\"url\":\"https:\/\/nerasa.eu\/lt\/\",\"name\":\"ne.rasa\",\"description\":\"\",\"publisher\":{\"@id\":\"https:\/\/nerasa.eu\/lt\/#organization\"},\"potentialAction\":[{\"@type\":\"SearchAction\",\"target\":{\"@type\":\"EntryPoint\",\"urlTemplate\":\"https:\/\/nerasa.eu\/lt\/?s={search_term_string}\"},\"query-input\":\"required name=search_term_string\"}],\"inLanguage\":\"lt-LT\"},{\"@type\":\"ImageObject\",\"@id\":\"https:\/\/nerasa.eu\/lt\/p\/unisex-bliuzonas-miestas\/#primaryimage\",\"inLanguage\":\"lt-LT\",\"url\":\"https:\/\/nerasa.eu\/wp-content\/uploads\/2024\/07\/IMG_9033-2-Marcus-Concrete-Chic.jpeg\",\"contentUrl\":\"https:\/\/nerasa.eu\/wp-content\/uploads\/2024\/07\/IMG_9033-2-Marcus-Concrete-Chic.jpeg\",\"width\":1357,\"height\":2048,\"caption\":\"Zip up Unisex asymmetric jacket CITY\"},{\"@type\":\"WebPage\",\"@id\":\"https:\/\/nerasa.eu\/lt\/p\/unisex-bliuzonas-miestas\/#webpage\",\"url\":\"https:\/\/nerasa.eu\/lt\/p\/unisex-bliuzonas-miestas\/\",\"name\":\"\\u0160iltas Unisex bliuzonas su u\\u017etrauktuku MIESTAS - ne.rasa\",\"isPartOf\":{\"@id\":\"https:\/\/nerasa.eu\/lt\/#website\"},\"primaryImageOfPage\":{\"@id\":\"https:\/\/nerasa.eu\/lt\/p\/unisex-bliuzonas-miestas\/#primaryimage\"},\"datePublished\":\"2023-06-20T10:01:39+00:00\",\"dateModified\":\"2026-03-29T16:36:33+00:00\",\"description\":\"\\u0160iltas Unisex bliuzonas su u\\u017etrauktuku MIESTAS\",\"breadcrumb\":{\"@id\":\"https:\/\/nerasa.eu\/lt\/p\/unisex-bliuzonas-miestas\/#breadcrumb\"},\"inLanguage\":\"lt-LT\",\"potentialAction\":[{\"@type\":\"ReadAction\",\"target\":[\"https:\/\/nerasa.eu\/lt\/p\/unisex-bliuzonas-miestas\/\"]}]},{\"@type\":\"BreadcrumbList\",\"@id\":\"https:\/\/nerasa.eu\/lt\/p\/unisex-bliuzonas-miestas\/#breadcrumb\",\"itemListElement\":[{\"@type\":\"ListItem\",\"position\":1,\"name\":\"Pagrindinis\",\"item\":\"https:\/\/nerasa.eu\/lt\/\"},{\"@type\":\"ListItem\",\"position\":2,\"name\":\"Parduotuv\\u0117\",\"item\":\"https:\/\/nerasa.eu\/lt\/parduotuve\/\"},{\"@type\":\"ListItem\",\"position\":3,\"name\":\"\\u0160iltas Unisex bliuzonas su u\\u017etrauktuku MIESTAS\"}]}]}<\/script>\n<!-- \/ Yoast SEO plugin. -->","yoast_head_json":{"title":"\u0160iltas Unisex bliuzonas su u\u017etrauktuku MIESTAS - ne.rasa","description":"\u0160iltas Unisex bliuzonas su u\u017etrauktuku MIESTAS","robots":{"index":"index","follow":"follow","max-snippet":"max-snippet:-1","max-image-preview":"max-image-preview:large","max-video-preview":"max-video-preview:-1"},"canonical":"https:\/\/nerasa.eu\/lt\/p\/unisex-bliuzonas-miestas\/","og_locale":"lt_LT","og_type":"article","og_title":"\u0160iltas Unisex bliuzonas su u\u017etrauktuku MIESTAS - ne.rasa","og_description":"\u0160iltas Unisex bliuzonas su u\u017etrauktuku MIESTAS","og_url":"https:\/\/nerasa.eu\/lt\/p\/unisex-bliuzonas-miestas\/","og_site_name":"ne.rasa","article_publisher":"https:\/\/www.facebook.com\/nerasa.eu","article_modified_time":"2026-03-29T16:36:33+00:00","og_image":[{"width":1357,"height":2048,"url":"https:\/\/nerasa.eu\/wp-content\/uploads\/2024\/07\/IMG_9033-2-Marcus-Concrete-Chic.jpeg","type":"image\/jpeg"}],"twitter_card":"summary","twitter_misc":{"Est. reading time":"1 minut\u0117"},"schema":{"@context":"https:\/\/schema.org","@graph":[{"@type":"Organization","@id":"https:\/\/nerasa.eu\/lt\/#organization","name":"ne.rasa","url":"https:\/\/nerasa.eu\/lt\/","sameAs":["https:\/\/www.facebook.com\/nerasa.eu"],"logo":{"@type":"ImageObject","@id":"https:\/\/nerasa.eu\/lt\/#logo","inLanguage":"lt-LT","url":"https:\/\/nerasa.eu\/wp-content\/uploads\/2017\/09\/logo-borderless-1-e1506375274625.png","contentUrl":"https:\/\/nerasa.eu\/wp-content\/uploads\/2017\/09\/logo-borderless-1-e1506375274625.png","width":105,"height":93,"caption":"ne.rasa"},"image":{"@id":"https:\/\/nerasa.eu\/lt\/#logo"}},{"@type":"WebSite","@id":"https:\/\/nerasa.eu\/lt\/#website","url":"https:\/\/nerasa.eu\/lt\/","name":"ne.rasa","description":"","publisher":{"@id":"https:\/\/nerasa.eu\/lt\/#organization"},"potentialAction":[{"@type":"SearchAction","target":{"@type":"EntryPoint","urlTemplate":"https:\/\/nerasa.eu\/lt\/?s={search_term_string}"},"query-input":"required name=search_term_string"}],"inLanguage":"lt-LT"},{"@type":"ImageObject","@id":"https:\/\/nerasa.eu\/lt\/p\/unisex-bliuzonas-miestas\/#primaryimage","inLanguage":"lt-LT","url":"https:\/\/nerasa.eu\/wp-content\/uploads\/2024\/07\/IMG_9033-2-Marcus-Concrete-Chic.jpeg","contentUrl":"https:\/\/nerasa.eu\/wp-content\/uploads\/2024\/07\/IMG_9033-2-Marcus-Concrete-Chic.jpeg","width":1357,"height":2048,"caption":"Zip up Unisex asymmetric jacket CITY"},{"@type":"WebPage","@id":"https:\/\/nerasa.eu\/lt\/p\/unisex-bliuzonas-miestas\/#webpage","url":"https:\/\/nerasa.eu\/lt\/p\/unisex-bliuzonas-miestas\/","name":"\u0160iltas Unisex bliuzonas su u\u017etrauktuku MIESTAS - ne.rasa","isPartOf":{"@id":"https:\/\/nerasa.eu\/lt\/#website"},"primaryImageOfPage":{"@id":"https:\/\/nerasa.eu\/lt\/p\/unisex-bliuzonas-miestas\/#primaryimage"},"datePublished":"2023-06-20T10:01:39+00:00","dateModified":"2026-03-29T16:36:33+00:00","description":"\u0160iltas Unisex bliuzonas su u\u017etrauktuku MIESTAS","breadcrumb":{"@id":"https:\/\/nerasa.eu\/lt\/p\/unisex-bliuzonas-miestas\/#breadcrumb"},"inLanguage":"lt-LT","potentialAction":[{"@type":"ReadAction","target":["https:\/\/nerasa.eu\/lt\/p\/unisex-bliuzonas-miestas\/"]}]},{"@type":"BreadcrumbList","@id":"https:\/\/nerasa.eu\/lt\/p\/unisex-bliuzonas-miestas\/#breadcrumb","itemListElement":[{"@type":"ListItem","position":1,"name":"Pagrindinis","item":"https:\/\/nerasa.eu\/lt\/"},{"@type":"ListItem","position":2,"name":"Parduotuv\u0117","item":"https:\/\/nerasa.eu\/lt\/parduotuve\/"},{"@type":"ListItem","position":3,"name":"\u0160iltas Unisex bliuzonas su u\u017etrauktuku MIESTAS"}]}]}},"_links":{"self":[{"href":"https:\/\/nerasa.eu\/lt\/wp-json\/wp\/v2\/product\/33267"}],"collection":[{"href":"https:\/\/nerasa.eu\/lt\/wp-json\/wp\/v2\/product"}],"about":[{"href":"https:\/\/nerasa.eu\/lt\/wp-json\/wp\/v2\/types\/product"}],"wp:featuredmedia":[{"embeddable":true,"href":"https:\/\/nerasa.eu\/lt\/wp-json\/wp\/v2\/media\/47557"}],"wp:attachment":[{"href":"https:\/\/nerasa.eu\/lt\/wp-json\/wp\/v2\/media?parent=33267"}],"wp:term":[{"taxonomy":"product-groups","embeddable":true,"href":"https:\/\/nerasa.eu\/lt\/wp-json\/wp\/v2\/product-groups?post=33267"},{"taxonomy":"product_cat","embeddable":true,"href":"https:\/\/nerasa.eu\/lt\/wp-json\/wp\/v2\/product_cat?post=33267"},{"taxonomy":"product_tag","embeddable":true,"href":"https:\/\/nerasa.eu\/lt\/wp-json\/wp\/v2\/product_tag?post=33267"}],"curies":[{"name":"wp","href":"https:\/\/api.w.org\/{rel}","templated":true}]}}