{"id":32040,"date":"2024-08-01T11:46:05","date_gmt":"2023-04-12T08:46:06","guid":{"rendered":"https:\/\/nerasa.eu\/?post_type=product&#038;p=32040"},"modified":"2025-12-02T11:42:35","modified_gmt":"2025-12-02T08:42:35","slug":"patogus-laisvalaikio-bliuzonas-jura-vaikiskas","status":"publish","type":"product","link":"https:\/\/nerasa.eu\/lt\/p\/patogus-laisvalaikio-bliuzonas-jura-vaikiskas\/","title":{"rendered":"Patogus laisvalaikio Bliuzonas J\u016aRA &#8211; Vaiki\u0161kas"},"content":{"rendered":"<p>Patogus laisvalaikio Bliuzonas J\u016aRA &#8211; tai labai patogus \u0161iltas bliuzonas\/d\u017eemperis, kuris puikiai tiks pavasariui, vasarai ar rudeniui. D\u017eemperis puikiai tiks tiek berniukams, tiek mergait\u0117ms. D\u017eemperis turi patogias \u0161onines ki\u0161enes, \u0161ilt\u0105 gobtuv\u0105, iki pat vir\u0161aus u\u017esisegant\u012f u\u017etrauktuk\u0105, tad gal\u0117site patys pasirinkti, kiek norite j\u012f u\u017esegti vir\u0161uje.<\/p>\n<h5>\u25b6 SUD\u0116TIS \u25c0<\/h5>\n<p>Audinys su p\u016bkeliu vidin\u0117je pus\u0117je: 80% medviln\u0117, 20% poliesteris. Audinys sertifikuotas OEKO-TEX 100 standartu.<\/p>\n<h5>\u25b6 PRIE\u017dI\u016aRA \u25c0<\/h5>\n<p><span style=\"font-weight: 400;\">Skalbkite\u00a0 30 laipsni\u0173 temperat\u016broje. <\/span> Skalbkime kuo re\u010diau, taip i\u0161saugosime drabu\u017e\u0117l\u012f ilgesniam laikotarpiui bei tausosime gamt\u0105.<\/p>\n<h5>\u25b6 DYD\u017dIO PASIRINKIMAS \u25c0<\/h5>\n<p>Dyd\u012f pasirinkite atsi\u017evelgdami \u012f vaiko \u016bg\u012f arba metus, jei ne\u017einote \u016bgio. D\u017eemperiukai gaminami ma\u017eyliams nuo 1-2 metuk\u0173 (dydis 86-92) iki 12-13 met\u0173 vaik\u0173 (dydis 150-160). Kartais to pa\u010dio am\u017eiaus ar \u016bgio vaikai b\u016bna skirting\u0173 i\u0161matavim\u0173, tad patariame atkreipti d\u0117mes\u012f \u012f tiklsius d\u017eemperio i\u0161matavimus pateiktus <a class=\"size-chart-pum\" href=\"#\">dyd\u017ei\u0173 lentel\u0117je.<\/a> Jei vistiek sunku apsispr\u0119sti d\u0117l reikiamo dyd\u017eio para\u0161ykite mums, tikrai patarsime. \u0160io d\u017eemperiuko atitikmenis gaminame ir suaugusi\u0173j\u0173 dyd\u017ei\u0173, tad, jei reikia didesnio dyd\u017eio, pavyzd\u017eiui paaugliui vaikui ar sau, tiesiog pasi\u017evalgykite po <strong><a href=\"https:\/\/nerasa.eu\/lt\/c\/moterims\/uzsegami-bliuzonai-2\/\">suaugusi\u0173 d\u017eemeperi\u0173 kategorij\u0105 <\/a><\/strong>(XXS, XS ir S dyd\u017eiai bus puikus pasirinkimas paaugliams, o didesni dyd\u017eiai t\u0117veliams).<\/p>\n<h5><strong>\u25b6 SPALVA \u25c0<\/strong><\/h5>\n<p>\u012evairios spalvos. Spalva realyb\u0117je gali \u0161iek tiek skirtis, nuo to k\u0105, matote savo ekrane d\u0117l J\u016bs\u0173 telefono, ar monitroriaus nustatym\u0173.<\/p>\n<h5><strong>\u25b6 I\u0160ANKSTINIS U\u017dSAKYMAS \u25c0<\/strong><\/h5>\n<p>Da\u017eniausiai gaminukus gaminame tik po J\u016bs\u0173 u\u017esakymo gavimo, tad, jeigu u\u017esakant matote u\u017era\u0161\u0105 I\u0160ANKSTINIS U\u017dSAKYMAS, tai rei\u0161kia, kad bliuzoniuk\u0105 specialiai Jums pagaminsime per 2 d.d. &#8211; 7 d.d., priklausomai nuo to, kiek tuo metu turime u\u017esakym\u0173.<\/p>\n<h4><span style=\"font-weight: 400;\">PAGAMINTA LIETUVOJE!<\/span><\/h4>\n","protected":false},"excerpt":{"rendered":"<p>Labai patogus ir \u0161iltas bliuzonas-d\u017eemperis, kuris puikiai tiks pavasariui, vasarai ar rudeniui.<\/p>\n<p>Jis\u00a0 turi patogias \u0161onines ki\u0161enes, \u0161ilt\u0105 gobtuv\u0105 ir labiausiai vaikams patinkant\u012f iki pat vir\u0161aus u\u017esisegant\u012f u\u017etrauktuk\u0105. U\u017esegus iki pat vir\u0161aus vaikas tiesiog pasislepia gobtuve.<\/p>\n<p>D\u017eemperis puikiai tiks tiek berniukams, tiek mergait\u0117ms.<\/p>\n<h5>\u25b6 SUD\u0116TIS \u25c0<\/h5>\n<p>Audinys su p\u016bkeliu vidin\u0117je pus\u0117je: 80% medviln\u0117, 20% poliesteris. Audinys sertifikuotas OEKO-TEX 100 standartu.<\/p>\n<h5>\u25b6 DYD\u017dIO PASIRINKIMAS \u25c0<\/h5>\n<p>Dyd\u012f pasirinkite atsi\u017evelgdami \u012f vaiko \u016bg\u012f arba metus, jei ne\u017einote \u016bgio. D\u017eemperiukai gaminami ma\u017eyliams nuo 1-2 metuk\u0173 (dydis 86-92) iki 12-13 met\u0173 vaik\u0173 (dydis 150-160). Kartais to pa\u010dio am\u017eiaus ar \u016bgio vaikai b\u016bna skirting\u0173 i\u0161matavim\u0173, tad patariame atkreipti d\u0117mes\u012f \u012f tiklsius d\u017eemperio i\u0161matavimus pateiktus <a class=\"size-chart-pum\" href=\"#\">dyd\u017ei\u0173 lentel\u0117je.<\/a> Jei vistiek sunku apsispr\u0119sti d\u0117l reikiamo dyd\u017eio para\u0161ykite mums, tikrai patarsime. \u0160io d\u017eemperiuko atitikmenis gaminame ir suaugusi\u0173j\u0173 dyd\u017ei\u0173, tad, jei reikia didesnio dyd\u017eio, pavyzd\u017eiui paaugliui vaikui ar sau, tiesiog pasi\u017evalgykite po <strong><a href=\"https:\/\/nerasa.eu\/lt\/c\/moterims\/uzsegami-bliuzonai-2\/\">suaugusi\u0173 d\u017eemeperi\u0173 kategorij\u0105 <\/a><\/strong>(XXS, XS ir S dyd\u017eiai bus puikus pasirinkimas paaugliams, o didesni dyd\u017eiai t\u0117veliams).<\/p>\n<h5><strong>\u25b6 I\u0160ANKSTINIS U\u017dSAKYMAS \u25c0<\/strong><\/h5>\n<p>Da\u017eniausiai gaminukus gaminame tik po J\u016bs\u0173 u\u017esakymo gavimo, tad, jeigu u\u017esakant matote u\u017era\u0161\u0105 I\u0160ANKSTINIS U\u017dSAKYMAS, tai rei\u0161kia, kad bliuzoniuk\u0105 specialiai Jums pagaminsime per 2 d.d. &#8211; 7 d.d., priklausomai nuo to, kiek tuo metu turime u\u017esakym\u0173.<\/p>\n<h4><span style=\"font-weight: 400;\">PAGAMINTA LIETUVOJE!<\/span><\/h4>\n","protected":false},"featured_media":14837,"template":"","meta":{"_mi_skip_tracking":false,"_monsterinsights_sitenote_active":false,"_monsterinsights_sitenote_note":"","_monsterinsights_sitenote_category":0,"spay_email":""},"product-groups":[],"product_cat":[1191,1201],"product_tag":[967],"acf":[],"yoast_head":"<!-- This site is optimized with the Yoast SEO plugin v17.4 - https:\/\/yoast.com\/wordpress\/plugins\/seo\/ -->\n<title>Patogus laisvalaikio Bliuzonas J\u016aRA - Vaiki\u0161kas - ne.rasa<\/title>\n<meta name=\"description\" content=\"Patogus laisvalaikio Bliuzonas J\u016aRA - Vaiki\u0161kas\" \/>\n<meta name=\"robots\" content=\"index, follow, max-snippet:-1, max-image-preview:large, max-video-preview:-1\" \/>\n<link rel=\"canonical\" href=\"https:\/\/nerasa.eu\/lt\/p\/patogus-laisvalaikio-bliuzonas-jura-vaikiskas\/\" \/>\n<meta property=\"og:locale\" content=\"lt_LT\" \/>\n<meta property=\"og:type\" content=\"article\" \/>\n<meta property=\"og:title\" content=\"Patogus laisvalaikio Bliuzonas J\u016aRA - Vaiki\u0161kas - ne.rasa\" \/>\n<meta property=\"og:description\" content=\"Patogus laisvalaikio Bliuzonas J\u016aRA - Vaiki\u0161kas\" \/>\n<meta property=\"og:url\" content=\"https:\/\/nerasa.eu\/lt\/p\/patogus-laisvalaikio-bliuzonas-jura-vaikiskas\/\" \/>\n<meta property=\"og:site_name\" content=\"ne.rasa\" \/>\n<meta property=\"article:publisher\" content=\"https:\/\/www.facebook.com\/nerasa.eu\" \/>\n<meta property=\"article:modified_time\" content=\"2025-12-02T08:42:35+00:00\" \/>\n<meta property=\"og:image\" content=\"https:\/\/nerasa.eu\/wp-content\/uploads\/2020\/07\/IMG_0801-1.jpg\" \/>\n\t<meta property=\"og:image:width\" content=\"1000\" \/>\n\t<meta property=\"og:image:height\" content=\"1500\" \/>\n<meta name=\"twitter:card\" content=\"summary\" \/>\n<meta name=\"twitter:label1\" content=\"Est. reading time\" \/>\n\t<meta name=\"twitter:data1\" content=\"2 minut\u0117s\" \/>\n<script type=\"application\/ld+json\" class=\"yoast-schema-graph\">{\"@context\":\"https:\/\/schema.org\",\"@graph\":[{\"@type\":\"Organization\",\"@id\":\"https:\/\/nerasa.eu\/lt\/#organization\",\"name\":\"ne.rasa\",\"url\":\"https:\/\/nerasa.eu\/lt\/\",\"sameAs\":[\"https:\/\/www.facebook.com\/nerasa.eu\"],\"logo\":{\"@type\":\"ImageObject\",\"@id\":\"https:\/\/nerasa.eu\/lt\/#logo\",\"inLanguage\":\"lt-LT\",\"url\":\"https:\/\/nerasa.eu\/wp-content\/uploads\/2017\/09\/logo-borderless-1-e1506375274625.png\",\"contentUrl\":\"https:\/\/nerasa.eu\/wp-content\/uploads\/2017\/09\/logo-borderless-1-e1506375274625.png\",\"width\":105,\"height\":93,\"caption\":\"ne.rasa\"},\"image\":{\"@id\":\"https:\/\/nerasa.eu\/lt\/#logo\"}},{\"@type\":\"WebSite\",\"@id\":\"https:\/\/nerasa.eu\/lt\/#website\",\"url\":\"https:\/\/nerasa.eu\/lt\/\",\"name\":\"ne.rasa\",\"description\":\"\",\"publisher\":{\"@id\":\"https:\/\/nerasa.eu\/lt\/#organization\"},\"potentialAction\":[{\"@type\":\"SearchAction\",\"target\":{\"@type\":\"EntryPoint\",\"urlTemplate\":\"https:\/\/nerasa.eu\/lt\/?s={search_term_string}\"},\"query-input\":\"required name=search_term_string\"}],\"inLanguage\":\"lt-LT\"},{\"@type\":\"ImageObject\",\"@id\":\"https:\/\/nerasa.eu\/lt\/p\/patogus-laisvalaikio-bliuzonas-jura-vaikiskas\/#primaryimage\",\"inLanguage\":\"lt-LT\",\"url\":\"https:\/\/nerasa.eu\/wp-content\/uploads\/2020\/07\/IMG_0801-1.jpg\",\"contentUrl\":\"https:\/\/nerasa.eu\/wp-content\/uploads\/2020\/07\/IMG_0801-1.jpg\",\"width\":1000,\"height\":1500,\"caption\":\"Patogus laisvalaikio Bliuzonas J\\u016aRA - Vaiki\\u0161kas\"},{\"@type\":\"WebPage\",\"@id\":\"https:\/\/nerasa.eu\/lt\/p\/patogus-laisvalaikio-bliuzonas-jura-vaikiskas\/#webpage\",\"url\":\"https:\/\/nerasa.eu\/lt\/p\/patogus-laisvalaikio-bliuzonas-jura-vaikiskas\/\",\"name\":\"Patogus laisvalaikio Bliuzonas J\\u016aRA - Vaiki\\u0161kas - ne.rasa\",\"isPartOf\":{\"@id\":\"https:\/\/nerasa.eu\/lt\/#website\"},\"primaryImageOfPage\":{\"@id\":\"https:\/\/nerasa.eu\/lt\/p\/patogus-laisvalaikio-bliuzonas-jura-vaikiskas\/#primaryimage\"},\"datePublished\":\"2023-04-12T08:46:06+00:00\",\"dateModified\":\"2025-12-02T08:42:35+00:00\",\"description\":\"Patogus laisvalaikio Bliuzonas J\\u016aRA - Vaiki\\u0161kas\",\"breadcrumb\":{\"@id\":\"https:\/\/nerasa.eu\/lt\/p\/patogus-laisvalaikio-bliuzonas-jura-vaikiskas\/#breadcrumb\"},\"inLanguage\":\"lt-LT\",\"potentialAction\":[{\"@type\":\"ReadAction\",\"target\":[\"https:\/\/nerasa.eu\/lt\/p\/patogus-laisvalaikio-bliuzonas-jura-vaikiskas\/\"]}]},{\"@type\":\"BreadcrumbList\",\"@id\":\"https:\/\/nerasa.eu\/lt\/p\/patogus-laisvalaikio-bliuzonas-jura-vaikiskas\/#breadcrumb\",\"itemListElement\":[{\"@type\":\"ListItem\",\"position\":1,\"name\":\"Pagrindinis\",\"item\":\"https:\/\/nerasa.eu\/lt\/\"},{\"@type\":\"ListItem\",\"position\":2,\"name\":\"Parduotuv\\u0117\",\"item\":\"https:\/\/nerasa.eu\/lt\/parduotuve\/\"},{\"@type\":\"ListItem\",\"position\":3,\"name\":\"Patogus laisvalaikio Bliuzonas J\\u016aRA &#8211; Vaiki\\u0161kas\"}]}]}<\/script>\n<!-- \/ Yoast SEO plugin. -->","yoast_head_json":{"title":"Patogus laisvalaikio Bliuzonas J\u016aRA - Vaiki\u0161kas - ne.rasa","description":"Patogus laisvalaikio Bliuzonas J\u016aRA - Vaiki\u0161kas","robots":{"index":"index","follow":"follow","max-snippet":"max-snippet:-1","max-image-preview":"max-image-preview:large","max-video-preview":"max-video-preview:-1"},"canonical":"https:\/\/nerasa.eu\/lt\/p\/patogus-laisvalaikio-bliuzonas-jura-vaikiskas\/","og_locale":"lt_LT","og_type":"article","og_title":"Patogus laisvalaikio Bliuzonas J\u016aRA - Vaiki\u0161kas - ne.rasa","og_description":"Patogus laisvalaikio Bliuzonas J\u016aRA - Vaiki\u0161kas","og_url":"https:\/\/nerasa.eu\/lt\/p\/patogus-laisvalaikio-bliuzonas-jura-vaikiskas\/","og_site_name":"ne.rasa","article_publisher":"https:\/\/www.facebook.com\/nerasa.eu","article_modified_time":"2025-12-02T08:42:35+00:00","og_image":[{"width":1000,"height":1500,"url":"https:\/\/nerasa.eu\/wp-content\/uploads\/2020\/07\/IMG_0801-1.jpg","type":"image\/jpeg"}],"twitter_card":"summary","twitter_misc":{"Est. reading time":"2 minut\u0117s"},"schema":{"@context":"https:\/\/schema.org","@graph":[{"@type":"Organization","@id":"https:\/\/nerasa.eu\/lt\/#organization","name":"ne.rasa","url":"https:\/\/nerasa.eu\/lt\/","sameAs":["https:\/\/www.facebook.com\/nerasa.eu"],"logo":{"@type":"ImageObject","@id":"https:\/\/nerasa.eu\/lt\/#logo","inLanguage":"lt-LT","url":"https:\/\/nerasa.eu\/wp-content\/uploads\/2017\/09\/logo-borderless-1-e1506375274625.png","contentUrl":"https:\/\/nerasa.eu\/wp-content\/uploads\/2017\/09\/logo-borderless-1-e1506375274625.png","width":105,"height":93,"caption":"ne.rasa"},"image":{"@id":"https:\/\/nerasa.eu\/lt\/#logo"}},{"@type":"WebSite","@id":"https:\/\/nerasa.eu\/lt\/#website","url":"https:\/\/nerasa.eu\/lt\/","name":"ne.rasa","description":"","publisher":{"@id":"https:\/\/nerasa.eu\/lt\/#organization"},"potentialAction":[{"@type":"SearchAction","target":{"@type":"EntryPoint","urlTemplate":"https:\/\/nerasa.eu\/lt\/?s={search_term_string}"},"query-input":"required name=search_term_string"}],"inLanguage":"lt-LT"},{"@type":"ImageObject","@id":"https:\/\/nerasa.eu\/lt\/p\/patogus-laisvalaikio-bliuzonas-jura-vaikiskas\/#primaryimage","inLanguage":"lt-LT","url":"https:\/\/nerasa.eu\/wp-content\/uploads\/2020\/07\/IMG_0801-1.jpg","contentUrl":"https:\/\/nerasa.eu\/wp-content\/uploads\/2020\/07\/IMG_0801-1.jpg","width":1000,"height":1500,"caption":"Patogus laisvalaikio Bliuzonas J\u016aRA - Vaiki\u0161kas"},{"@type":"WebPage","@id":"https:\/\/nerasa.eu\/lt\/p\/patogus-laisvalaikio-bliuzonas-jura-vaikiskas\/#webpage","url":"https:\/\/nerasa.eu\/lt\/p\/patogus-laisvalaikio-bliuzonas-jura-vaikiskas\/","name":"Patogus laisvalaikio Bliuzonas J\u016aRA - Vaiki\u0161kas - ne.rasa","isPartOf":{"@id":"https:\/\/nerasa.eu\/lt\/#website"},"primaryImageOfPage":{"@id":"https:\/\/nerasa.eu\/lt\/p\/patogus-laisvalaikio-bliuzonas-jura-vaikiskas\/#primaryimage"},"datePublished":"2023-04-12T08:46:06+00:00","dateModified":"2025-12-02T08:42:35+00:00","description":"Patogus laisvalaikio Bliuzonas J\u016aRA - Vaiki\u0161kas","breadcrumb":{"@id":"https:\/\/nerasa.eu\/lt\/p\/patogus-laisvalaikio-bliuzonas-jura-vaikiskas\/#breadcrumb"},"inLanguage":"lt-LT","potentialAction":[{"@type":"ReadAction","target":["https:\/\/nerasa.eu\/lt\/p\/patogus-laisvalaikio-bliuzonas-jura-vaikiskas\/"]}]},{"@type":"BreadcrumbList","@id":"https:\/\/nerasa.eu\/lt\/p\/patogus-laisvalaikio-bliuzonas-jura-vaikiskas\/#breadcrumb","itemListElement":[{"@type":"ListItem","position":1,"name":"Pagrindinis","item":"https:\/\/nerasa.eu\/lt\/"},{"@type":"ListItem","position":2,"name":"Parduotuv\u0117","item":"https:\/\/nerasa.eu\/lt\/parduotuve\/"},{"@type":"ListItem","position":3,"name":"Patogus laisvalaikio Bliuzonas J\u016aRA &#8211; Vaiki\u0161kas"}]}]}},"_links":{"self":[{"href":"https:\/\/nerasa.eu\/lt\/wp-json\/wp\/v2\/product\/32040"}],"collection":[{"href":"https:\/\/nerasa.eu\/lt\/wp-json\/wp\/v2\/product"}],"about":[{"href":"https:\/\/nerasa.eu\/lt\/wp-json\/wp\/v2\/types\/product"}],"wp:featuredmedia":[{"embeddable":true,"href":"https:\/\/nerasa.eu\/lt\/wp-json\/wp\/v2\/media\/14837"}],"wp:attachment":[{"href":"https:\/\/nerasa.eu\/lt\/wp-json\/wp\/v2\/media?parent=32040"}],"wp:term":[{"taxonomy":"product-groups","embeddable":true,"href":"https:\/\/nerasa.eu\/lt\/wp-json\/wp\/v2\/product-groups?post=32040"},{"taxonomy":"product_cat","embeddable":true,"href":"https:\/\/nerasa.eu\/lt\/wp-json\/wp\/v2\/product_cat?post=32040"},{"taxonomy":"product_tag","embeddable":true,"href":"https:\/\/nerasa.eu\/lt\/wp-json\/wp\/v2\/product_tag?post=32040"}],"curies":[{"name":"wp","href":"https:\/\/api.w.org\/{rel}","templated":true}]}}