{"id":31296,"date":"2023-03-03T12:56:46","date_gmt":"2023-03-03T09:56:44","guid":{"rendered":"https:\/\/nerasa.eu\/?post_type=product&#038;p=31296"},"modified":"2026-01-02T00:01:13","modified_gmt":"2026-01-01T21:01:13","slug":"ilgas-siltas-dzemperis-tunika-zuikutis","status":"publish","type":"product","link":"https:\/\/nerasa.eu\/lt\/p\/ilgas-siltas-dzemperis-tunika-zuikutis\/","title":{"rendered":"Ilgas \u0161iltas d\u017eemperis-tunika ZUIKUTIS"},"content":{"rendered":"<p>Ilgas \u0161iltas d\u017eemperis-tunika ZUIKUTIS pagamintas i\u0161 mielo ir \u0161ilto medviln\u0117s trikota\u017eo su p\u016bkeliu vidin\u0117je pus\u0117je.<\/p>\n<p>D\u017eemperis dekoruotas rank\u0173 darbo eko odos aplikacija.<\/p>\n<p>Su \u0161iuo d\u017eemperiu galite sukurti daug \u012fvairi\u0173 stiliaus derini\u0173. Galite prie jo derinti d\u017einsus, tampres, trumpus ar ilgus sijonus, masyvius batus ar sportinius batelius ir daug daugiau.<\/p>\n<h4>\u25b6 APIE D\u017dEMPER\u012e\u25c0<\/h4>\n<p>\u25c8 Prailgintas d\u017eemperio modelis apvaliu kaklu ir raglano tipo rankov\u0117mis bei didel\u0117mis ki\u0161en\u0117mis.<\/p>\n<p>\u25c8 D\u017eemperis puikiai tiks rudens, \u017eiemos sezonui. Jis taip pat bus nepakei\u010diamas ir v\u0117siais pavasario ar vasaros vakarais.<\/p>\n<p>\u25c8 Pagamintas i\u0161 medviln\u0117s \u0161ilto trikota\u017eo su p\u016bkeliu vidin\u0117je pus\u0117je.<\/p>\n<p>\u25c8 Dekoruotas rank\u0173 darbo eko odos ZUIKU\u010cIO aplikacija.<\/p>\n<p>Mes tikime l\u0117ta mada ir, kad \u0161\u012f d\u017eemper\u012f gal\u0117site d\u0117v\u0117ti ne vien\u0105 sezon\u0105!<\/p>\n<h4>\u25b6 SUD\u0116TIS \u25c0<\/h4>\n<p>OEKO-TEX 100 standartu sertifikuotas storas trikota\u017eas su p\u016bkeliu vidin\u0117je pus\u0117je: 80% medviln\u0117, 20% poliesteris.<\/p>\n<h4>\u25b6DYD\u017dIO PASIRINKIMAS \u25c0<\/h4>\n<p>Prie\u0161 pasirinkdami dyd\u012f atkreipkite d\u0117mes\u012f \u012f <a class=\"size-chart-pum\" href=\"#\">dyd\u017ei\u0173 lentel\u0119<\/a><\/p>\n<p>Jeigu m\u0117gstate laisvus &#8216;oversize&#8217; tipo drabu\u017eius galite rinktis 1 ar 2 dyd\u017eiais didesn\u012f d\u017eemper\u012f. D\u017eemperius gaminame nuo itin ma\u017eo XXS dyd\u017eio iki 6XL dyd\u017eio. Jeigu Jums reikia pagalbos i\u0161sirenakant tinkam\u0105 dyd\u012f, para\u0161ykite mums savo i\u0161matavimus:<\/p>\n<ul>\n<li>kr\u016btin\u0117s apimt\u012f,<\/li>\n<li>juosmens apimt\u012f,<\/li>\n<li>klub\u0173 apimt\u012f,<\/li>\n<li>\u016bg\u012f<\/li>\n<\/ul>\n<p>ir mes rekomenduosime Jums geriausiai tiksiant\u012f dyd\u012f.<\/p>\n<h4>\u25b6 SPALVA\u25c0<\/h4>\n<p>Bordo su juoda.<\/p>\n<h4>\u25b6 PRIE\u017dI\u016aRA \u25c0<\/h4>\n<p>\u25c8 Skalbkite lengva skalbimo ma\u0161inos programa 30 laipsni\u0173 temperat\u016broje.<\/p>\n<p>\u25c8 Lyginkite ir skalbkite i\u0161vert\u0119 gamin\u012f \u012f i\u0161virk\u0161\u010di\u0105j\u0105 pus\u0119.<\/p>\n<p>\u25c8 Ned\u017eiovinkite d\u017eiovykl\u0117je, nebalinkite.<\/p>\n<h4>\u25b6 I\u0160ANKSTINIS U\u017dSAKYMAS \u25c0<\/h4>\n<p>Da\u017eniausiai d\u017eemperius gaminame specialiai Jums tik po J\u016bs\u0173 u\u017esakymo gavimo. Gamyba u\u017etrunka 2-7 d.d.<\/p>\n<p>PAGAMINTA LIETUVOJE!<\/p>\n","protected":false},"excerpt":{"rendered":"<p>D\u017eemperis dekoruotas rank\u0173 darbo eko odos ZUIKU\u010cIO aplikacija.<\/p>\n<p>Su \u0161iuo d\u017eemperiu galite sukurti daug \u012fvairi\u0173 stiliaus derini\u0173. Galite prie jo derinti d\u017einsus, tampres, trumpus ar ilgus sijonus, masyvius batus ar sportinius batelius ir daug daugiau.<\/p>\n<h4>\u25b6 SUD\u0116TIS \u25c0<\/h4>\n<p>OEKO-TEX 100 standartu sertifikuotas storas trikota\u017eas su p\u016bkeliu vidin\u0117je pus\u0117je: 80% medviln\u0117, 20% poliesteris.<\/p>\n<h4>\u25b6DYD\u017dIO PASIRINKIMAS \u25c0<\/h4>\n<p>Prie\u0161 pasirinkdami dyd\u012f atkreipkite d\u0117mes\u012f \u012f <a class=\"size-chart-pum\" href=\"#\">dyd\u017ei\u0173 lentel\u0119<\/a><\/p>\n<p>Jeigu m\u0117gstate laisvus &#8216;oversize&#8217; tipo drabu\u017eius galite rinktis 1 ar 2 dyd\u017eiais didesn\u012f d\u017eemper\u012f. D\u017eemperius gaminame nuo itin ma\u017eo XXS dyd\u017eio iki 6XL dyd\u017eio. Jeigu Jums reikia pagalbos i\u0161sirenakant tinkam\u0105 dyd\u012f, para\u0161ykite mums savo i\u0161matavimus:<\/p>\n<ul>\n<li>kr\u016btin\u0117s apimt\u012f,<\/li>\n<li>juosmens apimt\u012f,<\/li>\n<li>klub\u0173 apimt\u012f,<\/li>\n<li>\u016bg\u012f<\/li>\n<\/ul>\n<p>ir mes rekomenduosime Jums geriausiai tiksiant\u012f dyd\u012f.<\/p>\n<h4>\u25b6 I\u0160ANKSTINIS U\u017dSAKYMAS \u25c0<\/h4>\n<p>Da\u017eniausiai d\u017eemperius gaminame specialiai Jums tik po J\u016bs\u0173 u\u017esakymo gavimo. Gamyba u\u017etrunka 2-7 d.d.<\/p>\n<p>PAGAMINTA LIETUVOJE!<\/p>\n","protected":false},"featured_media":31334,"template":"","meta":{"_mi_skip_tracking":false,"_monsterinsights_sitenote_active":false,"_monsterinsights_sitenote_note":"","_monsterinsights_sitenote_category":0,"spay_email":""},"product-groups":[],"product_cat":[374,1588,356],"product_tag":[1808],"acf":[],"yoast_head":"<!-- This site is optimized with the Yoast SEO plugin v17.4 - https:\/\/yoast.com\/wordpress\/plugins\/seo\/ -->\n<title>Ilgas \u0161iltas d\u017eemperis-tunika ZUIKUTIS - ne.rasa<\/title>\n<meta name=\"description\" content=\"Ilgas \u0161iltas d\u017eemperis-tunika KATINUKAS\" \/>\n<meta name=\"robots\" content=\"index, follow, max-snippet:-1, max-image-preview:large, max-video-preview:-1\" \/>\n<link rel=\"canonical\" href=\"https:\/\/nerasa.eu\/lt\/p\/ilgas-siltas-dzemperis-tunika-zuikutis\/\" \/>\n<meta property=\"og:locale\" content=\"lt_LT\" \/>\n<meta property=\"og:type\" content=\"article\" \/>\n<meta property=\"og:title\" content=\"Ilgas \u0161iltas d\u017eemperis-tunika ZUIKUTIS - ne.rasa\" \/>\n<meta property=\"og:description\" content=\"Ilgas \u0161iltas d\u017eemperis-tunika KATINUKAS\" \/>\n<meta property=\"og:url\" content=\"https:\/\/nerasa.eu\/lt\/p\/ilgas-siltas-dzemperis-tunika-zuikutis\/\" \/>\n<meta property=\"og:site_name\" content=\"ne.rasa\" \/>\n<meta property=\"article:publisher\" content=\"https:\/\/www.facebook.com\/nerasa.eu\" \/>\n<meta property=\"article:modified_time\" content=\"2026-01-01T21:01:13+00:00\" \/>\n<meta property=\"og:image\" content=\"https:\/\/nerasa.eu\/wp-content\/uploads\/2023\/03\/PXL_20230223_094046211.PORTRAIT.jpg\" \/>\n\t<meta property=\"og:image:width\" content=\"844\" \/>\n\t<meta property=\"og:image:height\" content=\"1500\" \/>\n<meta name=\"twitter:card\" content=\"summary\" \/>\n<meta name=\"twitter:label1\" content=\"Est. reading time\" \/>\n\t<meta name=\"twitter:data1\" content=\"2 minut\u0117s\" \/>\n<script type=\"application\/ld+json\" class=\"yoast-schema-graph\">{\"@context\":\"https:\/\/schema.org\",\"@graph\":[{\"@type\":\"Organization\",\"@id\":\"https:\/\/nerasa.eu\/lt\/#organization\",\"name\":\"ne.rasa\",\"url\":\"https:\/\/nerasa.eu\/lt\/\",\"sameAs\":[\"https:\/\/www.facebook.com\/nerasa.eu\"],\"logo\":{\"@type\":\"ImageObject\",\"@id\":\"https:\/\/nerasa.eu\/lt\/#logo\",\"inLanguage\":\"lt-LT\",\"url\":\"https:\/\/nerasa.eu\/wp-content\/uploads\/2017\/09\/logo-borderless-1-e1506375274625.png\",\"contentUrl\":\"https:\/\/nerasa.eu\/wp-content\/uploads\/2017\/09\/logo-borderless-1-e1506375274625.png\",\"width\":105,\"height\":93,\"caption\":\"ne.rasa\"},\"image\":{\"@id\":\"https:\/\/nerasa.eu\/lt\/#logo\"}},{\"@type\":\"WebSite\",\"@id\":\"https:\/\/nerasa.eu\/lt\/#website\",\"url\":\"https:\/\/nerasa.eu\/lt\/\",\"name\":\"ne.rasa\",\"description\":\"\",\"publisher\":{\"@id\":\"https:\/\/nerasa.eu\/lt\/#organization\"},\"potentialAction\":[{\"@type\":\"SearchAction\",\"target\":{\"@type\":\"EntryPoint\",\"urlTemplate\":\"https:\/\/nerasa.eu\/lt\/?s={search_term_string}\"},\"query-input\":\"required name=search_term_string\"}],\"inLanguage\":\"lt-LT\"},{\"@type\":\"ImageObject\",\"@id\":\"https:\/\/nerasa.eu\/lt\/p\/ilgas-siltas-dzemperis-tunika-zuikutis\/#primaryimage\",\"inLanguage\":\"lt-LT\",\"url\":\"https:\/\/nerasa.eu\/wp-content\/uploads\/2023\/03\/PXL_20230223_094046211.PORTRAIT.jpg\",\"contentUrl\":\"https:\/\/nerasa.eu\/wp-content\/uploads\/2023\/03\/PXL_20230223_094046211.PORTRAIT.jpg\",\"width\":844,\"height\":1500,\"caption\":\"Long jumper-dress with big front pockets - FUNNY BUNNY\"},{\"@type\":\"WebPage\",\"@id\":\"https:\/\/nerasa.eu\/lt\/p\/ilgas-siltas-dzemperis-tunika-zuikutis\/#webpage\",\"url\":\"https:\/\/nerasa.eu\/lt\/p\/ilgas-siltas-dzemperis-tunika-zuikutis\/\",\"name\":\"Ilgas \\u0161iltas d\\u017eemperis-tunika ZUIKUTIS - ne.rasa\",\"isPartOf\":{\"@id\":\"https:\/\/nerasa.eu\/lt\/#website\"},\"primaryImageOfPage\":{\"@id\":\"https:\/\/nerasa.eu\/lt\/p\/ilgas-siltas-dzemperis-tunika-zuikutis\/#primaryimage\"},\"datePublished\":\"2023-03-03T09:56:44+00:00\",\"dateModified\":\"2026-01-01T21:01:13+00:00\",\"description\":\"Ilgas \\u0161iltas d\\u017eemperis-tunika KATINUKAS\",\"breadcrumb\":{\"@id\":\"https:\/\/nerasa.eu\/lt\/p\/ilgas-siltas-dzemperis-tunika-zuikutis\/#breadcrumb\"},\"inLanguage\":\"lt-LT\",\"potentialAction\":[{\"@type\":\"ReadAction\",\"target\":[\"https:\/\/nerasa.eu\/lt\/p\/ilgas-siltas-dzemperis-tunika-zuikutis\/\"]}]},{\"@type\":\"BreadcrumbList\",\"@id\":\"https:\/\/nerasa.eu\/lt\/p\/ilgas-siltas-dzemperis-tunika-zuikutis\/#breadcrumb\",\"itemListElement\":[{\"@type\":\"ListItem\",\"position\":1,\"name\":\"Pagrindinis\",\"item\":\"https:\/\/nerasa.eu\/lt\/\"},{\"@type\":\"ListItem\",\"position\":2,\"name\":\"Parduotuv\\u0117\",\"item\":\"https:\/\/nerasa.eu\/lt\/parduotuve\/\"},{\"@type\":\"ListItem\",\"position\":3,\"name\":\"Ilgas \\u0161iltas d\\u017eemperis-tunika ZUIKUTIS\"}]}]}<\/script>\n<!-- \/ Yoast SEO plugin. -->","yoast_head_json":{"title":"Ilgas \u0161iltas d\u017eemperis-tunika ZUIKUTIS - ne.rasa","description":"Ilgas \u0161iltas d\u017eemperis-tunika KATINUKAS","robots":{"index":"index","follow":"follow","max-snippet":"max-snippet:-1","max-image-preview":"max-image-preview:large","max-video-preview":"max-video-preview:-1"},"canonical":"https:\/\/nerasa.eu\/lt\/p\/ilgas-siltas-dzemperis-tunika-zuikutis\/","og_locale":"lt_LT","og_type":"article","og_title":"Ilgas \u0161iltas d\u017eemperis-tunika ZUIKUTIS - ne.rasa","og_description":"Ilgas \u0161iltas d\u017eemperis-tunika KATINUKAS","og_url":"https:\/\/nerasa.eu\/lt\/p\/ilgas-siltas-dzemperis-tunika-zuikutis\/","og_site_name":"ne.rasa","article_publisher":"https:\/\/www.facebook.com\/nerasa.eu","article_modified_time":"2026-01-01T21:01:13+00:00","og_image":[{"width":844,"height":1500,"url":"https:\/\/nerasa.eu\/wp-content\/uploads\/2023\/03\/PXL_20230223_094046211.PORTRAIT.jpg","type":"image\/jpeg"}],"twitter_card":"summary","twitter_misc":{"Est. reading time":"2 minut\u0117s"},"schema":{"@context":"https:\/\/schema.org","@graph":[{"@type":"Organization","@id":"https:\/\/nerasa.eu\/lt\/#organization","name":"ne.rasa","url":"https:\/\/nerasa.eu\/lt\/","sameAs":["https:\/\/www.facebook.com\/nerasa.eu"],"logo":{"@type":"ImageObject","@id":"https:\/\/nerasa.eu\/lt\/#logo","inLanguage":"lt-LT","url":"https:\/\/nerasa.eu\/wp-content\/uploads\/2017\/09\/logo-borderless-1-e1506375274625.png","contentUrl":"https:\/\/nerasa.eu\/wp-content\/uploads\/2017\/09\/logo-borderless-1-e1506375274625.png","width":105,"height":93,"caption":"ne.rasa"},"image":{"@id":"https:\/\/nerasa.eu\/lt\/#logo"}},{"@type":"WebSite","@id":"https:\/\/nerasa.eu\/lt\/#website","url":"https:\/\/nerasa.eu\/lt\/","name":"ne.rasa","description":"","publisher":{"@id":"https:\/\/nerasa.eu\/lt\/#organization"},"potentialAction":[{"@type":"SearchAction","target":{"@type":"EntryPoint","urlTemplate":"https:\/\/nerasa.eu\/lt\/?s={search_term_string}"},"query-input":"required name=search_term_string"}],"inLanguage":"lt-LT"},{"@type":"ImageObject","@id":"https:\/\/nerasa.eu\/lt\/p\/ilgas-siltas-dzemperis-tunika-zuikutis\/#primaryimage","inLanguage":"lt-LT","url":"https:\/\/nerasa.eu\/wp-content\/uploads\/2023\/03\/PXL_20230223_094046211.PORTRAIT.jpg","contentUrl":"https:\/\/nerasa.eu\/wp-content\/uploads\/2023\/03\/PXL_20230223_094046211.PORTRAIT.jpg","width":844,"height":1500,"caption":"Long jumper-dress with big front pockets - FUNNY BUNNY"},{"@type":"WebPage","@id":"https:\/\/nerasa.eu\/lt\/p\/ilgas-siltas-dzemperis-tunika-zuikutis\/#webpage","url":"https:\/\/nerasa.eu\/lt\/p\/ilgas-siltas-dzemperis-tunika-zuikutis\/","name":"Ilgas \u0161iltas d\u017eemperis-tunika ZUIKUTIS - ne.rasa","isPartOf":{"@id":"https:\/\/nerasa.eu\/lt\/#website"},"primaryImageOfPage":{"@id":"https:\/\/nerasa.eu\/lt\/p\/ilgas-siltas-dzemperis-tunika-zuikutis\/#primaryimage"},"datePublished":"2023-03-03T09:56:44+00:00","dateModified":"2026-01-01T21:01:13+00:00","description":"Ilgas \u0161iltas d\u017eemperis-tunika KATINUKAS","breadcrumb":{"@id":"https:\/\/nerasa.eu\/lt\/p\/ilgas-siltas-dzemperis-tunika-zuikutis\/#breadcrumb"},"inLanguage":"lt-LT","potentialAction":[{"@type":"ReadAction","target":["https:\/\/nerasa.eu\/lt\/p\/ilgas-siltas-dzemperis-tunika-zuikutis\/"]}]},{"@type":"BreadcrumbList","@id":"https:\/\/nerasa.eu\/lt\/p\/ilgas-siltas-dzemperis-tunika-zuikutis\/#breadcrumb","itemListElement":[{"@type":"ListItem","position":1,"name":"Pagrindinis","item":"https:\/\/nerasa.eu\/lt\/"},{"@type":"ListItem","position":2,"name":"Parduotuv\u0117","item":"https:\/\/nerasa.eu\/lt\/parduotuve\/"},{"@type":"ListItem","position":3,"name":"Ilgas \u0161iltas d\u017eemperis-tunika ZUIKUTIS"}]}]}},"_links":{"self":[{"href":"https:\/\/nerasa.eu\/lt\/wp-json\/wp\/v2\/product\/31296"}],"collection":[{"href":"https:\/\/nerasa.eu\/lt\/wp-json\/wp\/v2\/product"}],"about":[{"href":"https:\/\/nerasa.eu\/lt\/wp-json\/wp\/v2\/types\/product"}],"wp:featuredmedia":[{"embeddable":true,"href":"https:\/\/nerasa.eu\/lt\/wp-json\/wp\/v2\/media\/31334"}],"wp:attachment":[{"href":"https:\/\/nerasa.eu\/lt\/wp-json\/wp\/v2\/media?parent=31296"}],"wp:term":[{"taxonomy":"product-groups","embeddable":true,"href":"https:\/\/nerasa.eu\/lt\/wp-json\/wp\/v2\/product-groups?post=31296"},{"taxonomy":"product_cat","embeddable":true,"href":"https:\/\/nerasa.eu\/lt\/wp-json\/wp\/v2\/product_cat?post=31296"},{"taxonomy":"product_tag","embeddable":true,"href":"https:\/\/nerasa.eu\/lt\/wp-json\/wp\/v2\/product_tag?post=31296"}],"curies":[{"name":"wp","href":"https:\/\/api.w.org\/{rel}","templated":true}]}}