{"id":30604,"date":"2023-02-08T20:29:06","date_gmt":"2023-02-08T17:38:29","guid":{"rendered":"https:\/\/nerasa.eu\/?post_type=product&#038;p=30604"},"modified":"2026-01-10T22:09:29","modified_gmt":"2026-01-10T19:09:29","slug":"moteriskas-siltas-laisvalaikio-kostiumelis-dvieju-daliu","status":"publish","type":"product","link":"https:\/\/nerasa.eu\/lt\/p\/moteriskas-siltas-laisvalaikio-kostiumelis-dvieju-daliu\/","title":{"rendered":"Moteri\u0161kas \u0161iltas laisvalaikio kostium\u0117lis &#8211; dviej\u0173 dali\u0173"},"content":{"rendered":"<p>Moteri\u0161kas \u0161iltas laisvalaikio kostium\u0117lis &#8211; dviej\u0173 dali\u0173 &#8211; keln\u0117s su guma tvirtintu juosmeniu bei reguliuojamu rai\u0161teliu ir patogiomis ki\u0161en\u0117mis. Vir\u0161utin\u0117 laisvalaikio kostium\u0117lio dalis \u012f nugar\u0105 ilg\u0117janti, oversize tipo.<\/p>\n<p>Stilingas, minimalistinis, patogus moteri\u0161kas laisvalaikio kostium\u0117lis pasi\u016btas i\u0161 \u0161velnaus storesnio auk\u0161tos kokyb\u0117s medviln\u0117s trikota\u017eo su p\u016bkeliu vidin\u0117je pus\u0117je.<\/p>\n<p>Puikiai tinka rudeniui, \u017eiemai.<\/p>\n<h4>\u25b6 APIE KOSTIUM\u0116L\u012e\u25c0<\/h4>\n<p>Moteri\u0161kas laisvalaikio kostium\u0117lis susideda i\u0161 dviej\u0173 dali\u0173:<\/p>\n<p>KELN\u0116S:<\/p>\n<p>\u25c8 Moteri\u0161kos patogios laisvalaikio keln\u0117s su pla\u010dia guma juosmens dalyje ir suraukimu kle\u0161ni\u0173 apa\u010dioje. Su reguliuojamu rai\u0161teliu juosmens dalyje.<\/p>\n<p>\u25c8 Pagamintos i\u0161 auk\u0161tos kokyb\u0117s medviln\u0117s trikota\u017eo su p\u016bkeliu vidin\u0117je pus\u0117je<\/p>\n<p>\u25c8 Su patogiomis \u0161onin\u0117mis ki\u0161en\u0117mis<\/p>\n<p>PALAIDIN\u0116<\/p>\n<p>\u25c8 Palaidin\u0117 ilgomis rankov\u0117mis, ilg\u0117janti \u012f nugar\u0105, laisva, nevar\u017eanti judesi\u0173, oversize tipo.<\/p>\n<h4>\u25b6 SUD\u0116TIS \u25c0<\/h4>\n<p>OEKO-TEX 100 standartu sertifikuotas kilpinis trikota\u017eas:<\/p>\n<p>80% medviln\u0117, 20% poliesteris. Su p\u016bkeliu vidin\u0117je pus\u0117je.<\/p>\n<h4>\u25b6DYD\u017dIO PASIRINKIMAS \u25c0<\/h4>\n<p>Prie\u0161 pasirinkdami dyd\u012f atkreipkite d\u0117mes\u012f \u012f <a class=\"size-chart-pum\" href=\"#\">dyd\u017ei\u0173 lentel\u0119.<\/a><\/p>\n<p>Kelnes gaminame net iki 6 XL dyd\u017eio, tad tikim\u0117s, kad visi rasite sau tinkam\u0105 dyd\u012f.<\/p>\n<h4>\u25b6 SPALVA\u25c0<\/h4>\n<p>Juoda, bordo, alyvuogi\u0173 \u017ealia arba \u0161viesi dramblio kaulo.<\/p>\n<h4>\u25b6 PRIE\u017dI\u016aRA \u25c0<\/h4>\n<p>\u25c8 Skalbkite lengva skalbimo ma\u0161inos programa 30 laipsni\u0173 temperat\u016broje.<\/p>\n<p>\u25c8 Ned\u017eiovinkite d\u017eiovykl\u0117je, nebalinkite.<\/p>\n<h4>\u25b6 I\u0160ANKSTINIS U\u017dSAKYMAS \u25c0<\/h4>\n<p>Da\u017eniausiai kelnes gaminame specialiai Jums tik po J\u016bs\u0173 u\u017esakymo gavimo. Gamyba u\u017etrunka 2-7 d. d.<\/p>\n<p>PAGAMINTA LIETUVOJE specialiai Jums!<\/p>\n","protected":false},"excerpt":{"rendered":"<p>Stilingas, minimalistinis, patogus moteri\u0161kas laisvalaikio kostium\u0117lis. Keln\u0117s su pla\u010dia guma ir rai\u0161teliu juosmens dalyje bei ki\u0161en\u0117mis. Palaidin\u0117 oversize tipo, nevar\u017eanti judesi\u0173.<\/p>\n<p>Puikiai tinka rudeniui, \u017eiemai.<\/p>\n<h4>\u25b6 SUD\u0116TIS \u25c0<\/h4>\n<p>OEKO-TEX 100 standartu sertifikuotas kilpinis trikota\u017eas:<\/p>\n<p>80% medviln\u0117, 20% poliesteris. Su p\u016bkeliu vidin\u0117je pus\u0117je.<\/p>\n<h4>\u25b6DYD\u017dIO PASIRINKIMAS \u25c0<\/h4>\n<p>Prie\u0161 pasirinkdami dyd\u012f atkreipkite d\u0117mes\u012f \u012f <a class=\"size-chart-pum\" href=\"#\">dyd\u017ei\u0173 lentel\u0119.<\/a><\/p>\n<p>Kelnes gaminame net iki 6 XL dyd\u017eio, tad tikim\u0117s, kad visi rasite sau tinkam\u0105 dyd\u012f.<\/p>\n<h4>\u25b6 I\u0160ANKSTINIS U\u017dSAKYMAS \u25c0<\/h4>\n<p>Da\u017eniausiai kelnes gaminame specialiai Jums tik po J\u016bs\u0173 u\u017esakymo gavimo. Gamyba u\u017etrunka 2-7 d. d.<\/p>\n<p>PAGAMINTA LIETUVOJE specialiai Jums!<\/p>\n","protected":false},"featured_media":45872,"template":"","meta":{"_mi_skip_tracking":false,"_monsterinsights_sitenote_active":false,"_monsterinsights_sitenote_note":"","_monsterinsights_sitenote_category":0,"spay_email":""},"product-groups":[],"product_cat":[356,1645,1646],"product_tag":[],"acf":[],"yoast_head":"<!-- This site is optimized with the Yoast SEO plugin v17.4 - https:\/\/yoast.com\/wordpress\/plugins\/seo\/ -->\n<title>Moteri\u0161kas \u0161iltas laisvalaikio kostium\u0117lis - dviej\u0173 dali\u0173 - ne.rasa<\/title>\n<meta name=\"description\" content=\"Moteri\u0161kas \u0161iltas laisvalaikio kostium\u0117lis - dviej\u0173 dali\u0173 - keln\u0117s su guma tvirtintu juosmeniu bei reguliuojamu rai\u0161teliu.\" \/>\n<meta name=\"robots\" content=\"index, follow, max-snippet:-1, max-image-preview:large, max-video-preview:-1\" \/>\n<link rel=\"canonical\" href=\"https:\/\/nerasa.eu\/lt\/p\/moteriskas-siltas-laisvalaikio-kostiumelis-dvieju-daliu\/\" \/>\n<meta property=\"og:locale\" content=\"lt_LT\" \/>\n<meta property=\"og:type\" content=\"article\" \/>\n<meta property=\"og:title\" content=\"Moteri\u0161kas \u0161iltas laisvalaikio kostium\u0117lis - dviej\u0173 dali\u0173 - ne.rasa\" \/>\n<meta property=\"og:description\" content=\"Moteri\u0161kas \u0161iltas laisvalaikio kostium\u0117lis - dviej\u0173 dali\u0173 - keln\u0117s su guma tvirtintu juosmeniu bei reguliuojamu rai\u0161teliu.\" \/>\n<meta property=\"og:url\" content=\"https:\/\/nerasa.eu\/lt\/p\/moteriskas-siltas-laisvalaikio-kostiumelis-dvieju-daliu\/\" \/>\n<meta property=\"og:site_name\" content=\"ne.rasa\" \/>\n<meta property=\"article:publisher\" content=\"https:\/\/www.facebook.com\/nerasa.eu\" \/>\n<meta property=\"article:modified_time\" content=\"2026-01-10T19:09:29+00:00\" \/>\n<meta property=\"og:image\" content=\"https:\/\/nerasa.eu\/wp-content\/uploads\/2023\/02\/IMG_20221109_211103-Holly-Concrete-Chic.png\" \/>\n\t<meta property=\"og:image:width\" content=\"1229\" \/>\n\t<meta property=\"og:image:height\" content=\"2048\" \/>\n<meta name=\"twitter:card\" content=\"summary\" \/>\n<meta name=\"twitter:label1\" content=\"Est. reading time\" \/>\n\t<meta name=\"twitter:data1\" content=\"1 minut\u0117\" \/>\n<script type=\"application\/ld+json\" class=\"yoast-schema-graph\">{\"@context\":\"https:\/\/schema.org\",\"@graph\":[{\"@type\":\"Organization\",\"@id\":\"https:\/\/nerasa.eu\/lt\/#organization\",\"name\":\"ne.rasa\",\"url\":\"https:\/\/nerasa.eu\/lt\/\",\"sameAs\":[\"https:\/\/www.facebook.com\/nerasa.eu\"],\"logo\":{\"@type\":\"ImageObject\",\"@id\":\"https:\/\/nerasa.eu\/lt\/#logo\",\"inLanguage\":\"lt-LT\",\"url\":\"https:\/\/nerasa.eu\/wp-content\/uploads\/2017\/09\/logo-borderless-1-e1506375274625.png\",\"contentUrl\":\"https:\/\/nerasa.eu\/wp-content\/uploads\/2017\/09\/logo-borderless-1-e1506375274625.png\",\"width\":105,\"height\":93,\"caption\":\"ne.rasa\"},\"image\":{\"@id\":\"https:\/\/nerasa.eu\/lt\/#logo\"}},{\"@type\":\"WebSite\",\"@id\":\"https:\/\/nerasa.eu\/lt\/#website\",\"url\":\"https:\/\/nerasa.eu\/lt\/\",\"name\":\"ne.rasa\",\"description\":\"\",\"publisher\":{\"@id\":\"https:\/\/nerasa.eu\/lt\/#organization\"},\"potentialAction\":[{\"@type\":\"SearchAction\",\"target\":{\"@type\":\"EntryPoint\",\"urlTemplate\":\"https:\/\/nerasa.eu\/lt\/?s={search_term_string}\"},\"query-input\":\"required name=search_term_string\"}],\"inLanguage\":\"lt-LT\"},{\"@type\":\"ImageObject\",\"@id\":\"https:\/\/nerasa.eu\/lt\/p\/moteriskas-siltas-laisvalaikio-kostiumelis-dvieju-daliu\/#primaryimage\",\"inLanguage\":\"lt-LT\",\"url\":\"https:\/\/nerasa.eu\/wp-content\/uploads\/2023\/02\/IMG_20221109_211103-Holly-Concrete-Chic.jpeg\",\"contentUrl\":\"https:\/\/nerasa.eu\/wp-content\/uploads\/2023\/02\/IMG_20221109_211103-Holly-Concrete-Chic.jpeg\",\"width\":1229,\"height\":2048,\"caption\":\"Two piece warm leisure set for women - trousers and long sleeve top\"},{\"@type\":\"WebPage\",\"@id\":\"https:\/\/nerasa.eu\/lt\/p\/moteriskas-siltas-laisvalaikio-kostiumelis-dvieju-daliu\/#webpage\",\"url\":\"https:\/\/nerasa.eu\/lt\/p\/moteriskas-siltas-laisvalaikio-kostiumelis-dvieju-daliu\/\",\"name\":\"Moteri\\u0161kas \\u0161iltas laisvalaikio kostium\\u0117lis - dviej\\u0173 dali\\u0173 - ne.rasa\",\"isPartOf\":{\"@id\":\"https:\/\/nerasa.eu\/lt\/#website\"},\"primaryImageOfPage\":{\"@id\":\"https:\/\/nerasa.eu\/lt\/p\/moteriskas-siltas-laisvalaikio-kostiumelis-dvieju-daliu\/#primaryimage\"},\"datePublished\":\"2023-02-08T17:38:29+00:00\",\"dateModified\":\"2026-01-10T19:09:29+00:00\",\"description\":\"Moteri\\u0161kas \\u0161iltas laisvalaikio kostium\\u0117lis - dviej\\u0173 dali\\u0173 - keln\\u0117s su guma tvirtintu juosmeniu bei reguliuojamu rai\\u0161teliu.\",\"breadcrumb\":{\"@id\":\"https:\/\/nerasa.eu\/lt\/p\/moteriskas-siltas-laisvalaikio-kostiumelis-dvieju-daliu\/#breadcrumb\"},\"inLanguage\":\"lt-LT\",\"potentialAction\":[{\"@type\":\"ReadAction\",\"target\":[\"https:\/\/nerasa.eu\/lt\/p\/moteriskas-siltas-laisvalaikio-kostiumelis-dvieju-daliu\/\"]}]},{\"@type\":\"BreadcrumbList\",\"@id\":\"https:\/\/nerasa.eu\/lt\/p\/moteriskas-siltas-laisvalaikio-kostiumelis-dvieju-daliu\/#breadcrumb\",\"itemListElement\":[{\"@type\":\"ListItem\",\"position\":1,\"name\":\"Pagrindinis\",\"item\":\"https:\/\/nerasa.eu\/lt\/\"},{\"@type\":\"ListItem\",\"position\":2,\"name\":\"Parduotuv\\u0117\",\"item\":\"https:\/\/nerasa.eu\/lt\/parduotuve\/\"},{\"@type\":\"ListItem\",\"position\":3,\"name\":\"Moteri\\u0161kas \\u0161iltas laisvalaikio kostium\\u0117lis &#8211; dviej\\u0173 dali\\u0173\"}]}]}<\/script>\n<!-- \/ Yoast SEO plugin. -->","yoast_head_json":{"title":"Moteri\u0161kas \u0161iltas laisvalaikio kostium\u0117lis - dviej\u0173 dali\u0173 - ne.rasa","description":"Moteri\u0161kas \u0161iltas laisvalaikio kostium\u0117lis - dviej\u0173 dali\u0173 - keln\u0117s su guma tvirtintu juosmeniu bei reguliuojamu rai\u0161teliu.","robots":{"index":"index","follow":"follow","max-snippet":"max-snippet:-1","max-image-preview":"max-image-preview:large","max-video-preview":"max-video-preview:-1"},"canonical":"https:\/\/nerasa.eu\/lt\/p\/moteriskas-siltas-laisvalaikio-kostiumelis-dvieju-daliu\/","og_locale":"lt_LT","og_type":"article","og_title":"Moteri\u0161kas \u0161iltas laisvalaikio kostium\u0117lis - dviej\u0173 dali\u0173 - ne.rasa","og_description":"Moteri\u0161kas \u0161iltas laisvalaikio kostium\u0117lis - dviej\u0173 dali\u0173 - keln\u0117s su guma tvirtintu juosmeniu bei reguliuojamu rai\u0161teliu.","og_url":"https:\/\/nerasa.eu\/lt\/p\/moteriskas-siltas-laisvalaikio-kostiumelis-dvieju-daliu\/","og_site_name":"ne.rasa","article_publisher":"https:\/\/www.facebook.com\/nerasa.eu","article_modified_time":"2026-01-10T19:09:29+00:00","og_image":[{"width":1229,"height":2048,"url":"https:\/\/nerasa.eu\/wp-content\/uploads\/2023\/02\/IMG_20221109_211103-Holly-Concrete-Chic.png","type":"image\/png"}],"twitter_card":"summary","twitter_misc":{"Est. reading time":"1 minut\u0117"},"schema":{"@context":"https:\/\/schema.org","@graph":[{"@type":"Organization","@id":"https:\/\/nerasa.eu\/lt\/#organization","name":"ne.rasa","url":"https:\/\/nerasa.eu\/lt\/","sameAs":["https:\/\/www.facebook.com\/nerasa.eu"],"logo":{"@type":"ImageObject","@id":"https:\/\/nerasa.eu\/lt\/#logo","inLanguage":"lt-LT","url":"https:\/\/nerasa.eu\/wp-content\/uploads\/2017\/09\/logo-borderless-1-e1506375274625.png","contentUrl":"https:\/\/nerasa.eu\/wp-content\/uploads\/2017\/09\/logo-borderless-1-e1506375274625.png","width":105,"height":93,"caption":"ne.rasa"},"image":{"@id":"https:\/\/nerasa.eu\/lt\/#logo"}},{"@type":"WebSite","@id":"https:\/\/nerasa.eu\/lt\/#website","url":"https:\/\/nerasa.eu\/lt\/","name":"ne.rasa","description":"","publisher":{"@id":"https:\/\/nerasa.eu\/lt\/#organization"},"potentialAction":[{"@type":"SearchAction","target":{"@type":"EntryPoint","urlTemplate":"https:\/\/nerasa.eu\/lt\/?s={search_term_string}"},"query-input":"required name=search_term_string"}],"inLanguage":"lt-LT"},{"@type":"ImageObject","@id":"https:\/\/nerasa.eu\/lt\/p\/moteriskas-siltas-laisvalaikio-kostiumelis-dvieju-daliu\/#primaryimage","inLanguage":"lt-LT","url":"https:\/\/nerasa.eu\/wp-content\/uploads\/2023\/02\/IMG_20221109_211103-Holly-Concrete-Chic.jpeg","contentUrl":"https:\/\/nerasa.eu\/wp-content\/uploads\/2023\/02\/IMG_20221109_211103-Holly-Concrete-Chic.jpeg","width":1229,"height":2048,"caption":"Two piece warm leisure set for women - trousers and long sleeve top"},{"@type":"WebPage","@id":"https:\/\/nerasa.eu\/lt\/p\/moteriskas-siltas-laisvalaikio-kostiumelis-dvieju-daliu\/#webpage","url":"https:\/\/nerasa.eu\/lt\/p\/moteriskas-siltas-laisvalaikio-kostiumelis-dvieju-daliu\/","name":"Moteri\u0161kas \u0161iltas laisvalaikio kostium\u0117lis - dviej\u0173 dali\u0173 - ne.rasa","isPartOf":{"@id":"https:\/\/nerasa.eu\/lt\/#website"},"primaryImageOfPage":{"@id":"https:\/\/nerasa.eu\/lt\/p\/moteriskas-siltas-laisvalaikio-kostiumelis-dvieju-daliu\/#primaryimage"},"datePublished":"2023-02-08T17:38:29+00:00","dateModified":"2026-01-10T19:09:29+00:00","description":"Moteri\u0161kas \u0161iltas laisvalaikio kostium\u0117lis - dviej\u0173 dali\u0173 - keln\u0117s su guma tvirtintu juosmeniu bei reguliuojamu rai\u0161teliu.","breadcrumb":{"@id":"https:\/\/nerasa.eu\/lt\/p\/moteriskas-siltas-laisvalaikio-kostiumelis-dvieju-daliu\/#breadcrumb"},"inLanguage":"lt-LT","potentialAction":[{"@type":"ReadAction","target":["https:\/\/nerasa.eu\/lt\/p\/moteriskas-siltas-laisvalaikio-kostiumelis-dvieju-daliu\/"]}]},{"@type":"BreadcrumbList","@id":"https:\/\/nerasa.eu\/lt\/p\/moteriskas-siltas-laisvalaikio-kostiumelis-dvieju-daliu\/#breadcrumb","itemListElement":[{"@type":"ListItem","position":1,"name":"Pagrindinis","item":"https:\/\/nerasa.eu\/lt\/"},{"@type":"ListItem","position":2,"name":"Parduotuv\u0117","item":"https:\/\/nerasa.eu\/lt\/parduotuve\/"},{"@type":"ListItem","position":3,"name":"Moteri\u0161kas \u0161iltas laisvalaikio kostium\u0117lis &#8211; dviej\u0173 dali\u0173"}]}]}},"_links":{"self":[{"href":"https:\/\/nerasa.eu\/lt\/wp-json\/wp\/v2\/product\/30604"}],"collection":[{"href":"https:\/\/nerasa.eu\/lt\/wp-json\/wp\/v2\/product"}],"about":[{"href":"https:\/\/nerasa.eu\/lt\/wp-json\/wp\/v2\/types\/product"}],"wp:featuredmedia":[{"embeddable":true,"href":"https:\/\/nerasa.eu\/lt\/wp-json\/wp\/v2\/media\/45872"}],"wp:attachment":[{"href":"https:\/\/nerasa.eu\/lt\/wp-json\/wp\/v2\/media?parent=30604"}],"wp:term":[{"taxonomy":"product-groups","embeddable":true,"href":"https:\/\/nerasa.eu\/lt\/wp-json\/wp\/v2\/product-groups?post=30604"},{"taxonomy":"product_cat","embeddable":true,"href":"https:\/\/nerasa.eu\/lt\/wp-json\/wp\/v2\/product_cat?post=30604"},{"taxonomy":"product_tag","embeddable":true,"href":"https:\/\/nerasa.eu\/lt\/wp-json\/wp\/v2\/product_tag?post=30604"}],"curies":[{"name":"wp","href":"https:\/\/api.w.org\/{rel}","templated":true}]}}