{"id":30316,"date":"2023-01-27T19:38:43","date_gmt":"2023-01-27T16:38:44","guid":{"rendered":"https:\/\/nerasa.eu\/?post_type=product&#038;p=30316"},"modified":"2026-04-09T09:57:27","modified_gmt":"2026-04-09T06:57:27","slug":"siltos-juodos-moteriskos-laisvalaikio-kelnes","status":"publish","type":"product","link":"https:\/\/nerasa.eu\/lt\/p\/siltos-juodos-moteriskos-laisvalaikio-kelnes\/","title":{"rendered":"\u0160iltos juodos moteri\u0161kos laisvalaikio keln\u0117s"},"content":{"rendered":"<p>Patogios \u0161ilto trikota\u017eo keln\u0117s su ki\u0161en\u0117mis ir juosmeniu su guma.<\/p>\n<p>Keln\u0117s pasi\u016btos i\u0161 \u0161velnaus auk\u0161tos kokyb\u0117s medviln\u0117s trikota\u017eo su p\u016bkeliu vidin\u0117je pus\u0117je.<\/p>\n<p>Puikiai dera prie m\u016bs\u0173 <a href=\"https:\/\/nerasa.eu\/lt\/c\/moterims\/dzemperiai-moterims\/trumpi-2\/\">d\u017eemperi\u0173 su aplikacijomis.\u00a0<\/a><\/p>\n<h4>\u25b6 APIE KELNES\u25c0<\/h4>\n<p>\u25c8 Trikota\u017ein\u0117s moteri\u0161kos keln\u0117s su pla\u010dia guma juosmens dalyje<\/p>\n<p>\u25c8 Pagamintos i\u0161 auk\u0161tos kokyb\u0117s medviln\u0117s trikota\u017eo su p\u016bkeliu vidin\u0117je pus\u0117je<\/p>\n<p>\u25c8 Su patogiomis \u0161onin\u0117mis ki\u0161en\u0117mis<\/p>\n<p>\u25c8 Su rai\u0161teliais juosmens srityje<\/p>\n<h4>\u25b6 SUD\u0116TIS \u25c0<\/h4>\n<p>OEKO-TEX 100 standartu sertifikuotas trikota\u017eas: 80% medviln\u0117, 20% elastanas.<\/p>\n<p>Su p\u016bkeliu vidin\u0117je pus\u0117je<\/p>\n<h4>\u25b6DYD\u017dIO PASIRINKIMAS \u25c0<\/h4>\n<p>Prie\u0161 pasirinkdami dyd\u012f atkreipkite d\u0117mes\u012f \u012f <a class=\"size-chart-pum\" href=\"#\">dyd\u017ei\u0173 lentel\u0119.<\/a><\/p>\n<p>Kelnes gaminame net iki 6 XL dyd\u017eio, tad tikim\u0117s, kad visi rasite sau tinkam\u0105 dyd\u012f.<\/p>\n<h4>\u25b6 SPALVA\u25c0<\/h4>\n<p>Juoda<\/p>\n<h4>\u25b6 PRIE\u017dI\u016aRA \u25c0<\/h4>\n<p>\u25c8 Skalbkite lengva skalbimo ma\u0161inos programa 30 laipsni\u0173 temperat\u016broje.<\/p>\n<p>\u25c8 Ned\u017eiovinkite d\u017eiovykl\u0117je, nebalinkite.<\/p>\n<h4>\u25b6 I\u0160ANKSTINIS U\u017dSAKYMAS \u25c0<\/h4>\n<p>Da\u017eniausiai d\u017eemperius gaminame po J\u016bs\u0173 u\u017esakymo gavimo. Gamyba prie\u0161 i\u0161siun\u010diant u\u017etrunka 3-7 darbo dienas!<\/p>\n","protected":false},"excerpt":{"rendered":"<p>Patogios \u0161ilto trikota\u017eo keln\u0117s su ki\u0161en\u0117mis ir juosmeniu su guma.<\/p>\n<p>Puikiai dera prie m\u016bs\u0173 <a href=\"https:\/\/nerasa.eu\/lt\/c\/moterims\/dzemperiai-moterims\/trumpi-2\/\">d\u017eemperi\u0173 su aplikacijomis.\u00a0<\/a><\/p>\n<h4>\u25b6 SUD\u0116TIS \u25c0<\/h4>\n<p>OEKO-TEX 100 standartu sertifikuotas trikota\u017eas: 80% medviln\u0117, 20% elastanas.<\/p>\n<p>Su p\u016bkeliu vidin\u0117je pus\u0117je<\/p>\n<h4>\u25b6DYD\u017dIO PASIRINKIMAS \u25c0<\/h4>\n<p>Prie\u0161 pasirinkdami dyd\u012f atkreipkite d\u0117mes\u012f \u012f <a class=\"size-chart-pum\" href=\"#\">dyd\u017ei\u0173 lentel\u0119.<\/a><\/p>\n<p>Kelnes gaminame net iki 6 XL dyd\u017eio, tad tikim\u0117s, kad visi rasite sau tinkam\u0105 dyd\u012f.<\/p>\n<h4>\u25b6 I\u0160ANKSTINIS U\u017dSAKYMAS \u25c0<\/h4>\n<p>Da\u017eniausiai d\u017eemperius gaminame po J\u016bs\u0173 u\u017esakymo gavimo. Gamyba prie\u0161 i\u0161siun\u010diant u\u017etrunka 3-7 darbo dienas!<\/p>\n<p>PAGAMINTA LIETUVOJE specialiai Jums!<\/p>\n","protected":false},"featured_media":30330,"template":"","meta":{"_mi_skip_tracking":false,"_monsterinsights_sitenote_active":false,"_monsterinsights_sitenote_note":"","_monsterinsights_sitenote_category":0,"spay_email":""},"product-groups":[],"product_cat":[356,1645,1646,378],"product_tag":[],"acf":[],"yoast_head":"<!-- This site is optimized with the Yoast SEO plugin v17.4 - https:\/\/yoast.com\/wordpress\/plugins\/seo\/ -->\n<title>\u0160iltos juodos moteri\u0161kos laisvalaikio keln\u0117s - ne.rasa<\/title>\n<meta name=\"description\" content=\"\u0160iltos juodos moteri\u0161kos laisvalaikio keln\u0117s puikiai tinkan\u010dios laisvalaikiui. Pagamintos i\u0161 \u0161ilto trikota\u017eo su p\u016bkeliu vidin\u0117je pus\u0117je.\" \/>\n<meta name=\"robots\" content=\"index, follow, max-snippet:-1, max-image-preview:large, max-video-preview:-1\" \/>\n<link rel=\"canonical\" href=\"https:\/\/nerasa.eu\/lt\/p\/siltos-juodos-moteriskos-laisvalaikio-kelnes\/\" \/>\n<meta property=\"og:locale\" content=\"lt_LT\" \/>\n<meta property=\"og:type\" content=\"article\" \/>\n<meta property=\"og:title\" content=\"\u0160iltos juodos moteri\u0161kos laisvalaikio keln\u0117s - ne.rasa\" \/>\n<meta property=\"og:description\" content=\"\u0160iltos juodos moteri\u0161kos laisvalaikio keln\u0117s puikiai tinkan\u010dios laisvalaikiui. Pagamintos i\u0161 \u0161ilto trikota\u017eo su p\u016bkeliu vidin\u0117je pus\u0117je.\" \/>\n<meta property=\"og:url\" content=\"https:\/\/nerasa.eu\/lt\/p\/siltos-juodos-moteriskos-laisvalaikio-kelnes\/\" \/>\n<meta property=\"og:site_name\" content=\"ne.rasa\" \/>\n<meta property=\"article:publisher\" content=\"https:\/\/www.facebook.com\/nerasa.eu\" \/>\n<meta property=\"article:modified_time\" content=\"2026-04-09T06:57:27+00:00\" \/>\n<meta property=\"og:image\" content=\"https:\/\/nerasa.eu\/wp-content\/uploads\/2023\/01\/26.png\" \/>\n\t<meta property=\"og:image:width\" content=\"667\" \/>\n\t<meta property=\"og:image:height\" content=\"1000\" \/>\n<meta name=\"twitter:card\" content=\"summary\" \/>\n<meta name=\"twitter:label1\" content=\"Est. reading time\" \/>\n\t<meta name=\"twitter:data1\" content=\"1 minut\u0117\" \/>\n<script type=\"application\/ld+json\" class=\"yoast-schema-graph\">{\"@context\":\"https:\/\/schema.org\",\"@graph\":[{\"@type\":\"Organization\",\"@id\":\"https:\/\/nerasa.eu\/lt\/#organization\",\"name\":\"ne.rasa\",\"url\":\"https:\/\/nerasa.eu\/lt\/\",\"sameAs\":[\"https:\/\/www.facebook.com\/nerasa.eu\"],\"logo\":{\"@type\":\"ImageObject\",\"@id\":\"https:\/\/nerasa.eu\/lt\/#logo\",\"inLanguage\":\"lt-LT\",\"url\":\"https:\/\/nerasa.eu\/wp-content\/uploads\/2017\/09\/logo-borderless-1-e1506375274625.png\",\"contentUrl\":\"https:\/\/nerasa.eu\/wp-content\/uploads\/2017\/09\/logo-borderless-1-e1506375274625.png\",\"width\":105,\"height\":93,\"caption\":\"ne.rasa\"},\"image\":{\"@id\":\"https:\/\/nerasa.eu\/lt\/#logo\"}},{\"@type\":\"WebSite\",\"@id\":\"https:\/\/nerasa.eu\/lt\/#website\",\"url\":\"https:\/\/nerasa.eu\/lt\/\",\"name\":\"ne.rasa\",\"description\":\"\",\"publisher\":{\"@id\":\"https:\/\/nerasa.eu\/lt\/#organization\"},\"potentialAction\":[{\"@type\":\"SearchAction\",\"target\":{\"@type\":\"EntryPoint\",\"urlTemplate\":\"https:\/\/nerasa.eu\/lt\/?s={search_term_string}\"},\"query-input\":\"required name=search_term_string\"}],\"inLanguage\":\"lt-LT\"},{\"@type\":\"ImageObject\",\"@id\":\"https:\/\/nerasa.eu\/lt\/p\/siltos-juodos-moteriskos-laisvalaikio-kelnes\/#primaryimage\",\"inLanguage\":\"lt-LT\",\"url\":\"https:\/\/nerasa.eu\/wp-content\/uploads\/2023\/01\/26.png\",\"contentUrl\":\"https:\/\/nerasa.eu\/wp-content\/uploads\/2023\/01\/26.png\",\"width\":667,\"height\":1000,\"caption\":\"Warm women leisure trousers\"},{\"@type\":\"WebPage\",\"@id\":\"https:\/\/nerasa.eu\/lt\/p\/siltos-juodos-moteriskos-laisvalaikio-kelnes\/#webpage\",\"url\":\"https:\/\/nerasa.eu\/lt\/p\/siltos-juodos-moteriskos-laisvalaikio-kelnes\/\",\"name\":\"\\u0160iltos juodos moteri\\u0161kos laisvalaikio keln\\u0117s - ne.rasa\",\"isPartOf\":{\"@id\":\"https:\/\/nerasa.eu\/lt\/#website\"},\"primaryImageOfPage\":{\"@id\":\"https:\/\/nerasa.eu\/lt\/p\/siltos-juodos-moteriskos-laisvalaikio-kelnes\/#primaryimage\"},\"datePublished\":\"2023-01-27T16:38:44+00:00\",\"dateModified\":\"2026-04-09T06:57:27+00:00\",\"description\":\"\\u0160iltos juodos moteri\\u0161kos laisvalaikio keln\\u0117s puikiai tinkan\\u010dios laisvalaikiui. Pagamintos i\\u0161 \\u0161ilto trikota\\u017eo su p\\u016bkeliu vidin\\u0117je pus\\u0117je.\",\"breadcrumb\":{\"@id\":\"https:\/\/nerasa.eu\/lt\/p\/siltos-juodos-moteriskos-laisvalaikio-kelnes\/#breadcrumb\"},\"inLanguage\":\"lt-LT\",\"potentialAction\":[{\"@type\":\"ReadAction\",\"target\":[\"https:\/\/nerasa.eu\/lt\/p\/siltos-juodos-moteriskos-laisvalaikio-kelnes\/\"]}]},{\"@type\":\"BreadcrumbList\",\"@id\":\"https:\/\/nerasa.eu\/lt\/p\/siltos-juodos-moteriskos-laisvalaikio-kelnes\/#breadcrumb\",\"itemListElement\":[{\"@type\":\"ListItem\",\"position\":1,\"name\":\"Pagrindinis\",\"item\":\"https:\/\/nerasa.eu\/lt\/\"},{\"@type\":\"ListItem\",\"position\":2,\"name\":\"Parduotuv\\u0117\",\"item\":\"https:\/\/nerasa.eu\/lt\/parduotuve\/\"},{\"@type\":\"ListItem\",\"position\":3,\"name\":\"\\u0160iltos juodos moteri\\u0161kos laisvalaikio keln\\u0117s\"}]}]}<\/script>\n<!-- \/ Yoast SEO plugin. -->","yoast_head_json":{"title":"\u0160iltos juodos moteri\u0161kos laisvalaikio keln\u0117s - ne.rasa","description":"\u0160iltos juodos moteri\u0161kos laisvalaikio keln\u0117s puikiai tinkan\u010dios laisvalaikiui. Pagamintos i\u0161 \u0161ilto trikota\u017eo su p\u016bkeliu vidin\u0117je pus\u0117je.","robots":{"index":"index","follow":"follow","max-snippet":"max-snippet:-1","max-image-preview":"max-image-preview:large","max-video-preview":"max-video-preview:-1"},"canonical":"https:\/\/nerasa.eu\/lt\/p\/siltos-juodos-moteriskos-laisvalaikio-kelnes\/","og_locale":"lt_LT","og_type":"article","og_title":"\u0160iltos juodos moteri\u0161kos laisvalaikio keln\u0117s - ne.rasa","og_description":"\u0160iltos juodos moteri\u0161kos laisvalaikio keln\u0117s puikiai tinkan\u010dios laisvalaikiui. Pagamintos i\u0161 \u0161ilto trikota\u017eo su p\u016bkeliu vidin\u0117je pus\u0117je.","og_url":"https:\/\/nerasa.eu\/lt\/p\/siltos-juodos-moteriskos-laisvalaikio-kelnes\/","og_site_name":"ne.rasa","article_publisher":"https:\/\/www.facebook.com\/nerasa.eu","article_modified_time":"2026-04-09T06:57:27+00:00","og_image":[{"width":667,"height":1000,"url":"https:\/\/nerasa.eu\/wp-content\/uploads\/2023\/01\/26.png","type":"image\/png"}],"twitter_card":"summary","twitter_misc":{"Est. reading time":"1 minut\u0117"},"schema":{"@context":"https:\/\/schema.org","@graph":[{"@type":"Organization","@id":"https:\/\/nerasa.eu\/lt\/#organization","name":"ne.rasa","url":"https:\/\/nerasa.eu\/lt\/","sameAs":["https:\/\/www.facebook.com\/nerasa.eu"],"logo":{"@type":"ImageObject","@id":"https:\/\/nerasa.eu\/lt\/#logo","inLanguage":"lt-LT","url":"https:\/\/nerasa.eu\/wp-content\/uploads\/2017\/09\/logo-borderless-1-e1506375274625.png","contentUrl":"https:\/\/nerasa.eu\/wp-content\/uploads\/2017\/09\/logo-borderless-1-e1506375274625.png","width":105,"height":93,"caption":"ne.rasa"},"image":{"@id":"https:\/\/nerasa.eu\/lt\/#logo"}},{"@type":"WebSite","@id":"https:\/\/nerasa.eu\/lt\/#website","url":"https:\/\/nerasa.eu\/lt\/","name":"ne.rasa","description":"","publisher":{"@id":"https:\/\/nerasa.eu\/lt\/#organization"},"potentialAction":[{"@type":"SearchAction","target":{"@type":"EntryPoint","urlTemplate":"https:\/\/nerasa.eu\/lt\/?s={search_term_string}"},"query-input":"required name=search_term_string"}],"inLanguage":"lt-LT"},{"@type":"ImageObject","@id":"https:\/\/nerasa.eu\/lt\/p\/siltos-juodos-moteriskos-laisvalaikio-kelnes\/#primaryimage","inLanguage":"lt-LT","url":"https:\/\/nerasa.eu\/wp-content\/uploads\/2023\/01\/26.png","contentUrl":"https:\/\/nerasa.eu\/wp-content\/uploads\/2023\/01\/26.png","width":667,"height":1000,"caption":"Warm women leisure trousers"},{"@type":"WebPage","@id":"https:\/\/nerasa.eu\/lt\/p\/siltos-juodos-moteriskos-laisvalaikio-kelnes\/#webpage","url":"https:\/\/nerasa.eu\/lt\/p\/siltos-juodos-moteriskos-laisvalaikio-kelnes\/","name":"\u0160iltos juodos moteri\u0161kos laisvalaikio keln\u0117s - ne.rasa","isPartOf":{"@id":"https:\/\/nerasa.eu\/lt\/#website"},"primaryImageOfPage":{"@id":"https:\/\/nerasa.eu\/lt\/p\/siltos-juodos-moteriskos-laisvalaikio-kelnes\/#primaryimage"},"datePublished":"2023-01-27T16:38:44+00:00","dateModified":"2026-04-09T06:57:27+00:00","description":"\u0160iltos juodos moteri\u0161kos laisvalaikio keln\u0117s puikiai tinkan\u010dios laisvalaikiui. Pagamintos i\u0161 \u0161ilto trikota\u017eo su p\u016bkeliu vidin\u0117je pus\u0117je.","breadcrumb":{"@id":"https:\/\/nerasa.eu\/lt\/p\/siltos-juodos-moteriskos-laisvalaikio-kelnes\/#breadcrumb"},"inLanguage":"lt-LT","potentialAction":[{"@type":"ReadAction","target":["https:\/\/nerasa.eu\/lt\/p\/siltos-juodos-moteriskos-laisvalaikio-kelnes\/"]}]},{"@type":"BreadcrumbList","@id":"https:\/\/nerasa.eu\/lt\/p\/siltos-juodos-moteriskos-laisvalaikio-kelnes\/#breadcrumb","itemListElement":[{"@type":"ListItem","position":1,"name":"Pagrindinis","item":"https:\/\/nerasa.eu\/lt\/"},{"@type":"ListItem","position":2,"name":"Parduotuv\u0117","item":"https:\/\/nerasa.eu\/lt\/parduotuve\/"},{"@type":"ListItem","position":3,"name":"\u0160iltos juodos moteri\u0161kos laisvalaikio keln\u0117s"}]}]}},"_links":{"self":[{"href":"https:\/\/nerasa.eu\/lt\/wp-json\/wp\/v2\/product\/30316"}],"collection":[{"href":"https:\/\/nerasa.eu\/lt\/wp-json\/wp\/v2\/product"}],"about":[{"href":"https:\/\/nerasa.eu\/lt\/wp-json\/wp\/v2\/types\/product"}],"wp:featuredmedia":[{"embeddable":true,"href":"https:\/\/nerasa.eu\/lt\/wp-json\/wp\/v2\/media\/30330"}],"wp:attachment":[{"href":"https:\/\/nerasa.eu\/lt\/wp-json\/wp\/v2\/media?parent=30316"}],"wp:term":[{"taxonomy":"product-groups","embeddable":true,"href":"https:\/\/nerasa.eu\/lt\/wp-json\/wp\/v2\/product-groups?post=30316"},{"taxonomy":"product_cat","embeddable":true,"href":"https:\/\/nerasa.eu\/lt\/wp-json\/wp\/v2\/product_cat?post=30316"},{"taxonomy":"product_tag","embeddable":true,"href":"https:\/\/nerasa.eu\/lt\/wp-json\/wp\/v2\/product_tag?post=30316"}],"curies":[{"name":"wp","href":"https:\/\/api.w.org\/{rel}","templated":true}]}}