{"id":26948,"date":"2022-08-04T13:44:03","date_gmt":"2022-08-04T10:44:10","guid":{"rendered":"https:\/\/nerasa.eu\/?post_type=product&#038;p=26948"},"modified":"2024-06-04T20:29:55","modified_gmt":"2024-06-04T17:29:55","slug":"komplektas-mergaitems-tampres-ir-palaidine","status":"publish","type":"product","link":"https:\/\/nerasa.eu\/lt\/p\/komplektas-mergaitems-tampres-ir-palaidine\/","title":{"rendered":"Komplektas mergait\u0117ms &#8211; tampr\u0117s ir palaidin\u0117"},"content":{"rendered":"<p>Komplektas mergait\u0117ms &#8211; tampr\u0117s ir palaidin\u0117.<\/p>\n<h5>\u25b6 SUD\u0116TIS \u25c0<\/h5>\n<p>OEKO-TEX 100 standartu sertifikuotas trikota\u017eas: 72% medviln\u0117, 20% poliesteris, 8% elastanas<\/p>\n<h5>\u25b6 DYD\u017dIO PASIRINKIMAS \u25c0<\/h5>\n<p>Pasirinkite dyd\u012f pagal vaiko \u016bg\u012f.\u00a0 Galimi dyd\u017eiai nuo 86 iki 150cm \u016bgio.<\/p>\n<h5><strong>\u25b6 SPALVA \u25c0<\/strong><\/h5>\n<p>Tampres galite rinktis i\u0161 2 si\u016blom\u0173 spalv\u0173:<\/p>\n<ul>\n<li>Juodas<\/li>\n<li>M\u0117lynas<\/li>\n<\/ul>\n<h5>\u25b6 PRIE\u017dI\u016aRA \u25c0<\/h5>\n<p>\u25c8 Skalbkite lengva skalbimo ma\u0161inos programa 30 laipsni\u0173 temperat\u016broje.<\/p>\n<h5><strong>\u25b6 I\u0160ANKSTINIS U\u017dSAKYMAS \u25c0<\/strong><\/h5>\n<p>Da\u017eniausiai gaminius gaminame specialiai Jums tik po J\u016bs\u0173 u\u017esakymo gavimo. Gamyba u\u017etrunka 3-5 d.d.<\/p>\n<p>PAGAMINTA LIETUVOJE, kad J\u016bs\u0173 vaikas jaust\u0173si nuostabiai!<\/p>\n","protected":false},"excerpt":{"rendered":"<p>Patogus, stilingas ir minimalistinis komplektukas mergait\u0117ms.<\/p>\n<p>Tampr\u0117s ir palaidin\u0117 trumpomis rankov\u0117mis.<\/p>\n<p>Norint komplektuk\u0105 priderinti v\u0117sesniems orams, po palaidine galima apsivilkti kit\u0105 palaidin\u0119 ilgomis rankov\u0117mis.<\/p>\n<h5>\u25b6 SUD\u0116TIS \u25c0<\/h5>\n<p>OEKO-TEX 100 standartu sertifikuotas trikota\u017eas: 72% medviln\u0117, 20% poliesteris, 8% elastanas<\/p>\n<h5>\u25b6 DYD\u017dIO PASIRINKIMAS \u25c0<\/h5>\n<p>Pasirinkite dyd\u012f pagal vaiko \u016bg\u012f.\u00a0 Galimi dyd\u017eiai nuo 86 iki 150cm \u016bgio.<\/p>\n<h5><strong>\u25b6 SPALVA \u25c0<\/strong><\/h5>\n<ul>\n<li>Juoda<\/li>\n<li>M\u0117lyna<\/li>\n<\/ul>\n<h5><strong>\u25b6 I\u0160ANKSTINIS U\u017dSAKYMAS \u25c0<\/strong><\/h5>\n<p>Da\u017eniausiai gaminius gaminame specialiai Jums tik po J\u016bs\u0173 u\u017esakymo gavimo. Gamyba u\u017etrunka 3-5 d.d.<\/p>\n<p>PAGAMINTA LIETUVOJE, kad J\u016bs\u0173 vaikas jaust\u0173si nuostabiai!<\/p>\n","protected":false},"featured_media":27016,"template":"","meta":{"_mi_skip_tracking":false,"_monsterinsights_sitenote_active":false,"_monsterinsights_sitenote_note":"","_monsterinsights_sitenote_category":0,"spay_email":""},"product-groups":[],"product_cat":[1719,1191,378],"product_tag":[],"acf":[],"yoast_head":"<!-- This site is optimized with the Yoast SEO plugin v17.4 - https:\/\/yoast.com\/wordpress\/plugins\/seo\/ -->\n<title>Komplektas mergait\u0117ms - tampr\u0117s ir palaidin\u0117 - ne.rasa<\/title>\n<meta name=\"description\" content=\"Komplektas mergait\u0117ms - tampr\u0117s ir palaidin\u0117\" \/>\n<meta name=\"robots\" content=\"index, follow, max-snippet:-1, max-image-preview:large, max-video-preview:-1\" \/>\n<link rel=\"canonical\" href=\"https:\/\/nerasa.eu\/lt\/p\/komplektas-mergaitems-tampres-ir-palaidine\/\" \/>\n<meta property=\"og:locale\" content=\"lt_LT\" \/>\n<meta property=\"og:type\" content=\"article\" \/>\n<meta property=\"og:title\" content=\"Komplektas mergait\u0117ms - tampr\u0117s ir palaidin\u0117 - ne.rasa\" \/>\n<meta property=\"og:description\" content=\"Komplektas mergait\u0117ms - tampr\u0117s ir palaidin\u0117\" \/>\n<meta property=\"og:url\" content=\"https:\/\/nerasa.eu\/lt\/p\/komplektas-mergaitems-tampres-ir-palaidine\/\" \/>\n<meta property=\"og:site_name\" content=\"ne.rasa\" \/>\n<meta property=\"article:publisher\" content=\"https:\/\/www.facebook.com\/nerasa.eu\" \/>\n<meta property=\"article:modified_time\" content=\"2024-06-04T17:29:55+00:00\" \/>\n<meta property=\"og:image\" content=\"https:\/\/nerasa.eu\/wp-content\/uploads\/2022\/08\/D35A5203.jpg\" \/>\n\t<meta property=\"og:image:width\" content=\"1000\" \/>\n\t<meta property=\"og:image:height\" content=\"1500\" \/>\n<meta name=\"twitter:card\" content=\"summary\" \/>\n<script type=\"application\/ld+json\" class=\"yoast-schema-graph\">{\"@context\":\"https:\/\/schema.org\",\"@graph\":[{\"@type\":\"Organization\",\"@id\":\"https:\/\/nerasa.eu\/lt\/#organization\",\"name\":\"ne.rasa\",\"url\":\"https:\/\/nerasa.eu\/lt\/\",\"sameAs\":[\"https:\/\/www.facebook.com\/nerasa.eu\"],\"logo\":{\"@type\":\"ImageObject\",\"@id\":\"https:\/\/nerasa.eu\/lt\/#logo\",\"inLanguage\":\"lt-LT\",\"url\":\"https:\/\/nerasa.eu\/wp-content\/uploads\/2017\/09\/logo-borderless-1-e1506375274625.png\",\"contentUrl\":\"https:\/\/nerasa.eu\/wp-content\/uploads\/2017\/09\/logo-borderless-1-e1506375274625.png\",\"width\":105,\"height\":93,\"caption\":\"ne.rasa\"},\"image\":{\"@id\":\"https:\/\/nerasa.eu\/lt\/#logo\"}},{\"@type\":\"WebSite\",\"@id\":\"https:\/\/nerasa.eu\/lt\/#website\",\"url\":\"https:\/\/nerasa.eu\/lt\/\",\"name\":\"ne.rasa\",\"description\":\"\",\"publisher\":{\"@id\":\"https:\/\/nerasa.eu\/lt\/#organization\"},\"potentialAction\":[{\"@type\":\"SearchAction\",\"target\":{\"@type\":\"EntryPoint\",\"urlTemplate\":\"https:\/\/nerasa.eu\/lt\/?s={search_term_string}\"},\"query-input\":\"required name=search_term_string\"}],\"inLanguage\":\"lt-LT\"},{\"@type\":\"ImageObject\",\"@id\":\"https:\/\/nerasa.eu\/lt\/p\/komplektas-mergaitems-tampres-ir-palaidine\/#primaryimage\",\"inLanguage\":\"lt-LT\",\"url\":\"https:\/\/nerasa.eu\/wp-content\/uploads\/2022\/08\/D35A5203.jpg\",\"contentUrl\":\"https:\/\/nerasa.eu\/wp-content\/uploads\/2022\/08\/D35A5203.jpg\",\"width\":1000,\"height\":1500,\"caption\":\"Komplektas mergait\\u0117ms - tampr\\u0117s ir palaidin\\u0117\"},{\"@type\":\"WebPage\",\"@id\":\"https:\/\/nerasa.eu\/lt\/p\/komplektas-mergaitems-tampres-ir-palaidine\/#webpage\",\"url\":\"https:\/\/nerasa.eu\/lt\/p\/komplektas-mergaitems-tampres-ir-palaidine\/\",\"name\":\"Komplektas mergait\\u0117ms - tampr\\u0117s ir palaidin\\u0117 - ne.rasa\",\"isPartOf\":{\"@id\":\"https:\/\/nerasa.eu\/lt\/#website\"},\"primaryImageOfPage\":{\"@id\":\"https:\/\/nerasa.eu\/lt\/p\/komplektas-mergaitems-tampres-ir-palaidine\/#primaryimage\"},\"datePublished\":\"2022-08-04T10:44:10+00:00\",\"dateModified\":\"2024-06-04T17:29:55+00:00\",\"description\":\"Komplektas mergait\\u0117ms - tampr\\u0117s ir palaidin\\u0117\",\"breadcrumb\":{\"@id\":\"https:\/\/nerasa.eu\/lt\/p\/komplektas-mergaitems-tampres-ir-palaidine\/#breadcrumb\"},\"inLanguage\":\"lt-LT\",\"potentialAction\":[{\"@type\":\"ReadAction\",\"target\":[\"https:\/\/nerasa.eu\/lt\/p\/komplektas-mergaitems-tampres-ir-palaidine\/\"]}]},{\"@type\":\"BreadcrumbList\",\"@id\":\"https:\/\/nerasa.eu\/lt\/p\/komplektas-mergaitems-tampres-ir-palaidine\/#breadcrumb\",\"itemListElement\":[{\"@type\":\"ListItem\",\"position\":1,\"name\":\"Pagrindinis\",\"item\":\"https:\/\/nerasa.eu\/lt\/\"},{\"@type\":\"ListItem\",\"position\":2,\"name\":\"Parduotuv\\u0117\",\"item\":\"https:\/\/nerasa.eu\/lt\/parduotuve\/\"},{\"@type\":\"ListItem\",\"position\":3,\"name\":\"Komplektas mergait\\u0117ms &#8211; tampr\\u0117s ir palaidin\\u0117\"}]}]}<\/script>\n<!-- \/ Yoast SEO plugin. -->","yoast_head_json":{"title":"Komplektas mergait\u0117ms - tampr\u0117s ir palaidin\u0117 - ne.rasa","description":"Komplektas mergait\u0117ms - tampr\u0117s ir palaidin\u0117","robots":{"index":"index","follow":"follow","max-snippet":"max-snippet:-1","max-image-preview":"max-image-preview:large","max-video-preview":"max-video-preview:-1"},"canonical":"https:\/\/nerasa.eu\/lt\/p\/komplektas-mergaitems-tampres-ir-palaidine\/","og_locale":"lt_LT","og_type":"article","og_title":"Komplektas mergait\u0117ms - tampr\u0117s ir palaidin\u0117 - ne.rasa","og_description":"Komplektas mergait\u0117ms - tampr\u0117s ir palaidin\u0117","og_url":"https:\/\/nerasa.eu\/lt\/p\/komplektas-mergaitems-tampres-ir-palaidine\/","og_site_name":"ne.rasa","article_publisher":"https:\/\/www.facebook.com\/nerasa.eu","article_modified_time":"2024-06-04T17:29:55+00:00","og_image":[{"width":1000,"height":1500,"url":"https:\/\/nerasa.eu\/wp-content\/uploads\/2022\/08\/D35A5203.jpg","type":"image\/jpeg"}],"twitter_card":"summary","schema":{"@context":"https:\/\/schema.org","@graph":[{"@type":"Organization","@id":"https:\/\/nerasa.eu\/lt\/#organization","name":"ne.rasa","url":"https:\/\/nerasa.eu\/lt\/","sameAs":["https:\/\/www.facebook.com\/nerasa.eu"],"logo":{"@type":"ImageObject","@id":"https:\/\/nerasa.eu\/lt\/#logo","inLanguage":"lt-LT","url":"https:\/\/nerasa.eu\/wp-content\/uploads\/2017\/09\/logo-borderless-1-e1506375274625.png","contentUrl":"https:\/\/nerasa.eu\/wp-content\/uploads\/2017\/09\/logo-borderless-1-e1506375274625.png","width":105,"height":93,"caption":"ne.rasa"},"image":{"@id":"https:\/\/nerasa.eu\/lt\/#logo"}},{"@type":"WebSite","@id":"https:\/\/nerasa.eu\/lt\/#website","url":"https:\/\/nerasa.eu\/lt\/","name":"ne.rasa","description":"","publisher":{"@id":"https:\/\/nerasa.eu\/lt\/#organization"},"potentialAction":[{"@type":"SearchAction","target":{"@type":"EntryPoint","urlTemplate":"https:\/\/nerasa.eu\/lt\/?s={search_term_string}"},"query-input":"required name=search_term_string"}],"inLanguage":"lt-LT"},{"@type":"ImageObject","@id":"https:\/\/nerasa.eu\/lt\/p\/komplektas-mergaitems-tampres-ir-palaidine\/#primaryimage","inLanguage":"lt-LT","url":"https:\/\/nerasa.eu\/wp-content\/uploads\/2022\/08\/D35A5203.jpg","contentUrl":"https:\/\/nerasa.eu\/wp-content\/uploads\/2022\/08\/D35A5203.jpg","width":1000,"height":1500,"caption":"Komplektas mergait\u0117ms - tampr\u0117s ir palaidin\u0117"},{"@type":"WebPage","@id":"https:\/\/nerasa.eu\/lt\/p\/komplektas-mergaitems-tampres-ir-palaidine\/#webpage","url":"https:\/\/nerasa.eu\/lt\/p\/komplektas-mergaitems-tampres-ir-palaidine\/","name":"Komplektas mergait\u0117ms - tampr\u0117s ir palaidin\u0117 - ne.rasa","isPartOf":{"@id":"https:\/\/nerasa.eu\/lt\/#website"},"primaryImageOfPage":{"@id":"https:\/\/nerasa.eu\/lt\/p\/komplektas-mergaitems-tampres-ir-palaidine\/#primaryimage"},"datePublished":"2022-08-04T10:44:10+00:00","dateModified":"2024-06-04T17:29:55+00:00","description":"Komplektas mergait\u0117ms - tampr\u0117s ir palaidin\u0117","breadcrumb":{"@id":"https:\/\/nerasa.eu\/lt\/p\/komplektas-mergaitems-tampres-ir-palaidine\/#breadcrumb"},"inLanguage":"lt-LT","potentialAction":[{"@type":"ReadAction","target":["https:\/\/nerasa.eu\/lt\/p\/komplektas-mergaitems-tampres-ir-palaidine\/"]}]},{"@type":"BreadcrumbList","@id":"https:\/\/nerasa.eu\/lt\/p\/komplektas-mergaitems-tampres-ir-palaidine\/#breadcrumb","itemListElement":[{"@type":"ListItem","position":1,"name":"Pagrindinis","item":"https:\/\/nerasa.eu\/lt\/"},{"@type":"ListItem","position":2,"name":"Parduotuv\u0117","item":"https:\/\/nerasa.eu\/lt\/parduotuve\/"},{"@type":"ListItem","position":3,"name":"Komplektas mergait\u0117ms &#8211; tampr\u0117s ir palaidin\u0117"}]}]}},"_links":{"self":[{"href":"https:\/\/nerasa.eu\/lt\/wp-json\/wp\/v2\/product\/26948"}],"collection":[{"href":"https:\/\/nerasa.eu\/lt\/wp-json\/wp\/v2\/product"}],"about":[{"href":"https:\/\/nerasa.eu\/lt\/wp-json\/wp\/v2\/types\/product"}],"wp:featuredmedia":[{"embeddable":true,"href":"https:\/\/nerasa.eu\/lt\/wp-json\/wp\/v2\/media\/27016"}],"wp:attachment":[{"href":"https:\/\/nerasa.eu\/lt\/wp-json\/wp\/v2\/media?parent=26948"}],"wp:term":[{"taxonomy":"product-groups","embeddable":true,"href":"https:\/\/nerasa.eu\/lt\/wp-json\/wp\/v2\/product-groups?post=26948"},{"taxonomy":"product_cat","embeddable":true,"href":"https:\/\/nerasa.eu\/lt\/wp-json\/wp\/v2\/product_cat?post=26948"},{"taxonomy":"product_tag","embeddable":true,"href":"https:\/\/nerasa.eu\/lt\/wp-json\/wp\/v2\/product_tag?post=26948"}],"curies":[{"name":"wp","href":"https:\/\/api.w.org\/{rel}","templated":true}]}}