{"id":26848,"date":"2022-08-04T10:06:18","date_gmt":"2022-08-04T07:06:22","guid":{"rendered":"https:\/\/nerasa.eu\/?post_type=product&#038;p=26848"},"modified":"2024-06-04T20:29:58","modified_gmt":"2024-06-04T17:29:58","slug":"kelniu-ir-palaidines-ilgomis-rankovemis-komplektas","status":"publish","type":"product","link":"https:\/\/nerasa.eu\/lt\/p\/kelniu-ir-palaidines-ilgomis-rankovemis-komplektas\/","title":{"rendered":"Kelni\u0173 ir palaidin\u0117s ilgomis rankov\u0117mis komplektas"},"content":{"rendered":"<p>Kelni\u0173 ir palaidin\u0117s ilgomis rankov\u0117mis komplektas.<\/p>\n<p>Patogios d\u017einso imitacijos trikota\u017eo keln\u0117s su ki\u0161en\u0117mis priekyje ir viena ki\u0161ene nugaroje. Keln\u0117s laisvesnio modelio su juosmeniu su guma.\u00a0 Puikus pasirinkimas aktyviems ir stilingiems vaikams.<\/p>\n<h5>\u25b6 SUD\u0116TIS \u25c0<\/h5>\n<p>OEKO-TEX 100 standartu sertifikuotas trikota\u017eas: 72% medviln\u0117, 20% poliesteris, 8% elastanas<\/p>\n<h5>\u25b6 DYD\u017dIO PASIRINKIMAS \u25c0<\/h5>\n<p>Pasirinkite dyd\u012f pagal vaiko \u016bg\u012f.\u00a0 Galimi dyd\u017eiai nuo 86 iki 150cm \u016bgio.<\/p>\n<h5><strong>\u25b6 SPALVA \u25c0<\/strong><\/h5>\n<p>Kelnes galite rinktis i\u0161 2 si\u016blom\u0173 spalv\u0173:<\/p>\n<ul>\n<li>Juoda<\/li>\n<li>M\u0117lyna<\/li>\n<\/ul>\n<h5>\u25b6 PRIE\u017dI\u016aRA \u25c0<\/h5>\n<p>\u25c8 Skalbkite lengva skalbimo ma\u0161inos programa 30 laipsni\u0173 temperat\u016broje.<\/p>\n<h5><strong>\u25b6 I\u0160ANKSTINIS U\u017dSAKYMAS \u25c0<\/strong><\/h5>\n<p>Da\u017eniausiai gaminius gaminame specialiai Jums tik po J\u016bs\u0173 u\u017esakymo gavimo. Gamyba u\u017etrunka 3-5 d.d. PAGAMINTA LIETUVOJE, kad J\u016bs\u0173 vaikas jaust\u0173si nuostabiai!<\/p>\n","protected":false},"excerpt":{"rendered":"<p>Pstogus, stilingas, universalus komplektas tiksiantis tiek berniukui, tiek mergaitei.<\/p>\n<p>Audinys vidutinio storumo d\u017einso imitacijos trikota\u017eas. Puikiai tinka pavasariui, rudeniui ar v\u0117siai vasarai.<\/p>\n<h5>\u25b6 SUD\u0116TIS \u25c0<\/h5>\n<p>OEKO-TEX 100 standartu sertifikuotas trikota\u017eas: 72% medviln\u0117, 20% poliesteris, 8% elastanas<\/p>\n<h5><strong>\u25b6 I\u0160ANKSTINIS U\u017dSAKYMAS \u25c0<\/strong><\/h5>\n<p>Da\u017eniausiai gaminius gaminame specialiai Jums tik po J\u016bs\u0173 u\u017esakymo gavimo. Gamyba u\u017etrunka 3-5 d.d. PAGAMINTA su meile LIETUVOJE, kad J\u016bs\u0173 vaikas jaust\u0173si nuostabiai!<\/p>\n","protected":false},"featured_media":26874,"template":"","meta":{"_mi_skip_tracking":false,"_monsterinsights_sitenote_active":false,"_monsterinsights_sitenote_note":"","_monsterinsights_sitenote_category":0,"spay_email":""},"product-groups":[],"product_cat":[1719,378,1191],"product_tag":[],"acf":[],"yoast_head":"<!-- This site is optimized with the Yoast SEO plugin v17.4 - https:\/\/yoast.com\/wordpress\/plugins\/seo\/ -->\n<title>Kelni\u0173 ir palaidin\u0117s ilgomis rankov\u0117mis komplektas<\/title>\n<meta name=\"description\" content=\"Kelni\u0173 ir palaidin\u0117s ilgomis rankov\u0117mis komplektas\" \/>\n<meta name=\"robots\" content=\"index, follow, max-snippet:-1, max-image-preview:large, max-video-preview:-1\" \/>\n<link rel=\"canonical\" href=\"https:\/\/nerasa.eu\/lt\/p\/kelniu-ir-palaidines-ilgomis-rankovemis-komplektas\/\" \/>\n<meta property=\"og:locale\" content=\"lt_LT\" \/>\n<meta property=\"og:type\" content=\"article\" \/>\n<meta property=\"og:title\" content=\"Kelni\u0173 ir palaidin\u0117s ilgomis rankov\u0117mis komplektas\" \/>\n<meta property=\"og:description\" content=\"Kelni\u0173 ir palaidin\u0117s ilgomis rankov\u0117mis komplektas\" \/>\n<meta property=\"og:url\" content=\"https:\/\/nerasa.eu\/lt\/p\/kelniu-ir-palaidines-ilgomis-rankovemis-komplektas\/\" \/>\n<meta property=\"og:site_name\" content=\"ne.rasa\" \/>\n<meta property=\"article:publisher\" content=\"https:\/\/www.facebook.com\/nerasa.eu\" \/>\n<meta property=\"article:modified_time\" content=\"2024-06-04T17:29:58+00:00\" \/>\n<meta property=\"og:image\" content=\"https:\/\/nerasa.eu\/wp-content\/uploads\/2022\/08\/IMG_0979.jpg\" \/>\n\t<meta property=\"og:image:width\" content=\"1000\" \/>\n\t<meta property=\"og:image:height\" content=\"1500\" \/>\n<meta name=\"twitter:card\" content=\"summary\" \/>\n<meta name=\"twitter:label1\" content=\"Est. reading time\" \/>\n\t<meta name=\"twitter:data1\" content=\"1 minut\u0117\" \/>\n<script type=\"application\/ld+json\" class=\"yoast-schema-graph\">{\"@context\":\"https:\/\/schema.org\",\"@graph\":[{\"@type\":\"Organization\",\"@id\":\"https:\/\/nerasa.eu\/lt\/#organization\",\"name\":\"ne.rasa\",\"url\":\"https:\/\/nerasa.eu\/lt\/\",\"sameAs\":[\"https:\/\/www.facebook.com\/nerasa.eu\"],\"logo\":{\"@type\":\"ImageObject\",\"@id\":\"https:\/\/nerasa.eu\/lt\/#logo\",\"inLanguage\":\"lt-LT\",\"url\":\"https:\/\/nerasa.eu\/wp-content\/uploads\/2017\/09\/logo-borderless-1-e1506375274625.png\",\"contentUrl\":\"https:\/\/nerasa.eu\/wp-content\/uploads\/2017\/09\/logo-borderless-1-e1506375274625.png\",\"width\":105,\"height\":93,\"caption\":\"ne.rasa\"},\"image\":{\"@id\":\"https:\/\/nerasa.eu\/lt\/#logo\"}},{\"@type\":\"WebSite\",\"@id\":\"https:\/\/nerasa.eu\/lt\/#website\",\"url\":\"https:\/\/nerasa.eu\/lt\/\",\"name\":\"ne.rasa\",\"description\":\"\",\"publisher\":{\"@id\":\"https:\/\/nerasa.eu\/lt\/#organization\"},\"potentialAction\":[{\"@type\":\"SearchAction\",\"target\":{\"@type\":\"EntryPoint\",\"urlTemplate\":\"https:\/\/nerasa.eu\/lt\/?s={search_term_string}\"},\"query-input\":\"required name=search_term_string\"}],\"inLanguage\":\"lt-LT\"},{\"@type\":\"ImageObject\",\"@id\":\"https:\/\/nerasa.eu\/lt\/p\/kelniu-ir-palaidines-ilgomis-rankovemis-komplektas\/#primaryimage\",\"inLanguage\":\"lt-LT\",\"url\":\"https:\/\/nerasa.eu\/wp-content\/uploads\/2022\/08\/IMG_0979.jpg\",\"contentUrl\":\"https:\/\/nerasa.eu\/wp-content\/uploads\/2022\/08\/IMG_0979.jpg\",\"width\":1000,\"height\":1500,\"caption\":\"Kelni\\u0173 ir palaidin\\u0117s ilgomis rankov\\u0117mis komplektas\"},{\"@type\":\"WebPage\",\"@id\":\"https:\/\/nerasa.eu\/lt\/p\/kelniu-ir-palaidines-ilgomis-rankovemis-komplektas\/#webpage\",\"url\":\"https:\/\/nerasa.eu\/lt\/p\/kelniu-ir-palaidines-ilgomis-rankovemis-komplektas\/\",\"name\":\"Kelni\\u0173 ir palaidin\\u0117s ilgomis rankov\\u0117mis komplektas\",\"isPartOf\":{\"@id\":\"https:\/\/nerasa.eu\/lt\/#website\"},\"primaryImageOfPage\":{\"@id\":\"https:\/\/nerasa.eu\/lt\/p\/kelniu-ir-palaidines-ilgomis-rankovemis-komplektas\/#primaryimage\"},\"datePublished\":\"2022-08-04T07:06:22+00:00\",\"dateModified\":\"2024-06-04T17:29:58+00:00\",\"description\":\"Kelni\\u0173 ir palaidin\\u0117s ilgomis rankov\\u0117mis komplektas\",\"breadcrumb\":{\"@id\":\"https:\/\/nerasa.eu\/lt\/p\/kelniu-ir-palaidines-ilgomis-rankovemis-komplektas\/#breadcrumb\"},\"inLanguage\":\"lt-LT\",\"potentialAction\":[{\"@type\":\"ReadAction\",\"target\":[\"https:\/\/nerasa.eu\/lt\/p\/kelniu-ir-palaidines-ilgomis-rankovemis-komplektas\/\"]}]},{\"@type\":\"BreadcrumbList\",\"@id\":\"https:\/\/nerasa.eu\/lt\/p\/kelniu-ir-palaidines-ilgomis-rankovemis-komplektas\/#breadcrumb\",\"itemListElement\":[{\"@type\":\"ListItem\",\"position\":1,\"name\":\"Pagrindinis\",\"item\":\"https:\/\/nerasa.eu\/lt\/\"},{\"@type\":\"ListItem\",\"position\":2,\"name\":\"Parduotuv\\u0117\",\"item\":\"https:\/\/nerasa.eu\/lt\/parduotuve\/\"},{\"@type\":\"ListItem\",\"position\":3,\"name\":\"Kelni\\u0173 ir palaidin\\u0117s ilgomis rankov\\u0117mis komplektas\"}]}]}<\/script>\n<!-- \/ Yoast SEO plugin. -->","yoast_head_json":{"title":"Kelni\u0173 ir palaidin\u0117s ilgomis rankov\u0117mis komplektas","description":"Kelni\u0173 ir palaidin\u0117s ilgomis rankov\u0117mis komplektas","robots":{"index":"index","follow":"follow","max-snippet":"max-snippet:-1","max-image-preview":"max-image-preview:large","max-video-preview":"max-video-preview:-1"},"canonical":"https:\/\/nerasa.eu\/lt\/p\/kelniu-ir-palaidines-ilgomis-rankovemis-komplektas\/","og_locale":"lt_LT","og_type":"article","og_title":"Kelni\u0173 ir palaidin\u0117s ilgomis rankov\u0117mis komplektas","og_description":"Kelni\u0173 ir palaidin\u0117s ilgomis rankov\u0117mis komplektas","og_url":"https:\/\/nerasa.eu\/lt\/p\/kelniu-ir-palaidines-ilgomis-rankovemis-komplektas\/","og_site_name":"ne.rasa","article_publisher":"https:\/\/www.facebook.com\/nerasa.eu","article_modified_time":"2024-06-04T17:29:58+00:00","og_image":[{"width":1000,"height":1500,"url":"https:\/\/nerasa.eu\/wp-content\/uploads\/2022\/08\/IMG_0979.jpg","type":"image\/jpeg"}],"twitter_card":"summary","twitter_misc":{"Est. reading time":"1 minut\u0117"},"schema":{"@context":"https:\/\/schema.org","@graph":[{"@type":"Organization","@id":"https:\/\/nerasa.eu\/lt\/#organization","name":"ne.rasa","url":"https:\/\/nerasa.eu\/lt\/","sameAs":["https:\/\/www.facebook.com\/nerasa.eu"],"logo":{"@type":"ImageObject","@id":"https:\/\/nerasa.eu\/lt\/#logo","inLanguage":"lt-LT","url":"https:\/\/nerasa.eu\/wp-content\/uploads\/2017\/09\/logo-borderless-1-e1506375274625.png","contentUrl":"https:\/\/nerasa.eu\/wp-content\/uploads\/2017\/09\/logo-borderless-1-e1506375274625.png","width":105,"height":93,"caption":"ne.rasa"},"image":{"@id":"https:\/\/nerasa.eu\/lt\/#logo"}},{"@type":"WebSite","@id":"https:\/\/nerasa.eu\/lt\/#website","url":"https:\/\/nerasa.eu\/lt\/","name":"ne.rasa","description":"","publisher":{"@id":"https:\/\/nerasa.eu\/lt\/#organization"},"potentialAction":[{"@type":"SearchAction","target":{"@type":"EntryPoint","urlTemplate":"https:\/\/nerasa.eu\/lt\/?s={search_term_string}"},"query-input":"required name=search_term_string"}],"inLanguage":"lt-LT"},{"@type":"ImageObject","@id":"https:\/\/nerasa.eu\/lt\/p\/kelniu-ir-palaidines-ilgomis-rankovemis-komplektas\/#primaryimage","inLanguage":"lt-LT","url":"https:\/\/nerasa.eu\/wp-content\/uploads\/2022\/08\/IMG_0979.jpg","contentUrl":"https:\/\/nerasa.eu\/wp-content\/uploads\/2022\/08\/IMG_0979.jpg","width":1000,"height":1500,"caption":"Kelni\u0173 ir palaidin\u0117s ilgomis rankov\u0117mis komplektas"},{"@type":"WebPage","@id":"https:\/\/nerasa.eu\/lt\/p\/kelniu-ir-palaidines-ilgomis-rankovemis-komplektas\/#webpage","url":"https:\/\/nerasa.eu\/lt\/p\/kelniu-ir-palaidines-ilgomis-rankovemis-komplektas\/","name":"Kelni\u0173 ir palaidin\u0117s ilgomis rankov\u0117mis komplektas","isPartOf":{"@id":"https:\/\/nerasa.eu\/lt\/#website"},"primaryImageOfPage":{"@id":"https:\/\/nerasa.eu\/lt\/p\/kelniu-ir-palaidines-ilgomis-rankovemis-komplektas\/#primaryimage"},"datePublished":"2022-08-04T07:06:22+00:00","dateModified":"2024-06-04T17:29:58+00:00","description":"Kelni\u0173 ir palaidin\u0117s ilgomis rankov\u0117mis komplektas","breadcrumb":{"@id":"https:\/\/nerasa.eu\/lt\/p\/kelniu-ir-palaidines-ilgomis-rankovemis-komplektas\/#breadcrumb"},"inLanguage":"lt-LT","potentialAction":[{"@type":"ReadAction","target":["https:\/\/nerasa.eu\/lt\/p\/kelniu-ir-palaidines-ilgomis-rankovemis-komplektas\/"]}]},{"@type":"BreadcrumbList","@id":"https:\/\/nerasa.eu\/lt\/p\/kelniu-ir-palaidines-ilgomis-rankovemis-komplektas\/#breadcrumb","itemListElement":[{"@type":"ListItem","position":1,"name":"Pagrindinis","item":"https:\/\/nerasa.eu\/lt\/"},{"@type":"ListItem","position":2,"name":"Parduotuv\u0117","item":"https:\/\/nerasa.eu\/lt\/parduotuve\/"},{"@type":"ListItem","position":3,"name":"Kelni\u0173 ir palaidin\u0117s ilgomis rankov\u0117mis komplektas"}]}]}},"_links":{"self":[{"href":"https:\/\/nerasa.eu\/lt\/wp-json\/wp\/v2\/product\/26848"}],"collection":[{"href":"https:\/\/nerasa.eu\/lt\/wp-json\/wp\/v2\/product"}],"about":[{"href":"https:\/\/nerasa.eu\/lt\/wp-json\/wp\/v2\/types\/product"}],"wp:featuredmedia":[{"embeddable":true,"href":"https:\/\/nerasa.eu\/lt\/wp-json\/wp\/v2\/media\/26874"}],"wp:attachment":[{"href":"https:\/\/nerasa.eu\/lt\/wp-json\/wp\/v2\/media?parent=26848"}],"wp:term":[{"taxonomy":"product-groups","embeddable":true,"href":"https:\/\/nerasa.eu\/lt\/wp-json\/wp\/v2\/product-groups?post=26848"},{"taxonomy":"product_cat","embeddable":true,"href":"https:\/\/nerasa.eu\/lt\/wp-json\/wp\/v2\/product_cat?post=26848"},{"taxonomy":"product_tag","embeddable":true,"href":"https:\/\/nerasa.eu\/lt\/wp-json\/wp\/v2\/product_tag?post=26848"}],"curies":[{"name":"wp","href":"https:\/\/api.w.org\/{rel}","templated":true}]}}