{"id":25661,"date":"2022-07-13T13:17:19","date_gmt":"2022-07-13T10:17:20","guid":{"rendered":"https:\/\/nerasa.eu\/?post_type=product&#038;p=25661"},"modified":"2025-07-02T17:11:59","modified_gmt":"2025-07-02T14:11:59","slug":"salikas-su-kisene","status":"publish","type":"product","link":"https:\/\/nerasa.eu\/lt\/p\/salikas-su-kisene\/","title":{"rendered":"\u0160alikas su ki\u0161ene"},"content":{"rendered":"<p>\u0160alikas su ki\u0161ene, tai stilingas \u0161alikas, kuris puikiai tinka ir vyras, ir moterims. Jis turi patogi\u0105 ki\u0161en\u0119, kuri priims reikalingiausius daiktus: telefon\u0105, pinigus, raktus ar kitas smulkmenas.<\/p>\n<p>\u0160is \u0161alikas Jums pad\u0117s atsilaisvinti nuo krep\u0161i\u0173 ir rankini\u0173 pasivaik\u0161\u010diojim\u0173 metu.<\/p>\n<h4>\u25b6SUD\u0116TIS\u25c0<\/h4>\n<p>OEKO-TEX 100 standartu sertifikuotas storas medviln\u0117s trikota\u017eas:<\/p>\n<ul>\n<li>JUODAS: 80% medviln\u0117, 20% poliesteris<\/li>\n<li>PILKAS: 30% medviln\u0117, 70% poliesteris<\/li>\n<\/ul>\n<h4>\u25b6DYDIS\u25c0<\/h4>\n<p>Vienas dydis<\/p>\n<h4>\u25b6 SPALVA\u25c0<\/h4>\n<p>Galite pasirinkti i\u0161 \u0161i\u0173 m\u016bs\u0173 si\u016blom\u0173 spalv\u0173:<\/p>\n<ul>\n<li>Juoda<\/li>\n<li>Pilka<\/li>\n<\/ul>\n<p>Kit\u0173 spalv\u0173 \u0161alikai gaminami u\u017esakant didesnius kiekius. D\u0117l kit\u0173 spalv\u0173 ir didesni\u0173 kieki\u0173 \u0161alik\u0173 u\u017esakym\u0173 kreipkit\u0117s el.pa\u0161tu: info@nerasa.eu<\/p>\n<h4>\u25b6PRIE\u017dI\u016aRA\u25c0<\/h4>\n<p>skalbti lengva skalbimo ma\u0161inos programa, 30 laipsni\u0173 temperat\u016broje<\/p>\n<h4>\u25b6 I\u0160ANKSTINIS U\u017dSAKYMAS \u25c0<\/h4>\n<p>\u0160ie \u0161alikai yra puiki dovana Kal\u0117d\u0173 proga, kai norisi prakti\u0161kos dovanos, kuri nebus pamir\u0161ta.<\/p>\n<p>Jei domina didesni \u0161alik\u0173 kiekiai, kitos spalvos, specialus supakavimas, pavyzd\u017eiui su J\u016bs\u0173 \u012fmon\u0117s logotipu, ra\u0161ykite info@nerasa.eu.<\/p>\n<p>&nbsp;<\/p>\n","protected":false},"excerpt":{"rendered":"<p>stilingas apsukamas \u0161alikas, kuris puikiai tinka ir vyras, ir moterims.<\/p>\n<p>Jis turi patogi\u0105 ki\u0161en\u0119, kuri priims reikalingiausius daiktus: telefon\u0105, pinigus, raktus ar kitas smulkmenas.<\/p>\n<h4>\u25b6SUD\u0116TIS\u25c0<\/h4>\n<p>OEKO-TEX 100 standartu sertifikuotas storas medviln\u0117s trikota\u017eas:<\/p>\n<ul>\n<li>JUODAS: 80% medviln\u0117, 20% poliesteris<\/li>\n<li>PILKAS: 30% medviln\u0117, 70% poliesteris<\/li>\n<\/ul>\n<h4>\u25b6DYDIS\u25c0<\/h4>\n<p>Vienas dydis<\/p>\n<h4>\u25b6 I\u0160ANKSTINIS U\u017dSAKYMAS \u25c0<\/h4>\n<p>\u0160ie \u0161alikai yra puiki dovana Kal\u0117d\u0173 proga, kai norisi prakti\u0161kos dovanos, kuri nebus pamir\u0161ta.<\/p>\n<p>Jei domina didesni \u0161alik\u0173 kiekiai, kitos spalvos, specialus supakavimas, pavyzd\u017eiui su J\u016bs\u0173 \u012fmon\u0117s logotiou, ra\u0161ykite info@nerasa.eu.<\/p>\n<p>&nbsp;<\/p>\n","protected":false},"featured_media":25691,"template":"","meta":{"_mi_skip_tracking":false,"_monsterinsights_sitenote_active":false,"_monsterinsights_sitenote_note":"","_monsterinsights_sitenote_category":0,"spay_email":""},"product-groups":[],"product_cat":[1663,1657,378],"product_tag":[],"acf":[],"yoast_head":"<!-- This site is optimized with the Yoast SEO plugin v17.4 - https:\/\/yoast.com\/wordpress\/plugins\/seo\/ -->\n<title>\u0160alikas su ki\u0161ene - ne.rasa<\/title>\n<meta name=\"description\" content=\"\u0160alikas su ki\u0161ene, tai stilingas \u0161alikas, kuris puikiai tinka ir vyras, ir moterims. Jis turi patogi\u0105 ki\u0161en\u0119 smulkmenoms.\" \/>\n<meta name=\"robots\" content=\"index, follow, max-snippet:-1, max-image-preview:large, max-video-preview:-1\" \/>\n<link rel=\"canonical\" href=\"https:\/\/nerasa.eu\/lt\/p\/salikas-su-kisene\/\" \/>\n<meta property=\"og:locale\" content=\"lt_LT\" \/>\n<meta property=\"og:type\" content=\"article\" \/>\n<meta property=\"og:title\" content=\"\u0160alikas su ki\u0161ene - ne.rasa\" \/>\n<meta property=\"og:description\" content=\"\u0160alikas su ki\u0161ene, tai stilingas \u0161alikas, kuris puikiai tinka ir vyras, ir moterims. Jis turi patogi\u0105 ki\u0161en\u0119 smulkmenoms.\" \/>\n<meta property=\"og:url\" content=\"https:\/\/nerasa.eu\/lt\/p\/salikas-su-kisene\/\" \/>\n<meta property=\"og:site_name\" content=\"ne.rasa\" \/>\n<meta property=\"article:publisher\" content=\"https:\/\/www.facebook.com\/nerasa.eu\" \/>\n<meta property=\"article:modified_time\" content=\"2025-07-02T14:11:59+00:00\" \/>\n<meta property=\"og:image\" content=\"https:\/\/nerasa.eu\/wp-content\/uploads\/2022\/07\/IMG_20181104_133312-2-1.jpg\" \/>\n\t<meta property=\"og:image:width\" content=\"1125\" \/>\n\t<meta property=\"og:image:height\" content=\"1500\" \/>\n<meta name=\"twitter:card\" content=\"summary\" \/>\n<meta name=\"twitter:label1\" content=\"Est. reading time\" \/>\n\t<meta name=\"twitter:data1\" content=\"1 minut\u0117\" \/>\n<script type=\"application\/ld+json\" class=\"yoast-schema-graph\">{\"@context\":\"https:\/\/schema.org\",\"@graph\":[{\"@type\":\"Organization\",\"@id\":\"https:\/\/nerasa.eu\/lt\/#organization\",\"name\":\"ne.rasa\",\"url\":\"https:\/\/nerasa.eu\/lt\/\",\"sameAs\":[\"https:\/\/www.facebook.com\/nerasa.eu\"],\"logo\":{\"@type\":\"ImageObject\",\"@id\":\"https:\/\/nerasa.eu\/lt\/#logo\",\"inLanguage\":\"lt-LT\",\"url\":\"https:\/\/nerasa.eu\/wp-content\/uploads\/2017\/09\/logo-borderless-1-e1506375274625.png\",\"contentUrl\":\"https:\/\/nerasa.eu\/wp-content\/uploads\/2017\/09\/logo-borderless-1-e1506375274625.png\",\"width\":105,\"height\":93,\"caption\":\"ne.rasa\"},\"image\":{\"@id\":\"https:\/\/nerasa.eu\/lt\/#logo\"}},{\"@type\":\"WebSite\",\"@id\":\"https:\/\/nerasa.eu\/lt\/#website\",\"url\":\"https:\/\/nerasa.eu\/lt\/\",\"name\":\"ne.rasa\",\"description\":\"\",\"publisher\":{\"@id\":\"https:\/\/nerasa.eu\/lt\/#organization\"},\"potentialAction\":[{\"@type\":\"SearchAction\",\"target\":{\"@type\":\"EntryPoint\",\"urlTemplate\":\"https:\/\/nerasa.eu\/lt\/?s={search_term_string}\"},\"query-input\":\"required name=search_term_string\"}],\"inLanguage\":\"lt-LT\"},{\"@type\":\"ImageObject\",\"@id\":\"https:\/\/nerasa.eu\/lt\/p\/salikas-su-kisene\/#primaryimage\",\"inLanguage\":\"lt-LT\",\"url\":\"https:\/\/nerasa.eu\/wp-content\/uploads\/2022\/07\/IMG_20181104_133312-2-1.jpg\",\"contentUrl\":\"https:\/\/nerasa.eu\/wp-content\/uploads\/2022\/07\/IMG_20181104_133312-2-1.jpg\",\"width\":1125,\"height\":1500,\"caption\":\"\\u0160alikas su ki\\u0161ene\"},{\"@type\":\"WebPage\",\"@id\":\"https:\/\/nerasa.eu\/lt\/p\/salikas-su-kisene\/#webpage\",\"url\":\"https:\/\/nerasa.eu\/lt\/p\/salikas-su-kisene\/\",\"name\":\"\\u0160alikas su ki\\u0161ene - ne.rasa\",\"isPartOf\":{\"@id\":\"https:\/\/nerasa.eu\/lt\/#website\"},\"primaryImageOfPage\":{\"@id\":\"https:\/\/nerasa.eu\/lt\/p\/salikas-su-kisene\/#primaryimage\"},\"datePublished\":\"2022-07-13T10:17:20+00:00\",\"dateModified\":\"2025-07-02T14:11:59+00:00\",\"description\":\"\\u0160alikas su ki\\u0161ene, tai stilingas \\u0161alikas, kuris puikiai tinka ir vyras, ir moterims. Jis turi patogi\\u0105 ki\\u0161en\\u0119 smulkmenoms.\",\"breadcrumb\":{\"@id\":\"https:\/\/nerasa.eu\/lt\/p\/salikas-su-kisene\/#breadcrumb\"},\"inLanguage\":\"lt-LT\",\"potentialAction\":[{\"@type\":\"ReadAction\",\"target\":[\"https:\/\/nerasa.eu\/lt\/p\/salikas-su-kisene\/\"]}]},{\"@type\":\"BreadcrumbList\",\"@id\":\"https:\/\/nerasa.eu\/lt\/p\/salikas-su-kisene\/#breadcrumb\",\"itemListElement\":[{\"@type\":\"ListItem\",\"position\":1,\"name\":\"Pagrindinis\",\"item\":\"https:\/\/nerasa.eu\/lt\/\"},{\"@type\":\"ListItem\",\"position\":2,\"name\":\"Parduotuv\\u0117\",\"item\":\"https:\/\/nerasa.eu\/lt\/parduotuve\/\"},{\"@type\":\"ListItem\",\"position\":3,\"name\":\"\\u0160alikas su ki\\u0161ene\"}]}]}<\/script>\n<!-- \/ Yoast SEO plugin. -->","yoast_head_json":{"title":"\u0160alikas su ki\u0161ene - ne.rasa","description":"\u0160alikas su ki\u0161ene, tai stilingas \u0161alikas, kuris puikiai tinka ir vyras, ir moterims. Jis turi patogi\u0105 ki\u0161en\u0119 smulkmenoms.","robots":{"index":"index","follow":"follow","max-snippet":"max-snippet:-1","max-image-preview":"max-image-preview:large","max-video-preview":"max-video-preview:-1"},"canonical":"https:\/\/nerasa.eu\/lt\/p\/salikas-su-kisene\/","og_locale":"lt_LT","og_type":"article","og_title":"\u0160alikas su ki\u0161ene - ne.rasa","og_description":"\u0160alikas su ki\u0161ene, tai stilingas \u0161alikas, kuris puikiai tinka ir vyras, ir moterims. Jis turi patogi\u0105 ki\u0161en\u0119 smulkmenoms.","og_url":"https:\/\/nerasa.eu\/lt\/p\/salikas-su-kisene\/","og_site_name":"ne.rasa","article_publisher":"https:\/\/www.facebook.com\/nerasa.eu","article_modified_time":"2025-07-02T14:11:59+00:00","og_image":[{"width":1125,"height":1500,"url":"https:\/\/nerasa.eu\/wp-content\/uploads\/2022\/07\/IMG_20181104_133312-2-1.jpg","type":"image\/jpeg"}],"twitter_card":"summary","twitter_misc":{"Est. reading time":"1 minut\u0117"},"schema":{"@context":"https:\/\/schema.org","@graph":[{"@type":"Organization","@id":"https:\/\/nerasa.eu\/lt\/#organization","name":"ne.rasa","url":"https:\/\/nerasa.eu\/lt\/","sameAs":["https:\/\/www.facebook.com\/nerasa.eu"],"logo":{"@type":"ImageObject","@id":"https:\/\/nerasa.eu\/lt\/#logo","inLanguage":"lt-LT","url":"https:\/\/nerasa.eu\/wp-content\/uploads\/2017\/09\/logo-borderless-1-e1506375274625.png","contentUrl":"https:\/\/nerasa.eu\/wp-content\/uploads\/2017\/09\/logo-borderless-1-e1506375274625.png","width":105,"height":93,"caption":"ne.rasa"},"image":{"@id":"https:\/\/nerasa.eu\/lt\/#logo"}},{"@type":"WebSite","@id":"https:\/\/nerasa.eu\/lt\/#website","url":"https:\/\/nerasa.eu\/lt\/","name":"ne.rasa","description":"","publisher":{"@id":"https:\/\/nerasa.eu\/lt\/#organization"},"potentialAction":[{"@type":"SearchAction","target":{"@type":"EntryPoint","urlTemplate":"https:\/\/nerasa.eu\/lt\/?s={search_term_string}"},"query-input":"required name=search_term_string"}],"inLanguage":"lt-LT"},{"@type":"ImageObject","@id":"https:\/\/nerasa.eu\/lt\/p\/salikas-su-kisene\/#primaryimage","inLanguage":"lt-LT","url":"https:\/\/nerasa.eu\/wp-content\/uploads\/2022\/07\/IMG_20181104_133312-2-1.jpg","contentUrl":"https:\/\/nerasa.eu\/wp-content\/uploads\/2022\/07\/IMG_20181104_133312-2-1.jpg","width":1125,"height":1500,"caption":"\u0160alikas su ki\u0161ene"},{"@type":"WebPage","@id":"https:\/\/nerasa.eu\/lt\/p\/salikas-su-kisene\/#webpage","url":"https:\/\/nerasa.eu\/lt\/p\/salikas-su-kisene\/","name":"\u0160alikas su ki\u0161ene - ne.rasa","isPartOf":{"@id":"https:\/\/nerasa.eu\/lt\/#website"},"primaryImageOfPage":{"@id":"https:\/\/nerasa.eu\/lt\/p\/salikas-su-kisene\/#primaryimage"},"datePublished":"2022-07-13T10:17:20+00:00","dateModified":"2025-07-02T14:11:59+00:00","description":"\u0160alikas su ki\u0161ene, tai stilingas \u0161alikas, kuris puikiai tinka ir vyras, ir moterims. Jis turi patogi\u0105 ki\u0161en\u0119 smulkmenoms.","breadcrumb":{"@id":"https:\/\/nerasa.eu\/lt\/p\/salikas-su-kisene\/#breadcrumb"},"inLanguage":"lt-LT","potentialAction":[{"@type":"ReadAction","target":["https:\/\/nerasa.eu\/lt\/p\/salikas-su-kisene\/"]}]},{"@type":"BreadcrumbList","@id":"https:\/\/nerasa.eu\/lt\/p\/salikas-su-kisene\/#breadcrumb","itemListElement":[{"@type":"ListItem","position":1,"name":"Pagrindinis","item":"https:\/\/nerasa.eu\/lt\/"},{"@type":"ListItem","position":2,"name":"Parduotuv\u0117","item":"https:\/\/nerasa.eu\/lt\/parduotuve\/"},{"@type":"ListItem","position":3,"name":"\u0160alikas su ki\u0161ene"}]}]}},"_links":{"self":[{"href":"https:\/\/nerasa.eu\/lt\/wp-json\/wp\/v2\/product\/25661"}],"collection":[{"href":"https:\/\/nerasa.eu\/lt\/wp-json\/wp\/v2\/product"}],"about":[{"href":"https:\/\/nerasa.eu\/lt\/wp-json\/wp\/v2\/types\/product"}],"wp:featuredmedia":[{"embeddable":true,"href":"https:\/\/nerasa.eu\/lt\/wp-json\/wp\/v2\/media\/25691"}],"wp:attachment":[{"href":"https:\/\/nerasa.eu\/lt\/wp-json\/wp\/v2\/media?parent=25661"}],"wp:term":[{"taxonomy":"product-groups","embeddable":true,"href":"https:\/\/nerasa.eu\/lt\/wp-json\/wp\/v2\/product-groups?post=25661"},{"taxonomy":"product_cat","embeddable":true,"href":"https:\/\/nerasa.eu\/lt\/wp-json\/wp\/v2\/product_cat?post=25661"},{"taxonomy":"product_tag","embeddable":true,"href":"https:\/\/nerasa.eu\/lt\/wp-json\/wp\/v2\/product_tag?post=25661"}],"curies":[{"name":"wp","href":"https:\/\/api.w.org\/{rel}","templated":true}]}}