{"id":25643,"date":"2022-07-14T16:09:22","date_gmt":"2022-07-14T13:24:17","guid":{"rendered":"https:\/\/nerasa.eu\/?post_type=product&#038;p=25643"},"modified":"2026-01-20T13:17:39","modified_gmt":"2026-01-20T10:17:39","slug":"storas-kaklo-movas","status":"publish","type":"product","link":"https:\/\/nerasa.eu\/lt\/p\/storas-kaklo-movas\/","title":{"rendered":"Storas kaklo movas"},"content":{"rendered":"<p>Storas kaklo movas puikus pasirinkimas visais met\u0173 laikais.<\/p>\n<p>Puikiai tinka po u\u017esegamu bliuzonu, paltu, ar tiesiog ant d\u017eemperio ar palaidin\u0117s, kai lieka atviras kaklas.<\/p>\n<p>D\u0117l nedidelio savo dyd\u017eio telpa \u012f rankin\u0119, kurpin\u0119 ar ki\u0161en\u0119 ir pasikeitus orams, ar netik\u0117tai pakilus v\u0117jui Jus puikiai su\u0161ildys.<\/p>\n<p>\u0160io tipo kaklo movai itin m\u0117gstami vyr\u0173, kurie nem\u0117gsta \u012fprastini\u0173 ilg\u0173 \u0161alik\u0173, ir geriau renkasi vaik\u0161\u010dioti pliku kaklu nei vyniotis \u0161alik\u0105. Su m\u016bs\u0173 kaklo movu viskas papras\u010diau.<\/p>\n<p>M\u016bs\u0173 gaminamas storas kaklo movas yra dviej\u0173 dyd\u017ei\u0173, tad gal\u0117site pasirinkti dyd\u012f tiek vaikui, tiek suaugusiam.<\/p>\n<h4>\u25b6DYDIS\u25c0<\/h4>\n<p>Kaklo mov\u0105 rinkit\u0117s atsi\u017evelgdami \u012f galvos apimt\u012f.<\/p>\n<p>\u25c8 M dydis: galvos apimtis iki\u00a0 54-55 cm<br \/>\n\u25c8 L dydis: galvos apimtis iki 61 cm<\/p>\n<h4>\u25b6SUD\u0116TIS\u25c0<\/h4>\n<p>OEKO-TEX 100 standartu sertifikuotas storas medviln\u0117s trikota\u017eas: 80% medviln\u0117, 20% poliesteris<\/p>\n<h4>\u25b6 SPALVA\u25c0<\/h4>\n<p>Galite pasirinkti i\u0161 \u0161i\u0173 m\u016bs\u0173 si\u016blom\u0173 spalv\u0173:<\/p>\n<ul>\n<li>Juoda<\/li>\n<li>Tamsiai m\u0117lyna<\/li>\n<li>Bordo<\/li>\n<li>Rausva<\/li>\n<li>Rusva<\/li>\n<li>Alyvuogi\u0173 \u017ealia<\/li>\n<\/ul>\n<p>Kit\u0173 spalv\u0173 kaklo movai gaminami u\u017esakant didesnius kiekius. D\u0117l kit\u0173 spalv\u0173 ir didesni\u0173 kieki\u0173 kaklo mov\u0173 u\u017esakym\u0173 kreipkit\u0117s el.pa\u0161tu: info@nerasa.eu<\/p>\n<h4>\u25b6PRIE\u017dI\u016aRA\u25c0<\/h4>\n<p>skalbti lengva skalbimo ma\u0161inos programa, 30 laipsni\u0173 temperat\u016broje<\/p>\n<h4>\u25b6 I\u0160ANKSTINIS U\u017dSAKYMAS \u25c0<\/h4>\n<p>\u0160ie kaklo movai yra puiki dovana Kal\u0117d\u0173 proga, kai norisi prakti\u0161kos dovanos, kuri nebus pamir\u0161ta, o bus tikrai naudojama.<\/p>\n<p>Jei domina didesni kaklo mov\u0173 kiekiai, kitos spalvos, specialus supakavimas su J\u016bs\u0173 \u012fmon\u0117s logo, ra\u0161ykite info@nerasa.eu.<\/p>\n<p><strong>M\u016bs\u0173\u00a0 kaklo movai:<\/strong><\/p>\n<ul>\n<li>Itin m\u0117gstami ma\u017e\u0173j\u0173,kurie visur ir visada nori b\u016bti savaranki\u0161ki.\u00a0 Jie patys lengvai gali juos u\u017esid\u0117ti, d\u0117l nusi\u0117mimo negalime garantuoti, nes kai kurie vaiku\u010diai nori su jais ir miegoti.<\/li>\n<li>Itin m\u0117gstami vyr\u0173, kurie nem\u0117gsta \u012fprastini\u0173 ilg\u0173 \u0161alik\u0173, ir geriau renkasi vaik\u0161\u010dioti pliku kaklu nei vyniotis \u0161alik\u0105. Su m\u016bs\u0173 kaklo \u0161ilduku viskas papras\u010diau.<\/li>\n<li>Nuimtas nuo kaklo puikiai telpa \u012f ki\u0161en\u0119 ir re\u010diau pasimeta, nei \u012fprastinis ilgas \u0161alikas.<\/li>\n<li>Itin tinkamas \u017emon\u0117ms m\u0117gstantiems aktyv\u0173 laisvalaik\u012f, pasivaik\u0161\u010diojimus mi\u0161kais ir kloniais. Niekad nereiks sukti galvos su klausimu: \u2018o jeigu \u0161alta? \u2018. Jeigu \u0161alta, ki\u0161en\u0117je bus kaklo movas.<\/li>\n<li>Puiki simbolin\u0117 dovana Kal\u0117d\u0173 proga daugeliui.<\/li>\n<li>Tinka ir mergait\u0117ms, ir berniukams, ir dideliems, ir ma\u017eiems. Tiesiog i\u0161sirinkite savo m\u0117gstam\u0105 spalv\u0105.<\/li>\n<\/ul>\n","protected":false},"excerpt":{"rendered":"<p>Storo trikota\u017eo kaklo movas puikus pasirinkimas visais met\u0173 laikais.<\/p>\n<p>Puikiai tinka po u\u017esegamu bliuzonu, paltu, ar tiesiog ant d\u017eemperio ar palaidin\u0117s, kai lieka atviras kaklas.<\/p>\n<p>D\u0117l nedidelio savo dyd\u017eio telpa \u012f rankin\u0119, kuprin\u0119 ar ki\u0161en\u0119 ir pasikeitus orams, ar netik\u0117tai pakilus v\u0117jui Jus puikiai su\u0161ildys.<\/p>\n<h4>\u25b6 DYDIS \u25c0<\/h4>\n<p>Kaklo mov\u0105 rinkit\u0117s atsi\u017evelgdami \u012f galvos apimt\u012f.<\/p>\n<p><strong>M dydis:<\/strong> skirtas ma\u017eesn\u0117s galvos savininkams (vaikams, paaugliams, moterims) &#8211; galvos apimtis iki\u00a0 54-55 cm<\/p>\n<p><strong>L dydis:<\/strong> skirtas suaugusiems. Galvos apimtis iki 61 cm<\/p>\n<h4>\u25b6 SUD\u0116TIS \u25c0<\/h4>\n<p>80% medviln\u0117, 20% poliesteris<\/p>\n<p>Audinys sertifikuotas OEKO-TEX 100 standartu.<\/p>\n<h4>\u25b6 I\u0160ANKSTINIS U\u017dSAKYMAS \u25c0<\/h4>\n<p>\u0160ie kaklo movai yra puiki dovana Kal\u0117d\u0173 proga, kai norisi prakti\u0161kos dovanos, kuri nebus pamir\u0161ta, o bus tikrai naudojama.<\/p>\n<p>Jei domina didesni kaklo mov\u0173 kiekiai, kitos spalvos, specialus supakavimas, ra\u0161ykite info@nerasa.eu.<\/p>\n","protected":false},"featured_media":47115,"template":"","meta":{"_mi_skip_tracking":false,"_monsterinsights_sitenote_active":false,"_monsterinsights_sitenote_note":"","_monsterinsights_sitenote_category":0,"spay_email":""},"product-groups":[],"product_cat":[1662,376,1663,1657],"product_tag":[],"acf":[],"yoast_head":"<!-- This site is optimized with the Yoast SEO plugin v17.4 - https:\/\/yoast.com\/wordpress\/plugins\/seo\/ -->\n<title>Storas kaklo movas - ne.rasa<\/title>\n<meta name=\"description\" content=\"Storas kaklo movas puikus pasirinkimas visais met\u0173 laikais. Puikiai tinka po u\u017esegamu bliuzonu, paltu, ar tiesiog ant d\u017eemperio ar palaidin\u0117s\" \/>\n<meta name=\"robots\" content=\"index, follow, max-snippet:-1, max-image-preview:large, max-video-preview:-1\" \/>\n<link rel=\"canonical\" href=\"https:\/\/nerasa.eu\/lt\/p\/storas-kaklo-movas\/\" \/>\n<meta property=\"og:locale\" content=\"lt_LT\" \/>\n<meta property=\"og:type\" content=\"article\" \/>\n<meta property=\"og:title\" content=\"Storas kaklo movas - ne.rasa\" \/>\n<meta property=\"og:description\" content=\"Storas kaklo movas puikus pasirinkimas visais met\u0173 laikais. Puikiai tinka po u\u017esegamu bliuzonu, paltu, ar tiesiog ant d\u017eemperio ar palaidin\u0117s\" \/>\n<meta property=\"og:url\" content=\"https:\/\/nerasa.eu\/lt\/p\/storas-kaklo-movas\/\" \/>\n<meta property=\"og:site_name\" content=\"ne.rasa\" \/>\n<meta property=\"article:publisher\" content=\"https:\/\/www.facebook.com\/nerasa.eu\" \/>\n<meta property=\"article:modified_time\" content=\"2026-01-20T10:17:39+00:00\" \/>\n<meta property=\"og:image\" content=\"https:\/\/nerasa.eu\/wp-content\/uploads\/2022\/07\/162.jpg\" \/>\n\t<meta property=\"og:image:width\" content=\"667\" \/>\n\t<meta property=\"og:image:height\" content=\"1000\" \/>\n<meta name=\"twitter:card\" content=\"summary\" \/>\n<meta name=\"twitter:label1\" content=\"Est. reading time\" \/>\n\t<meta name=\"twitter:data1\" content=\"2 minut\u0117s\" \/>\n<script type=\"application\/ld+json\" class=\"yoast-schema-graph\">{\"@context\":\"https:\/\/schema.org\",\"@graph\":[{\"@type\":\"Organization\",\"@id\":\"https:\/\/nerasa.eu\/lt\/#organization\",\"name\":\"ne.rasa\",\"url\":\"https:\/\/nerasa.eu\/lt\/\",\"sameAs\":[\"https:\/\/www.facebook.com\/nerasa.eu\"],\"logo\":{\"@type\":\"ImageObject\",\"@id\":\"https:\/\/nerasa.eu\/lt\/#logo\",\"inLanguage\":\"lt-LT\",\"url\":\"https:\/\/nerasa.eu\/wp-content\/uploads\/2017\/09\/logo-borderless-1-e1506375274625.png\",\"contentUrl\":\"https:\/\/nerasa.eu\/wp-content\/uploads\/2017\/09\/logo-borderless-1-e1506375274625.png\",\"width\":105,\"height\":93,\"caption\":\"ne.rasa\"},\"image\":{\"@id\":\"https:\/\/nerasa.eu\/lt\/#logo\"}},{\"@type\":\"WebSite\",\"@id\":\"https:\/\/nerasa.eu\/lt\/#website\",\"url\":\"https:\/\/nerasa.eu\/lt\/\",\"name\":\"ne.rasa\",\"description\":\"\",\"publisher\":{\"@id\":\"https:\/\/nerasa.eu\/lt\/#organization\"},\"potentialAction\":[{\"@type\":\"SearchAction\",\"target\":{\"@type\":\"EntryPoint\",\"urlTemplate\":\"https:\/\/nerasa.eu\/lt\/?s={search_term_string}\"},\"query-input\":\"required name=search_term_string\"}],\"inLanguage\":\"lt-LT\"},{\"@type\":\"ImageObject\",\"@id\":\"https:\/\/nerasa.eu\/lt\/p\/storas-kaklo-movas\/#primaryimage\",\"inLanguage\":\"lt-LT\",\"url\":\"https:\/\/nerasa.eu\/wp-content\/uploads\/2022\/07\/162.jpg\",\"contentUrl\":\"https:\/\/nerasa.eu\/wp-content\/uploads\/2022\/07\/162.jpg\",\"width\":667,\"height\":1000,\"caption\":\"Cotton neck warmer\"},{\"@type\":\"WebPage\",\"@id\":\"https:\/\/nerasa.eu\/lt\/p\/storas-kaklo-movas\/#webpage\",\"url\":\"https:\/\/nerasa.eu\/lt\/p\/storas-kaklo-movas\/\",\"name\":\"Storas kaklo movas - ne.rasa\",\"isPartOf\":{\"@id\":\"https:\/\/nerasa.eu\/lt\/#website\"},\"primaryImageOfPage\":{\"@id\":\"https:\/\/nerasa.eu\/lt\/p\/storas-kaklo-movas\/#primaryimage\"},\"datePublished\":\"2022-07-14T13:24:17+00:00\",\"dateModified\":\"2026-01-20T10:17:39+00:00\",\"description\":\"Storas kaklo movas puikus pasirinkimas visais met\\u0173 laikais. Puikiai tinka po u\\u017esegamu bliuzonu, paltu, ar tiesiog ant d\\u017eemperio ar palaidin\\u0117s\",\"breadcrumb\":{\"@id\":\"https:\/\/nerasa.eu\/lt\/p\/storas-kaklo-movas\/#breadcrumb\"},\"inLanguage\":\"lt-LT\",\"potentialAction\":[{\"@type\":\"ReadAction\",\"target\":[\"https:\/\/nerasa.eu\/lt\/p\/storas-kaklo-movas\/\"]}]},{\"@type\":\"BreadcrumbList\",\"@id\":\"https:\/\/nerasa.eu\/lt\/p\/storas-kaklo-movas\/#breadcrumb\",\"itemListElement\":[{\"@type\":\"ListItem\",\"position\":1,\"name\":\"Pagrindinis\",\"item\":\"https:\/\/nerasa.eu\/lt\/\"},{\"@type\":\"ListItem\",\"position\":2,\"name\":\"Parduotuv\\u0117\",\"item\":\"https:\/\/nerasa.eu\/lt\/parduotuve\/\"},{\"@type\":\"ListItem\",\"position\":3,\"name\":\"Storas kaklo movas\"}]}]}<\/script>\n<!-- \/ Yoast SEO plugin. -->","yoast_head_json":{"title":"Storas kaklo movas - ne.rasa","description":"Storas kaklo movas puikus pasirinkimas visais met\u0173 laikais. Puikiai tinka po u\u017esegamu bliuzonu, paltu, ar tiesiog ant d\u017eemperio ar palaidin\u0117s","robots":{"index":"index","follow":"follow","max-snippet":"max-snippet:-1","max-image-preview":"max-image-preview:large","max-video-preview":"max-video-preview:-1"},"canonical":"https:\/\/nerasa.eu\/lt\/p\/storas-kaklo-movas\/","og_locale":"lt_LT","og_type":"article","og_title":"Storas kaklo movas - ne.rasa","og_description":"Storas kaklo movas puikus pasirinkimas visais met\u0173 laikais. Puikiai tinka po u\u017esegamu bliuzonu, paltu, ar tiesiog ant d\u017eemperio ar palaidin\u0117s","og_url":"https:\/\/nerasa.eu\/lt\/p\/storas-kaklo-movas\/","og_site_name":"ne.rasa","article_publisher":"https:\/\/www.facebook.com\/nerasa.eu","article_modified_time":"2026-01-20T10:17:39+00:00","og_image":[{"width":667,"height":1000,"url":"https:\/\/nerasa.eu\/wp-content\/uploads\/2022\/07\/162.jpg","type":"image\/jpeg"}],"twitter_card":"summary","twitter_misc":{"Est. reading time":"2 minut\u0117s"},"schema":{"@context":"https:\/\/schema.org","@graph":[{"@type":"Organization","@id":"https:\/\/nerasa.eu\/lt\/#organization","name":"ne.rasa","url":"https:\/\/nerasa.eu\/lt\/","sameAs":["https:\/\/www.facebook.com\/nerasa.eu"],"logo":{"@type":"ImageObject","@id":"https:\/\/nerasa.eu\/lt\/#logo","inLanguage":"lt-LT","url":"https:\/\/nerasa.eu\/wp-content\/uploads\/2017\/09\/logo-borderless-1-e1506375274625.png","contentUrl":"https:\/\/nerasa.eu\/wp-content\/uploads\/2017\/09\/logo-borderless-1-e1506375274625.png","width":105,"height":93,"caption":"ne.rasa"},"image":{"@id":"https:\/\/nerasa.eu\/lt\/#logo"}},{"@type":"WebSite","@id":"https:\/\/nerasa.eu\/lt\/#website","url":"https:\/\/nerasa.eu\/lt\/","name":"ne.rasa","description":"","publisher":{"@id":"https:\/\/nerasa.eu\/lt\/#organization"},"potentialAction":[{"@type":"SearchAction","target":{"@type":"EntryPoint","urlTemplate":"https:\/\/nerasa.eu\/lt\/?s={search_term_string}"},"query-input":"required name=search_term_string"}],"inLanguage":"lt-LT"},{"@type":"ImageObject","@id":"https:\/\/nerasa.eu\/lt\/p\/storas-kaklo-movas\/#primaryimage","inLanguage":"lt-LT","url":"https:\/\/nerasa.eu\/wp-content\/uploads\/2022\/07\/162.jpg","contentUrl":"https:\/\/nerasa.eu\/wp-content\/uploads\/2022\/07\/162.jpg","width":667,"height":1000,"caption":"Cotton neck warmer"},{"@type":"WebPage","@id":"https:\/\/nerasa.eu\/lt\/p\/storas-kaklo-movas\/#webpage","url":"https:\/\/nerasa.eu\/lt\/p\/storas-kaklo-movas\/","name":"Storas kaklo movas - ne.rasa","isPartOf":{"@id":"https:\/\/nerasa.eu\/lt\/#website"},"primaryImageOfPage":{"@id":"https:\/\/nerasa.eu\/lt\/p\/storas-kaklo-movas\/#primaryimage"},"datePublished":"2022-07-14T13:24:17+00:00","dateModified":"2026-01-20T10:17:39+00:00","description":"Storas kaklo movas puikus pasirinkimas visais met\u0173 laikais. Puikiai tinka po u\u017esegamu bliuzonu, paltu, ar tiesiog ant d\u017eemperio ar palaidin\u0117s","breadcrumb":{"@id":"https:\/\/nerasa.eu\/lt\/p\/storas-kaklo-movas\/#breadcrumb"},"inLanguage":"lt-LT","potentialAction":[{"@type":"ReadAction","target":["https:\/\/nerasa.eu\/lt\/p\/storas-kaklo-movas\/"]}]},{"@type":"BreadcrumbList","@id":"https:\/\/nerasa.eu\/lt\/p\/storas-kaklo-movas\/#breadcrumb","itemListElement":[{"@type":"ListItem","position":1,"name":"Pagrindinis","item":"https:\/\/nerasa.eu\/lt\/"},{"@type":"ListItem","position":2,"name":"Parduotuv\u0117","item":"https:\/\/nerasa.eu\/lt\/parduotuve\/"},{"@type":"ListItem","position":3,"name":"Storas kaklo movas"}]}]}},"_links":{"self":[{"href":"https:\/\/nerasa.eu\/lt\/wp-json\/wp\/v2\/product\/25643"}],"collection":[{"href":"https:\/\/nerasa.eu\/lt\/wp-json\/wp\/v2\/product"}],"about":[{"href":"https:\/\/nerasa.eu\/lt\/wp-json\/wp\/v2\/types\/product"}],"wp:featuredmedia":[{"embeddable":true,"href":"https:\/\/nerasa.eu\/lt\/wp-json\/wp\/v2\/media\/47115"}],"wp:attachment":[{"href":"https:\/\/nerasa.eu\/lt\/wp-json\/wp\/v2\/media?parent=25643"}],"wp:term":[{"taxonomy":"product-groups","embeddable":true,"href":"https:\/\/nerasa.eu\/lt\/wp-json\/wp\/v2\/product-groups?post=25643"},{"taxonomy":"product_cat","embeddable":true,"href":"https:\/\/nerasa.eu\/lt\/wp-json\/wp\/v2\/product_cat?post=25643"},{"taxonomy":"product_tag","embeddable":true,"href":"https:\/\/nerasa.eu\/lt\/wp-json\/wp\/v2\/product_tag?post=25643"}],"curies":[{"name":"wp","href":"https:\/\/api.w.org\/{rel}","templated":true}]}}