{"id":23720,"date":"2021-12-07T15:06:15","date_gmt":"2021-12-07T12:06:15","guid":{"rendered":"https:\/\/nerasa.eu\/?post_type=product&#038;p=23720"},"modified":"2022-04-08T08:11:32","modified_gmt":"2022-04-08T05:11:32","slug":"dovanu-kuponas-10-eur","status":"publish","type":"product","link":"https:\/\/nerasa.eu\/lt\/p\/dovanu-kuponas-10-eur\/","title":{"rendered":"Dovan\u0173 kuponas 10 EUR"},"content":{"rendered":"<h4><strong>Dovan\u0173 kupono suma:<\/strong><\/h4>\n<ul>\n<li>10 EUR<\/li>\n<\/ul>\n<h4><strong>Dovan\u0173 kupono panaudojimo taisykl\u0117s:<\/strong><\/h4>\n<ul>\n<li>Dovan\u0173 kupon\u0105 galima panaudoti vieno apsipirkimo metu tinklalapyje www.nerasa.eu<\/li>\n<li>Jeigu dovan\u0173 kupono sumos nepakanka apmok\u0117ti u\u017e i\u0161sirinktas prekes skirtumas apmokamas pirkimo metu.<\/li>\n<li>Jeigu dovan\u0173 kupono suma yra didesn\u0117 nei i\u0161sirinkt\u0173 preki\u0173 krep\u0161elio suma skirtumas n\u0117ra gr\u0105\u017einamas.<\/li>\n<li>Dovan\u0173 kuponas galioja tol, kol j\u012f panaudosi arba kol egzistuoja www.nerasa.eu<\/li>\n<li>Dovan\u0173 kuponai \u012f pinigus nekei\u010diami.<\/li>\n<\/ul>\n<h4><strong>\u00a0Kaip panaudoti dovan\u0173 kupon\u0105:<\/strong><\/h4>\n<ul>\n<li>\u012esid\u0117kite norimas prekes \u012f preki\u0173 krep\u0161el\u012f.<\/li>\n<li>\u012e\u0117jus \u012f krep\u0161el\u012f laukelyje &#8220;NUOLAIDOS KODAS&#8221; \u012fra\u0161ykite gauto Dovan\u0173 kupono kod\u0105.<\/li>\n<li>Jeigu turite kelis dovan\u0173 kuponus ir norite juos panaudoti vieno apsipirkimo metu, pakartokite kupono kodo \u012fvedimo proced\u016br\u0105 tiek kart\u0173, kiek turite kupon\u0173 kod\u0173.<\/li>\n<\/ul>\n","protected":false},"excerpt":{"rendered":"<p>Ie\u0161kai dovanos ir dvejoji, ar tiks i\u0161rinktos prek\u0117s dydis, ar patiks spalva?<\/p>\n<p>O gal prireik\u0117 paskutin\u0117s minut\u0117s dovanos, kurios reikia \u010dia ir dabar?<\/p>\n<p>Tuomet dovan\u0173 kuponas skirtas b\u016btent Tau &#8211; Jis suteiks laisv\u0119 tavo mylimam \u017emogui i\u0161sirinkti b\u016btent tai, kas Jam tinka ir patinka.<\/p>\n<p>Dovan\u0173 kuponas J\u016bs\u0173 nurodytu elektroniuniu pa\u0161tu bus atsi\u0173stas poros valand\u0173 b\u0117gyje po apmok\u0117jimo gavimo (perkant dienos metu \ud83d\ude42 \u012fsigijus kupon\u0105 v\u0117lai vakare ar nakt\u012f kuponas bus atsi\u0173stas kit\u0105 dien\u0105 \ud83d\ude42 ).<\/p>\n<p>Jums tik beliks j\u012f atsispausdinti ir padovanoti.<\/p>\n<h4><strong>Dovan\u0173 kupono suma:<\/strong><\/h4>\n<ul>\n<li>10 EUR<\/li>\n<\/ul>\n","protected":false},"featured_media":23719,"template":"","meta":{"_mi_skip_tracking":false,"_monsterinsights_sitenote_active":false,"_monsterinsights_sitenote_note":"","_monsterinsights_sitenote_category":0,"spay_email":""},"product-groups":[],"product_cat":[1674],"product_tag":[],"acf":[],"yoast_head":"<!-- This site is optimized with the Yoast SEO plugin v17.4 - https:\/\/yoast.com\/wordpress\/plugins\/seo\/ -->\n<title>Dovan\u0173 kuponas 10 EUR - ne.rasa<\/title>\n<meta name=\"robots\" content=\"index, follow, max-snippet:-1, max-image-preview:large, max-video-preview:-1\" \/>\n<link rel=\"canonical\" href=\"https:\/\/nerasa.eu\/lt\/p\/dovanu-kuponas-10-eur\/\" \/>\n<meta property=\"og:locale\" content=\"lt_LT\" \/>\n<meta property=\"og:type\" content=\"article\" \/>\n<meta property=\"og:title\" content=\"Dovan\u0173 kuponas 10 EUR - ne.rasa\" \/>\n<meta property=\"og:description\" content=\"Ie\u0161kai dovanos ir dvejoji, ar tiks i\u0161rinktos prek\u0117s dydis, ar patiks spalva?  O gal prireik\u0117 paskutin\u0117s minut\u0117s dovanos, kurios reikia \u010dia ir dabar?  Tuomet dovan\u0173 kuponas skirtas b\u016btent Tau - Jis suteiks laisv\u0119 tavo mylimam \u017emogui i\u0161sirinkti b\u016btent tai, kas Jam tinka ir patinka.  Dovan\u0173 kuponas J\u016bs\u0173 nurodytu elektroniuniu pa\u0161tu bus atsi\u0173stas poros valand\u0173 b\u0117gyje po apmok\u0117jimo gavimo (perkant dienos metu :) \u012fsigijus kupon\u0105 v\u0117lai vakare ar nakt\u012f kuponas bus atsi\u0173stas kit\u0105 dien\u0105 :) ).  Jums tik beliks j\u012f atsispausdinti ir padovanoti. Dovan\u0173 kupono suma:   10 EUR\" \/>\n<meta property=\"og:url\" content=\"https:\/\/nerasa.eu\/lt\/p\/dovanu-kuponas-10-eur\/\" \/>\n<meta property=\"og:site_name\" content=\"ne.rasa\" \/>\n<meta property=\"article:publisher\" content=\"https:\/\/www.facebook.com\/nerasa.eu\" \/>\n<meta property=\"article:modified_time\" content=\"2022-04-08T05:11:32+00:00\" \/>\n<meta property=\"og:image\" content=\"https:\/\/nerasa.eu\/wp-content\/uploads\/2021\/12\/10.png\" \/>\n\t<meta property=\"og:image:width\" content=\"1773\" \/>\n\t<meta property=\"og:image:height\" content=\"2658\" \/>\n<meta name=\"twitter:card\" content=\"summary\" \/>\n<meta name=\"twitter:label1\" content=\"Est. reading time\" \/>\n\t<meta name=\"twitter:data1\" content=\"1 minut\u0117\" \/>\n<script type=\"application\/ld+json\" class=\"yoast-schema-graph\">{\"@context\":\"https:\/\/schema.org\",\"@graph\":[{\"@type\":\"Organization\",\"@id\":\"https:\/\/nerasa.eu\/lt\/#organization\",\"name\":\"ne.rasa\",\"url\":\"https:\/\/nerasa.eu\/lt\/\",\"sameAs\":[\"https:\/\/www.facebook.com\/nerasa.eu\"],\"logo\":{\"@type\":\"ImageObject\",\"@id\":\"https:\/\/nerasa.eu\/lt\/#logo\",\"inLanguage\":\"lt-LT\",\"url\":\"https:\/\/nerasa.eu\/wp-content\/uploads\/2017\/09\/logo-borderless-1-e1506375274625.png\",\"contentUrl\":\"https:\/\/nerasa.eu\/wp-content\/uploads\/2017\/09\/logo-borderless-1-e1506375274625.png\",\"width\":105,\"height\":93,\"caption\":\"ne.rasa\"},\"image\":{\"@id\":\"https:\/\/nerasa.eu\/lt\/#logo\"}},{\"@type\":\"WebSite\",\"@id\":\"https:\/\/nerasa.eu\/lt\/#website\",\"url\":\"https:\/\/nerasa.eu\/lt\/\",\"name\":\"ne.rasa\",\"description\":\"\",\"publisher\":{\"@id\":\"https:\/\/nerasa.eu\/lt\/#organization\"},\"potentialAction\":[{\"@type\":\"SearchAction\",\"target\":{\"@type\":\"EntryPoint\",\"urlTemplate\":\"https:\/\/nerasa.eu\/lt\/?s={search_term_string}\"},\"query-input\":\"required name=search_term_string\"}],\"inLanguage\":\"lt-LT\"},{\"@type\":\"ImageObject\",\"@id\":\"https:\/\/nerasa.eu\/lt\/p\/dovanu-kuponas-10-eur\/#primaryimage\",\"inLanguage\":\"lt-LT\",\"url\":\"https:\/\/nerasa.eu\/wp-content\/uploads\/2021\/12\/10.png\",\"contentUrl\":\"https:\/\/nerasa.eu\/wp-content\/uploads\/2021\/12\/10.png\",\"width\":1773,\"height\":2658,\"caption\":\"Gift card\"},{\"@type\":\"WebPage\",\"@id\":\"https:\/\/nerasa.eu\/lt\/p\/dovanu-kuponas-10-eur\/#webpage\",\"url\":\"https:\/\/nerasa.eu\/lt\/p\/dovanu-kuponas-10-eur\/\",\"name\":\"Dovan\\u0173 kuponas 10 EUR - ne.rasa\",\"isPartOf\":{\"@id\":\"https:\/\/nerasa.eu\/lt\/#website\"},\"primaryImageOfPage\":{\"@id\":\"https:\/\/nerasa.eu\/lt\/p\/dovanu-kuponas-10-eur\/#primaryimage\"},\"datePublished\":\"2021-12-07T12:06:15+00:00\",\"dateModified\":\"2022-04-08T05:11:32+00:00\",\"breadcrumb\":{\"@id\":\"https:\/\/nerasa.eu\/lt\/p\/dovanu-kuponas-10-eur\/#breadcrumb\"},\"inLanguage\":\"lt-LT\",\"potentialAction\":[{\"@type\":\"ReadAction\",\"target\":[\"https:\/\/nerasa.eu\/lt\/p\/dovanu-kuponas-10-eur\/\"]}]},{\"@type\":\"BreadcrumbList\",\"@id\":\"https:\/\/nerasa.eu\/lt\/p\/dovanu-kuponas-10-eur\/#breadcrumb\",\"itemListElement\":[{\"@type\":\"ListItem\",\"position\":1,\"name\":\"Pagrindinis\",\"item\":\"https:\/\/nerasa.eu\/lt\/\"},{\"@type\":\"ListItem\",\"position\":2,\"name\":\"Parduotuv\\u0117\",\"item\":\"https:\/\/nerasa.eu\/lt\/parduotuve\/\"},{\"@type\":\"ListItem\",\"position\":3,\"name\":\"Dovan\\u0173 kuponas 10 EUR\"}]}]}<\/script>\n<!-- \/ Yoast SEO plugin. -->","yoast_head_json":{"title":"Dovan\u0173 kuponas 10 EUR - ne.rasa","robots":{"index":"index","follow":"follow","max-snippet":"max-snippet:-1","max-image-preview":"max-image-preview:large","max-video-preview":"max-video-preview:-1"},"canonical":"https:\/\/nerasa.eu\/lt\/p\/dovanu-kuponas-10-eur\/","og_locale":"lt_LT","og_type":"article","og_title":"Dovan\u0173 kuponas 10 EUR - ne.rasa","og_description":"Ie\u0161kai dovanos ir dvejoji, ar tiks i\u0161rinktos prek\u0117s dydis, ar patiks spalva?  O gal prireik\u0117 paskutin\u0117s minut\u0117s dovanos, kurios reikia \u010dia ir dabar?  Tuomet dovan\u0173 kuponas skirtas b\u016btent Tau - Jis suteiks laisv\u0119 tavo mylimam \u017emogui i\u0161sirinkti b\u016btent tai, kas Jam tinka ir patinka.  Dovan\u0173 kuponas J\u016bs\u0173 nurodytu elektroniuniu pa\u0161tu bus atsi\u0173stas poros valand\u0173 b\u0117gyje po apmok\u0117jimo gavimo (perkant dienos metu :) \u012fsigijus kupon\u0105 v\u0117lai vakare ar nakt\u012f kuponas bus atsi\u0173stas kit\u0105 dien\u0105 :) ).  Jums tik beliks j\u012f atsispausdinti ir padovanoti. Dovan\u0173 kupono suma:   10 EUR","og_url":"https:\/\/nerasa.eu\/lt\/p\/dovanu-kuponas-10-eur\/","og_site_name":"ne.rasa","article_publisher":"https:\/\/www.facebook.com\/nerasa.eu","article_modified_time":"2022-04-08T05:11:32+00:00","og_image":[{"width":1773,"height":2658,"url":"https:\/\/nerasa.eu\/wp-content\/uploads\/2021\/12\/10.png","type":"image\/png"}],"twitter_card":"summary","twitter_misc":{"Est. reading time":"1 minut\u0117"},"schema":{"@context":"https:\/\/schema.org","@graph":[{"@type":"Organization","@id":"https:\/\/nerasa.eu\/lt\/#organization","name":"ne.rasa","url":"https:\/\/nerasa.eu\/lt\/","sameAs":["https:\/\/www.facebook.com\/nerasa.eu"],"logo":{"@type":"ImageObject","@id":"https:\/\/nerasa.eu\/lt\/#logo","inLanguage":"lt-LT","url":"https:\/\/nerasa.eu\/wp-content\/uploads\/2017\/09\/logo-borderless-1-e1506375274625.png","contentUrl":"https:\/\/nerasa.eu\/wp-content\/uploads\/2017\/09\/logo-borderless-1-e1506375274625.png","width":105,"height":93,"caption":"ne.rasa"},"image":{"@id":"https:\/\/nerasa.eu\/lt\/#logo"}},{"@type":"WebSite","@id":"https:\/\/nerasa.eu\/lt\/#website","url":"https:\/\/nerasa.eu\/lt\/","name":"ne.rasa","description":"","publisher":{"@id":"https:\/\/nerasa.eu\/lt\/#organization"},"potentialAction":[{"@type":"SearchAction","target":{"@type":"EntryPoint","urlTemplate":"https:\/\/nerasa.eu\/lt\/?s={search_term_string}"},"query-input":"required name=search_term_string"}],"inLanguage":"lt-LT"},{"@type":"ImageObject","@id":"https:\/\/nerasa.eu\/lt\/p\/dovanu-kuponas-10-eur\/#primaryimage","inLanguage":"lt-LT","url":"https:\/\/nerasa.eu\/wp-content\/uploads\/2021\/12\/10.png","contentUrl":"https:\/\/nerasa.eu\/wp-content\/uploads\/2021\/12\/10.png","width":1773,"height":2658,"caption":"Gift card"},{"@type":"WebPage","@id":"https:\/\/nerasa.eu\/lt\/p\/dovanu-kuponas-10-eur\/#webpage","url":"https:\/\/nerasa.eu\/lt\/p\/dovanu-kuponas-10-eur\/","name":"Dovan\u0173 kuponas 10 EUR - ne.rasa","isPartOf":{"@id":"https:\/\/nerasa.eu\/lt\/#website"},"primaryImageOfPage":{"@id":"https:\/\/nerasa.eu\/lt\/p\/dovanu-kuponas-10-eur\/#primaryimage"},"datePublished":"2021-12-07T12:06:15+00:00","dateModified":"2022-04-08T05:11:32+00:00","breadcrumb":{"@id":"https:\/\/nerasa.eu\/lt\/p\/dovanu-kuponas-10-eur\/#breadcrumb"},"inLanguage":"lt-LT","potentialAction":[{"@type":"ReadAction","target":["https:\/\/nerasa.eu\/lt\/p\/dovanu-kuponas-10-eur\/"]}]},{"@type":"BreadcrumbList","@id":"https:\/\/nerasa.eu\/lt\/p\/dovanu-kuponas-10-eur\/#breadcrumb","itemListElement":[{"@type":"ListItem","position":1,"name":"Pagrindinis","item":"https:\/\/nerasa.eu\/lt\/"},{"@type":"ListItem","position":2,"name":"Parduotuv\u0117","item":"https:\/\/nerasa.eu\/lt\/parduotuve\/"},{"@type":"ListItem","position":3,"name":"Dovan\u0173 kuponas 10 EUR"}]}]}},"_links":{"self":[{"href":"https:\/\/nerasa.eu\/lt\/wp-json\/wp\/v2\/product\/23720"}],"collection":[{"href":"https:\/\/nerasa.eu\/lt\/wp-json\/wp\/v2\/product"}],"about":[{"href":"https:\/\/nerasa.eu\/lt\/wp-json\/wp\/v2\/types\/product"}],"wp:featuredmedia":[{"embeddable":true,"href":"https:\/\/nerasa.eu\/lt\/wp-json\/wp\/v2\/media\/23719"}],"wp:attachment":[{"href":"https:\/\/nerasa.eu\/lt\/wp-json\/wp\/v2\/media?parent=23720"}],"wp:term":[{"taxonomy":"product-groups","embeddable":true,"href":"https:\/\/nerasa.eu\/lt\/wp-json\/wp\/v2\/product-groups?post=23720"},{"taxonomy":"product_cat","embeddable":true,"href":"https:\/\/nerasa.eu\/lt\/wp-json\/wp\/v2\/product_cat?post=23720"},{"taxonomy":"product_tag","embeddable":true,"href":"https:\/\/nerasa.eu\/lt\/wp-json\/wp\/v2\/product_tag?post=23720"}],"curies":[{"name":"wp","href":"https:\/\/api.w.org\/{rel}","templated":true}]}}