{"id":23166,"date":"2021-11-05T11:28:47","date_gmt":"2021-11-05T08:28:51","guid":{"rendered":"https:\/\/nerasa.eu\/?post_type=product&#038;p=23166"},"modified":"2024-10-21T21:39:41","modified_gmt":"2024-10-21T18:39:41","slug":"vaikiska-suknele-varpelis","status":"publish","type":"product","link":"https:\/\/nerasa.eu\/lt\/p\/vaikiska-suknele-varpelis\/","title":{"rendered":"Vaiki\u0161ka suknel\u0117 VARPELIS"},"content":{"rendered":"<p>Vaiki\u0161ka suknel\u0117 VARPELIS sukurta laimingoms ir aktyvioms mergait\u0117ms.<\/p>\n<p>Paprastas, bet itin patogus bei stilingas dizainas nevar\u017eo judesi\u0173, ki\u0161en\u0117s suteikia papildomo patogumo, o audinys su salvotais ta\u0161keliais suteikia \u017eaismingumo.<\/p>\n<h5>\u25b6 SUD\u0116TIS \u25c0<\/h5>\n<p>OEKO-TEX 100 standartu sertifikuotas trikota\u017eas:<\/p>\n<p>87%\u00a0 medviln\u0117, 8% elastanas, 5% poliesteris<\/p>\n<h5>\u25b6 DYD\u017dIO PASIRINKIMAS \u25c0<\/h5>\n<p>Dyd\u012f pasirinkite atsi\u017evelgdami \u012f mergait\u0117s \u016bg\u012f arba metus, jei ne\u017einote \u016bgio.<\/p>\n<h5><strong>\u25b6 SPALVA \u25c0<\/strong><\/h5>\n<p>Suknel\u0119 galite pasirinkti vienos i\u0161 \u0161i\u0173 spalv\u0173:<\/p>\n<ul>\n<li>Juoda<\/li>\n<li>\u0160viesi\/Dramblio kaulo<\/li>\n<li>M\u0117lyna<\/li>\n<li>\u017dalia<\/li>\n<\/ul>\n<p>Visos spalvos yra su smulkiais spalvotais ta\u0161ku\u010diais.<\/p>\n<h5>\u25b6 PRIE\u017dI\u016aRA \u25c0<\/h5>\n<p>\u25c8 Skalbkite lengva skalbimo ma\u0161inos programa 30 laipsni\u0173 temperat\u016broje.<\/p>\n<p>\u25c8 Ned\u017eiovinkite d\u017eiovykl\u0117je, nebalinkite.<\/p>\n<h5><strong>\u25b6 I\u0160ANKSTINIS U\u017dSAKYMAS \u25c0<\/strong><\/h5>\n<p>Jei pasirinkus norim\u0105 suknel\u0117s spalv\u0105 ir dyd\u012f matote u\u017era\u0161\u0105 I\u0160ANKSTINIS U\u017dSAKYMAS, vadinasi suknyt\u0119 pagaminsime specialiai Jums po J\u016bs\u0173 u\u017esakymo gavimo. Gamyba u\u017etrunka 3-5 d.d.<\/p>\n<p>PAGAMINTA LIETUVOJE!<\/p>\n","protected":false},"excerpt":{"rendered":"<p>Paprastas, bet itin patogus bei stilingas dizainas nevar\u017eo judesi\u0173, ki\u0161en\u0117s suteikia papildomo patogumo, o audinys su salvotais ta\u0161keliais suteikia \u017eaismingumo.<\/p>\n<h5>\u25b6 SUD\u0116TIS \u25c0<\/h5>\n<p>OEKO-TEX 100 standartu sertifikuotas trikota\u017eas:<\/p>\n<p>87%\u00a0 medviln\u0117, 8% elastanas, 5% poliesteris<\/p>\n<h5>\u25b6 DYD\u017dIO PASIRINKIMAS \u25c0<\/h5>\n<p>Dyd\u012f pasirinkite atsi\u017evelgdami \u012f mergait\u0117s \u016bg\u012f arba metus, jei ne\u017einote \u016bgio.<\/p>\n<h5><strong>\u25b6 SPALVA \u25c0<\/strong><\/h5>\n<p>Suknel\u0119 galite pasirinkti vienos i\u0161 \u0161i\u0173 spalv\u0173:<\/p>\n<ul>\n<li>Juoda<\/li>\n<li>\u0160viesi\/Dramblio kaulo<\/li>\n<li>M\u0117lyna<\/li>\n<li>\u017dalia<\/li>\n<\/ul>\n<p>Visos spalvos yra su smulkiais spalvotais ta\u0161ku\u010diais.<\/p>\n<h5><strong>\u25b6 I\u0160ANKSTINIS U\u017dSAKYMAS \u25c0<\/strong><\/h5>\n<p>Jei pasirinkus norim\u0105 suknel\u0117s spalv\u0105 ir dyd\u012f matote u\u017era\u0161\u0105 I\u0160ANKSTINIS U\u017dSAKYMAS, vadinasi suknyt\u0119 pagaminsime specialiai Jums po J\u016bs\u0173 u\u017esakymo gavimo. Gamyba u\u017etrunka 3-5 d.d.<\/p>\n<p>PAGAMINTA LIETUVOJE!<\/p>\n","protected":false},"featured_media":23210,"template":"","meta":{"_mi_skip_tracking":false,"_monsterinsights_sitenote_active":false,"_monsterinsights_sitenote_note":"","_monsterinsights_sitenote_category":0,"spay_email":""},"product-groups":[],"product_cat":[378,1672,1191],"product_tag":[],"acf":[],"yoast_head":"<!-- This site is optimized with the Yoast SEO plugin v17.4 - https:\/\/yoast.com\/wordpress\/plugins\/seo\/ -->\n<title>Vaiki\u0161ka suknel\u0117 VARPELIS - ne.rasa<\/title>\n<meta name=\"description\" content=\"Vaiki\u0161ka suknel\u0117 VARPELIS - itin patogus bei stilingas dizainas nevar\u017eo judesi\u0173, ki\u0161en\u0117s suteikia papildomo patogumo.\" \/>\n<meta name=\"robots\" content=\"index, follow, max-snippet:-1, max-image-preview:large, max-video-preview:-1\" \/>\n<link rel=\"canonical\" href=\"https:\/\/nerasa.eu\/lt\/p\/vaikiska-suknele-varpelis\/\" \/>\n<meta property=\"og:locale\" content=\"lt_LT\" \/>\n<meta property=\"og:type\" content=\"article\" \/>\n<meta property=\"og:title\" content=\"Vaiki\u0161ka suknel\u0117 VARPELIS - ne.rasa\" \/>\n<meta property=\"og:description\" content=\"Vaiki\u0161ka suknel\u0117 VARPELIS - itin patogus bei stilingas dizainas nevar\u017eo judesi\u0173, ki\u0161en\u0117s suteikia papildomo patogumo.\" \/>\n<meta property=\"og:url\" content=\"https:\/\/nerasa.eu\/lt\/p\/vaikiska-suknele-varpelis\/\" \/>\n<meta property=\"og:site_name\" content=\"ne.rasa\" \/>\n<meta property=\"article:publisher\" content=\"https:\/\/www.facebook.com\/nerasa.eu\" \/>\n<meta property=\"article:modified_time\" content=\"2024-10-21T18:39:41+00:00\" \/>\n<meta property=\"og:image\" content=\"https:\/\/nerasa.eu\/wp-content\/uploads\/2021\/11\/tamsus-varpelis7.jpg\" \/>\n\t<meta property=\"og:image:width\" content=\"1000\" \/>\n\t<meta property=\"og:image:height\" content=\"1500\" \/>\n<meta name=\"twitter:card\" content=\"summary\" \/>\n<meta name=\"twitter:label1\" content=\"Est. reading time\" \/>\n\t<meta name=\"twitter:data1\" content=\"1 minut\u0117\" \/>\n<script type=\"application\/ld+json\" class=\"yoast-schema-graph\">{\"@context\":\"https:\/\/schema.org\",\"@graph\":[{\"@type\":\"Organization\",\"@id\":\"https:\/\/nerasa.eu\/lt\/#organization\",\"name\":\"ne.rasa\",\"url\":\"https:\/\/nerasa.eu\/lt\/\",\"sameAs\":[\"https:\/\/www.facebook.com\/nerasa.eu\"],\"logo\":{\"@type\":\"ImageObject\",\"@id\":\"https:\/\/nerasa.eu\/lt\/#logo\",\"inLanguage\":\"lt-LT\",\"url\":\"https:\/\/nerasa.eu\/wp-content\/uploads\/2017\/09\/logo-borderless-1-e1506375274625.png\",\"contentUrl\":\"https:\/\/nerasa.eu\/wp-content\/uploads\/2017\/09\/logo-borderless-1-e1506375274625.png\",\"width\":105,\"height\":93,\"caption\":\"ne.rasa\"},\"image\":{\"@id\":\"https:\/\/nerasa.eu\/lt\/#logo\"}},{\"@type\":\"WebSite\",\"@id\":\"https:\/\/nerasa.eu\/lt\/#website\",\"url\":\"https:\/\/nerasa.eu\/lt\/\",\"name\":\"ne.rasa\",\"description\":\"\",\"publisher\":{\"@id\":\"https:\/\/nerasa.eu\/lt\/#organization\"},\"potentialAction\":[{\"@type\":\"SearchAction\",\"target\":{\"@type\":\"EntryPoint\",\"urlTemplate\":\"https:\/\/nerasa.eu\/lt\/?s={search_term_string}\"},\"query-input\":\"required name=search_term_string\"}],\"inLanguage\":\"lt-LT\"},{\"@type\":\"ImageObject\",\"@id\":\"https:\/\/nerasa.eu\/lt\/p\/vaikiska-suknele-varpelis\/#primaryimage\",\"inLanguage\":\"lt-LT\",\"url\":\"https:\/\/nerasa.eu\/wp-content\/uploads\/2021\/11\/tamsus-varpelis7.jpg\",\"contentUrl\":\"https:\/\/nerasa.eu\/wp-content\/uploads\/2021\/11\/tamsus-varpelis7.jpg\",\"width\":1000,\"height\":1500,\"caption\":\"Vaiki\\u0161ka suknel\\u0117 VARPELIS\"},{\"@type\":\"WebPage\",\"@id\":\"https:\/\/nerasa.eu\/lt\/p\/vaikiska-suknele-varpelis\/#webpage\",\"url\":\"https:\/\/nerasa.eu\/lt\/p\/vaikiska-suknele-varpelis\/\",\"name\":\"Vaiki\\u0161ka suknel\\u0117 VARPELIS - ne.rasa\",\"isPartOf\":{\"@id\":\"https:\/\/nerasa.eu\/lt\/#website\"},\"primaryImageOfPage\":{\"@id\":\"https:\/\/nerasa.eu\/lt\/p\/vaikiska-suknele-varpelis\/#primaryimage\"},\"datePublished\":\"2021-11-05T08:28:51+00:00\",\"dateModified\":\"2024-10-21T18:39:41+00:00\",\"description\":\"Vaiki\\u0161ka suknel\\u0117 VARPELIS - itin patogus bei stilingas dizainas nevar\\u017eo judesi\\u0173, ki\\u0161en\\u0117s suteikia papildomo patogumo.\",\"breadcrumb\":{\"@id\":\"https:\/\/nerasa.eu\/lt\/p\/vaikiska-suknele-varpelis\/#breadcrumb\"},\"inLanguage\":\"lt-LT\",\"potentialAction\":[{\"@type\":\"ReadAction\",\"target\":[\"https:\/\/nerasa.eu\/lt\/p\/vaikiska-suknele-varpelis\/\"]}]},{\"@type\":\"BreadcrumbList\",\"@id\":\"https:\/\/nerasa.eu\/lt\/p\/vaikiska-suknele-varpelis\/#breadcrumb\",\"itemListElement\":[{\"@type\":\"ListItem\",\"position\":1,\"name\":\"Pagrindinis\",\"item\":\"https:\/\/nerasa.eu\/lt\/\"},{\"@type\":\"ListItem\",\"position\":2,\"name\":\"Parduotuv\\u0117\",\"item\":\"https:\/\/nerasa.eu\/lt\/parduotuve\/\"},{\"@type\":\"ListItem\",\"position\":3,\"name\":\"Vaiki\\u0161ka suknel\\u0117 VARPELIS\"}]}]}<\/script>\n<!-- \/ Yoast SEO plugin. -->","yoast_head_json":{"title":"Vaiki\u0161ka suknel\u0117 VARPELIS - ne.rasa","description":"Vaiki\u0161ka suknel\u0117 VARPELIS - itin patogus bei stilingas dizainas nevar\u017eo judesi\u0173, ki\u0161en\u0117s suteikia papildomo patogumo.","robots":{"index":"index","follow":"follow","max-snippet":"max-snippet:-1","max-image-preview":"max-image-preview:large","max-video-preview":"max-video-preview:-1"},"canonical":"https:\/\/nerasa.eu\/lt\/p\/vaikiska-suknele-varpelis\/","og_locale":"lt_LT","og_type":"article","og_title":"Vaiki\u0161ka suknel\u0117 VARPELIS - ne.rasa","og_description":"Vaiki\u0161ka suknel\u0117 VARPELIS - itin patogus bei stilingas dizainas nevar\u017eo judesi\u0173, ki\u0161en\u0117s suteikia papildomo patogumo.","og_url":"https:\/\/nerasa.eu\/lt\/p\/vaikiska-suknele-varpelis\/","og_site_name":"ne.rasa","article_publisher":"https:\/\/www.facebook.com\/nerasa.eu","article_modified_time":"2024-10-21T18:39:41+00:00","og_image":[{"width":1000,"height":1500,"url":"https:\/\/nerasa.eu\/wp-content\/uploads\/2021\/11\/tamsus-varpelis7.jpg","type":"image\/jpeg"}],"twitter_card":"summary","twitter_misc":{"Est. reading time":"1 minut\u0117"},"schema":{"@context":"https:\/\/schema.org","@graph":[{"@type":"Organization","@id":"https:\/\/nerasa.eu\/lt\/#organization","name":"ne.rasa","url":"https:\/\/nerasa.eu\/lt\/","sameAs":["https:\/\/www.facebook.com\/nerasa.eu"],"logo":{"@type":"ImageObject","@id":"https:\/\/nerasa.eu\/lt\/#logo","inLanguage":"lt-LT","url":"https:\/\/nerasa.eu\/wp-content\/uploads\/2017\/09\/logo-borderless-1-e1506375274625.png","contentUrl":"https:\/\/nerasa.eu\/wp-content\/uploads\/2017\/09\/logo-borderless-1-e1506375274625.png","width":105,"height":93,"caption":"ne.rasa"},"image":{"@id":"https:\/\/nerasa.eu\/lt\/#logo"}},{"@type":"WebSite","@id":"https:\/\/nerasa.eu\/lt\/#website","url":"https:\/\/nerasa.eu\/lt\/","name":"ne.rasa","description":"","publisher":{"@id":"https:\/\/nerasa.eu\/lt\/#organization"},"potentialAction":[{"@type":"SearchAction","target":{"@type":"EntryPoint","urlTemplate":"https:\/\/nerasa.eu\/lt\/?s={search_term_string}"},"query-input":"required name=search_term_string"}],"inLanguage":"lt-LT"},{"@type":"ImageObject","@id":"https:\/\/nerasa.eu\/lt\/p\/vaikiska-suknele-varpelis\/#primaryimage","inLanguage":"lt-LT","url":"https:\/\/nerasa.eu\/wp-content\/uploads\/2021\/11\/tamsus-varpelis7.jpg","contentUrl":"https:\/\/nerasa.eu\/wp-content\/uploads\/2021\/11\/tamsus-varpelis7.jpg","width":1000,"height":1500,"caption":"Vaiki\u0161ka suknel\u0117 VARPELIS"},{"@type":"WebPage","@id":"https:\/\/nerasa.eu\/lt\/p\/vaikiska-suknele-varpelis\/#webpage","url":"https:\/\/nerasa.eu\/lt\/p\/vaikiska-suknele-varpelis\/","name":"Vaiki\u0161ka suknel\u0117 VARPELIS - ne.rasa","isPartOf":{"@id":"https:\/\/nerasa.eu\/lt\/#website"},"primaryImageOfPage":{"@id":"https:\/\/nerasa.eu\/lt\/p\/vaikiska-suknele-varpelis\/#primaryimage"},"datePublished":"2021-11-05T08:28:51+00:00","dateModified":"2024-10-21T18:39:41+00:00","description":"Vaiki\u0161ka suknel\u0117 VARPELIS - itin patogus bei stilingas dizainas nevar\u017eo judesi\u0173, ki\u0161en\u0117s suteikia papildomo patogumo.","breadcrumb":{"@id":"https:\/\/nerasa.eu\/lt\/p\/vaikiska-suknele-varpelis\/#breadcrumb"},"inLanguage":"lt-LT","potentialAction":[{"@type":"ReadAction","target":["https:\/\/nerasa.eu\/lt\/p\/vaikiska-suknele-varpelis\/"]}]},{"@type":"BreadcrumbList","@id":"https:\/\/nerasa.eu\/lt\/p\/vaikiska-suknele-varpelis\/#breadcrumb","itemListElement":[{"@type":"ListItem","position":1,"name":"Pagrindinis","item":"https:\/\/nerasa.eu\/lt\/"},{"@type":"ListItem","position":2,"name":"Parduotuv\u0117","item":"https:\/\/nerasa.eu\/lt\/parduotuve\/"},{"@type":"ListItem","position":3,"name":"Vaiki\u0161ka suknel\u0117 VARPELIS"}]}]}},"_links":{"self":[{"href":"https:\/\/nerasa.eu\/lt\/wp-json\/wp\/v2\/product\/23166"}],"collection":[{"href":"https:\/\/nerasa.eu\/lt\/wp-json\/wp\/v2\/product"}],"about":[{"href":"https:\/\/nerasa.eu\/lt\/wp-json\/wp\/v2\/types\/product"}],"wp:featuredmedia":[{"embeddable":true,"href":"https:\/\/nerasa.eu\/lt\/wp-json\/wp\/v2\/media\/23210"}],"wp:attachment":[{"href":"https:\/\/nerasa.eu\/lt\/wp-json\/wp\/v2\/media?parent=23166"}],"wp:term":[{"taxonomy":"product-groups","embeddable":true,"href":"https:\/\/nerasa.eu\/lt\/wp-json\/wp\/v2\/product-groups?post=23166"},{"taxonomy":"product_cat","embeddable":true,"href":"https:\/\/nerasa.eu\/lt\/wp-json\/wp\/v2\/product_cat?post=23166"},{"taxonomy":"product_tag","embeddable":true,"href":"https:\/\/nerasa.eu\/lt\/wp-json\/wp\/v2\/product_tag?post=23166"}],"curies":[{"name":"wp","href":"https:\/\/api.w.org\/{rel}","templated":true}]}}