{"id":16597,"date":"2020-11-19T15:20:43","date_gmt":"2020-11-19T12:20:45","guid":{"rendered":"https:\/\/nerasa.eu\/?post_type=product&#038;p=16597"},"modified":"2024-12-02T13:46:27","modified_gmt":"2024-12-02T10:46:27","slug":"vaikiskas-dzemperis-kiskutis","status":"publish","type":"product","link":"https:\/\/nerasa.eu\/lt\/p\/vaikiskas-dzemperis-kiskutis\/","title":{"rendered":"Vaiki\u0161kas d\u017eemperis &#8216;KI\u0160KUTIS&#8217;"},"content":{"rendered":"<p>\u0160iltas medviln\u0117s trikota\u017eo vaiki\u0161kas d\u017eemperis, kuris tinka tiek mergait\u0117ms, tiek berniukams. Dekoruotas rank\u0173 darbo eko odos KI\u0160KU\u010cIO aplikacija.<\/p>\n<p>T\u0117veliai, kurie m\u0117gsta derinti drabu\u017eius su savo vaikais tok\u012f pat tik suaugusi\u0173j\u0173 d\u017eemper\u012f gali rasti <a href=\"https:\/\/nerasa.eu\/lt\/c\/moterims\/dzemperiai-moterims\/trumpi-2\/\">suaugusi\u0173 d\u017eemperi\u0173 kategorijoje<\/a>.<\/p>\n<h5>\u25b6 SUD\u0116TIS \u25c0<\/h5>\n<p><em>Pilka spalva:<\/em> OEKO-TEX 100 standartu sertifikuotas organin\u0117s medviln\u0117s trikota\u017eas: 90% organin\u0117 medviln\u0117, 10% poliesteris.<\/p>\n<p><em>Kitos spalvos:<\/em> OEKO-TEX 100 standartu sertifikuotas medviln\u0117s trikota\u017eas su p\u016bkeliu vidin\u0117je pus\u0117je: 80% medviln\u0117, 20% poliesteris.<\/p>\n<p>Rank\u0173 darbo eko odos aplikacija.<\/p>\n<h5>\u25b6 DYD\u017dIO PASIRINKIMAS \u25c0<\/h5>\n<p>Dyd\u012f pasirinkite atsi\u017evelgdami \u012f vaiko \u016bg\u012f arba metus, jei ne\u017einote \u016bgio. D\u017eemperiukai gaminami ma\u017eyliams nuo 1-2 metuk\u0173 (dydis 86-92) iki 12-13 met\u0173 vaik\u0173 (dydis 150-160).<\/p>\n<p>Jei vaiku\u010dio \u016bgis yra tarp dyd\u017ei\u0173, visuomet rekomenduojame rinktis didesn\u012f dyd\u012f. Juk vaikai taip greitai auga, taip d\u017eemperiukas Jus d\u017eiugins daug ilgiau.<\/p>\n<p>Kartais to pa\u010dio am\u017eiaus ar \u016bgio vaikai b\u016bna skirting\u0173 i\u0161matavim\u0173, tad patariame atkreipti d\u0117mes\u012f \u012f tiklsius d\u017eemperio i\u0161matavimus pateiktus <a class=\"size-chart-pum\" href=\"#\">dyd\u017ei\u0173 lentel\u0117je.<\/a><\/p>\n<p>Jei reikia didesnio dyd\u017eio, pavyzd\u017eiui paaugliui vaikui, jaunuoliui ar sau, tiesiog pasi\u017evalgykite po <a href=\"https:\/\/nerasa.eu\/lt\/c\/moterims\/dzemperiai-moterims\/trumpi-2\/\"><strong>suaugusi\u0173<\/strong> <strong>d\u017eemeperi\u0173 kategorij\u0105.<\/strong>\u00a0<\/a><\/p>\n<p>Jei vistiek sunku apsispr\u0119sti d\u0117l reikiamo dyd\u017eio para\u0161ykite mums, tikrai patarsime.<\/p>\n<h5>\u25b6 PRIE\u017dI\u016aRA \u25c0<\/h5>\n<p>\u25c8 Skalbkite lengva skalbimo ma\u0161inos programa 30 laipsni\u0173 temperat\u016broje.<\/p>\n<p>\u25c8 Lyginkite ir skalbkite i\u0161vert\u0119 gamin\u012f \u012f i\u0161virk\u0161\u010di\u0105j\u0105 pus\u0119.<\/p>\n<p>\u25c8 Ned\u017eiovinkite d\u017eiovykl\u0117je, nebalinkite.<\/p>\n<h5><strong>\u25b6 I\u0160ANKSTINIS U\u017dSAKYMAS \u25c0<\/strong><\/h5>\n<p>Da\u017eniausiai d\u017eemperius gaminame po J\u016bs\u0173 u\u017esakymo gavimo. Gamyba prie\u0161 i\u0161siun\u010diant u\u017etrunka 3-7 darbo dienas!<\/p>\n<p>PAGAMINTA LIETUVOJE!<\/p>\n","protected":false},"excerpt":{"rendered":"<p>Patogus, \u0161iltas ir linksmas vaiki\u0161kas d\u017eemperis su rank\u0173 darbo eko odos KI\u0160KU\u010cIO aplikacija.<\/p>\n<h5>SUD\u0116TIS<\/h5>\n<p><em>Pilka spalva:<\/em> OEKO-TEX 100 standartu sertifikuotas organin\u0117s medviln\u0117s trikota\u017eas: 90% organin\u0117 medviln\u0117, 10% poliesteris.<\/p>\n<p><em>Kitos spalvos:<\/em> OEKO-TEX 100 standartu sertifikuotas medviln\u0117s trikota\u017eas su p\u016bkeliu vidin\u0117je pus\u0117je: 80% medviln\u0117, 20% poliesteris.<\/p>\n<p>Rank\u0173 darbo eko odos aplikacija.<\/p>\n<h5>DYD\u017dIO PASIRINKIMAS<\/h5>\n<p>Dyd\u012f pasirinkite atsi\u017evelgdami \u012f vaiko \u016bg\u012f arba metus, jei ne\u017einote \u016bgio.<\/p>\n<p>Jei vaiku\u010dio \u016bgis yra tarp dyd\u017ei\u0173, visuomet rekomenduojame rinktis didesn\u012f dyd\u012f. Juk vaikai taip greitai auga, taip d\u017eemperiukas Jus d\u017eiugins daug ilgiau.<\/p>\n<p>Kartais to pa\u010dio am\u017eiaus ar \u016bgio vaikai b\u016bna skirting\u0173 i\u0161matavim\u0173, tad patariame atkreipti d\u0117mes\u012f \u012f tiklsius d\u017eemperio i\u0161matavimus pateiktus <a class=\"size-chart-pum\" href=\"#\">dyd\u017ei\u0173 lentel\u0117je.<\/a><\/p>\n<p>Jei reikia didesnio dyd\u017eio, pavyzd\u017eiui paaugliui vaikui, jaunuoliui ar sau, tiesiog pasi\u017evalgykite po <a href=\"https:\/\/nerasa.eu\/lt\/c\/moterims\/dzemperiai-moterims\/trumpi-2\/\"><strong>suaugusi\u0173<\/strong> <strong>d\u017eemeperi\u0173 kategorij\u0105.<\/strong>\u00a0<\/a><\/p>\n<h5>I\u0160ANKSTINIS U\u017dSAKYMAS<\/h5>\n<p>Da\u017eniausiai d\u017eemperius gaminame po J\u016bs\u0173 u\u017esakymo gavimo. Gamyba prie\u0161 i\u0161siun\u010diant u\u017etrunka 3-7 darbo dienas!<\/p>\n<p>PAGAMINTA LIETUVOJE!<\/p>\n","protected":false},"featured_media":16619,"template":"","meta":{"_mi_skip_tracking":false,"_monsterinsights_sitenote_active":false,"_monsterinsights_sitenote_note":"","_monsterinsights_sitenote_category":0,"spay_email":""},"product-groups":[],"product_cat":[1191,1585],"product_tag":[1807],"acf":[],"yoast_head":"<!-- This site is optimized with the Yoast SEO plugin v17.4 - https:\/\/yoast.com\/wordpress\/plugins\/seo\/ -->\n<title>Vaiki\u0161kas d\u017eemperis &#039;KI\u0160KUTIS&#039; - ne.rasa - patog\u016bs vaiki\u0161ki d\u017eemperiai<\/title>\n<meta name=\"description\" content=\"Vaiki\u0161kas d\u017eemperis - patogus, \u0161iltas ir linksmas vaiki\u0161kas d\u017eemperis su rank\u0173 darbo eko odos KI\u0160KU\u010cIO aplikacija.\" \/>\n<meta name=\"robots\" content=\"index, follow, max-snippet:-1, max-image-preview:large, max-video-preview:-1\" \/>\n<link rel=\"canonical\" href=\"https:\/\/nerasa.eu\/lt\/p\/vaikiskas-dzemperis-kiskutis\/\" \/>\n<meta property=\"og:locale\" content=\"lt_LT\" \/>\n<meta property=\"og:type\" content=\"article\" \/>\n<meta property=\"og:title\" content=\"Vaiki\u0161kas d\u017eemperis &#039;KI\u0160KUTIS&#039; - ne.rasa - patog\u016bs vaiki\u0161ki d\u017eemperiai\" \/>\n<meta property=\"og:description\" content=\"Vaiki\u0161kas d\u017eemperis - patogus, \u0161iltas ir linksmas vaiki\u0161kas d\u017eemperis su rank\u0173 darbo eko odos KI\u0160KU\u010cIO aplikacija.\" \/>\n<meta property=\"og:url\" content=\"https:\/\/nerasa.eu\/lt\/p\/vaikiskas-dzemperis-kiskutis\/\" \/>\n<meta property=\"og:site_name\" content=\"ne.rasa\" \/>\n<meta property=\"article:publisher\" content=\"https:\/\/www.facebook.com\/nerasa.eu\" \/>\n<meta property=\"article:modified_time\" content=\"2024-12-02T10:46:27+00:00\" \/>\n<meta property=\"og:image\" content=\"https:\/\/nerasa.eu\/wp-content\/uploads\/2020\/11\/35A6368-1.jpg\" \/>\n\t<meta property=\"og:image:width\" content=\"1000\" \/>\n\t<meta property=\"og:image:height\" content=\"1447\" \/>\n<meta name=\"twitter:card\" content=\"summary\" \/>\n<meta name=\"twitter:label1\" content=\"Est. reading time\" \/>\n\t<meta name=\"twitter:data1\" content=\"1 minut\u0117\" \/>\n<script type=\"application\/ld+json\" class=\"yoast-schema-graph\">{\"@context\":\"https:\/\/schema.org\",\"@graph\":[{\"@type\":\"Organization\",\"@id\":\"https:\/\/nerasa.eu\/lt\/#organization\",\"name\":\"ne.rasa\",\"url\":\"https:\/\/nerasa.eu\/lt\/\",\"sameAs\":[\"https:\/\/www.facebook.com\/nerasa.eu\"],\"logo\":{\"@type\":\"ImageObject\",\"@id\":\"https:\/\/nerasa.eu\/lt\/#logo\",\"inLanguage\":\"lt-LT\",\"url\":\"https:\/\/nerasa.eu\/wp-content\/uploads\/2017\/09\/logo-borderless-1-e1506375274625.png\",\"contentUrl\":\"https:\/\/nerasa.eu\/wp-content\/uploads\/2017\/09\/logo-borderless-1-e1506375274625.png\",\"width\":105,\"height\":93,\"caption\":\"ne.rasa\"},\"image\":{\"@id\":\"https:\/\/nerasa.eu\/lt\/#logo\"}},{\"@type\":\"WebSite\",\"@id\":\"https:\/\/nerasa.eu\/lt\/#website\",\"url\":\"https:\/\/nerasa.eu\/lt\/\",\"name\":\"ne.rasa\",\"description\":\"\",\"publisher\":{\"@id\":\"https:\/\/nerasa.eu\/lt\/#organization\"},\"potentialAction\":[{\"@type\":\"SearchAction\",\"target\":{\"@type\":\"EntryPoint\",\"urlTemplate\":\"https:\/\/nerasa.eu\/lt\/?s={search_term_string}\"},\"query-input\":\"required name=search_term_string\"}],\"inLanguage\":\"lt-LT\"},{\"@type\":\"ImageObject\",\"@id\":\"https:\/\/nerasa.eu\/lt\/p\/vaikiskas-dzemperis-kiskutis\/#primaryimage\",\"inLanguage\":\"lt-LT\",\"url\":\"https:\/\/nerasa.eu\/wp-content\/uploads\/2020\/11\/35A6368-1.jpg\",\"contentUrl\":\"https:\/\/nerasa.eu\/wp-content\/uploads\/2020\/11\/35A6368-1.jpg\",\"width\":1000,\"height\":1447,\"caption\":\"Vaiki\\u0161kas d\\u017eemperis 'KI\\u0160KUTIS'\"},{\"@type\":\"WebPage\",\"@id\":\"https:\/\/nerasa.eu\/lt\/p\/vaikiskas-dzemperis-kiskutis\/#webpage\",\"url\":\"https:\/\/nerasa.eu\/lt\/p\/vaikiskas-dzemperis-kiskutis\/\",\"name\":\"Vaiki\\u0161kas d\\u017eemperis 'KI\\u0160KUTIS' - ne.rasa - patog\\u016bs vaiki\\u0161ki d\\u017eemperiai\",\"isPartOf\":{\"@id\":\"https:\/\/nerasa.eu\/lt\/#website\"},\"primaryImageOfPage\":{\"@id\":\"https:\/\/nerasa.eu\/lt\/p\/vaikiskas-dzemperis-kiskutis\/#primaryimage\"},\"datePublished\":\"2020-11-19T12:20:45+00:00\",\"dateModified\":\"2024-12-02T10:46:27+00:00\",\"description\":\"Vaiki\\u0161kas d\\u017eemperis - patogus, \\u0161iltas ir linksmas vaiki\\u0161kas d\\u017eemperis su rank\\u0173 darbo eko odos KI\\u0160KU\\u010cIO aplikacija.\",\"breadcrumb\":{\"@id\":\"https:\/\/nerasa.eu\/lt\/p\/vaikiskas-dzemperis-kiskutis\/#breadcrumb\"},\"inLanguage\":\"lt-LT\",\"potentialAction\":[{\"@type\":\"ReadAction\",\"target\":[\"https:\/\/nerasa.eu\/lt\/p\/vaikiskas-dzemperis-kiskutis\/\"]}]},{\"@type\":\"BreadcrumbList\",\"@id\":\"https:\/\/nerasa.eu\/lt\/p\/vaikiskas-dzemperis-kiskutis\/#breadcrumb\",\"itemListElement\":[{\"@type\":\"ListItem\",\"position\":1,\"name\":\"Pagrindinis\",\"item\":\"https:\/\/nerasa.eu\/lt\/\"},{\"@type\":\"ListItem\",\"position\":2,\"name\":\"Parduotuv\\u0117\",\"item\":\"https:\/\/nerasa.eu\/lt\/parduotuve\/\"},{\"@type\":\"ListItem\",\"position\":3,\"name\":\"Vaiki\\u0161kas d\\u017eemperis &#8216;KI\\u0160KUTIS&#8217;\"}]}]}<\/script>\n<!-- \/ Yoast SEO plugin. -->","yoast_head_json":{"title":"Vaiki\u0161kas d\u017eemperis 'KI\u0160KUTIS' - ne.rasa - patog\u016bs vaiki\u0161ki d\u017eemperiai","description":"Vaiki\u0161kas d\u017eemperis - patogus, \u0161iltas ir linksmas vaiki\u0161kas d\u017eemperis su rank\u0173 darbo eko odos KI\u0160KU\u010cIO aplikacija.","robots":{"index":"index","follow":"follow","max-snippet":"max-snippet:-1","max-image-preview":"max-image-preview:large","max-video-preview":"max-video-preview:-1"},"canonical":"https:\/\/nerasa.eu\/lt\/p\/vaikiskas-dzemperis-kiskutis\/","og_locale":"lt_LT","og_type":"article","og_title":"Vaiki\u0161kas d\u017eemperis 'KI\u0160KUTIS' - ne.rasa - patog\u016bs vaiki\u0161ki d\u017eemperiai","og_description":"Vaiki\u0161kas d\u017eemperis - patogus, \u0161iltas ir linksmas vaiki\u0161kas d\u017eemperis su rank\u0173 darbo eko odos KI\u0160KU\u010cIO aplikacija.","og_url":"https:\/\/nerasa.eu\/lt\/p\/vaikiskas-dzemperis-kiskutis\/","og_site_name":"ne.rasa","article_publisher":"https:\/\/www.facebook.com\/nerasa.eu","article_modified_time":"2024-12-02T10:46:27+00:00","og_image":[{"width":1000,"height":1447,"url":"https:\/\/nerasa.eu\/wp-content\/uploads\/2020\/11\/35A6368-1.jpg","type":"image\/jpeg"}],"twitter_card":"summary","twitter_misc":{"Est. reading time":"1 minut\u0117"},"schema":{"@context":"https:\/\/schema.org","@graph":[{"@type":"Organization","@id":"https:\/\/nerasa.eu\/lt\/#organization","name":"ne.rasa","url":"https:\/\/nerasa.eu\/lt\/","sameAs":["https:\/\/www.facebook.com\/nerasa.eu"],"logo":{"@type":"ImageObject","@id":"https:\/\/nerasa.eu\/lt\/#logo","inLanguage":"lt-LT","url":"https:\/\/nerasa.eu\/wp-content\/uploads\/2017\/09\/logo-borderless-1-e1506375274625.png","contentUrl":"https:\/\/nerasa.eu\/wp-content\/uploads\/2017\/09\/logo-borderless-1-e1506375274625.png","width":105,"height":93,"caption":"ne.rasa"},"image":{"@id":"https:\/\/nerasa.eu\/lt\/#logo"}},{"@type":"WebSite","@id":"https:\/\/nerasa.eu\/lt\/#website","url":"https:\/\/nerasa.eu\/lt\/","name":"ne.rasa","description":"","publisher":{"@id":"https:\/\/nerasa.eu\/lt\/#organization"},"potentialAction":[{"@type":"SearchAction","target":{"@type":"EntryPoint","urlTemplate":"https:\/\/nerasa.eu\/lt\/?s={search_term_string}"},"query-input":"required name=search_term_string"}],"inLanguage":"lt-LT"},{"@type":"ImageObject","@id":"https:\/\/nerasa.eu\/lt\/p\/vaikiskas-dzemperis-kiskutis\/#primaryimage","inLanguage":"lt-LT","url":"https:\/\/nerasa.eu\/wp-content\/uploads\/2020\/11\/35A6368-1.jpg","contentUrl":"https:\/\/nerasa.eu\/wp-content\/uploads\/2020\/11\/35A6368-1.jpg","width":1000,"height":1447,"caption":"Vaiki\u0161kas d\u017eemperis 'KI\u0160KUTIS'"},{"@type":"WebPage","@id":"https:\/\/nerasa.eu\/lt\/p\/vaikiskas-dzemperis-kiskutis\/#webpage","url":"https:\/\/nerasa.eu\/lt\/p\/vaikiskas-dzemperis-kiskutis\/","name":"Vaiki\u0161kas d\u017eemperis 'KI\u0160KUTIS' - ne.rasa - patog\u016bs vaiki\u0161ki d\u017eemperiai","isPartOf":{"@id":"https:\/\/nerasa.eu\/lt\/#website"},"primaryImageOfPage":{"@id":"https:\/\/nerasa.eu\/lt\/p\/vaikiskas-dzemperis-kiskutis\/#primaryimage"},"datePublished":"2020-11-19T12:20:45+00:00","dateModified":"2024-12-02T10:46:27+00:00","description":"Vaiki\u0161kas d\u017eemperis - patogus, \u0161iltas ir linksmas vaiki\u0161kas d\u017eemperis su rank\u0173 darbo eko odos KI\u0160KU\u010cIO aplikacija.","breadcrumb":{"@id":"https:\/\/nerasa.eu\/lt\/p\/vaikiskas-dzemperis-kiskutis\/#breadcrumb"},"inLanguage":"lt-LT","potentialAction":[{"@type":"ReadAction","target":["https:\/\/nerasa.eu\/lt\/p\/vaikiskas-dzemperis-kiskutis\/"]}]},{"@type":"BreadcrumbList","@id":"https:\/\/nerasa.eu\/lt\/p\/vaikiskas-dzemperis-kiskutis\/#breadcrumb","itemListElement":[{"@type":"ListItem","position":1,"name":"Pagrindinis","item":"https:\/\/nerasa.eu\/lt\/"},{"@type":"ListItem","position":2,"name":"Parduotuv\u0117","item":"https:\/\/nerasa.eu\/lt\/parduotuve\/"},{"@type":"ListItem","position":3,"name":"Vaiki\u0161kas d\u017eemperis &#8216;KI\u0160KUTIS&#8217;"}]}]}},"_links":{"self":[{"href":"https:\/\/nerasa.eu\/lt\/wp-json\/wp\/v2\/product\/16597"}],"collection":[{"href":"https:\/\/nerasa.eu\/lt\/wp-json\/wp\/v2\/product"}],"about":[{"href":"https:\/\/nerasa.eu\/lt\/wp-json\/wp\/v2\/types\/product"}],"wp:featuredmedia":[{"embeddable":true,"href":"https:\/\/nerasa.eu\/lt\/wp-json\/wp\/v2\/media\/16619"}],"wp:attachment":[{"href":"https:\/\/nerasa.eu\/lt\/wp-json\/wp\/v2\/media?parent=16597"}],"wp:term":[{"taxonomy":"product-groups","embeddable":true,"href":"https:\/\/nerasa.eu\/lt\/wp-json\/wp\/v2\/product-groups?post=16597"},{"taxonomy":"product_cat","embeddable":true,"href":"https:\/\/nerasa.eu\/lt\/wp-json\/wp\/v2\/product_cat?post=16597"},{"taxonomy":"product_tag","embeddable":true,"href":"https:\/\/nerasa.eu\/lt\/wp-json\/wp\/v2\/product_tag?post=16597"}],"curies":[{"name":"wp","href":"https:\/\/api.w.org\/{rel}","templated":true}]}}