{"id":16223,"date":"2020-11-18T16:34:31","date_gmt":"2020-11-18T13:34:34","guid":{"rendered":"https:\/\/nerasa.eu\/?post_type=product&#038;p=16223"},"modified":"2026-02-23T10:40:00","modified_gmt":"2026-02-23T07:40:00","slug":"siltas-pilkas-dzemperis-paprastumas","status":"publish","type":"product","link":"https:\/\/nerasa.eu\/lt\/p\/siltas-pilkas-dzemperis-paprastumas\/","title":{"rendered":"\u0160iltas d\u017eemperis &#8216;PAPRASTUMAS&#8217;"},"content":{"rendered":"<p>\u0160iltas d\u017eemperis &#8216;PAPRASTUMAS&#8217; &#8211; pagamintas i\u0161 mielo ir \u0161ilto medviln\u0117s trikota\u017eo su p\u016bkeliu vidin\u0117je pus\u0117je. D\u017eemperis puikiai tinka tiek vyrams, tiek moterims.<\/p>\n<h4>\u25b6 APIE D\u017dEMPER\u012e\u25c0<\/h4>\n<p>\u25c8 D\u017eemperio modelis apvaliu kaklu ir raglano tipo rankov\u0117mis.<\/p>\n<p>\u25c8 D\u017eemperis puikiai tiks rudens, \u017eiemos sezonui. Jis taip pat bus nepakei\u010diamas ir v\u0117siais pavasario ar vasaros vakarais.<\/p>\n<p>\u25c8 Pagamintas i\u0161 medviln\u0117s \u0161ilto trikota\u017eo su p\u016bkeliu vidin\u0117je pus\u0117je.<\/p>\n<p>Mes tikime l\u0117ta mada ir, kad \u0161\u012f d\u017eemper\u012f gal\u0117site d\u0117v\u0117ti ne vien\u0105 sezon\u0105!<\/p>\n<h4>\u25b6 SUD\u0116TIS \u25c0<\/h4>\n<p>PILKA SPALVA: OEKO-TEX 100 standartu sertifikuotas organin\u0117s medviln\u0117s trikota\u017eas: 90% organin\u0117 medviln\u0117, 10% poliesteris.<\/p>\n<p>KITOS SPALVOS: OEKO-TEX 100 standartu sertifikuotas medviln\u0117s trikota\u017eas su p\u016bkeliu vidin\u0117je pus\u0117je: 80% medviln\u0117, 20% poliesteris.<\/p>\n<h4>\u25b6DYD\u017dIO PASIRINKIMAS \u25c0<\/h4>\n<p>Prie\u0161 pasirinkdami dyd\u012f atkreipkite d\u0117mes\u012f \u012f <a class=\"size-chart-pum\" href=\"#\">dyd\u017ei\u0173 lentel\u0119<\/a> Jeigu m\u0117gstate laisvus &#8216;oversize&#8217; tipo drabu\u017eius galite rinktis 1 ar 2 dyd\u017eiais didesn\u012f d\u017eemper\u012f. D\u017eemperius gaminame nuo itin ma\u017eo XXS dyd\u017eio iki 6XL dyd\u017eio. Jeigu Jums reikia pagalbos i\u0161sirenakant tinkam\u0105 dyd\u012f, para\u0161ykite mums savo i\u0161matavimus:<\/p>\n<ul>\n<li>kr\u016btin\u0117s apimt\u012f,<\/li>\n<li>juosmens apimt\u012f,<\/li>\n<li>klub\u0173 apimt\u012f,<\/li>\n<li>\u016bg\u012f<\/li>\n<\/ul>\n<p>ir mes rekomenduosime Jums geriausiai tiksiant\u012f dyd\u012f.<\/p>\n<h4>\u25b6 PRIE\u017dI\u016aRA \u25c0<\/h4>\n<p>\u25c8 Skalbkite lengva skalbimo ma\u0161inos programa 30 laipsni\u0173 temperat\u016broje.<\/p>\n<p>\u25c8 Ned\u017eiovinkite d\u017eiovykl\u0117je, nebalinkite.<\/p>\n<h4>\u25b6 I\u0160ANKSTINIS U\u017dSAKYMAS \u25c0<\/h4>\n<p>Da\u017eniausiai d\u017eemperius gaminame po J\u016bs\u0173 u\u017esakymo gavimo. Gamyba prie\u0161 i\u0161siun\u010diant u\u017etrunka 2-5 darbo dienas!<\/p>\n<p>PAGAMINTA LIETUVOJE!<\/p>\n","protected":false},"excerpt":{"rendered":"<p>Mielas ir \u0161iltas d\u017eemperis, kuris tiks tiek vyrams, tiek moterims.<\/p>\n<h5>\u25b6 SUD\u0116TIS \u25c0<\/h5>\n<p><em><strong>PILKA SPALVA<\/strong><\/em>: OEKO-TEX 100 standartu sertifikuotas organin\u0117s medviln\u0117s trikota\u017eas: 90% organin\u0117 medviln\u0117, 10% poliesteris.<\/p>\n<p><em><strong>KITOS SPALVOS:<\/strong><\/em> OEKO-TEX 100 standartu sertifikuotas medviln\u0117s trikota\u017eas su p\u016bkeliu vidin\u0117je pus\u0117je: 80% medviln\u0117, 20% poliesteris.<\/p>\n<h5>\u25b6DYD\u017dIO PASIRINKIMAS \u25c0<\/h5>\n<p>Prie\u0161 pasirinkdami dyd\u012f atkreipkite d\u0117mes\u012f \u012f <a class=\"size-chart-pum\" href=\"#\">dyd\u017ei\u0173 lentel\u0119<\/a> Jeigu m\u0117gstate laisvus &#8216;oversize&#8217; tipo drabu\u017eius galite rinktis 1 ar 2 dyd\u017eiais didesn\u012f d\u017eemper\u012f.<\/p>\n<h4>\u25b6 I\u0160ANKSTINIS U\u017dSAKYMAS \u25c0<\/h4>\n<p>Da\u017eniausiai d\u017eemperius gaminame po J\u016bs\u0173 u\u017esakymo gavimo. Gamyba prie\u0161 i\u0161siun\u010diant u\u017etrunka 2-5 darbo dienas!<\/p>\n<p>PAGAMINTA LIETUVOJE!<\/p>\n","protected":false},"featured_media":36896,"template":"","meta":{"_mi_skip_tracking":false,"_monsterinsights_sitenote_active":false,"_monsterinsights_sitenote_note":"","_monsterinsights_sitenote_category":0,"spay_email":""},"product-groups":[],"product_cat":[356,374,1590,376,358,1591],"product_tag":[],"acf":[],"yoast_head":"<!-- This site is optimized with the Yoast SEO plugin v17.4 - https:\/\/yoast.com\/wordpress\/plugins\/seo\/ -->\n<title>\u0160iltas d\u017eemperis &#039;PAPRASTUMAS&#039; - ne.rasa - sukurta lietuvoje<\/title>\n<meta name=\"description\" content=\"\u0160iltas pilkas d\u017eemperis &#039;PAPRASTUMAS&#039;- jaukus d\u017eemperis, kuris tiks tiek vyrams, tiek moterims.\u00a0Sukurtas Lietuvoje.\" \/>\n<meta name=\"robots\" content=\"index, follow, max-snippet:-1, max-image-preview:large, max-video-preview:-1\" \/>\n<link rel=\"canonical\" href=\"https:\/\/nerasa.eu\/lt\/p\/siltas-pilkas-dzemperis-paprastumas\/\" \/>\n<meta property=\"og:locale\" content=\"lt_LT\" \/>\n<meta property=\"og:type\" content=\"article\" \/>\n<meta property=\"og:title\" content=\"\u0160iltas d\u017eemperis &#039;PAPRASTUMAS&#039; - ne.rasa - sukurta lietuvoje\" \/>\n<meta property=\"og:description\" content=\"\u0160iltas pilkas d\u017eemperis &#039;PAPRASTUMAS&#039;- jaukus d\u017eemperis, kuris tiks tiek vyrams, tiek moterims.\u00a0Sukurtas Lietuvoje.\" \/>\n<meta property=\"og:url\" content=\"https:\/\/nerasa.eu\/lt\/p\/siltas-pilkas-dzemperis-paprastumas\/\" \/>\n<meta property=\"og:site_name\" content=\"ne.rasa\" \/>\n<meta property=\"article:publisher\" content=\"https:\/\/www.facebook.com\/nerasa.eu\" \/>\n<meta property=\"article:modified_time\" content=\"2026-02-23T07:40:00+00:00\" \/>\n<meta property=\"og:image\" content=\"https:\/\/nerasa.eu\/wp-content\/uploads\/2020\/11\/IMG_9956-scaled.jpg\" \/>\n\t<meta property=\"og:image:width\" content=\"1707\" \/>\n\t<meta property=\"og:image:height\" content=\"2560\" \/>\n<meta name=\"twitter:card\" content=\"summary\" \/>\n<meta name=\"twitter:label1\" content=\"Est. reading time\" \/>\n\t<meta name=\"twitter:data1\" content=\"1 minut\u0117\" \/>\n<script type=\"application\/ld+json\" class=\"yoast-schema-graph\">{\"@context\":\"https:\/\/schema.org\",\"@graph\":[{\"@type\":\"Organization\",\"@id\":\"https:\/\/nerasa.eu\/lt\/#organization\",\"name\":\"ne.rasa\",\"url\":\"https:\/\/nerasa.eu\/lt\/\",\"sameAs\":[\"https:\/\/www.facebook.com\/nerasa.eu\"],\"logo\":{\"@type\":\"ImageObject\",\"@id\":\"https:\/\/nerasa.eu\/lt\/#logo\",\"inLanguage\":\"lt-LT\",\"url\":\"https:\/\/nerasa.eu\/wp-content\/uploads\/2017\/09\/logo-borderless-1-e1506375274625.png\",\"contentUrl\":\"https:\/\/nerasa.eu\/wp-content\/uploads\/2017\/09\/logo-borderless-1-e1506375274625.png\",\"width\":105,\"height\":93,\"caption\":\"ne.rasa\"},\"image\":{\"@id\":\"https:\/\/nerasa.eu\/lt\/#logo\"}},{\"@type\":\"WebSite\",\"@id\":\"https:\/\/nerasa.eu\/lt\/#website\",\"url\":\"https:\/\/nerasa.eu\/lt\/\",\"name\":\"ne.rasa\",\"description\":\"\",\"publisher\":{\"@id\":\"https:\/\/nerasa.eu\/lt\/#organization\"},\"potentialAction\":[{\"@type\":\"SearchAction\",\"target\":{\"@type\":\"EntryPoint\",\"urlTemplate\":\"https:\/\/nerasa.eu\/lt\/?s={search_term_string}\"},\"query-input\":\"required name=search_term_string\"}],\"inLanguage\":\"lt-LT\"},{\"@type\":\"ImageObject\",\"@id\":\"https:\/\/nerasa.eu\/lt\/p\/siltas-pilkas-dzemperis-paprastumas\/#primaryimage\",\"inLanguage\":\"lt-LT\",\"url\":\"https:\/\/nerasa.eu\/wp-content\/uploads\/2020\/11\/IMG_9956-scaled.jpg\",\"contentUrl\":\"https:\/\/nerasa.eu\/wp-content\/uploads\/2020\/11\/IMG_9956-scaled.jpg\",\"width\":1707,\"height\":2560,\"caption\":\"Warm cotton sweatshirt 'SIMPLICITY'\"},{\"@type\":\"WebPage\",\"@id\":\"https:\/\/nerasa.eu\/lt\/p\/siltas-pilkas-dzemperis-paprastumas\/#webpage\",\"url\":\"https:\/\/nerasa.eu\/lt\/p\/siltas-pilkas-dzemperis-paprastumas\/\",\"name\":\"\\u0160iltas d\\u017eemperis 'PAPRASTUMAS' - ne.rasa - sukurta lietuvoje\",\"isPartOf\":{\"@id\":\"https:\/\/nerasa.eu\/lt\/#website\"},\"primaryImageOfPage\":{\"@id\":\"https:\/\/nerasa.eu\/lt\/p\/siltas-pilkas-dzemperis-paprastumas\/#primaryimage\"},\"datePublished\":\"2020-11-18T13:34:34+00:00\",\"dateModified\":\"2026-02-23T07:40:00+00:00\",\"description\":\"\\u0160iltas pilkas d\\u017eemperis 'PAPRASTUMAS'- jaukus d\\u017eemperis, kuris tiks tiek vyrams, tiek moterims.\\u00a0Sukurtas Lietuvoje.\",\"breadcrumb\":{\"@id\":\"https:\/\/nerasa.eu\/lt\/p\/siltas-pilkas-dzemperis-paprastumas\/#breadcrumb\"},\"inLanguage\":\"lt-LT\",\"potentialAction\":[{\"@type\":\"ReadAction\",\"target\":[\"https:\/\/nerasa.eu\/lt\/p\/siltas-pilkas-dzemperis-paprastumas\/\"]}]},{\"@type\":\"BreadcrumbList\",\"@id\":\"https:\/\/nerasa.eu\/lt\/p\/siltas-pilkas-dzemperis-paprastumas\/#breadcrumb\",\"itemListElement\":[{\"@type\":\"ListItem\",\"position\":1,\"name\":\"Pagrindinis\",\"item\":\"https:\/\/nerasa.eu\/lt\/\"},{\"@type\":\"ListItem\",\"position\":2,\"name\":\"Parduotuv\\u0117\",\"item\":\"https:\/\/nerasa.eu\/lt\/parduotuve\/\"},{\"@type\":\"ListItem\",\"position\":3,\"name\":\"\\u0160iltas d\\u017eemperis &#8216;PAPRASTUMAS&#8217;\"}]}]}<\/script>\n<!-- \/ Yoast SEO plugin. -->","yoast_head_json":{"title":"\u0160iltas d\u017eemperis 'PAPRASTUMAS' - ne.rasa - sukurta lietuvoje","description":"\u0160iltas pilkas d\u017eemperis 'PAPRASTUMAS'- jaukus d\u017eemperis, kuris tiks tiek vyrams, tiek moterims.\u00a0Sukurtas Lietuvoje.","robots":{"index":"index","follow":"follow","max-snippet":"max-snippet:-1","max-image-preview":"max-image-preview:large","max-video-preview":"max-video-preview:-1"},"canonical":"https:\/\/nerasa.eu\/lt\/p\/siltas-pilkas-dzemperis-paprastumas\/","og_locale":"lt_LT","og_type":"article","og_title":"\u0160iltas d\u017eemperis 'PAPRASTUMAS' - ne.rasa - sukurta lietuvoje","og_description":"\u0160iltas pilkas d\u017eemperis 'PAPRASTUMAS'- jaukus d\u017eemperis, kuris tiks tiek vyrams, tiek moterims.\u00a0Sukurtas Lietuvoje.","og_url":"https:\/\/nerasa.eu\/lt\/p\/siltas-pilkas-dzemperis-paprastumas\/","og_site_name":"ne.rasa","article_publisher":"https:\/\/www.facebook.com\/nerasa.eu","article_modified_time":"2026-02-23T07:40:00+00:00","og_image":[{"width":1707,"height":2560,"url":"https:\/\/nerasa.eu\/wp-content\/uploads\/2020\/11\/IMG_9956-scaled.jpg","type":"image\/jpeg"}],"twitter_card":"summary","twitter_misc":{"Est. reading time":"1 minut\u0117"},"schema":{"@context":"https:\/\/schema.org","@graph":[{"@type":"Organization","@id":"https:\/\/nerasa.eu\/lt\/#organization","name":"ne.rasa","url":"https:\/\/nerasa.eu\/lt\/","sameAs":["https:\/\/www.facebook.com\/nerasa.eu"],"logo":{"@type":"ImageObject","@id":"https:\/\/nerasa.eu\/lt\/#logo","inLanguage":"lt-LT","url":"https:\/\/nerasa.eu\/wp-content\/uploads\/2017\/09\/logo-borderless-1-e1506375274625.png","contentUrl":"https:\/\/nerasa.eu\/wp-content\/uploads\/2017\/09\/logo-borderless-1-e1506375274625.png","width":105,"height":93,"caption":"ne.rasa"},"image":{"@id":"https:\/\/nerasa.eu\/lt\/#logo"}},{"@type":"WebSite","@id":"https:\/\/nerasa.eu\/lt\/#website","url":"https:\/\/nerasa.eu\/lt\/","name":"ne.rasa","description":"","publisher":{"@id":"https:\/\/nerasa.eu\/lt\/#organization"},"potentialAction":[{"@type":"SearchAction","target":{"@type":"EntryPoint","urlTemplate":"https:\/\/nerasa.eu\/lt\/?s={search_term_string}"},"query-input":"required name=search_term_string"}],"inLanguage":"lt-LT"},{"@type":"ImageObject","@id":"https:\/\/nerasa.eu\/lt\/p\/siltas-pilkas-dzemperis-paprastumas\/#primaryimage","inLanguage":"lt-LT","url":"https:\/\/nerasa.eu\/wp-content\/uploads\/2020\/11\/IMG_9956-scaled.jpg","contentUrl":"https:\/\/nerasa.eu\/wp-content\/uploads\/2020\/11\/IMG_9956-scaled.jpg","width":1707,"height":2560,"caption":"Warm cotton sweatshirt 'SIMPLICITY'"},{"@type":"WebPage","@id":"https:\/\/nerasa.eu\/lt\/p\/siltas-pilkas-dzemperis-paprastumas\/#webpage","url":"https:\/\/nerasa.eu\/lt\/p\/siltas-pilkas-dzemperis-paprastumas\/","name":"\u0160iltas d\u017eemperis 'PAPRASTUMAS' - ne.rasa - sukurta lietuvoje","isPartOf":{"@id":"https:\/\/nerasa.eu\/lt\/#website"},"primaryImageOfPage":{"@id":"https:\/\/nerasa.eu\/lt\/p\/siltas-pilkas-dzemperis-paprastumas\/#primaryimage"},"datePublished":"2020-11-18T13:34:34+00:00","dateModified":"2026-02-23T07:40:00+00:00","description":"\u0160iltas pilkas d\u017eemperis 'PAPRASTUMAS'- jaukus d\u017eemperis, kuris tiks tiek vyrams, tiek moterims.\u00a0Sukurtas Lietuvoje.","breadcrumb":{"@id":"https:\/\/nerasa.eu\/lt\/p\/siltas-pilkas-dzemperis-paprastumas\/#breadcrumb"},"inLanguage":"lt-LT","potentialAction":[{"@type":"ReadAction","target":["https:\/\/nerasa.eu\/lt\/p\/siltas-pilkas-dzemperis-paprastumas\/"]}]},{"@type":"BreadcrumbList","@id":"https:\/\/nerasa.eu\/lt\/p\/siltas-pilkas-dzemperis-paprastumas\/#breadcrumb","itemListElement":[{"@type":"ListItem","position":1,"name":"Pagrindinis","item":"https:\/\/nerasa.eu\/lt\/"},{"@type":"ListItem","position":2,"name":"Parduotuv\u0117","item":"https:\/\/nerasa.eu\/lt\/parduotuve\/"},{"@type":"ListItem","position":3,"name":"\u0160iltas d\u017eemperis &#8216;PAPRASTUMAS&#8217;"}]}]}},"_links":{"self":[{"href":"https:\/\/nerasa.eu\/lt\/wp-json\/wp\/v2\/product\/16223"}],"collection":[{"href":"https:\/\/nerasa.eu\/lt\/wp-json\/wp\/v2\/product"}],"about":[{"href":"https:\/\/nerasa.eu\/lt\/wp-json\/wp\/v2\/types\/product"}],"wp:featuredmedia":[{"embeddable":true,"href":"https:\/\/nerasa.eu\/lt\/wp-json\/wp\/v2\/media\/36896"}],"wp:attachment":[{"href":"https:\/\/nerasa.eu\/lt\/wp-json\/wp\/v2\/media?parent=16223"}],"wp:term":[{"taxonomy":"product-groups","embeddable":true,"href":"https:\/\/nerasa.eu\/lt\/wp-json\/wp\/v2\/product-groups?post=16223"},{"taxonomy":"product_cat","embeddable":true,"href":"https:\/\/nerasa.eu\/lt\/wp-json\/wp\/v2\/product_cat?post=16223"},{"taxonomy":"product_tag","embeddable":true,"href":"https:\/\/nerasa.eu\/lt\/wp-json\/wp\/v2\/product_tag?post=16223"}],"curies":[{"name":"wp","href":"https:\/\/api.w.org\/{rel}","templated":true}]}}