{"id":10930,"date":"2020-07-14T02:17:57","date_gmt":"2020-07-13T23:24:25","guid":{"rendered":"https:\/\/nerasa.eu\/?post_type=product&#038;p=10930"},"modified":"2024-11-19T21:17:39","modified_gmt":"2024-11-19T18:17:39","slug":"tampres-aukstu-liemeniu","status":"publish","type":"product","link":"https:\/\/nerasa.eu\/lt\/p\/tampres-aukstu-liemeniu\/","title":{"rendered":"Tampr\u0117s auk\u0161tu liemeniu"},"content":{"rendered":"<p>Tampr\u0117s auk\u0161tu liemeniu &#8211; ypatingai patogios, pagamintos i\u0161 ne plono d\u017einso imitacijos medviln\u0117s trikota\u017eo. Su pla\u010dia guma juosmens srityje, nepersi\u0161vie\u010dia. Puikiai galite priderinti prie \u012fvairi\u0173 drabu\u017ei\u0173: tunik\u0173, palaidini\u0173, d\u017eemperi\u0173. O priderinus skirtingus batus sukursite skirtingus \u012fvaizd\u017eius su tuo pa\u010diu drabu\u017eiu. Puikiai atrodo tiek su kedukais, tiek su auk\u0161takulniais. Rekomenduojame kasdieniniam d\u0117v\u0117jimui, ta\u010diau ne sportui \ud83d\ude42<\/p>\n<p>Mes tikime Tvaria mada! Labai tikim\u0117s, kad tampr\u0117s Jums tarnaus ne vien\u0105 sezon\u0105!<\/p>\n<h4><span style=\"font-weight: 400;\">SUD\u0116TIS<\/span><\/h4>\n<p>72% medviln\u0117, 20% poliesteris, 8% elastanas<\/p>\n<h4><span style=\"font-weight: 400;\">DYD\u017dIO PASIRINKIMAS<\/span><\/h4>\n<p>Prie\u0161 pasirinkdami dyd\u012f atkreipkite d\u0117mes\u012f \u012f <a class=\"size-chart-pum\" href=\"#\">dyd\u017ei\u0173 lentel\u0119<\/a>.<\/p>\n<h4><span style=\"font-weight: 400;\">SPALVA<\/span><\/h4>\n<p>Pasirinkite vien\u0105 i\u0161 m\u016bs\u0173 si\u016blom\u0173 spalv\u0173: Juodas d\u017einsas, M\u0117lynas d\u017einsas, Tamsiai m\u0117lynas d\u017einsas, Baltas d\u017einsas. Spalva realyb\u0117je gali \u0161iek tiek skirtis, nuo to, k\u0105 matote savo ekrane d\u0117l J\u016bs\u0173 telefono, ar monitroriaus nustatym\u0173.<\/p>\n<h4><span style=\"font-weight: 400;\">PRIE\u017dI\u016aRA<\/span><\/h4>\n<p><span style=\"font-weight: 400;\">Skalbkite\u00a0 30 laipsni\u0173 temperat\u016broje<\/span><\/p>\n<h4><span style=\"font-weight: 400;\">I\u0160ANKSTINIS U\u017dSAKYMAS<\/span><\/h4>\n<p>Jei rinkdamiesi prek\u0119 matote u\u017era\u0161\u0105 I\u0160ANKSTINIS U\u017dSAKYMAS, tai rei\u0161kia, kad gaminio \u0161iuo metu vietoje neturime ir j\u012f pagaminsime specialiai Jums, po J\u016bs\u0173 u\u017esakymo gavimo. Gamyba u\u017etrunka nuo 2 d.d. &#8211; 5\u00a0 d.d., priklausomai nuo to, kiek tuo metu turime u\u017esakym\u0173. Kiekvienu atveju Jus informuosime, kiek tiksliai u\u017etruks gamybos procesas.<\/p>\n<h4><span style=\"font-weight: 400;\">PAGAMINTA LIETUVOJE<\/span><\/h4>\n<p>&nbsp;<\/p>\n","protected":false},"excerpt":{"rendered":"<p>Tampr\u0117s pagamintos i\u0161 d\u017einso imitacijos medviln\u0117s trikota\u017eo, su pla\u010dia guma juosmens srityje, nepersi\u0161vie\u010dia. D\u0117v\u0117kite su skirtigais drabu\u017eiais: tunikomis, palaidin\u0117mis, d\u017eemperiais. Priderinkite savo m\u0117gstamus batus: auk\u0161takulnius ar kedukus ir sukurkite daug skirting\u0173 savo stiliaus derini\u0173.<\/p>\n<h5>SUD\u0116TIS<\/h5>\n<p>72% medviln\u0117, 20% poliesteris, 8% elastanas<\/p>\n<h5><strong>DYD\u017dIO PASIRINKIMAS<\/strong><\/h5>\n<p>Prie\u0161 pasirinkdami dyd\u012f atkreipkite d\u0117mes\u012f \u012f <a class=\"size-chart-pum\" href=\"#\">dyd\u017ei\u0173 lentel\u0119<\/a>.<\/p>\n<h5>I\u0160ANKSTINIS U\u017dSAKYMAS<\/h5>\n<p>Jei rinkdamiesi prek\u0119 matote u\u017era\u0161\u0105 I\u0160ANKSTINIS U\u017dSAKYMAS, tai rei\u0161kia, kad gaminio \u0161iuo metu vietoje neturime ir j\u012f pagaminsime specialiai Jums, po J\u016bs\u0173 u\u017esakymo gavimo. Gamyba u\u017etrunka nuo 2 d.d. iki 5 d.d., priklausomai nuo to, kiek tuo metu turime u\u017esakym\u0173. Kiekvienu atveju Jus informuosime, kiek tiksliai u\u017etruks gamybos procesas.<\/p>\n","protected":false},"featured_media":22151,"template":"","meta":{"_mi_skip_tracking":false,"_monsterinsights_sitenote_active":false,"_monsterinsights_sitenote_note":"","_monsterinsights_sitenote_category":0,"spay_email":""},"product-groups":[],"product_cat":[356,388,378],"product_tag":[],"acf":[],"yoast_head":"<!-- This site is optimized with the Yoast SEO plugin v17.4 - https:\/\/yoast.com\/wordpress\/plugins\/seo\/ -->\n<title>Tampr\u0117s auk\u0161tu liemeniu - d\u017einso imitacijos trikota\u017eo - ne.rasa<\/title>\n<meta name=\"description\" content=\"Tampr\u0117s auk\u0161tu liemeniu - ypatingai patogios, pagamintos i\u0161 ne plono d\u017einso imitacijos medviln\u0117s trikota\u017eo.Su pla\u010dia guma juosmens srityje, nepersi\u0161vie\u010dia.\" \/>\n<meta name=\"robots\" content=\"index, follow, max-snippet:-1, max-image-preview:large, max-video-preview:-1\" \/>\n<link rel=\"canonical\" href=\"https:\/\/nerasa.eu\/lt\/p\/tampres-aukstu-liemeniu\/\" \/>\n<meta property=\"og:locale\" content=\"lt_LT\" \/>\n<meta property=\"og:type\" content=\"article\" \/>\n<meta property=\"og:title\" content=\"Tampr\u0117s auk\u0161tu liemeniu - d\u017einso imitacijos trikota\u017eo - ne.rasa\" \/>\n<meta property=\"og:description\" content=\"Tampr\u0117s auk\u0161tu liemeniu - ypatingai patogios, pagamintos i\u0161 ne plono d\u017einso imitacijos medviln\u0117s trikota\u017eo.Su pla\u010dia guma juosmens srityje, nepersi\u0161vie\u010dia.\" \/>\n<meta property=\"og:url\" content=\"https:\/\/nerasa.eu\/lt\/p\/tampres-aukstu-liemeniu\/\" \/>\n<meta property=\"og:site_name\" content=\"ne.rasa\" \/>\n<meta property=\"article:publisher\" content=\"https:\/\/www.facebook.com\/nerasa.eu\" \/>\n<meta property=\"article:modified_time\" content=\"2024-11-19T18:17:39+00:00\" \/>\n<meta property=\"og:image\" content=\"https:\/\/nerasa.eu\/wp-content\/uploads\/2020\/07\/D35A6463-1.jpg\" \/>\n\t<meta property=\"og:image:width\" content=\"1000\" \/>\n\t<meta property=\"og:image:height\" content=\"1500\" \/>\n<meta name=\"twitter:card\" content=\"summary\" \/>\n<meta name=\"twitter:label1\" content=\"Est. reading time\" \/>\n\t<meta name=\"twitter:data1\" content=\"1 minut\u0117\" \/>\n<script type=\"application\/ld+json\" class=\"yoast-schema-graph\">{\"@context\":\"https:\/\/schema.org\",\"@graph\":[{\"@type\":\"Organization\",\"@id\":\"https:\/\/nerasa.eu\/lt\/#organization\",\"name\":\"ne.rasa\",\"url\":\"https:\/\/nerasa.eu\/lt\/\",\"sameAs\":[\"https:\/\/www.facebook.com\/nerasa.eu\"],\"logo\":{\"@type\":\"ImageObject\",\"@id\":\"https:\/\/nerasa.eu\/lt\/#logo\",\"inLanguage\":\"lt-LT\",\"url\":\"https:\/\/nerasa.eu\/wp-content\/uploads\/2017\/09\/logo-borderless-1-e1506375274625.png\",\"contentUrl\":\"https:\/\/nerasa.eu\/wp-content\/uploads\/2017\/09\/logo-borderless-1-e1506375274625.png\",\"width\":105,\"height\":93,\"caption\":\"ne.rasa\"},\"image\":{\"@id\":\"https:\/\/nerasa.eu\/lt\/#logo\"}},{\"@type\":\"WebSite\",\"@id\":\"https:\/\/nerasa.eu\/lt\/#website\",\"url\":\"https:\/\/nerasa.eu\/lt\/\",\"name\":\"ne.rasa\",\"description\":\"\",\"publisher\":{\"@id\":\"https:\/\/nerasa.eu\/lt\/#organization\"},\"potentialAction\":[{\"@type\":\"SearchAction\",\"target\":{\"@type\":\"EntryPoint\",\"urlTemplate\":\"https:\/\/nerasa.eu\/lt\/?s={search_term_string}\"},\"query-input\":\"required name=search_term_string\"}],\"inLanguage\":\"lt-LT\"},{\"@type\":\"ImageObject\",\"@id\":\"https:\/\/nerasa.eu\/lt\/p\/tampres-aukstu-liemeniu\/#primaryimage\",\"inLanguage\":\"lt-LT\",\"url\":\"https:\/\/nerasa.eu\/wp-content\/uploads\/2020\/07\/D35A6463-1.jpg\",\"contentUrl\":\"https:\/\/nerasa.eu\/wp-content\/uploads\/2020\/07\/D35A6463-1.jpg\",\"width\":1000,\"height\":1500,\"caption\":\"High waist jeans leggings\"},{\"@type\":\"WebPage\",\"@id\":\"https:\/\/nerasa.eu\/lt\/p\/tampres-aukstu-liemeniu\/#webpage\",\"url\":\"https:\/\/nerasa.eu\/lt\/p\/tampres-aukstu-liemeniu\/\",\"name\":\"Tampr\\u0117s auk\\u0161tu liemeniu - d\\u017einso imitacijos trikota\\u017eo - ne.rasa\",\"isPartOf\":{\"@id\":\"https:\/\/nerasa.eu\/lt\/#website\"},\"primaryImageOfPage\":{\"@id\":\"https:\/\/nerasa.eu\/lt\/p\/tampres-aukstu-liemeniu\/#primaryimage\"},\"datePublished\":\"2020-07-13T23:24:25+00:00\",\"dateModified\":\"2024-11-19T18:17:39+00:00\",\"description\":\"Tampr\\u0117s auk\\u0161tu liemeniu - ypatingai patogios, pagamintos i\\u0161 ne plono d\\u017einso imitacijos medviln\\u0117s trikota\\u017eo.Su pla\\u010dia guma juosmens srityje, nepersi\\u0161vie\\u010dia.\",\"breadcrumb\":{\"@id\":\"https:\/\/nerasa.eu\/lt\/p\/tampres-aukstu-liemeniu\/#breadcrumb\"},\"inLanguage\":\"lt-LT\",\"potentialAction\":[{\"@type\":\"ReadAction\",\"target\":[\"https:\/\/nerasa.eu\/lt\/p\/tampres-aukstu-liemeniu\/\"]}]},{\"@type\":\"BreadcrumbList\",\"@id\":\"https:\/\/nerasa.eu\/lt\/p\/tampres-aukstu-liemeniu\/#breadcrumb\",\"itemListElement\":[{\"@type\":\"ListItem\",\"position\":1,\"name\":\"Pagrindinis\",\"item\":\"https:\/\/nerasa.eu\/lt\/\"},{\"@type\":\"ListItem\",\"position\":2,\"name\":\"Parduotuv\\u0117\",\"item\":\"https:\/\/nerasa.eu\/lt\/parduotuve\/\"},{\"@type\":\"ListItem\",\"position\":3,\"name\":\"Tampr\\u0117s auk\\u0161tu liemeniu\"}]}]}<\/script>\n<!-- \/ Yoast SEO plugin. -->","yoast_head_json":{"title":"Tampr\u0117s auk\u0161tu liemeniu - d\u017einso imitacijos trikota\u017eo - ne.rasa","description":"Tampr\u0117s auk\u0161tu liemeniu - ypatingai patogios, pagamintos i\u0161 ne plono d\u017einso imitacijos medviln\u0117s trikota\u017eo.Su pla\u010dia guma juosmens srityje, nepersi\u0161vie\u010dia.","robots":{"index":"index","follow":"follow","max-snippet":"max-snippet:-1","max-image-preview":"max-image-preview:large","max-video-preview":"max-video-preview:-1"},"canonical":"https:\/\/nerasa.eu\/lt\/p\/tampres-aukstu-liemeniu\/","og_locale":"lt_LT","og_type":"article","og_title":"Tampr\u0117s auk\u0161tu liemeniu - d\u017einso imitacijos trikota\u017eo - ne.rasa","og_description":"Tampr\u0117s auk\u0161tu liemeniu - ypatingai patogios, pagamintos i\u0161 ne plono d\u017einso imitacijos medviln\u0117s trikota\u017eo.Su pla\u010dia guma juosmens srityje, nepersi\u0161vie\u010dia.","og_url":"https:\/\/nerasa.eu\/lt\/p\/tampres-aukstu-liemeniu\/","og_site_name":"ne.rasa","article_publisher":"https:\/\/www.facebook.com\/nerasa.eu","article_modified_time":"2024-11-19T18:17:39+00:00","og_image":[{"width":1000,"height":1500,"url":"https:\/\/nerasa.eu\/wp-content\/uploads\/2020\/07\/D35A6463-1.jpg","type":"image\/jpeg"}],"twitter_card":"summary","twitter_misc":{"Est. reading time":"1 minut\u0117"},"schema":{"@context":"https:\/\/schema.org","@graph":[{"@type":"Organization","@id":"https:\/\/nerasa.eu\/lt\/#organization","name":"ne.rasa","url":"https:\/\/nerasa.eu\/lt\/","sameAs":["https:\/\/www.facebook.com\/nerasa.eu"],"logo":{"@type":"ImageObject","@id":"https:\/\/nerasa.eu\/lt\/#logo","inLanguage":"lt-LT","url":"https:\/\/nerasa.eu\/wp-content\/uploads\/2017\/09\/logo-borderless-1-e1506375274625.png","contentUrl":"https:\/\/nerasa.eu\/wp-content\/uploads\/2017\/09\/logo-borderless-1-e1506375274625.png","width":105,"height":93,"caption":"ne.rasa"},"image":{"@id":"https:\/\/nerasa.eu\/lt\/#logo"}},{"@type":"WebSite","@id":"https:\/\/nerasa.eu\/lt\/#website","url":"https:\/\/nerasa.eu\/lt\/","name":"ne.rasa","description":"","publisher":{"@id":"https:\/\/nerasa.eu\/lt\/#organization"},"potentialAction":[{"@type":"SearchAction","target":{"@type":"EntryPoint","urlTemplate":"https:\/\/nerasa.eu\/lt\/?s={search_term_string}"},"query-input":"required name=search_term_string"}],"inLanguage":"lt-LT"},{"@type":"ImageObject","@id":"https:\/\/nerasa.eu\/lt\/p\/tampres-aukstu-liemeniu\/#primaryimage","inLanguage":"lt-LT","url":"https:\/\/nerasa.eu\/wp-content\/uploads\/2020\/07\/D35A6463-1.jpg","contentUrl":"https:\/\/nerasa.eu\/wp-content\/uploads\/2020\/07\/D35A6463-1.jpg","width":1000,"height":1500,"caption":"High waist jeans leggings"},{"@type":"WebPage","@id":"https:\/\/nerasa.eu\/lt\/p\/tampres-aukstu-liemeniu\/#webpage","url":"https:\/\/nerasa.eu\/lt\/p\/tampres-aukstu-liemeniu\/","name":"Tampr\u0117s auk\u0161tu liemeniu - d\u017einso imitacijos trikota\u017eo - ne.rasa","isPartOf":{"@id":"https:\/\/nerasa.eu\/lt\/#website"},"primaryImageOfPage":{"@id":"https:\/\/nerasa.eu\/lt\/p\/tampres-aukstu-liemeniu\/#primaryimage"},"datePublished":"2020-07-13T23:24:25+00:00","dateModified":"2024-11-19T18:17:39+00:00","description":"Tampr\u0117s auk\u0161tu liemeniu - ypatingai patogios, pagamintos i\u0161 ne plono d\u017einso imitacijos medviln\u0117s trikota\u017eo.Su pla\u010dia guma juosmens srityje, nepersi\u0161vie\u010dia.","breadcrumb":{"@id":"https:\/\/nerasa.eu\/lt\/p\/tampres-aukstu-liemeniu\/#breadcrumb"},"inLanguage":"lt-LT","potentialAction":[{"@type":"ReadAction","target":["https:\/\/nerasa.eu\/lt\/p\/tampres-aukstu-liemeniu\/"]}]},{"@type":"BreadcrumbList","@id":"https:\/\/nerasa.eu\/lt\/p\/tampres-aukstu-liemeniu\/#breadcrumb","itemListElement":[{"@type":"ListItem","position":1,"name":"Pagrindinis","item":"https:\/\/nerasa.eu\/lt\/"},{"@type":"ListItem","position":2,"name":"Parduotuv\u0117","item":"https:\/\/nerasa.eu\/lt\/parduotuve\/"},{"@type":"ListItem","position":3,"name":"Tampr\u0117s auk\u0161tu liemeniu"}]}]}},"_links":{"self":[{"href":"https:\/\/nerasa.eu\/lt\/wp-json\/wp\/v2\/product\/10930"}],"collection":[{"href":"https:\/\/nerasa.eu\/lt\/wp-json\/wp\/v2\/product"}],"about":[{"href":"https:\/\/nerasa.eu\/lt\/wp-json\/wp\/v2\/types\/product"}],"wp:featuredmedia":[{"embeddable":true,"href":"https:\/\/nerasa.eu\/lt\/wp-json\/wp\/v2\/media\/22151"}],"wp:attachment":[{"href":"https:\/\/nerasa.eu\/lt\/wp-json\/wp\/v2\/media?parent=10930"}],"wp:term":[{"taxonomy":"product-groups","embeddable":true,"href":"https:\/\/nerasa.eu\/lt\/wp-json\/wp\/v2\/product-groups?post=10930"},{"taxonomy":"product_cat","embeddable":true,"href":"https:\/\/nerasa.eu\/lt\/wp-json\/wp\/v2\/product_cat?post=10930"},{"taxonomy":"product_tag","embeddable":true,"href":"https:\/\/nerasa.eu\/lt\/wp-json\/wp\/v2\/product_tag?post=10930"}],"curies":[{"name":"wp","href":"https:\/\/api.w.org\/{rel}","templated":true}]}}