{"id":10753,"date":"2020-07-14T02:05:35","date_gmt":"2020-07-13T23:10:37","guid":{"rendered":"https:\/\/nerasa.eu\/?post_type=product&#038;p=10753"},"modified":"2025-04-12T01:47:07","modified_gmt":"2025-04-11T22:47:07","slug":"patogi-ilga-laisva-suknele-marios","status":"publish","type":"product","link":"https:\/\/nerasa.eu\/lt\/p\/patogi-ilga-laisva-suknele-marios\/","title":{"rendered":"Patogi ilga laisva suknel\u0117 &#8216;MARIOS&#8217;"},"content":{"rendered":"<p>[vc_row][vc_column][vc_column_text]Patogi ilga laisva suknel\u0117 suknel\u0117 &#8216;MARIOS&#8217; &#8211; m\u016bs\u0173 mylimiausia ir patogiausia maxi suknel\u0117 su ki\u0161en\u0117mis J\u016bs\u0173 tobuloms atostogoms.<\/p>\n<h5>SUD\u0116TIS<\/h5>\n<p>55% medviln\u0117, 40% poliesteris, 5% elastanas. Audinys sertifikuotas OEKO-TEX 100 standartu.<\/p>\n<h4><span style=\"font-weight: 400;\">DYD\u017dIO PASIRINKIMAS<\/span><\/h4>\n<p>Prie\u0161 pasirinkdami dyd\u012f atkreipkite d\u0117mes\u012f \u012f <a class=\"size-chart-pum\" href=\"#\">dyd\u017ei\u0173 lentel\u0119<\/a>. Modelis nuotraukose d\u0117vi L dyd\u012f. Modelio kr\u016btin\u0117s apimtis 93 cm, Klub\u0173 apimtis 104 cm, \u00a0\u016agis 176cm<\/p>\n<h5>I\u0160ANKSTINIS U\u017dSAKYMAS<\/h5>\n<p>Jei rinkdamiesi prek\u0119 matote u\u017era\u0161\u0105 I\u0160ANKSTINIS U\u017dSAKYMAS, tai rei\u0161kia, kad gaminio \u0161iuo metu vietoje neturime ir j\u012f pagaminsime specialiai Jums, po J\u016bs\u0173 u\u017esakymo gavimo. Gamyba u\u017etrunka nuo 3 d.d. iki 7 d.d., priklausomai nuo to, kiek tuo metu turime u\u017esakym\u0173.<\/p>\n<h4><\/h4>\n<p>[\/vc_column_text][\/vc_column][\/vc_row]<\/p>\n","protected":false},"excerpt":{"rendered":"<p>M\u016bs\u0173 mylimiausia ir patogiausia maxi suknel\u0117 su ki\u0161en\u0117mis J\u016bs\u0173 tobuloms atostogoms.<\/p>\n<h5>SUD\u0116TIS<\/h5>\n<p>55% medviln\u0117, 40% poliesteris, 5% elastanas. Audinys sertifikuotas OEKO-TEX 100 standartu.<\/p>\n<h5><strong>DYD\u017dIO PASIRINKIMAS<\/strong><\/h5>\n<p>Prie\u0161 pasirinkdami dyd\u012f atkreipkite d\u0117mes\u012f \u012f <a class=\"size-chart-pum\" href=\"#\">dyd\u017ei\u0173 lentel\u0119<\/a>.<\/p>\n<p>Modelis nuotraukose d\u0117vi L dyd\u012f. Modelio kr\u016btin\u0117s apimtis 93 cm, Klub\u0173 apimtis 104 cm, \u00a0\u016agis 176cm<\/p>\n<h5>I\u0160ANKSTINIS U\u017dSAKYMAS<\/h5>\n<p>Jei rinkdamiesi prek\u0119 matote u\u017era\u0161\u0105 I\u0160ANKSTINIS U\u017dSAKYMAS, tai rei\u0161kia, kad gaminio \u0161iuo metu vietoje neturime ir j\u012f pagaminsime specialiai Jums, po J\u016bs\u0173 u\u017esakymo gavimo. Gamyba u\u017etrunka nuo 3 d.d. iki 7 d.d., priklausomai nuo to, kiek tuo metu turime u\u017esakym\u0173.<\/p>\n","protected":false},"featured_media":14711,"template":"","meta":{"_mi_skip_tracking":false,"_monsterinsights_sitenote_active":false,"_monsterinsights_sitenote_note":"","_monsterinsights_sitenote_category":0,"spay_email":""},"product-groups":[],"product_cat":[356,392,378],"product_tag":[],"acf":[],"yoast_head":"<!-- This site is optimized with the Yoast SEO plugin v17.4 - https:\/\/yoast.com\/wordpress\/plugins\/seo\/ -->\n<title>Patogi ilga laisva suknel\u0117 &#039;MARIOS&#039; - tobula atostog\u0173 suknel\u0117-ne.rasa<\/title>\n<meta name=\"description\" content=\"Patogi ilga laisva suknel\u0117 suknel\u0117 &#039;MARIOS&#039; - m\u016bs\u0173 mylimiausia ir patogiausia maxi suknel\u0117 su ki\u0161en\u0117mis J\u016bs\u0173 tobuloms atostogoms.\" \/>\n<meta name=\"robots\" content=\"index, follow, max-snippet:-1, max-image-preview:large, max-video-preview:-1\" \/>\n<link rel=\"canonical\" href=\"https:\/\/nerasa.eu\/lt\/p\/patogi-ilga-laisva-suknele-marios\/\" \/>\n<meta property=\"og:locale\" content=\"lt_LT\" \/>\n<meta property=\"og:type\" content=\"article\" \/>\n<meta property=\"og:title\" content=\"Patogi ilga laisva suknel\u0117 &#039;MARIOS&#039; - tobula atostog\u0173 suknel\u0117-ne.rasa\" \/>\n<meta property=\"og:description\" content=\"Patogi ilga laisva suknel\u0117 suknel\u0117 &#039;MARIOS&#039; - m\u016bs\u0173 mylimiausia ir patogiausia maxi suknel\u0117 su ki\u0161en\u0117mis J\u016bs\u0173 tobuloms atostogoms.\" \/>\n<meta property=\"og:url\" content=\"https:\/\/nerasa.eu\/lt\/p\/patogi-ilga-laisva-suknele-marios\/\" \/>\n<meta property=\"og:site_name\" content=\"ne.rasa\" \/>\n<meta property=\"article:publisher\" content=\"https:\/\/www.facebook.com\/nerasa.eu\" \/>\n<meta property=\"article:modified_time\" content=\"2025-04-11T22:47:07+00:00\" \/>\n<meta property=\"og:image\" content=\"https:\/\/nerasa.eu\/wp-content\/uploads\/2020\/07\/IMG_20190812_111655.jpg\" \/>\n\t<meta property=\"og:image:width\" content=\"800\" \/>\n\t<meta property=\"og:image:height\" content=\"1200\" \/>\n<meta name=\"twitter:card\" content=\"summary\" \/>\n<meta name=\"twitter:label1\" content=\"Est. reading time\" \/>\n\t<meta name=\"twitter:data1\" content=\"1 minut\u0117\" \/>\n<script type=\"application\/ld+json\" class=\"yoast-schema-graph\">{\"@context\":\"https:\/\/schema.org\",\"@graph\":[{\"@type\":\"Organization\",\"@id\":\"https:\/\/nerasa.eu\/lt\/#organization\",\"name\":\"ne.rasa\",\"url\":\"https:\/\/nerasa.eu\/lt\/\",\"sameAs\":[\"https:\/\/www.facebook.com\/nerasa.eu\"],\"logo\":{\"@type\":\"ImageObject\",\"@id\":\"https:\/\/nerasa.eu\/lt\/#logo\",\"inLanguage\":\"lt-LT\",\"url\":\"https:\/\/nerasa.eu\/wp-content\/uploads\/2017\/09\/logo-borderless-1-e1506375274625.png\",\"contentUrl\":\"https:\/\/nerasa.eu\/wp-content\/uploads\/2017\/09\/logo-borderless-1-e1506375274625.png\",\"width\":105,\"height\":93,\"caption\":\"ne.rasa\"},\"image\":{\"@id\":\"https:\/\/nerasa.eu\/lt\/#logo\"}},{\"@type\":\"WebSite\",\"@id\":\"https:\/\/nerasa.eu\/lt\/#website\",\"url\":\"https:\/\/nerasa.eu\/lt\/\",\"name\":\"ne.rasa\",\"description\":\"\",\"publisher\":{\"@id\":\"https:\/\/nerasa.eu\/lt\/#organization\"},\"potentialAction\":[{\"@type\":\"SearchAction\",\"target\":{\"@type\":\"EntryPoint\",\"urlTemplate\":\"https:\/\/nerasa.eu\/lt\/?s={search_term_string}\"},\"query-input\":\"required name=search_term_string\"}],\"inLanguage\":\"lt-LT\"},{\"@type\":\"ImageObject\",\"@id\":\"https:\/\/nerasa.eu\/lt\/p\/patogi-ilga-laisva-suknele-marios\/#primaryimage\",\"inLanguage\":\"lt-LT\",\"url\":\"https:\/\/nerasa.eu\/wp-content\/uploads\/2020\/07\/IMG_20190812_111655.jpg\",\"contentUrl\":\"https:\/\/nerasa.eu\/wp-content\/uploads\/2020\/07\/IMG_20190812_111655.jpg\",\"width\":800,\"height\":1200,\"caption\":\"Patogi ilga laisva suknel\\u0117 'MARIOS'\"},{\"@type\":\"WebPage\",\"@id\":\"https:\/\/nerasa.eu\/lt\/p\/patogi-ilga-laisva-suknele-marios\/#webpage\",\"url\":\"https:\/\/nerasa.eu\/lt\/p\/patogi-ilga-laisva-suknele-marios\/\",\"name\":\"Patogi ilga laisva suknel\\u0117 'MARIOS' - tobula atostog\\u0173 suknel\\u0117-ne.rasa\",\"isPartOf\":{\"@id\":\"https:\/\/nerasa.eu\/lt\/#website\"},\"primaryImageOfPage\":{\"@id\":\"https:\/\/nerasa.eu\/lt\/p\/patogi-ilga-laisva-suknele-marios\/#primaryimage\"},\"datePublished\":\"2020-07-13T23:10:37+00:00\",\"dateModified\":\"2025-04-11T22:47:07+00:00\",\"description\":\"Patogi ilga laisva suknel\\u0117 suknel\\u0117 'MARIOS' - m\\u016bs\\u0173 mylimiausia ir patogiausia maxi suknel\\u0117 su ki\\u0161en\\u0117mis J\\u016bs\\u0173 tobuloms atostogoms.\",\"breadcrumb\":{\"@id\":\"https:\/\/nerasa.eu\/lt\/p\/patogi-ilga-laisva-suknele-marios\/#breadcrumb\"},\"inLanguage\":\"lt-LT\",\"potentialAction\":[{\"@type\":\"ReadAction\",\"target\":[\"https:\/\/nerasa.eu\/lt\/p\/patogi-ilga-laisva-suknele-marios\/\"]}]},{\"@type\":\"BreadcrumbList\",\"@id\":\"https:\/\/nerasa.eu\/lt\/p\/patogi-ilga-laisva-suknele-marios\/#breadcrumb\",\"itemListElement\":[{\"@type\":\"ListItem\",\"position\":1,\"name\":\"Pagrindinis\",\"item\":\"https:\/\/nerasa.eu\/lt\/\"},{\"@type\":\"ListItem\",\"position\":2,\"name\":\"Parduotuv\\u0117\",\"item\":\"https:\/\/nerasa.eu\/lt\/parduotuve\/\"},{\"@type\":\"ListItem\",\"position\":3,\"name\":\"Patogi ilga laisva suknel\\u0117 &#8216;MARIOS&#8217;\"}]}]}<\/script>\n<!-- \/ Yoast SEO plugin. -->","yoast_head_json":{"title":"Patogi ilga laisva suknel\u0117 'MARIOS' - tobula atostog\u0173 suknel\u0117-ne.rasa","description":"Patogi ilga laisva suknel\u0117 suknel\u0117 'MARIOS' - m\u016bs\u0173 mylimiausia ir patogiausia maxi suknel\u0117 su ki\u0161en\u0117mis J\u016bs\u0173 tobuloms atostogoms.","robots":{"index":"index","follow":"follow","max-snippet":"max-snippet:-1","max-image-preview":"max-image-preview:large","max-video-preview":"max-video-preview:-1"},"canonical":"https:\/\/nerasa.eu\/lt\/p\/patogi-ilga-laisva-suknele-marios\/","og_locale":"lt_LT","og_type":"article","og_title":"Patogi ilga laisva suknel\u0117 'MARIOS' - tobula atostog\u0173 suknel\u0117-ne.rasa","og_description":"Patogi ilga laisva suknel\u0117 suknel\u0117 'MARIOS' - m\u016bs\u0173 mylimiausia ir patogiausia maxi suknel\u0117 su ki\u0161en\u0117mis J\u016bs\u0173 tobuloms atostogoms.","og_url":"https:\/\/nerasa.eu\/lt\/p\/patogi-ilga-laisva-suknele-marios\/","og_site_name":"ne.rasa","article_publisher":"https:\/\/www.facebook.com\/nerasa.eu","article_modified_time":"2025-04-11T22:47:07+00:00","og_image":[{"width":800,"height":1200,"url":"https:\/\/nerasa.eu\/wp-content\/uploads\/2020\/07\/IMG_20190812_111655.jpg","type":"image\/jpeg"}],"twitter_card":"summary","twitter_misc":{"Est. reading time":"1 minut\u0117"},"schema":{"@context":"https:\/\/schema.org","@graph":[{"@type":"Organization","@id":"https:\/\/nerasa.eu\/lt\/#organization","name":"ne.rasa","url":"https:\/\/nerasa.eu\/lt\/","sameAs":["https:\/\/www.facebook.com\/nerasa.eu"],"logo":{"@type":"ImageObject","@id":"https:\/\/nerasa.eu\/lt\/#logo","inLanguage":"lt-LT","url":"https:\/\/nerasa.eu\/wp-content\/uploads\/2017\/09\/logo-borderless-1-e1506375274625.png","contentUrl":"https:\/\/nerasa.eu\/wp-content\/uploads\/2017\/09\/logo-borderless-1-e1506375274625.png","width":105,"height":93,"caption":"ne.rasa"},"image":{"@id":"https:\/\/nerasa.eu\/lt\/#logo"}},{"@type":"WebSite","@id":"https:\/\/nerasa.eu\/lt\/#website","url":"https:\/\/nerasa.eu\/lt\/","name":"ne.rasa","description":"","publisher":{"@id":"https:\/\/nerasa.eu\/lt\/#organization"},"potentialAction":[{"@type":"SearchAction","target":{"@type":"EntryPoint","urlTemplate":"https:\/\/nerasa.eu\/lt\/?s={search_term_string}"},"query-input":"required name=search_term_string"}],"inLanguage":"lt-LT"},{"@type":"ImageObject","@id":"https:\/\/nerasa.eu\/lt\/p\/patogi-ilga-laisva-suknele-marios\/#primaryimage","inLanguage":"lt-LT","url":"https:\/\/nerasa.eu\/wp-content\/uploads\/2020\/07\/IMG_20190812_111655.jpg","contentUrl":"https:\/\/nerasa.eu\/wp-content\/uploads\/2020\/07\/IMG_20190812_111655.jpg","width":800,"height":1200,"caption":"Patogi ilga laisva suknel\u0117 'MARIOS'"},{"@type":"WebPage","@id":"https:\/\/nerasa.eu\/lt\/p\/patogi-ilga-laisva-suknele-marios\/#webpage","url":"https:\/\/nerasa.eu\/lt\/p\/patogi-ilga-laisva-suknele-marios\/","name":"Patogi ilga laisva suknel\u0117 'MARIOS' - tobula atostog\u0173 suknel\u0117-ne.rasa","isPartOf":{"@id":"https:\/\/nerasa.eu\/lt\/#website"},"primaryImageOfPage":{"@id":"https:\/\/nerasa.eu\/lt\/p\/patogi-ilga-laisva-suknele-marios\/#primaryimage"},"datePublished":"2020-07-13T23:10:37+00:00","dateModified":"2025-04-11T22:47:07+00:00","description":"Patogi ilga laisva suknel\u0117 suknel\u0117 'MARIOS' - m\u016bs\u0173 mylimiausia ir patogiausia maxi suknel\u0117 su ki\u0161en\u0117mis J\u016bs\u0173 tobuloms atostogoms.","breadcrumb":{"@id":"https:\/\/nerasa.eu\/lt\/p\/patogi-ilga-laisva-suknele-marios\/#breadcrumb"},"inLanguage":"lt-LT","potentialAction":[{"@type":"ReadAction","target":["https:\/\/nerasa.eu\/lt\/p\/patogi-ilga-laisva-suknele-marios\/"]}]},{"@type":"BreadcrumbList","@id":"https:\/\/nerasa.eu\/lt\/p\/patogi-ilga-laisva-suknele-marios\/#breadcrumb","itemListElement":[{"@type":"ListItem","position":1,"name":"Pagrindinis","item":"https:\/\/nerasa.eu\/lt\/"},{"@type":"ListItem","position":2,"name":"Parduotuv\u0117","item":"https:\/\/nerasa.eu\/lt\/parduotuve\/"},{"@type":"ListItem","position":3,"name":"Patogi ilga laisva suknel\u0117 &#8216;MARIOS&#8217;"}]}]}},"_links":{"self":[{"href":"https:\/\/nerasa.eu\/lt\/wp-json\/wp\/v2\/product\/10753"}],"collection":[{"href":"https:\/\/nerasa.eu\/lt\/wp-json\/wp\/v2\/product"}],"about":[{"href":"https:\/\/nerasa.eu\/lt\/wp-json\/wp\/v2\/types\/product"}],"wp:featuredmedia":[{"embeddable":true,"href":"https:\/\/nerasa.eu\/lt\/wp-json\/wp\/v2\/media\/14711"}],"wp:attachment":[{"href":"https:\/\/nerasa.eu\/lt\/wp-json\/wp\/v2\/media?parent=10753"}],"wp:term":[{"taxonomy":"product-groups","embeddable":true,"href":"https:\/\/nerasa.eu\/lt\/wp-json\/wp\/v2\/product-groups?post=10753"},{"taxonomy":"product_cat","embeddable":true,"href":"https:\/\/nerasa.eu\/lt\/wp-json\/wp\/v2\/product_cat?post=10753"},{"taxonomy":"product_tag","embeddable":true,"href":"https:\/\/nerasa.eu\/lt\/wp-json\/wp\/v2\/product_tag?post=10753"}],"curies":[{"name":"wp","href":"https:\/\/api.w.org\/{rel}","templated":true}]}}