{"id":10238,"date":"2024-08-04T00:32:44","date_gmt":"2020-07-13T21:45:10","guid":{"rendered":"https:\/\/nerasa.eu\/?post_type=product&#038;p=10238"},"modified":"2026-04-10T13:59:53","modified_gmt":"2026-04-10T10:59:53","slug":"patogus-laisvalaikio-dzemperis-kelias","status":"publish","type":"product","link":"https:\/\/nerasa.eu\/lt\/p\/patogus-laisvalaikio-dzemperis-kelias\/","title":{"rendered":"Patogus UNISEX laisvalaikio d\u017eemperis &#8216;KELIAS&#8217;"},"content":{"rendered":"<p>Patogus juodas laisvalaikio d\u017eemperis &#8216;KELIAS&#8217; tobulai tiks pasivaik\u0161\u010diojimams pavasario, vasaros ar net rudens vakarais, kok\u012f keli\u0105 bepasirinktum\u0117te. D\u017eemperis tinka tiek vyrams, tiek moterims:<\/p>\n<ul>\n<li>jis turi patogias ki\u0161enes, didel\u012f \u0161ilt\u0105 gobtuv\u0105, ilg\u0105 i\u0161 abiej\u0173 pusi\u0173 atsisegant\u012f u\u017etrauktuk\u0105, kad net tik vaik\u0161\u010dioti, bet ir vairuoti ar s\u0117d\u0117ti b\u016bt\u0173 itin patogu.<\/li>\n<li>u\u017etrauktukas u\u017esitraukia pilnai iki pat d\u017eemperio vir\u0161aus<\/li>\n<li>d\u017eemperyje taip pat rasite vien\u0105 vidin\u0119 u\u017etrauktuku u\u017esegam\u0105 ki\u0161en\u0119 j\u016bs\u0173 telefonui, raktams ar kitiems smulkiems daiktams<\/li>\n<\/ul>\n<p>Svarbiausias m\u016bs\u0173 tikslas gaminant visus produktus, kad jie b\u016bt\u0173 PATOG\u016aS ir STILINGI.<\/p>\n<h4><span style=\"font-weight: 400;\">SUD\u0116TIS<\/span><\/h4>\n<p>Audinys su p\u016bkeliu vidin\u0117je pus\u0117je: 80% medviln\u0117, 20% poliesteris. Audinys sertifikuotas OEKO-TEX 100 standartu.<\/p>\n<h4><span style=\"font-weight: 400;\">PRIE\u017dI\u016aRA<\/span><\/h4>\n<p><span style=\"font-weight: 400;\">Skalbkite\u00a0 30 laipsni\u0173 temperat\u016broje.<\/span><\/p>\n<h4><span style=\"font-weight: 400;\">DYD\u017dIO PASIRINKIMAS<\/span><\/h4>\n<p>Prie\u0161 pasirinkdami dyd\u012f atkreipkite d\u0117mes\u012f \u012f <a class=\"size-chart-pum\" href=\"#\">dyd\u017ei\u0173 lentel\u0119<\/a>. Abejojate, kok\u012f dyd\u012f pasirinkti, para\u0161ykite mums, pad\u0117sime i\u0161sirinkti. Jei reikia didesnio, ar ma\u017eesnio dyd\u017eio nei si\u016blome, norite trumpesni\u0173, ar ilgesni\u0173 rankovi\u0173 ar kitoki\u0173 pakeitim\u0173, para\u0161ykite. Vykdome ir individualius u\u017esakymus.<\/p>\n<h4><span style=\"font-weight: 400;\">I\u0160ANKSTINIS U\u017dSAKYMAS<\/span><\/h4>\n<p>Jei rinkdamiesi prek\u0119 matote u\u017era\u0161\u0105 I\u0160ANKSTINIS U\u017dSAKYMAS, tai rei\u0161kia, kad gaminio \u0161iuo metu vietoje neturime ir j\u012f pagaminsime specialiai Jums, po J\u016bs\u0173 u\u017esakymo gavimo. Gamyba u\u017etrunka nuo 2 d.d. iki 7 d.d., priklausomai nuo to, kiek tuo metu turime u\u017esakym\u0173.<\/p>\n<h4><span style=\"font-weight: 400;\">PAGAMINTA LIETUVOJE<\/span><\/h4>\n","protected":false},"excerpt":{"rendered":"<p>Labai patogus ir prakti\u0161kas d\u017eemperis su patogiomis ki\u0161en\u0117mis, \u0161iltu gobtuvu ir ilgu i\u0161 abiej\u0173 pusi\u0173 atsegamu u\u017etrauktuku. D\u017eemperis taip pat turi vien\u0105 vidin\u0119 ki\u0161en\u0119 su u\u017etrauktuku j\u016bs\u0173 telefonui ar kitoms smulkmenoms. D\u017eemperio modelis unisex &#8211; puikiai tinka tiek vyrams, tiek moterims.<\/p>\n<h4><span style=\"font-weight: 400;\">SUD\u0116TIS<\/span><\/h4>\n<p>Audinys su p\u016bkeliu vidin\u0117je pus\u0117je: 80% medviln\u0117, 20% poliesteris. Audinys sertifikuotas OEKO-TEX 100 standartu.<\/p>\n<h4><span style=\"font-weight: 400;\">DYD\u017dIO PASIRINKIMAS<\/span><\/h4>\n<p>Prie\u0161 pasirinkdami dyd\u012f atkreipkite d\u0117mes\u012f \u012f <a class=\"size-chart-pum\" href=\"#\">dyd\u017ei\u0173 lentel\u0119<\/a>. Abejojate, kok\u012f dyd\u012f pasirinkti, para\u0161ykite mums, pad\u0117sime i\u0161sirinkti. Jei reikia didesnio, ar ma\u017eesnio dyd\u017eio nei si\u016blome, norite trumpesni\u0173, ar ilgesni\u0173 rankovi\u0173 ar kitoki\u0173 pakeitim\u0173, para\u0161ykite. Vykdome ir individualius u\u017esakymus.<\/p>\n<h4><span style=\"font-weight: 400;\">I\u0160ANKSTINIS U\u017dSAKYMAS<\/span><\/h4>\n<p>Jei rinkdamiesi prek\u0119 matote u\u017era\u0161\u0105 I\u0160ANKSTINIS U\u017dSAKYMAS, tai rei\u0161kia, kad gaminio \u0161iuo metu vietoje neturime ir j\u012f pagaminsime specialiai Jums, po J\u016bs\u0173 u\u017esakymo gavimo. Gamyba u\u017etrunka nuo 2 d.d. iki 7 d.d., priklausomai nuo to, kiek tuo metu turime u\u017esakym\u0173.<\/p>\n","protected":false},"featured_media":47615,"template":"","meta":{"_mi_skip_tracking":false,"_monsterinsights_sitenote_active":false,"_monsterinsights_sitenote_note":"","_monsterinsights_sitenote_category":0,"spay_email":""},"product-groups":[],"product_cat":[1592,1594,376],"product_tag":[],"acf":[],"yoast_head":"<!-- This site is optimized with the Yoast SEO plugin v17.4 - https:\/\/yoast.com\/wordpress\/plugins\/seo\/ -->\n<title>Patogus UNISEX laisvalaikio d\u017eemperis &#039;KELIAS&#039; - ne.rasa<\/title>\n<meta name=\"description\" content=\"D\u017eemperis &#039;KELIAS&#039; - patogus d\u017eemperis tiek vyrams, tiek moterims. Su gobtuvu, ki\u0161en\u0117mis, u\u017etrauktuku, bei vidine ki\u0161ene.\" \/>\n<meta name=\"robots\" content=\"index, follow, max-snippet:-1, max-image-preview:large, max-video-preview:-1\" \/>\n<link rel=\"canonical\" href=\"https:\/\/nerasa.eu\/lt\/p\/patogus-laisvalaikio-dzemperis-kelias\/\" \/>\n<meta property=\"og:locale\" content=\"lt_LT\" \/>\n<meta property=\"og:type\" content=\"article\" \/>\n<meta property=\"og:title\" content=\"Patogus UNISEX laisvalaikio d\u017eemperis &#039;KELIAS&#039; - ne.rasa\" \/>\n<meta property=\"og:description\" content=\"D\u017eemperis &#039;KELIAS&#039; - patogus d\u017eemperis tiek vyrams, tiek moterims. Su gobtuvu, ki\u0161en\u0117mis, u\u017etrauktuku, bei vidine ki\u0161ene.\" \/>\n<meta property=\"og:url\" content=\"https:\/\/nerasa.eu\/lt\/p\/patogus-laisvalaikio-dzemperis-kelias\/\" \/>\n<meta property=\"og:site_name\" content=\"ne.rasa\" \/>\n<meta property=\"article:publisher\" content=\"https:\/\/www.facebook.com\/nerasa.eu\" \/>\n<meta property=\"article:modified_time\" content=\"2026-04-10T10:59:53+00:00\" \/>\n<meta property=\"og:image\" content=\"https:\/\/nerasa.eu\/wp-content\/uploads\/2024\/08\/IMG_5739-Marcus-Concrete-Chic.jpeg\" \/>\n\t<meta property=\"og:image:width\" content=\"1357\" \/>\n\t<meta property=\"og:image:height\" content=\"2048\" \/>\n<meta name=\"twitter:card\" content=\"summary\" \/>\n<meta name=\"twitter:label1\" content=\"Est. reading time\" \/>\n\t<meta name=\"twitter:data1\" content=\"1 minut\u0117\" \/>\n<script type=\"application\/ld+json\" class=\"yoast-schema-graph\">{\"@context\":\"https:\/\/schema.org\",\"@graph\":[{\"@type\":\"Organization\",\"@id\":\"https:\/\/nerasa.eu\/lt\/#organization\",\"name\":\"ne.rasa\",\"url\":\"https:\/\/nerasa.eu\/lt\/\",\"sameAs\":[\"https:\/\/www.facebook.com\/nerasa.eu\"],\"logo\":{\"@type\":\"ImageObject\",\"@id\":\"https:\/\/nerasa.eu\/lt\/#logo\",\"inLanguage\":\"lt-LT\",\"url\":\"https:\/\/nerasa.eu\/wp-content\/uploads\/2017\/09\/logo-borderless-1-e1506375274625.png\",\"contentUrl\":\"https:\/\/nerasa.eu\/wp-content\/uploads\/2017\/09\/logo-borderless-1-e1506375274625.png\",\"width\":105,\"height\":93,\"caption\":\"ne.rasa\"},\"image\":{\"@id\":\"https:\/\/nerasa.eu\/lt\/#logo\"}},{\"@type\":\"WebSite\",\"@id\":\"https:\/\/nerasa.eu\/lt\/#website\",\"url\":\"https:\/\/nerasa.eu\/lt\/\",\"name\":\"ne.rasa\",\"description\":\"\",\"publisher\":{\"@id\":\"https:\/\/nerasa.eu\/lt\/#organization\"},\"potentialAction\":[{\"@type\":\"SearchAction\",\"target\":{\"@type\":\"EntryPoint\",\"urlTemplate\":\"https:\/\/nerasa.eu\/lt\/?s={search_term_string}\"},\"query-input\":\"required name=search_term_string\"}],\"inLanguage\":\"lt-LT\"},{\"@type\":\"ImageObject\",\"@id\":\"https:\/\/nerasa.eu\/lt\/p\/patogus-laisvalaikio-dzemperis-kelias\/#primaryimage\",\"inLanguage\":\"lt-LT\",\"url\":\"https:\/\/nerasa.eu\/wp-content\/uploads\/2024\/08\/IMG_5739-Marcus-Concrete-Chic.jpeg\",\"contentUrl\":\"https:\/\/nerasa.eu\/wp-content\/uploads\/2024\/08\/IMG_5739-Marcus-Concrete-Chic.jpeg\",\"width\":1357,\"height\":2048,\"caption\":\"Warm cotton knit summer jacket 'ROAD'\"},{\"@type\":\"WebPage\",\"@id\":\"https:\/\/nerasa.eu\/lt\/p\/patogus-laisvalaikio-dzemperis-kelias\/#webpage\",\"url\":\"https:\/\/nerasa.eu\/lt\/p\/patogus-laisvalaikio-dzemperis-kelias\/\",\"name\":\"Patogus UNISEX laisvalaikio d\\u017eemperis 'KELIAS' - ne.rasa\",\"isPartOf\":{\"@id\":\"https:\/\/nerasa.eu\/lt\/#website\"},\"primaryImageOfPage\":{\"@id\":\"https:\/\/nerasa.eu\/lt\/p\/patogus-laisvalaikio-dzemperis-kelias\/#primaryimage\"},\"datePublished\":\"2020-07-13T21:45:10+00:00\",\"dateModified\":\"2026-04-10T10:59:53+00:00\",\"description\":\"D\\u017eemperis 'KELIAS' - patogus d\\u017eemperis tiek vyrams, tiek moterims. Su gobtuvu, ki\\u0161en\\u0117mis, u\\u017etrauktuku, bei vidine ki\\u0161ene.\",\"breadcrumb\":{\"@id\":\"https:\/\/nerasa.eu\/lt\/p\/patogus-laisvalaikio-dzemperis-kelias\/#breadcrumb\"},\"inLanguage\":\"lt-LT\",\"potentialAction\":[{\"@type\":\"ReadAction\",\"target\":[\"https:\/\/nerasa.eu\/lt\/p\/patogus-laisvalaikio-dzemperis-kelias\/\"]}]},{\"@type\":\"BreadcrumbList\",\"@id\":\"https:\/\/nerasa.eu\/lt\/p\/patogus-laisvalaikio-dzemperis-kelias\/#breadcrumb\",\"itemListElement\":[{\"@type\":\"ListItem\",\"position\":1,\"name\":\"Pagrindinis\",\"item\":\"https:\/\/nerasa.eu\/lt\/\"},{\"@type\":\"ListItem\",\"position\":2,\"name\":\"Parduotuv\\u0117\",\"item\":\"https:\/\/nerasa.eu\/lt\/parduotuve\/\"},{\"@type\":\"ListItem\",\"position\":3,\"name\":\"Patogus UNISEX laisvalaikio d\\u017eemperis &#8216;KELIAS&#8217;\"}]}]}<\/script>\n<!-- \/ Yoast SEO plugin. -->","yoast_head_json":{"title":"Patogus UNISEX laisvalaikio d\u017eemperis 'KELIAS' - ne.rasa","description":"D\u017eemperis 'KELIAS' - patogus d\u017eemperis tiek vyrams, tiek moterims. Su gobtuvu, ki\u0161en\u0117mis, u\u017etrauktuku, bei vidine ki\u0161ene.","robots":{"index":"index","follow":"follow","max-snippet":"max-snippet:-1","max-image-preview":"max-image-preview:large","max-video-preview":"max-video-preview:-1"},"canonical":"https:\/\/nerasa.eu\/lt\/p\/patogus-laisvalaikio-dzemperis-kelias\/","og_locale":"lt_LT","og_type":"article","og_title":"Patogus UNISEX laisvalaikio d\u017eemperis 'KELIAS' - ne.rasa","og_description":"D\u017eemperis 'KELIAS' - patogus d\u017eemperis tiek vyrams, tiek moterims. Su gobtuvu, ki\u0161en\u0117mis, u\u017etrauktuku, bei vidine ki\u0161ene.","og_url":"https:\/\/nerasa.eu\/lt\/p\/patogus-laisvalaikio-dzemperis-kelias\/","og_site_name":"ne.rasa","article_publisher":"https:\/\/www.facebook.com\/nerasa.eu","article_modified_time":"2026-04-10T10:59:53+00:00","og_image":[{"width":1357,"height":2048,"url":"https:\/\/nerasa.eu\/wp-content\/uploads\/2024\/08\/IMG_5739-Marcus-Concrete-Chic.jpeg","type":"image\/jpeg"}],"twitter_card":"summary","twitter_misc":{"Est. reading time":"1 minut\u0117"},"schema":{"@context":"https:\/\/schema.org","@graph":[{"@type":"Organization","@id":"https:\/\/nerasa.eu\/lt\/#organization","name":"ne.rasa","url":"https:\/\/nerasa.eu\/lt\/","sameAs":["https:\/\/www.facebook.com\/nerasa.eu"],"logo":{"@type":"ImageObject","@id":"https:\/\/nerasa.eu\/lt\/#logo","inLanguage":"lt-LT","url":"https:\/\/nerasa.eu\/wp-content\/uploads\/2017\/09\/logo-borderless-1-e1506375274625.png","contentUrl":"https:\/\/nerasa.eu\/wp-content\/uploads\/2017\/09\/logo-borderless-1-e1506375274625.png","width":105,"height":93,"caption":"ne.rasa"},"image":{"@id":"https:\/\/nerasa.eu\/lt\/#logo"}},{"@type":"WebSite","@id":"https:\/\/nerasa.eu\/lt\/#website","url":"https:\/\/nerasa.eu\/lt\/","name":"ne.rasa","description":"","publisher":{"@id":"https:\/\/nerasa.eu\/lt\/#organization"},"potentialAction":[{"@type":"SearchAction","target":{"@type":"EntryPoint","urlTemplate":"https:\/\/nerasa.eu\/lt\/?s={search_term_string}"},"query-input":"required name=search_term_string"}],"inLanguage":"lt-LT"},{"@type":"ImageObject","@id":"https:\/\/nerasa.eu\/lt\/p\/patogus-laisvalaikio-dzemperis-kelias\/#primaryimage","inLanguage":"lt-LT","url":"https:\/\/nerasa.eu\/wp-content\/uploads\/2024\/08\/IMG_5739-Marcus-Concrete-Chic.jpeg","contentUrl":"https:\/\/nerasa.eu\/wp-content\/uploads\/2024\/08\/IMG_5739-Marcus-Concrete-Chic.jpeg","width":1357,"height":2048,"caption":"Warm cotton knit summer jacket 'ROAD'"},{"@type":"WebPage","@id":"https:\/\/nerasa.eu\/lt\/p\/patogus-laisvalaikio-dzemperis-kelias\/#webpage","url":"https:\/\/nerasa.eu\/lt\/p\/patogus-laisvalaikio-dzemperis-kelias\/","name":"Patogus UNISEX laisvalaikio d\u017eemperis 'KELIAS' - ne.rasa","isPartOf":{"@id":"https:\/\/nerasa.eu\/lt\/#website"},"primaryImageOfPage":{"@id":"https:\/\/nerasa.eu\/lt\/p\/patogus-laisvalaikio-dzemperis-kelias\/#primaryimage"},"datePublished":"2020-07-13T21:45:10+00:00","dateModified":"2026-04-10T10:59:53+00:00","description":"D\u017eemperis 'KELIAS' - patogus d\u017eemperis tiek vyrams, tiek moterims. Su gobtuvu, ki\u0161en\u0117mis, u\u017etrauktuku, bei vidine ki\u0161ene.","breadcrumb":{"@id":"https:\/\/nerasa.eu\/lt\/p\/patogus-laisvalaikio-dzemperis-kelias\/#breadcrumb"},"inLanguage":"lt-LT","potentialAction":[{"@type":"ReadAction","target":["https:\/\/nerasa.eu\/lt\/p\/patogus-laisvalaikio-dzemperis-kelias\/"]}]},{"@type":"BreadcrumbList","@id":"https:\/\/nerasa.eu\/lt\/p\/patogus-laisvalaikio-dzemperis-kelias\/#breadcrumb","itemListElement":[{"@type":"ListItem","position":1,"name":"Pagrindinis","item":"https:\/\/nerasa.eu\/lt\/"},{"@type":"ListItem","position":2,"name":"Parduotuv\u0117","item":"https:\/\/nerasa.eu\/lt\/parduotuve\/"},{"@type":"ListItem","position":3,"name":"Patogus UNISEX laisvalaikio d\u017eemperis &#8216;KELIAS&#8217;"}]}]}},"_links":{"self":[{"href":"https:\/\/nerasa.eu\/lt\/wp-json\/wp\/v2\/product\/10238"}],"collection":[{"href":"https:\/\/nerasa.eu\/lt\/wp-json\/wp\/v2\/product"}],"about":[{"href":"https:\/\/nerasa.eu\/lt\/wp-json\/wp\/v2\/types\/product"}],"wp:featuredmedia":[{"embeddable":true,"href":"https:\/\/nerasa.eu\/lt\/wp-json\/wp\/v2\/media\/47615"}],"wp:attachment":[{"href":"https:\/\/nerasa.eu\/lt\/wp-json\/wp\/v2\/media?parent=10238"}],"wp:term":[{"taxonomy":"product-groups","embeddable":true,"href":"https:\/\/nerasa.eu\/lt\/wp-json\/wp\/v2\/product-groups?post=10238"},{"taxonomy":"product_cat","embeddable":true,"href":"https:\/\/nerasa.eu\/lt\/wp-json\/wp\/v2\/product_cat?post=10238"},{"taxonomy":"product_tag","embeddable":true,"href":"https:\/\/nerasa.eu\/lt\/wp-json\/wp\/v2\/product_tag?post=10238"}],"curies":[{"name":"wp","href":"https:\/\/api.w.org\/{rel}","templated":true}]}}