{"id":945,"date":"2017-09-19T23:19:16","date_gmt":"2017-09-19T20:19:16","guid":{"rendered":"https:\/\/nerasa.eu\/?page_id=945"},"modified":"2025-07-01T08:45:16","modified_gmt":"2025-07-01T05:45:16","slug":"prekiu-grazinimas","status":"publish","type":"page","link":"https:\/\/nerasa.eu\/lt\/prekiu-grazinimas\/","title":{"rendered":"Preki\u0173 gr\u0105\u017einimas"},"content":{"rendered":"<p>[vc_row][vc_column][vc_column_text]<strong>Visas ne.rasa prekes, kurios nebuvo koreguotos pagal J\u016bs\u0173 pageidavimus ir kuri\u0173 dyd\u017eiai<\/strong><strong> XXS-3XL galite pakeisti arba gr<\/strong><strong>\u0105<\/strong><strong>\u017e<\/strong><strong>inti.<\/strong><strong>\u00a0<\/strong><\/p>\n<ol>\n<li>Informuokite mus apie norim\u0105 gr\u0105\u017einti prek\u0119pa\u0161tu:<a href=\"mailto:info@nerasa.eu\">info@nerasa.eu<\/a><\/li>\n<li>I\u0161si\u0173skite mums norimas gr\u0105\u017einti ar pakeisti prekes \u012f OMNIVA pa\u0161tomat\u0105: Gav\u0117jas:ne.rasa, Pa\u0161tomatas: Alytaus Pulko g. RIMI Omniva pa\u0161tomatas, tel.nr. : 8 612 66806<\/li>\n<li>\u012e siuntinuk\u0105 b\u016btinai \u012fd\u0117kite prek\u0117s gr\u0105\u017einimo\/keitimo pra\u0161ym\u0105<\/li>\n<li>Jei prekes norite pakeisti, reiks papildomai sumok\u0117ti u\u017e nauj\u0105 pristatym\u0105: gavus J\u016bs\u0173 siuntin\u012f atsi\u0173sime rekvizitus apmok\u0117jimui u\u017e nauj\u0173 preki\u0173 i\u0161siuntim\u0105.<\/li>\n<\/ol>\n<ul>\n<li>Preki\u0173 gr\u0105\u017einimas galimas tik tuo atveju, jeigu prek\u0117s nebuvo naudojamos, jos nebuvo nesugadintos, nepraradusios prekin\u0117s i\u0161vaizdos, yra tos pa\u010dios komplektacijos, kokios pirk\u0117jas jas gavo.<\/li>\n<\/ul>\n<p><strong>Kaip u\u017epildyti prek<\/strong><strong>\u0117<\/strong><strong>s gr<\/strong><strong>\u0105<\/strong><strong>\u017e<\/strong><strong>inimo\/keitimo pra<\/strong><strong>\u0161<\/strong><strong>ym<\/strong><strong>\u0105<\/strong><strong>:<\/strong><\/p>\n<ul>\n<li>\u010cia galite parsisi\u0173sti gr\u0105\u017einimo\/keitimo pra\u0161ymo form\u0105. Joje B\u016btinai nurodykite prek\u0117s u\u017esakymo numer\u012f, i\u0161vardinkite gr\u0105\u017einamas\/kei\u010diamas prekes, gr\u0105\u017einimo prie\u017east\u012f ir s\u0105skait\u0105 \u012f kuri\u0105 tur\u0117t\u0173 b\u016bti gr\u0105\u017einti pinigai.<\/li>\n<li>Jei neturite galimyb\u0117s atsispausdinti pra\u0161ymo, tiesiog para\u0161ykite j\u012f Svarbu kad b\u016bt\u0173 nurodytas u\u017esakymo numeris, gr\u0105\u017einamos arba kei\u010diamos ir \u012f k\u0105 kei\u010diamos prek\u0117s. B\u016btinai nurodykite s\u0105skaitos numer\u012f \u012f kur\u012f pervesti gr\u0105\u017einto u\u017esakymo apmok\u0117jim\u0105.<\/li>\n<\/ul>\n<p><a style=\"border: 1px solid #000; display: inline-block; padding: 10px 50px; margin: 0 auto; width: 380px;\" href=\"\/wp-content\/uploads\/2020\/03\/nerasa-grazinimo-keitimo-prasymas.pdf\" target=\"_blank\" rel=\"noopener noreferrer\"><img decoding=\"async\" style=\"height: 48px; float: left; margin-right: 10px; color: #000;\" src=\"\/wp-content\/uploads\/file-download.svg\" alt=\"Gr\u0105\u017einimo keitimo pra\u0161ymas\" \/> Parsisi\u0173sti<br \/>\nGr\u0105\u017einimo \/ keitimo pra\u0161ymas<\/a><\/p>\n<ul>\n<li style=\"list-style-type: none;\">\n<ul>\n<li>Gav\u0119 gr\u0105\u017einam\u0105 prek\u0119 per 5 darbo dienas gr\u0105\u017einsime Jums piln\u0105 u\u017esakymo sum\u0105, pristatymo i\u0161laidos, jei tokios buvo n\u0117ra gr\u0105\u017einmos<\/li>\n<\/ul>\n<p><strong>D<\/strong><strong>\u0116<\/strong><strong>MESIO:<\/strong>\u00a0<em><strong> 4XL-6XL dyd\u017ei\u0173 drabu\u017eiai, n\u0117ra priimami atgal arba kei\u010diami<\/strong><\/em>, nebent turi audinio, pasiuvimo ar kit\u0173 defekt\u0173. Jei turite abejoni\u0173 u\u017esakant didelio dyd\u017eio drabu\u017e\u012f dr\u0105siai ra\u0161ykite mums ir pakonsultuosime Jus d\u0117l dyd\u017eio pasirinikimo arba atliksime reikiamus pakeitimus, kad gaminys Jums puikiai tikt\u0173.Jei vis tik nutiko taip, kad 4XL-6XL dyd\u017eio drabu\u017eis Jums netiko, para\u0161ykite mums, galime suderinti gaminio koregavim\u0105, pasiaurini\u0105, patrumpinim\u0105 ir t.t.<\/p>\n<p><strong>D<\/strong><strong>\u0116<\/strong><strong>MESIO:<\/strong>\u00a0 <strong><em>Gaminiai, kurie buvo koreguojami pagal Jus, kad ir kokio dyd\u017eio beb\u016bt\u0173 n\u0117ra priimami atgal arba kei\u010diami<\/em><\/strong>. Pavyzd\u017eiui buvo patrumpintos pagal Jus rankov\u0117s ar kelni\u0173 ilgis, pakoreguotas gaminio modelis ir pana\u0161iai.\u00a0 Mums labai r\u016bpi, kad drabu\u017eis Jums tikt\u0173, tad jei nutiko taip, kad koreguotas gaminys Jums netiko, para\u0161ykite mums, galime suderinti papildomus pakeitimus, kad pritaikytume gamin\u012f ir jis b\u016bt\u0173 naudojamas ir Jus d\u017eiugint\u0173.<\/li>\n<\/ul>\n<p>[\/vc_column_text][\/vc_column][\/vc_row]<\/p>\n","protected":false},"excerpt":{"rendered":"<p>[vc_row][vc_column][vc_column_text]Visas ne.rasa prekes, kurios nebuvo koreguotos pagal J\u016bs\u0173 pageidavimus ir kuri\u0173 dyd\u017eiai XXS-3XL galite pakeisti arba gr\u0105\u017einti.\u00a0 Informuokite mus apie norim\u0105 gr\u0105\u017einti prek\u0119pa\u0161tu:info@nerasa.eu I\u0161si\u0173skite mums norimas gr\u0105\u017einti ar pakeisti prekes \u012f OMNIVA pa\u0161tomat\u0105: Gav\u0117jas:ne.rasa, Pa\u0161tomatas: Alytaus Pulko g. RIMI Omniva pa\u0161tomatas, tel.nr. : 8 612 66806 \u012e siuntinuk\u0105 b\u016btinai \u012fd\u0117kite prek\u0117s gr\u0105\u017einimo\/keitimo pra\u0161ym\u0105 Jei prekes [&hellip;]<\/p>\n","protected":false},"author":1,"featured_media":0,"parent":0,"menu_order":0,"comment_status":"closed","ping_status":"closed","template":"","meta":{"_mi_skip_tracking":false,"_monsterinsights_sitenote_active":false,"_monsterinsights_sitenote_note":"","_monsterinsights_sitenote_category":0,"spay_email":"","footnotes":""},"acf":[],"yoast_head":"<!-- This site is optimized with the Yoast SEO plugin v17.4 - https:\/\/yoast.com\/wordpress\/plugins\/seo\/ -->\n<title>Preki\u0173 gr\u0105\u017einimas - ne.rasa - l\u0117tos mados laisvalaikio drabu\u017eiai<\/title>\n<meta name=\"description\" content=\"Mes stengiam\u0117s, kad apie gr\u0105\u017einim\u0105 jums nereikt\u0173 net pagalvoti! Ta\u010diau, jei vis tik nutiko taip, u\u017esakytas drabu\u017eis Jums netiko, j\u012f galite gr\u0105\u017einti per 14 d\" \/>\n<meta name=\"robots\" content=\"index, follow, max-snippet:-1, max-image-preview:large, max-video-preview:-1\" \/>\n<link rel=\"canonical\" href=\"https:\/\/nerasa.eu\/lt\/prekiu-grazinimas\/\" \/>\n<meta property=\"og:locale\" content=\"lt_LT\" \/>\n<meta property=\"og:type\" content=\"article\" \/>\n<meta property=\"og:title\" content=\"Preki\u0173 gr\u0105\u017einimas - ne.rasa - l\u0117tos mados laisvalaikio drabu\u017eiai\" \/>\n<meta property=\"og:description\" content=\"Mes stengiam\u0117s, kad apie gr\u0105\u017einim\u0105 jums nereikt\u0173 net pagalvoti! Ta\u010diau, jei vis tik nutiko taip, u\u017esakytas drabu\u017eis Jums netiko, j\u012f galite gr\u0105\u017einti per 14 d\" \/>\n<meta property=\"og:url\" content=\"https:\/\/nerasa.eu\/lt\/prekiu-grazinimas\/\" \/>\n<meta property=\"og:site_name\" content=\"ne.rasa\" \/>\n<meta property=\"article:publisher\" content=\"https:\/\/www.facebook.com\/nerasa.eu\" \/>\n<meta property=\"article:modified_time\" content=\"2025-07-01T05:45:16+00:00\" \/>\n<meta property=\"og:image\" content=\"https:\/\/nerasa.eu\/wp-content\/uploads\/file-download.svg\" \/>\n<meta name=\"twitter:card\" content=\"summary\" \/>\n<meta name=\"twitter:label1\" content=\"Est. reading time\" \/>\n\t<meta name=\"twitter:data1\" content=\"2 minut\u0117s\" \/>\n<script type=\"application\/ld+json\" class=\"yoast-schema-graph\">{\"@context\":\"https:\/\/schema.org\",\"@graph\":[{\"@type\":\"Organization\",\"@id\":\"https:\/\/nerasa.eu\/lt\/#organization\",\"name\":\"ne.rasa\",\"url\":\"https:\/\/nerasa.eu\/lt\/\",\"sameAs\":[\"https:\/\/www.facebook.com\/nerasa.eu\"],\"logo\":{\"@type\":\"ImageObject\",\"@id\":\"https:\/\/nerasa.eu\/lt\/#logo\",\"inLanguage\":\"lt-LT\",\"url\":\"https:\/\/nerasa.eu\/wp-content\/uploads\/2017\/09\/logo-borderless-1-e1506375274625.png\",\"contentUrl\":\"https:\/\/nerasa.eu\/wp-content\/uploads\/2017\/09\/logo-borderless-1-e1506375274625.png\",\"width\":105,\"height\":93,\"caption\":\"ne.rasa\"},\"image\":{\"@id\":\"https:\/\/nerasa.eu\/lt\/#logo\"}},{\"@type\":\"WebSite\",\"@id\":\"https:\/\/nerasa.eu\/lt\/#website\",\"url\":\"https:\/\/nerasa.eu\/lt\/\",\"name\":\"ne.rasa\",\"description\":\"\",\"publisher\":{\"@id\":\"https:\/\/nerasa.eu\/lt\/#organization\"},\"potentialAction\":[{\"@type\":\"SearchAction\",\"target\":{\"@type\":\"EntryPoint\",\"urlTemplate\":\"https:\/\/nerasa.eu\/lt\/?s={search_term_string}\"},\"query-input\":\"required name=search_term_string\"}],\"inLanguage\":\"lt-LT\"},{\"@type\":\"ImageObject\",\"@id\":\"https:\/\/nerasa.eu\/lt\/prekiu-grazinimas\/#primaryimage\",\"inLanguage\":\"lt-LT\",\"url\":\"\/wp-content\/uploads\/file-download.svg\",\"contentUrl\":\"\/wp-content\/uploads\/file-download.svg\"},{\"@type\":\"WebPage\",\"@id\":\"https:\/\/nerasa.eu\/lt\/prekiu-grazinimas\/#webpage\",\"url\":\"https:\/\/nerasa.eu\/lt\/prekiu-grazinimas\/\",\"name\":\"Preki\\u0173 gr\\u0105\\u017einimas - ne.rasa - l\\u0117tos mados laisvalaikio drabu\\u017eiai\",\"isPartOf\":{\"@id\":\"https:\/\/nerasa.eu\/lt\/#website\"},\"primaryImageOfPage\":{\"@id\":\"https:\/\/nerasa.eu\/lt\/prekiu-grazinimas\/#primaryimage\"},\"datePublished\":\"2017-09-19T20:19:16+00:00\",\"dateModified\":\"2025-07-01T05:45:16+00:00\",\"description\":\"Mes stengiam\\u0117s, kad apie gr\\u0105\\u017einim\\u0105 jums nereikt\\u0173 net pagalvoti! Ta\\u010diau, jei vis tik nutiko taip, u\\u017esakytas drabu\\u017eis Jums netiko, j\\u012f galite gr\\u0105\\u017einti per 14 d\",\"breadcrumb\":{\"@id\":\"https:\/\/nerasa.eu\/lt\/prekiu-grazinimas\/#breadcrumb\"},\"inLanguage\":\"lt-LT\",\"potentialAction\":[{\"@type\":\"ReadAction\",\"target\":[\"https:\/\/nerasa.eu\/lt\/prekiu-grazinimas\/\"]}]},{\"@type\":\"BreadcrumbList\",\"@id\":\"https:\/\/nerasa.eu\/lt\/prekiu-grazinimas\/#breadcrumb\",\"itemListElement\":[{\"@type\":\"ListItem\",\"position\":1,\"name\":\"Pagrindinis\",\"item\":\"https:\/\/nerasa.eu\/lt\/\"},{\"@type\":\"ListItem\",\"position\":2,\"name\":\"Preki\\u0173 gr\\u0105\\u017einimas\"}]}]}<\/script>\n<!-- \/ Yoast SEO plugin. -->","yoast_head_json":{"title":"Preki\u0173 gr\u0105\u017einimas - ne.rasa - l\u0117tos mados laisvalaikio drabu\u017eiai","description":"Mes stengiam\u0117s, kad apie gr\u0105\u017einim\u0105 jums nereikt\u0173 net pagalvoti! Ta\u010diau, jei vis tik nutiko taip, u\u017esakytas drabu\u017eis Jums netiko, j\u012f galite gr\u0105\u017einti per 14 d","robots":{"index":"index","follow":"follow","max-snippet":"max-snippet:-1","max-image-preview":"max-image-preview:large","max-video-preview":"max-video-preview:-1"},"canonical":"https:\/\/nerasa.eu\/lt\/prekiu-grazinimas\/","og_locale":"lt_LT","og_type":"article","og_title":"Preki\u0173 gr\u0105\u017einimas - ne.rasa - l\u0117tos mados laisvalaikio drabu\u017eiai","og_description":"Mes stengiam\u0117s, kad apie gr\u0105\u017einim\u0105 jums nereikt\u0173 net pagalvoti! Ta\u010diau, jei vis tik nutiko taip, u\u017esakytas drabu\u017eis Jums netiko, j\u012f galite gr\u0105\u017einti per 14 d","og_url":"https:\/\/nerasa.eu\/lt\/prekiu-grazinimas\/","og_site_name":"ne.rasa","article_publisher":"https:\/\/www.facebook.com\/nerasa.eu","article_modified_time":"2025-07-01T05:45:16+00:00","og_image":[{"url":"https:\/\/nerasa.eu\/wp-content\/uploads\/file-download.svg"}],"twitter_card":"summary","twitter_misc":{"Est. reading time":"2 minut\u0117s"},"schema":{"@context":"https:\/\/schema.org","@graph":[{"@type":"Organization","@id":"https:\/\/nerasa.eu\/lt\/#organization","name":"ne.rasa","url":"https:\/\/nerasa.eu\/lt\/","sameAs":["https:\/\/www.facebook.com\/nerasa.eu"],"logo":{"@type":"ImageObject","@id":"https:\/\/nerasa.eu\/lt\/#logo","inLanguage":"lt-LT","url":"https:\/\/nerasa.eu\/wp-content\/uploads\/2017\/09\/logo-borderless-1-e1506375274625.png","contentUrl":"https:\/\/nerasa.eu\/wp-content\/uploads\/2017\/09\/logo-borderless-1-e1506375274625.png","width":105,"height":93,"caption":"ne.rasa"},"image":{"@id":"https:\/\/nerasa.eu\/lt\/#logo"}},{"@type":"WebSite","@id":"https:\/\/nerasa.eu\/lt\/#website","url":"https:\/\/nerasa.eu\/lt\/","name":"ne.rasa","description":"","publisher":{"@id":"https:\/\/nerasa.eu\/lt\/#organization"},"potentialAction":[{"@type":"SearchAction","target":{"@type":"EntryPoint","urlTemplate":"https:\/\/nerasa.eu\/lt\/?s={search_term_string}"},"query-input":"required name=search_term_string"}],"inLanguage":"lt-LT"},{"@type":"ImageObject","@id":"https:\/\/nerasa.eu\/lt\/prekiu-grazinimas\/#primaryimage","inLanguage":"lt-LT","url":"\/wp-content\/uploads\/file-download.svg","contentUrl":"\/wp-content\/uploads\/file-download.svg"},{"@type":"WebPage","@id":"https:\/\/nerasa.eu\/lt\/prekiu-grazinimas\/#webpage","url":"https:\/\/nerasa.eu\/lt\/prekiu-grazinimas\/","name":"Preki\u0173 gr\u0105\u017einimas - ne.rasa - l\u0117tos mados laisvalaikio drabu\u017eiai","isPartOf":{"@id":"https:\/\/nerasa.eu\/lt\/#website"},"primaryImageOfPage":{"@id":"https:\/\/nerasa.eu\/lt\/prekiu-grazinimas\/#primaryimage"},"datePublished":"2017-09-19T20:19:16+00:00","dateModified":"2025-07-01T05:45:16+00:00","description":"Mes stengiam\u0117s, kad apie gr\u0105\u017einim\u0105 jums nereikt\u0173 net pagalvoti! Ta\u010diau, jei vis tik nutiko taip, u\u017esakytas drabu\u017eis Jums netiko, j\u012f galite gr\u0105\u017einti per 14 d","breadcrumb":{"@id":"https:\/\/nerasa.eu\/lt\/prekiu-grazinimas\/#breadcrumb"},"inLanguage":"lt-LT","potentialAction":[{"@type":"ReadAction","target":["https:\/\/nerasa.eu\/lt\/prekiu-grazinimas\/"]}]},{"@type":"BreadcrumbList","@id":"https:\/\/nerasa.eu\/lt\/prekiu-grazinimas\/#breadcrumb","itemListElement":[{"@type":"ListItem","position":1,"name":"Pagrindinis","item":"https:\/\/nerasa.eu\/lt\/"},{"@type":"ListItem","position":2,"name":"Preki\u0173 gr\u0105\u017einimas"}]}]}},"_links":{"self":[{"href":"https:\/\/nerasa.eu\/lt\/wp-json\/wp\/v2\/pages\/945"}],"collection":[{"href":"https:\/\/nerasa.eu\/lt\/wp-json\/wp\/v2\/pages"}],"about":[{"href":"https:\/\/nerasa.eu\/lt\/wp-json\/wp\/v2\/types\/page"}],"author":[{"embeddable":true,"href":"https:\/\/nerasa.eu\/lt\/wp-json\/wp\/v2\/users\/1"}],"replies":[{"embeddable":true,"href":"https:\/\/nerasa.eu\/lt\/wp-json\/wp\/v2\/comments?post=945"}],"version-history":[{"count":23,"href":"https:\/\/nerasa.eu\/lt\/wp-json\/wp\/v2\/pages\/945\/revisions"}],"predecessor-version":[{"id":46081,"href":"https:\/\/nerasa.eu\/lt\/wp-json\/wp\/v2\/pages\/945\/revisions\/46081"}],"wp:attachment":[{"href":"https:\/\/nerasa.eu\/lt\/wp-json\/wp\/v2\/media?parent=945"}],"curies":[{"name":"wp","href":"https:\/\/api.w.org\/{rel}","templated":true}]}}