{"id":942,"date":"2017-09-19T23:15:16","date_gmt":"2017-09-19T20:15:16","guid":{"rendered":"https:\/\/nerasa.eu\/?page_id=942"},"modified":"2024-02-02T12:59:28","modified_gmt":"2024-02-02T09:59:28","slug":"apmokejimas","status":"publish","type":"page","link":"https:\/\/nerasa.eu\/lt\/apmokejimas\/","title":{"rendered":"Apmok\u0117jimas"},"content":{"rendered":"<p>[vc_row][vc_column][vc_column_text]Apmok\u0117ti u\u017e pasirinktas prekes galite:<\/p>\n<p><strong>Bankiniu Pavedimu<\/strong> &#8211; po u\u017esakymo gavimo Jums i\u0161si\u0173sime informacij\u0105, pagal kuri\u0105 gal\u0117site apmok\u0117ti u\u017e pasirinktas prekes bankiniu pavedimu.<\/p>\n<p><strong>El. bankininkyste<\/strong> &#8211; atsiskaitymai yra vykdomi per patikim\u0105 <a href=\"https:\/\/makecommerce.lt\/\" target=\"_blank\" rel=\"noopener noreferrer\">MakeCommerce<\/a> atsiskaitym\u0173 sistem\u0105, kurios d\u0117ka b\u016bsite tiesiogiai nukreipti \u012f pasirinkt\u0105 bank\u0105 arba tiesiogiai gal\u0117site apmok\u0117ti u\u017esakym\u0105 mok\u0117jimo kortele.<\/p>\n<p><strong>Kreditini\u0173 korteli\u0173 aptarnavimo sistema <a href=\"https:\/\/www.paypal.com\" target=\"_blank\" rel=\"noopener noreferrer\">PayPal<\/a><\/strong> &#8211; populiariausia elektronini\u0173 atsiskaitym\u0173 sistema pasaulyje.[\/vc_column_text][\/vc_column][\/vc_row]<\/p>\n","protected":false},"excerpt":{"rendered":"<p>[vc_row][vc_column][vc_column_text]Apmok\u0117ti u\u017e pasirinktas prekes galite: Bankiniu Pavedimu &#8211; po u\u017esakymo gavimo Jums i\u0161si\u0173sime informacij\u0105, pagal kuri\u0105 gal\u0117site apmok\u0117ti u\u017e pasirinktas prekes bankiniu pavedimu. El. bankininkyste &#8211; atsiskaitymai yra vykdomi per patikim\u0105 MakeCommerce atsiskaitym\u0173 sistem\u0105, kurios d\u0117ka b\u016bsite tiesiogiai nukreipti \u012f pasirinkt\u0105 bank\u0105 arba tiesiogiai gal\u0117site apmok\u0117ti u\u017esakym\u0105 mok\u0117jimo kortele. Kreditini\u0173 korteli\u0173 aptarnavimo sistema PayPal &#8211; [&hellip;]<\/p>\n","protected":false},"author":1,"featured_media":0,"parent":0,"menu_order":0,"comment_status":"closed","ping_status":"closed","template":"","meta":{"_mi_skip_tracking":false,"_monsterinsights_sitenote_active":false,"_monsterinsights_sitenote_note":"","_monsterinsights_sitenote_category":0,"spay_email":"","footnotes":""},"acf":[],"yoast_head":"<!-- This site is optimized with the Yoast SEO plugin v17.4 - https:\/\/yoast.com\/wordpress\/plugins\/seo\/ -->\n<title>Apmok\u0117jimas - ne.rasa - laisvalaikio drabu\u017eiai JAM ir JAI<\/title>\n<meta name=\"description\" content=\"U\u017e u\u017esakym\u0105 galite apmok\u0117ti bankiniu pavedimu, elektronine banko sistema MakeCommerce, bei kreditine kortele per populiariausi\u0105 pasaulyje mok\u0117jim\u0173 sistem\u0105 PAYPAL\" \/>\n<meta name=\"robots\" content=\"index, follow, max-snippet:-1, max-image-preview:large, max-video-preview:-1\" \/>\n<link rel=\"canonical\" href=\"https:\/\/nerasa.eu\/lt\/apmokejimas\/\" \/>\n<meta property=\"og:locale\" content=\"lt_LT\" \/>\n<meta property=\"og:type\" content=\"article\" \/>\n<meta property=\"og:title\" content=\"Apmok\u0117jimas - ne.rasa - laisvalaikio drabu\u017eiai JAM ir JAI\" \/>\n<meta property=\"og:description\" content=\"U\u017e u\u017esakym\u0105 galite apmok\u0117ti bankiniu pavedimu, elektronine banko sistema MakeCommerce, bei kreditine kortele per populiariausi\u0105 pasaulyje mok\u0117jim\u0173 sistem\u0105 PAYPAL\" \/>\n<meta property=\"og:url\" content=\"https:\/\/nerasa.eu\/lt\/apmokejimas\/\" \/>\n<meta property=\"og:site_name\" content=\"ne.rasa\" \/>\n<meta property=\"article:publisher\" content=\"https:\/\/www.facebook.com\/nerasa.eu\" \/>\n<meta property=\"article:modified_time\" content=\"2024-02-02T09:59:28+00:00\" \/>\n<meta name=\"twitter:card\" content=\"summary\" \/>\n<meta name=\"twitter:label1\" content=\"Est. reading time\" \/>\n\t<meta name=\"twitter:data1\" content=\"1 minut\u0117\" \/>\n<script type=\"application\/ld+json\" class=\"yoast-schema-graph\">{\"@context\":\"https:\/\/schema.org\",\"@graph\":[{\"@type\":\"Organization\",\"@id\":\"https:\/\/nerasa.eu\/lt\/#organization\",\"name\":\"ne.rasa\",\"url\":\"https:\/\/nerasa.eu\/lt\/\",\"sameAs\":[\"https:\/\/www.facebook.com\/nerasa.eu\"],\"logo\":{\"@type\":\"ImageObject\",\"@id\":\"https:\/\/nerasa.eu\/lt\/#logo\",\"inLanguage\":\"lt-LT\",\"url\":\"https:\/\/nerasa.eu\/wp-content\/uploads\/2017\/09\/logo-borderless-1-e1506375274625.png\",\"contentUrl\":\"https:\/\/nerasa.eu\/wp-content\/uploads\/2017\/09\/logo-borderless-1-e1506375274625.png\",\"width\":105,\"height\":93,\"caption\":\"ne.rasa\"},\"image\":{\"@id\":\"https:\/\/nerasa.eu\/lt\/#logo\"}},{\"@type\":\"WebSite\",\"@id\":\"https:\/\/nerasa.eu\/lt\/#website\",\"url\":\"https:\/\/nerasa.eu\/lt\/\",\"name\":\"ne.rasa\",\"description\":\"\",\"publisher\":{\"@id\":\"https:\/\/nerasa.eu\/lt\/#organization\"},\"potentialAction\":[{\"@type\":\"SearchAction\",\"target\":{\"@type\":\"EntryPoint\",\"urlTemplate\":\"https:\/\/nerasa.eu\/lt\/?s={search_term_string}\"},\"query-input\":\"required name=search_term_string\"}],\"inLanguage\":\"lt-LT\"},{\"@type\":\"WebPage\",\"@id\":\"https:\/\/nerasa.eu\/lt\/apmokejimas\/#webpage\",\"url\":\"https:\/\/nerasa.eu\/lt\/apmokejimas\/\",\"name\":\"Apmok\\u0117jimas - ne.rasa - laisvalaikio drabu\\u017eiai JAM ir JAI\",\"isPartOf\":{\"@id\":\"https:\/\/nerasa.eu\/lt\/#website\"},\"datePublished\":\"2017-09-19T20:15:16+00:00\",\"dateModified\":\"2024-02-02T09:59:28+00:00\",\"description\":\"U\\u017e u\\u017esakym\\u0105 galite apmok\\u0117ti bankiniu pavedimu, elektronine banko sistema MakeCommerce, bei kreditine kortele per populiariausi\\u0105 pasaulyje mok\\u0117jim\\u0173 sistem\\u0105 PAYPAL\",\"breadcrumb\":{\"@id\":\"https:\/\/nerasa.eu\/lt\/apmokejimas\/#breadcrumb\"},\"inLanguage\":\"lt-LT\",\"potentialAction\":[{\"@type\":\"ReadAction\",\"target\":[\"https:\/\/nerasa.eu\/lt\/apmokejimas\/\"]}]},{\"@type\":\"BreadcrumbList\",\"@id\":\"https:\/\/nerasa.eu\/lt\/apmokejimas\/#breadcrumb\",\"itemListElement\":[{\"@type\":\"ListItem\",\"position\":1,\"name\":\"Pagrindinis\",\"item\":\"https:\/\/nerasa.eu\/lt\/\"},{\"@type\":\"ListItem\",\"position\":2,\"name\":\"Apmok\\u0117jimas\"}]}]}<\/script>\n<!-- \/ Yoast SEO plugin. -->","yoast_head_json":{"title":"Apmok\u0117jimas - ne.rasa - laisvalaikio drabu\u017eiai JAM ir JAI","description":"U\u017e u\u017esakym\u0105 galite apmok\u0117ti bankiniu pavedimu, elektronine banko sistema MakeCommerce, bei kreditine kortele per populiariausi\u0105 pasaulyje mok\u0117jim\u0173 sistem\u0105 PAYPAL","robots":{"index":"index","follow":"follow","max-snippet":"max-snippet:-1","max-image-preview":"max-image-preview:large","max-video-preview":"max-video-preview:-1"},"canonical":"https:\/\/nerasa.eu\/lt\/apmokejimas\/","og_locale":"lt_LT","og_type":"article","og_title":"Apmok\u0117jimas - ne.rasa - laisvalaikio drabu\u017eiai JAM ir JAI","og_description":"U\u017e u\u017esakym\u0105 galite apmok\u0117ti bankiniu pavedimu, elektronine banko sistema MakeCommerce, bei kreditine kortele per populiariausi\u0105 pasaulyje mok\u0117jim\u0173 sistem\u0105 PAYPAL","og_url":"https:\/\/nerasa.eu\/lt\/apmokejimas\/","og_site_name":"ne.rasa","article_publisher":"https:\/\/www.facebook.com\/nerasa.eu","article_modified_time":"2024-02-02T09:59:28+00:00","twitter_card":"summary","twitter_misc":{"Est. reading time":"1 minut\u0117"},"schema":{"@context":"https:\/\/schema.org","@graph":[{"@type":"Organization","@id":"https:\/\/nerasa.eu\/lt\/#organization","name":"ne.rasa","url":"https:\/\/nerasa.eu\/lt\/","sameAs":["https:\/\/www.facebook.com\/nerasa.eu"],"logo":{"@type":"ImageObject","@id":"https:\/\/nerasa.eu\/lt\/#logo","inLanguage":"lt-LT","url":"https:\/\/nerasa.eu\/wp-content\/uploads\/2017\/09\/logo-borderless-1-e1506375274625.png","contentUrl":"https:\/\/nerasa.eu\/wp-content\/uploads\/2017\/09\/logo-borderless-1-e1506375274625.png","width":105,"height":93,"caption":"ne.rasa"},"image":{"@id":"https:\/\/nerasa.eu\/lt\/#logo"}},{"@type":"WebSite","@id":"https:\/\/nerasa.eu\/lt\/#website","url":"https:\/\/nerasa.eu\/lt\/","name":"ne.rasa","description":"","publisher":{"@id":"https:\/\/nerasa.eu\/lt\/#organization"},"potentialAction":[{"@type":"SearchAction","target":{"@type":"EntryPoint","urlTemplate":"https:\/\/nerasa.eu\/lt\/?s={search_term_string}"},"query-input":"required name=search_term_string"}],"inLanguage":"lt-LT"},{"@type":"WebPage","@id":"https:\/\/nerasa.eu\/lt\/apmokejimas\/#webpage","url":"https:\/\/nerasa.eu\/lt\/apmokejimas\/","name":"Apmok\u0117jimas - ne.rasa - laisvalaikio drabu\u017eiai JAM ir JAI","isPartOf":{"@id":"https:\/\/nerasa.eu\/lt\/#website"},"datePublished":"2017-09-19T20:15:16+00:00","dateModified":"2024-02-02T09:59:28+00:00","description":"U\u017e u\u017esakym\u0105 galite apmok\u0117ti bankiniu pavedimu, elektronine banko sistema MakeCommerce, bei kreditine kortele per populiariausi\u0105 pasaulyje mok\u0117jim\u0173 sistem\u0105 PAYPAL","breadcrumb":{"@id":"https:\/\/nerasa.eu\/lt\/apmokejimas\/#breadcrumb"},"inLanguage":"lt-LT","potentialAction":[{"@type":"ReadAction","target":["https:\/\/nerasa.eu\/lt\/apmokejimas\/"]}]},{"@type":"BreadcrumbList","@id":"https:\/\/nerasa.eu\/lt\/apmokejimas\/#breadcrumb","itemListElement":[{"@type":"ListItem","position":1,"name":"Pagrindinis","item":"https:\/\/nerasa.eu\/lt\/"},{"@type":"ListItem","position":2,"name":"Apmok\u0117jimas"}]}]}},"_links":{"self":[{"href":"https:\/\/nerasa.eu\/lt\/wp-json\/wp\/v2\/pages\/942"}],"collection":[{"href":"https:\/\/nerasa.eu\/lt\/wp-json\/wp\/v2\/pages"}],"about":[{"href":"https:\/\/nerasa.eu\/lt\/wp-json\/wp\/v2\/types\/page"}],"author":[{"embeddable":true,"href":"https:\/\/nerasa.eu\/lt\/wp-json\/wp\/v2\/users\/1"}],"replies":[{"embeddable":true,"href":"https:\/\/nerasa.eu\/lt\/wp-json\/wp\/v2\/comments?post=942"}],"version-history":[{"count":9,"href":"https:\/\/nerasa.eu\/lt\/wp-json\/wp\/v2\/pages\/942\/revisions"}],"predecessor-version":[{"id":39524,"href":"https:\/\/nerasa.eu\/lt\/wp-json\/wp\/v2\/pages\/942\/revisions\/39524"}],"wp:attachment":[{"href":"https:\/\/nerasa.eu\/lt\/wp-json\/wp\/v2\/media?parent=942"}],"curies":[{"name":"wp","href":"https:\/\/api.w.org\/{rel}","templated":true}]}}