{"id":938,"date":"2017-09-19T23:11:06","date_gmt":"2017-09-19T20:11:06","guid":{"rendered":"https:\/\/nerasa.eu\/?page_id=938"},"modified":"2026-01-14T12:30:42","modified_gmt":"2026-01-14T09:30:42","slug":"pristatymas","status":"publish","type":"page","link":"https:\/\/nerasa.eu\/lt\/pristatymas\/","title":{"rendered":"Pristatymas"},"content":{"rendered":"<p>[vc_row][vc_column][vc_column_text]<\/p>\n<h2 class=\"shortcode_title title_636991106 secondary_font vc_custom_1446817489642\" style=\"text-align: center;\">Pristatymas Lietuvoje<\/h2>\n<p><strong>Pristatymo b\u016bdai Lietuvoje:<\/strong><\/p>\n<p>\u2022 OMNIVA pa\u0161tomatu \u2013 2,99\u202f\u20ac (3\u20134 d. d.)<br \/>\n\u2022 OMNIVA kurjeriu \u2013 6\u202f\u20ac (3\u20134 d. d.)<br \/>\n\u2022 Lietuvos pa\u0161tu \u2013 6\u202f\u20ac (3\u20134 d. d.)<\/p>\n<p><strong>SVARBU<\/strong>: nurodytas pristatymo laikas galioja tik u\u017esakymams, kurie yra pagaminti ir kuriuos jau turime studijoje. Jei u\u017esakant matote, kad tai yra I\u0160ANKSTINIS U\u017dSAKYMAS prie pristatymo laiko dar prisideda nurodytas prek\u0117s gaminimo laikas, kuris da\u017eniausiai yra 3-7 darbo dienos.<\/p>\n<p>Perkant u\u017e\u00a0<strong>80 EUR<\/strong>\u00a0ir daugiau OMNIVA pa\u0161tomatu prekes pristatysime NEMOKAMAI![\/vc_column_text][\/vc_column][\/vc_row][vc_row][vc_column][vc_column_text]<\/p>\n<h2 class=\"shortcode_title title_636991106 secondary_font vc_custom_1446817489642\" style=\"text-align: center;\">Pristatymas LATVIJOJE, ESTIJOJE<\/h2>\n<p><strong>Pristatymas Lietuvos pa\u0161tu<\/strong>\u00a0&#8211; kaina <strong>10 EUR<\/strong> &#8211; pristatymo terminas 5-10 darbo dien\u0173 (\u0161ven\u010di\u0173 metu gali u\u017etrukti ilgiau)<\/p>\n<p><strong>Pristatymas OMNIVA pa\u0161tomatu<\/strong> &#8211; kaina 5<strong>\u00a0EUR<\/strong> &#8211; pristatymo terminas 3-5 darbo dienos (\u0161ven\u010di\u0173 metu gali u\u017etrukti ilgiau)[\/vc_column_text][\/vc_column][\/vc_row][vc_row][vc_column][vc_column_text]<\/p>\n<h2 class=\"shortcode_title title_636991106 secondary_font vc_custom_1446817489642\" style=\"text-align: center;\">Pristatymas u\u017esienyje<\/h2>\n<h3 style=\"text-align: center;\">EXPRESS Pritatymas FEDEX, DPD arba DHL<\/h3>\n<p><strong>Europoje<\/strong> &#8211; kaina 20<strong>\u00a0EUR<\/strong> &#8211; pristatymo terminas 3-7 darbo dienos<\/p>\n<p><strong>JAV, KANADA<\/strong>\u00a0&#8211; kaina 25<strong>\u00a0EUR<\/strong> &#8211; pristatymo terminas 3-7 darbo dienos<\/p>\n<p><strong>Likusiose pasaulio \u0161alyse<\/strong> &#8211; kaina 35<strong>\u00a0EUR<\/strong> &#8211; pristatymo terminas 3-7 darbo dienos<\/p>\n<h3 style=\"text-align: center;\">STANDARTINIS PRISTATYMAS PA\u0160TU<\/h3>\n<p><strong>ES \u0161alys<\/strong> &#8211; kaina <strong>10 EUR<\/strong> &#8211; pristatymo terminas 5-10 darbo dien\u0173 (\u0161ven\u010di\u0173 metu gali u\u017etrukti ilgiau)<\/p>\n<p><strong>JAV, KANADA<\/strong>\u00a0&#8211; kaina <strong>20 EUR<\/strong> &#8211; pristatymo terminas 7-20 darbo dienos (\u0161ven\u010di\u0173 metu gali u\u017etrukti ilgiau)<\/p>\n<p><strong>KITAS pasaulio \u0161alys<\/strong>\u00a0&#8211; kaina <strong>25 EUR<\/strong> &#8211; pristatymo terminas 7-25 darbo dienos (\u0161ven\u010di\u0173 metu gali u\u017etrukti)[\/vc_column_text][\/vc_column][\/vc_row]<\/p>\n","protected":false},"excerpt":{"rendered":"<p>[vc_row][vc_column][vc_column_text] Pristatymas Lietuvoje Pristatymo b\u016bdai Lietuvoje: \u2022 OMNIVA pa\u0161tomatu \u2013 2,99\u202f\u20ac (3\u20134 d. d.) \u2022 OMNIVA kurjeriu \u2013 6\u202f\u20ac (3\u20134 d. d.) \u2022 Lietuvos pa\u0161tu \u2013 6\u202f\u20ac (3\u20134 d. d.) SVARBU: nurodytas pristatymo laikas galioja tik u\u017esakymams, kurie yra pagaminti ir kuriuos jau turime studijoje. Jei u\u017esakant matote, kad tai yra I\u0160ANKSTINIS U\u017dSAKYMAS prie pristatymo [&hellip;]<\/p>\n","protected":false},"author":1,"featured_media":0,"parent":0,"menu_order":0,"comment_status":"closed","ping_status":"closed","template":"","meta":{"_mi_skip_tracking":false,"_monsterinsights_sitenote_active":false,"_monsterinsights_sitenote_note":"","_monsterinsights_sitenote_category":0,"spay_email":"","footnotes":""},"acf":[],"yoast_head":"<!-- This site is optimized with the Yoast SEO plugin v17.4 - https:\/\/yoast.com\/wordpress\/plugins\/seo\/ -->\n<title>Pristatymas - ne.rasa - vyri\u0161ki d\u017eemperiai - moteri\u0161ki d\u017eemperiai - suknel\u0117s<\/title>\n<meta name=\"description\" content=\"Prekes pristatome per OMNIVA pa\u0161tomat\u0105, OMNIVA kurjer\u012f arba registruota Lietuvos pa\u0161to siunta. Paruo\u0161ti u\u017esakymai Jums bus pristatyti per 2-4 d.d.\" \/>\n<meta name=\"robots\" content=\"index, follow, max-snippet:-1, max-image-preview:large, max-video-preview:-1\" \/>\n<link rel=\"canonical\" href=\"https:\/\/nerasa.eu\/lt\/pristatymas\/\" \/>\n<meta property=\"og:locale\" content=\"lt_LT\" \/>\n<meta property=\"og:type\" content=\"article\" \/>\n<meta property=\"og:title\" content=\"Pristatymas - ne.rasa - vyri\u0161ki d\u017eemperiai - moteri\u0161ki d\u017eemperiai - suknel\u0117s\" \/>\n<meta property=\"og:description\" content=\"Prekes pristatome per OMNIVA pa\u0161tomat\u0105, OMNIVA kurjer\u012f arba registruota Lietuvos pa\u0161to siunta. Paruo\u0161ti u\u017esakymai Jums bus pristatyti per 2-4 d.d.\" \/>\n<meta property=\"og:url\" content=\"https:\/\/nerasa.eu\/lt\/pristatymas\/\" \/>\n<meta property=\"og:site_name\" content=\"ne.rasa\" \/>\n<meta property=\"article:publisher\" content=\"https:\/\/www.facebook.com\/nerasa.eu\" \/>\n<meta property=\"article:modified_time\" content=\"2026-01-14T09:30:42+00:00\" \/>\n<meta name=\"twitter:card\" content=\"summary\" \/>\n<meta name=\"twitter:label1\" content=\"Est. reading time\" \/>\n\t<meta name=\"twitter:data1\" content=\"2 minut\u0117s\" \/>\n<script type=\"application\/ld+json\" class=\"yoast-schema-graph\">{\"@context\":\"https:\/\/schema.org\",\"@graph\":[{\"@type\":\"Organization\",\"@id\":\"https:\/\/nerasa.eu\/lt\/#organization\",\"name\":\"ne.rasa\",\"url\":\"https:\/\/nerasa.eu\/lt\/\",\"sameAs\":[\"https:\/\/www.facebook.com\/nerasa.eu\"],\"logo\":{\"@type\":\"ImageObject\",\"@id\":\"https:\/\/nerasa.eu\/lt\/#logo\",\"inLanguage\":\"lt-LT\",\"url\":\"https:\/\/nerasa.eu\/wp-content\/uploads\/2017\/09\/logo-borderless-1-e1506375274625.png\",\"contentUrl\":\"https:\/\/nerasa.eu\/wp-content\/uploads\/2017\/09\/logo-borderless-1-e1506375274625.png\",\"width\":105,\"height\":93,\"caption\":\"ne.rasa\"},\"image\":{\"@id\":\"https:\/\/nerasa.eu\/lt\/#logo\"}},{\"@type\":\"WebSite\",\"@id\":\"https:\/\/nerasa.eu\/lt\/#website\",\"url\":\"https:\/\/nerasa.eu\/lt\/\",\"name\":\"ne.rasa\",\"description\":\"\",\"publisher\":{\"@id\":\"https:\/\/nerasa.eu\/lt\/#organization\"},\"potentialAction\":[{\"@type\":\"SearchAction\",\"target\":{\"@type\":\"EntryPoint\",\"urlTemplate\":\"https:\/\/nerasa.eu\/lt\/?s={search_term_string}\"},\"query-input\":\"required name=search_term_string\"}],\"inLanguage\":\"lt-LT\"},{\"@type\":\"WebPage\",\"@id\":\"https:\/\/nerasa.eu\/lt\/pristatymas\/#webpage\",\"url\":\"https:\/\/nerasa.eu\/lt\/pristatymas\/\",\"name\":\"Pristatymas - ne.rasa - vyri\\u0161ki d\\u017eemperiai - moteri\\u0161ki d\\u017eemperiai - suknel\\u0117s\",\"isPartOf\":{\"@id\":\"https:\/\/nerasa.eu\/lt\/#website\"},\"datePublished\":\"2017-09-19T20:11:06+00:00\",\"dateModified\":\"2026-01-14T09:30:42+00:00\",\"description\":\"Prekes pristatome per OMNIVA pa\\u0161tomat\\u0105, OMNIVA kurjer\\u012f arba registruota Lietuvos pa\\u0161to siunta. Paruo\\u0161ti u\\u017esakymai Jums bus pristatyti per 2-4 d.d.\",\"breadcrumb\":{\"@id\":\"https:\/\/nerasa.eu\/lt\/pristatymas\/#breadcrumb\"},\"inLanguage\":\"lt-LT\",\"potentialAction\":[{\"@type\":\"ReadAction\",\"target\":[\"https:\/\/nerasa.eu\/lt\/pristatymas\/\"]}]},{\"@type\":\"BreadcrumbList\",\"@id\":\"https:\/\/nerasa.eu\/lt\/pristatymas\/#breadcrumb\",\"itemListElement\":[{\"@type\":\"ListItem\",\"position\":1,\"name\":\"Pagrindinis\",\"item\":\"https:\/\/nerasa.eu\/lt\/\"},{\"@type\":\"ListItem\",\"position\":2,\"name\":\"Pristatymas\"}]}]}<\/script>\n<!-- \/ Yoast SEO plugin. -->","yoast_head_json":{"title":"Pristatymas - ne.rasa - vyri\u0161ki d\u017eemperiai - moteri\u0161ki d\u017eemperiai - suknel\u0117s","description":"Prekes pristatome per OMNIVA pa\u0161tomat\u0105, OMNIVA kurjer\u012f arba registruota Lietuvos pa\u0161to siunta. Paruo\u0161ti u\u017esakymai Jums bus pristatyti per 2-4 d.d.","robots":{"index":"index","follow":"follow","max-snippet":"max-snippet:-1","max-image-preview":"max-image-preview:large","max-video-preview":"max-video-preview:-1"},"canonical":"https:\/\/nerasa.eu\/lt\/pristatymas\/","og_locale":"lt_LT","og_type":"article","og_title":"Pristatymas - ne.rasa - vyri\u0161ki d\u017eemperiai - moteri\u0161ki d\u017eemperiai - suknel\u0117s","og_description":"Prekes pristatome per OMNIVA pa\u0161tomat\u0105, OMNIVA kurjer\u012f arba registruota Lietuvos pa\u0161to siunta. Paruo\u0161ti u\u017esakymai Jums bus pristatyti per 2-4 d.d.","og_url":"https:\/\/nerasa.eu\/lt\/pristatymas\/","og_site_name":"ne.rasa","article_publisher":"https:\/\/www.facebook.com\/nerasa.eu","article_modified_time":"2026-01-14T09:30:42+00:00","twitter_card":"summary","twitter_misc":{"Est. reading time":"2 minut\u0117s"},"schema":{"@context":"https:\/\/schema.org","@graph":[{"@type":"Organization","@id":"https:\/\/nerasa.eu\/lt\/#organization","name":"ne.rasa","url":"https:\/\/nerasa.eu\/lt\/","sameAs":["https:\/\/www.facebook.com\/nerasa.eu"],"logo":{"@type":"ImageObject","@id":"https:\/\/nerasa.eu\/lt\/#logo","inLanguage":"lt-LT","url":"https:\/\/nerasa.eu\/wp-content\/uploads\/2017\/09\/logo-borderless-1-e1506375274625.png","contentUrl":"https:\/\/nerasa.eu\/wp-content\/uploads\/2017\/09\/logo-borderless-1-e1506375274625.png","width":105,"height":93,"caption":"ne.rasa"},"image":{"@id":"https:\/\/nerasa.eu\/lt\/#logo"}},{"@type":"WebSite","@id":"https:\/\/nerasa.eu\/lt\/#website","url":"https:\/\/nerasa.eu\/lt\/","name":"ne.rasa","description":"","publisher":{"@id":"https:\/\/nerasa.eu\/lt\/#organization"},"potentialAction":[{"@type":"SearchAction","target":{"@type":"EntryPoint","urlTemplate":"https:\/\/nerasa.eu\/lt\/?s={search_term_string}"},"query-input":"required name=search_term_string"}],"inLanguage":"lt-LT"},{"@type":"WebPage","@id":"https:\/\/nerasa.eu\/lt\/pristatymas\/#webpage","url":"https:\/\/nerasa.eu\/lt\/pristatymas\/","name":"Pristatymas - ne.rasa - vyri\u0161ki d\u017eemperiai - moteri\u0161ki d\u017eemperiai - suknel\u0117s","isPartOf":{"@id":"https:\/\/nerasa.eu\/lt\/#website"},"datePublished":"2017-09-19T20:11:06+00:00","dateModified":"2026-01-14T09:30:42+00:00","description":"Prekes pristatome per OMNIVA pa\u0161tomat\u0105, OMNIVA kurjer\u012f arba registruota Lietuvos pa\u0161to siunta. Paruo\u0161ti u\u017esakymai Jums bus pristatyti per 2-4 d.d.","breadcrumb":{"@id":"https:\/\/nerasa.eu\/lt\/pristatymas\/#breadcrumb"},"inLanguage":"lt-LT","potentialAction":[{"@type":"ReadAction","target":["https:\/\/nerasa.eu\/lt\/pristatymas\/"]}]},{"@type":"BreadcrumbList","@id":"https:\/\/nerasa.eu\/lt\/pristatymas\/#breadcrumb","itemListElement":[{"@type":"ListItem","position":1,"name":"Pagrindinis","item":"https:\/\/nerasa.eu\/lt\/"},{"@type":"ListItem","position":2,"name":"Pristatymas"}]}]}},"_links":{"self":[{"href":"https:\/\/nerasa.eu\/lt\/wp-json\/wp\/v2\/pages\/938"}],"collection":[{"href":"https:\/\/nerasa.eu\/lt\/wp-json\/wp\/v2\/pages"}],"about":[{"href":"https:\/\/nerasa.eu\/lt\/wp-json\/wp\/v2\/types\/page"}],"author":[{"embeddable":true,"href":"https:\/\/nerasa.eu\/lt\/wp-json\/wp\/v2\/users\/1"}],"replies":[{"embeddable":true,"href":"https:\/\/nerasa.eu\/lt\/wp-json\/wp\/v2\/comments?post=938"}],"version-history":[{"count":53,"href":"https:\/\/nerasa.eu\/lt\/wp-json\/wp\/v2\/pages\/938\/revisions"}],"predecessor-version":[{"id":47306,"href":"https:\/\/nerasa.eu\/lt\/wp-json\/wp\/v2\/pages\/938\/revisions\/47306"}],"wp:attachment":[{"href":"https:\/\/nerasa.eu\/lt\/wp-json\/wp\/v2\/media?parent=938"}],"curies":[{"name":"wp","href":"https:\/\/api.w.org\/{rel}","templated":true}]}}