{"id":922,"date":"2017-09-19T01:53:03","date_gmt":"2017-09-18T22:53:03","guid":{"rendered":"https:\/\/nerasa.eu\/?page_id=922"},"modified":"2020-10-06T20:37:51","modified_gmt":"2020-10-06T17:37:51","slug":"apie-mus","status":"publish","type":"page","link":"https:\/\/nerasa.eu\/lt\/apie-mus\/","title":{"rendered":"Apie mus"},"content":{"rendered":"<p>[vc_row full_width=&#8221;stretch_row_content&#8221; equal_height=&#8221;yes&#8221; content_placement=&#8221;middle&#8221;][vc_column css=&#8221;.vc_custom_1593256172291{background-image: url(https:\/\/nerasa.eu\/wp-content\/uploads\/2020\/06\/IMG_20200510_210025-1-scaled.jpg?id=8368) !important;background-position: center !important;background-repeat: no-repeat !important;background-size: cover !important;}&#8221; offset=&#8221;vc_col-lg-6 vc_col-md-6&#8243;][vc_empty_space height=&#8221;500px&#8221;][\/vc_column][vc_column css=&#8221;.vc_custom_1485266194533{padding-right: 10% !important;padding-left: 10% !important;background-color: #f3f3f3 !important;}&#8221; offset=&#8221;vc_col-lg-6 vc_col-md-6&#8243;][vc_empty_space height=&#8221;80px&#8221;][vc_custom_heading text=&#8221;Kas mes esame&#8221; font_container=&#8221;tag:h4|font_size:34px|text_align:left|color:%23000000|line_height:34px&#8221; google_fonts=&#8221;font_family:Dosis%3A200%2C300%2Cregular%2C500%2C600%2C700%2C800|font_style:400%20regular%3A400%3Anormal&#8221; css=&#8221;.vc_custom_1505776068011{margin-top: -40px !important;margin-bottom: 30px !important;padding-top: 5px !important;padding-bottom: 5px !important;background-color: #f3f3f3 !important;}&#8221;][vc_column_text]<\/p>\n<p class=\"_2cuy _3dgx _2vxa\">Sveiki, esu Rasa &#8211; ne.rasa l\u0117tos mados siuvimo studijos \u012fk\u016br\u0117ja ir dizainer\u0117.<\/p>\n<p>Savo gyvenimo ne\u012fsivaizduoju be k\u016brybos proceso. Tai tiesiog mano gyvenimo variklis.<\/p>\n<p>Mano pagrindiniai drabu\u017ei\u0173 k\u016brybos akcentai: funkcionalumas, patogumas, kokyb\u0117 ir neperkrautas minimalistinis dizainas.<\/p>\n<p>Kiekvienas gaminys pirmiausiai yra pagaminamas sau arba artimos aplinkos \u017emon\u0117ms, kurie juos ne\u0161ioja, testuoja, pateikia pastabas. Pastebime, ko tr\u016bksta, kas patogiau, taip gimsta atidirbtas galutinis modelis, kuris atiduodamas J\u016bs\u0173 \u012fvertinimui. Taip pat labai smagu gauti J\u016bs\u0173 atsiliepimus, kas patogu, ko pasigendate viename ar kitame modelyje. Visada pasistengiu \u012f tai atsi\u017evelgti, kurdama naujus dizainus.<\/p>\n<p>Tikiu tvaria l\u0117ta mada ir tuo, kad \u012fsigytas drabu\u017eis turi tarnauti ne vien\u0105 sezon\u0105.<\/p>\n<p>Tikiu ZERO WAIST jud\u0117jimu. Tod\u0117l ne.rasa siuvimo studijoje siekiame, kad net ma\u017eiausias audinio gabal\u0117lis atrast\u0173 savo panaudojim\u0105. I\u0161 ma\u017e\u0173 atrai\u017e\u0173 pati laisvalaikiu siuvu \u017eaislus, drabu\u017e\u0117lius vaikams. Atiduodame atrai\u017eas siuvan\u010dioms mamoms, kurios puikiai jas panaudoja savo ma\u017eiesiems.<\/p>\n<p>Su \u0161il\u010diausiais link\u0117jimais,<\/p>\n<p>Rasa[\/vc_column_text][vc_empty_space height=&#8221;80px&#8221;][\/vc_column][\/vc_row][vc_row][vc_column][vc_empty_space height=&#8221;80px&#8221;][\/vc_column][\/vc_row]<\/p>\n","protected":false},"excerpt":{"rendered":"<p>[vc_row full_width=&#8221;stretch_row_content&#8221; equal_height=&#8221;yes&#8221; content_placement=&#8221;middle&#8221;][vc_column css=&#8221;.vc_custom_1593256172291{background-image: url(https:\/\/nerasa.eu\/wp-content\/uploads\/2020\/06\/IMG_20200510_210025-1-scaled.jpg?id=8368) !important;background-position: center !important;background-repeat: no-repeat !important;background-size: cover !important;}&#8221; offset=&#8221;vc_col-lg-6 vc_col-md-6&#8243;][vc_empty_space height=&#8221;500px&#8221;][\/vc_column][vc_column css=&#8221;.vc_custom_1485266194533{padding-right: 10% !important;padding-left: 10% !important;background-color: #f3f3f3 !important;}&#8221; offset=&#8221;vc_col-lg-6 vc_col-md-6&#8243;][vc_empty_space height=&#8221;80px&#8221;][vc_custom_heading text=&#8221;Kas mes esame&#8221; font_container=&#8221;tag:h4|font_size:34px|text_align:left|color:%23000000|line_height:34px&#8221; google_fonts=&#8221;font_family:Dosis%3A200%2C300%2Cregular%2C500%2C600%2C700%2C800|font_style:400%20regular%3A400%3Anormal&#8221; css=&#8221;.vc_custom_1505776068011{margin-top: -40px !important;margin-bottom: 30px !important;padding-top: 5px !important;padding-bottom: 5px !important;background-color: #f3f3f3 !important;}&#8221;][vc_column_text] Sveiki, esu Rasa &#8211; ne.rasa l\u0117tos mados siuvimo studijos \u012fk\u016br\u0117ja ir dizainer\u0117. Savo [&hellip;]<\/p>\n","protected":false},"author":1,"featured_media":0,"parent":0,"menu_order":0,"comment_status":"closed","ping_status":"closed","template":"page-full-width.php","meta":{"_mi_skip_tracking":false,"_monsterinsights_sitenote_active":false,"_monsterinsights_sitenote_note":"","_monsterinsights_sitenote_category":0,"spay_email":"","footnotes":""},"acf":[],"yoast_head":"<!-- This site is optimized with the Yoast SEO plugin v17.4 - https:\/\/yoast.com\/wordpress\/plugins\/seo\/ -->\n<title>Apie mus - ne.rasa - l\u0117tos mados siuvimo studija Lietuvoje<\/title>\n<meta name=\"description\" content=\"Tvarios mados siuvimo studija Lietuvoje. Mes tikime, jog drabu\u017eis turi tarnauti ne vien\u0105 sezon\u0105. Kuriame Laisvalaikio d\u017eemperius ir kitus patogius drabu\u017eius\" \/>\n<meta name=\"robots\" content=\"index, follow, max-snippet:-1, max-image-preview:large, max-video-preview:-1\" \/>\n<link rel=\"canonical\" href=\"https:\/\/nerasa.eu\/lt\/apie-mus\/\" \/>\n<meta property=\"og:locale\" content=\"lt_LT\" \/>\n<meta property=\"og:type\" content=\"article\" \/>\n<meta property=\"og:title\" content=\"Apie mus - ne.rasa - l\u0117tos mados siuvimo studija Lietuvoje\" \/>\n<meta property=\"og:description\" content=\"Tvarios mados siuvimo studija Lietuvoje. Mes tikime, jog drabu\u017eis turi tarnauti ne vien\u0105 sezon\u0105. Kuriame Laisvalaikio d\u017eemperius ir kitus patogius drabu\u017eius\" \/>\n<meta property=\"og:url\" content=\"https:\/\/nerasa.eu\/lt\/apie-mus\/\" \/>\n<meta property=\"og:site_name\" content=\"ne.rasa\" \/>\n<meta property=\"article:publisher\" content=\"https:\/\/www.facebook.com\/nerasa.eu\" \/>\n<meta property=\"article:modified_time\" content=\"2020-10-06T17:37:51+00:00\" \/>\n<meta name=\"twitter:card\" content=\"summary\" \/>\n<meta name=\"twitter:label1\" content=\"Est. reading time\" \/>\n\t<meta name=\"twitter:data1\" content=\"2 minut\u0117s\" \/>\n<script type=\"application\/ld+json\" class=\"yoast-schema-graph\">{\"@context\":\"https:\/\/schema.org\",\"@graph\":[{\"@type\":\"Organization\",\"@id\":\"https:\/\/nerasa.eu\/lt\/#organization\",\"name\":\"ne.rasa\",\"url\":\"https:\/\/nerasa.eu\/lt\/\",\"sameAs\":[\"https:\/\/www.facebook.com\/nerasa.eu\"],\"logo\":{\"@type\":\"ImageObject\",\"@id\":\"https:\/\/nerasa.eu\/lt\/#logo\",\"inLanguage\":\"lt-LT\",\"url\":\"https:\/\/nerasa.eu\/wp-content\/uploads\/2017\/09\/logo-borderless-1-e1506375274625.png\",\"contentUrl\":\"https:\/\/nerasa.eu\/wp-content\/uploads\/2017\/09\/logo-borderless-1-e1506375274625.png\",\"width\":105,\"height\":93,\"caption\":\"ne.rasa\"},\"image\":{\"@id\":\"https:\/\/nerasa.eu\/lt\/#logo\"}},{\"@type\":\"WebSite\",\"@id\":\"https:\/\/nerasa.eu\/lt\/#website\",\"url\":\"https:\/\/nerasa.eu\/lt\/\",\"name\":\"ne.rasa\",\"description\":\"\",\"publisher\":{\"@id\":\"https:\/\/nerasa.eu\/lt\/#organization\"},\"potentialAction\":[{\"@type\":\"SearchAction\",\"target\":{\"@type\":\"EntryPoint\",\"urlTemplate\":\"https:\/\/nerasa.eu\/lt\/?s={search_term_string}\"},\"query-input\":\"required name=search_term_string\"}],\"inLanguage\":\"lt-LT\"},{\"@type\":\"WebPage\",\"@id\":\"https:\/\/nerasa.eu\/lt\/apie-mus\/#webpage\",\"url\":\"https:\/\/nerasa.eu\/lt\/apie-mus\/\",\"name\":\"Apie mus - ne.rasa - l\\u0117tos mados siuvimo studija Lietuvoje\",\"isPartOf\":{\"@id\":\"https:\/\/nerasa.eu\/lt\/#website\"},\"datePublished\":\"2017-09-18T22:53:03+00:00\",\"dateModified\":\"2020-10-06T17:37:51+00:00\",\"description\":\"Tvarios mados siuvimo studija Lietuvoje. Mes tikime, jog drabu\\u017eis turi tarnauti ne vien\\u0105 sezon\\u0105. Kuriame Laisvalaikio d\\u017eemperius ir kitus patogius drabu\\u017eius\",\"breadcrumb\":{\"@id\":\"https:\/\/nerasa.eu\/lt\/apie-mus\/#breadcrumb\"},\"inLanguage\":\"lt-LT\",\"potentialAction\":[{\"@type\":\"ReadAction\",\"target\":[\"https:\/\/nerasa.eu\/lt\/apie-mus\/\"]}]},{\"@type\":\"BreadcrumbList\",\"@id\":\"https:\/\/nerasa.eu\/lt\/apie-mus\/#breadcrumb\",\"itemListElement\":[{\"@type\":\"ListItem\",\"position\":1,\"name\":\"Pagrindinis\",\"item\":\"https:\/\/nerasa.eu\/lt\/\"},{\"@type\":\"ListItem\",\"position\":2,\"name\":\"Apie mus\"}]}]}<\/script>\n<!-- \/ Yoast SEO plugin. -->","yoast_head_json":{"title":"Apie mus - ne.rasa - l\u0117tos mados siuvimo studija Lietuvoje","description":"Tvarios mados siuvimo studija Lietuvoje. Mes tikime, jog drabu\u017eis turi tarnauti ne vien\u0105 sezon\u0105. Kuriame Laisvalaikio d\u017eemperius ir kitus patogius drabu\u017eius","robots":{"index":"index","follow":"follow","max-snippet":"max-snippet:-1","max-image-preview":"max-image-preview:large","max-video-preview":"max-video-preview:-1"},"canonical":"https:\/\/nerasa.eu\/lt\/apie-mus\/","og_locale":"lt_LT","og_type":"article","og_title":"Apie mus - ne.rasa - l\u0117tos mados siuvimo studija Lietuvoje","og_description":"Tvarios mados siuvimo studija Lietuvoje. Mes tikime, jog drabu\u017eis turi tarnauti ne vien\u0105 sezon\u0105. Kuriame Laisvalaikio d\u017eemperius ir kitus patogius drabu\u017eius","og_url":"https:\/\/nerasa.eu\/lt\/apie-mus\/","og_site_name":"ne.rasa","article_publisher":"https:\/\/www.facebook.com\/nerasa.eu","article_modified_time":"2020-10-06T17:37:51+00:00","twitter_card":"summary","twitter_misc":{"Est. reading time":"2 minut\u0117s"},"schema":{"@context":"https:\/\/schema.org","@graph":[{"@type":"Organization","@id":"https:\/\/nerasa.eu\/lt\/#organization","name":"ne.rasa","url":"https:\/\/nerasa.eu\/lt\/","sameAs":["https:\/\/www.facebook.com\/nerasa.eu"],"logo":{"@type":"ImageObject","@id":"https:\/\/nerasa.eu\/lt\/#logo","inLanguage":"lt-LT","url":"https:\/\/nerasa.eu\/wp-content\/uploads\/2017\/09\/logo-borderless-1-e1506375274625.png","contentUrl":"https:\/\/nerasa.eu\/wp-content\/uploads\/2017\/09\/logo-borderless-1-e1506375274625.png","width":105,"height":93,"caption":"ne.rasa"},"image":{"@id":"https:\/\/nerasa.eu\/lt\/#logo"}},{"@type":"WebSite","@id":"https:\/\/nerasa.eu\/lt\/#website","url":"https:\/\/nerasa.eu\/lt\/","name":"ne.rasa","description":"","publisher":{"@id":"https:\/\/nerasa.eu\/lt\/#organization"},"potentialAction":[{"@type":"SearchAction","target":{"@type":"EntryPoint","urlTemplate":"https:\/\/nerasa.eu\/lt\/?s={search_term_string}"},"query-input":"required name=search_term_string"}],"inLanguage":"lt-LT"},{"@type":"WebPage","@id":"https:\/\/nerasa.eu\/lt\/apie-mus\/#webpage","url":"https:\/\/nerasa.eu\/lt\/apie-mus\/","name":"Apie mus - ne.rasa - l\u0117tos mados siuvimo studija Lietuvoje","isPartOf":{"@id":"https:\/\/nerasa.eu\/lt\/#website"},"datePublished":"2017-09-18T22:53:03+00:00","dateModified":"2020-10-06T17:37:51+00:00","description":"Tvarios mados siuvimo studija Lietuvoje. Mes tikime, jog drabu\u017eis turi tarnauti ne vien\u0105 sezon\u0105. Kuriame Laisvalaikio d\u017eemperius ir kitus patogius drabu\u017eius","breadcrumb":{"@id":"https:\/\/nerasa.eu\/lt\/apie-mus\/#breadcrumb"},"inLanguage":"lt-LT","potentialAction":[{"@type":"ReadAction","target":["https:\/\/nerasa.eu\/lt\/apie-mus\/"]}]},{"@type":"BreadcrumbList","@id":"https:\/\/nerasa.eu\/lt\/apie-mus\/#breadcrumb","itemListElement":[{"@type":"ListItem","position":1,"name":"Pagrindinis","item":"https:\/\/nerasa.eu\/lt\/"},{"@type":"ListItem","position":2,"name":"Apie mus"}]}]}},"_links":{"self":[{"href":"https:\/\/nerasa.eu\/lt\/wp-json\/wp\/v2\/pages\/922"}],"collection":[{"href":"https:\/\/nerasa.eu\/lt\/wp-json\/wp\/v2\/pages"}],"about":[{"href":"https:\/\/nerasa.eu\/lt\/wp-json\/wp\/v2\/types\/page"}],"author":[{"embeddable":true,"href":"https:\/\/nerasa.eu\/lt\/wp-json\/wp\/v2\/users\/1"}],"replies":[{"embeddable":true,"href":"https:\/\/nerasa.eu\/lt\/wp-json\/wp\/v2\/comments?post=922"}],"version-history":[{"count":13,"href":"https:\/\/nerasa.eu\/lt\/wp-json\/wp\/v2\/pages\/922\/revisions"}],"predecessor-version":[{"id":14530,"href":"https:\/\/nerasa.eu\/lt\/wp-json\/wp\/v2\/pages\/922\/revisions\/14530"}],"wp:attachment":[{"href":"https:\/\/nerasa.eu\/lt\/wp-json\/wp\/v2\/media?parent=922"}],"curies":[{"name":"wp","href":"https:\/\/api.w.org\/{rel}","templated":true}]}}