{"id":1288,"date":"2018-08-06T10:48:09","date_gmt":"2018-08-06T07:48:09","guid":{"rendered":"https:\/\/nerasa.eu\/?page_id=1288"},"modified":"2022-03-24T10:11:15","modified_gmt":"2022-03-24T07:11:15","slug":"privatumo-politika","status":"publish","type":"page","link":"https:\/\/nerasa.eu\/lt\/privatumo-politika\/","title":{"rendered":"Privatumo politika"},"content":{"rendered":"<p><b>Privatumo politika<\/b><\/p>\n<p><b>I.\u00a0VARTOJAMOS S\u0104VOKOS:<\/b><\/p>\n<p>1.\u00a0<b>Pardav\u0117jas<\/b>\u00a0\u2013\u00a0<b>Rasa Nenartavi\u010di\u016bt\u0117<\/b>, veikianti pagal individualios veiklos pa\u017eym\u0105 Nr. 708698 Adresas: Ugniagesi\u0173 10-2, 62137 Alytus<\/p>\n<p>2. <b>www.nerasa.eu<b>\u00a0<\/b>\u2013 elektronin\u0117 parduotuv\u0117, esanti adresu <a href=\"https:\/\/nerasa.eu\/\">www.nerasa.eu<\/a><\/b><\/p>\n<p>3.\u00a0<b>Pirk\u0117jas<\/b>\u00a0\u2013 1) veiksnus fizinis asmuo, t.y. asmuo, sulauk\u0119s pilnametyst\u0117s, kurio veiksnumas n\u0117ra apribotas teismo tvarka; 2) nepilnametis nuo keturiolikos iki a\u0161tuoniolikos met\u0173 am\u017eiaus, kuris turi t\u0117v\u0173 arba r\u016bpintoj\u0173 sutikim\u0105, i\u0161skyrus tuos atvejus, kai jis yra emancipuotas; 3) juridinis asmuo; 4) vis\u0173 auk\u0161\u010diau nurodyt\u0173 asmen\u0173 tinkamai \u012fgalioti atstovai.<\/p>\n<p>4.\u00a0<b>Paskyra<\/b>\u00a0\u2013 Pirk\u0117jo registravimosi \u0161ioje el. parduotuv\u0117je rezultatas, d\u0117l kurio sukuriama jo asmeninius duomenis ir u\u017esakym\u0173 istorij\u0105 saugojanti s\u0105skaita (<i>account<\/i>).<\/p>\n<p>5.\u00a0<b>Paslaugos<\/b>\u00a0\u2013 visos <a href=\"https:\/\/nerasa.eu\/\">www.nerasa.eu<\/a> Pirk\u0117jui teikiamos paslaugos.<\/p>\n<p>6.\u00a0<b>Slapukas<\/b>\u00a0\u2013 tai nedidelis failas, kuris siun\u010diamas \u012f \u012frengin\u012f, bet kuriam asmeniui besilankant \u0161ioje el. parduotuv\u0117je. \u0160i s\u0105voka apima ne tik slapukus, bet ir pana\u0161i\u0173 priemoni\u0173 naudojim\u0105.<\/p>\n<p>7.\u00a0<b>Slapta\u017eodis<\/b>\u00a0\u2013 Pirk\u0117jo sukurta ir tik jam \u017einoma unikali raid\u017ei\u0173 ir skai\u010di\u0173 kombinacija, kuri pirm\u0105 kart\u0105 \u012fvedama registruojantis el. Parduotuv\u0117je www.nerasa.eu, o v\u0117liau siekiant prisijungti prie Paskyros.<\/p>\n<p>8.\u00a0<b>Nar\u0161ykl\u0117<\/b>\u00a0\u2013 yra programa, skirta atvaizduoti internetinius puslapius (tinklalapius) \u017einiatinklyje ar asmeniniame kompiuteryje.<\/p>\n<p>9.\u00a0<b>Asmens duomenys<\/b>\u00a0\u2013 bet kuri informacija, susijusi su fiziniu asmeniu \u2013 duomen\u0173 subjektu, kurio tapatyb\u0117 yra \u017einoma arba gali b\u016bti tiesiogiai ar netiesiogiai nustatyta pasinaudojant tokiais duomenimis kaip asmens kodas, vienas arba keli asmeniui b\u016bdingi fizinio, fiziologinio, psichologinio, ekonominio, kult\u016brinio ar socialinio pob\u016bd\u017eio po\u017eymiai.<\/p>\n<p>10.\u00a0<b>Asmens duomen\u0173 valdytojas<\/b> \u2013 El. parduotuv\u0117 www.nerasa.eu, valdoma Pardav\u0117jo.<\/p>\n<p>11.\u00a0<b>Privatumo politika<\/b>\u00a0\u2013 \u0161is dokumentas, kuriame yra numatytos pagrindin\u0117s Asmens duomen\u0173 rinkimo, kaupimo, tvarkymo ir laikymo taisykl\u0117s, naudojantis www.nerasa.eu.<\/p>\n<p>12.\u00a0<b>Administratorius\u00a0<\/b>\u2013 \u0161i\u0105 el. parduotuv\u0119 valdantis, atsakingas asmuo.<\/p>\n<p>13.\u00a0<b>IP adresas<\/b>\u00a0\u2013 Kiekvienam prie interneto prijungtam kompiuteriui priskirtas unikalus numeris, kuris \u017einomas kaip interneto protokolo (IP) adresas. Kadangi \u0161ie numeriai paprastai priskiriami pagal \u0161alies blokus, IP adresas gali b\u016bti da\u017enai naudojamas \u0161aliai, kurioje kompiuteris prijungiamas prie interneto, identifikuoti.<\/p>\n<p>14.\u00a0<b>Taisykl\u0117s<\/b>\u00a0\u2013 patvirtintos galiojan\u010dios \u201ePreki\u0173 pirkimo \u2013 pardavimo internetin\u0117je parduotuv\u0117je <a href=\"https:\/\/nerasa.eu\/\">www.nerasa.eu<\/a> taisykl\u0117s\u201c.<\/p>\n<p>15.\u00a0<b>Tiesiogin\u0117 rinkodara<\/b>\u00a0\u2013 veikla, skirta pa\u0161tu, telefonu arba kitokiu tiesioginiu b\u016bdu si\u016blyti asmenims prekes ar paslaugas ir (arba) teirautis j\u0173 nuomon\u0117s d\u0117l si\u016blom\u0173 preki\u0173 ar paslaug\u0173.<\/p>\n<p><b>II.\u00a0BENDROSIOS NUOSTATOS<\/b><\/p>\n<p>16. www.nerasa.eu Privatumo politikoje numatytos pagrindin\u0117s Asmens duomen\u0173 rinkimo, kaupimo ir j\u0173 tvarkymo taisykl\u0117s Pirk\u0117jui naudojantis www.nerasa.eu si\u016blomomis Paslaugomis.<\/p>\n<p>17.\u00a0Privatumo politika skirta apsaugoti ir ginti\u00a0www.nerasa.eu Pirk\u0117j\u0173 Asmens duomenis nuo neteis\u0117to naudojimo. Privatumo politika taikoma ir\u00a0www.nerasa.eu Paskyroms.<\/p>\n<p>18. Pirk\u0117jas laikomas susipa\u017einusiu su \u0161ia Privatumo politika ir j\u0105 perskait\u0119s, kai i\u0161rei\u0161kia sutikim\u0105 tvarkyti jo Asmens duomenis. Su Privatumo politika galima susipa\u017einti ir j\u0105 atsispausdinti bet kuriuo metu www.nerasa.eu.<\/p>\n<p>19. Pirk\u0117jai tur\u0117t\u0173 atkreipti d\u0117mes\u012f, kad\u00a0www.nerasa.eu yra nuorod\u0173 \u012f kit\u0173 asmen\u0173, \u012fmoni\u0173 ar organizacij\u0173 interneto tinklalapius, ir kad Pardav\u0117jas n\u0117ra atsakingas u\u017e toki\u0173 interneto tinklapi\u0173 turin\u012f ir\/ar j\u0173 naudojamus Privatumo politikos u\u017etikrinimo metodus, tod\u0117l prie\u0161 pateikiant informacij\u0105 apie save Pirk\u0117jas tur\u0117t\u0173 susipa\u017einti su atitinkamo interneto tinklapio taisykl\u0117mis, Privatumo politika ir kitais dokumentais.<\/p>\n<p>20. Pirk\u0117jas gali atlikti pirkimo\u00a0www.nerasa.eu veiksmus tiek prisiregistrav\u0119s prie www.nerasa.eu, tiek neatlik\u0119s registracijos.<\/p>\n<p>20.1 I\u0161 registracijos neatlikusio Pirk\u0117jo reikalaujama pateikti \u0161iuos Asmens duomenis \u2013 vard\u0105, pavard\u0119, telefono numer\u012f, el. pa\u0161to adres\u0105, pristatymo\/registracijos adres\u0105 (Jei pristatymo ir registracijos adresai sutampa Pirk\u0117jas pateikia vien\u0105 adres\u0105, jei skiriasi du adresus). Pirk\u0117jas yra atsakingas u\u017e savo Asmens duomen\u0173 pateikim\u0105.<\/p>\n<p>20.2. Pirk\u0117jas norintis registruotis www.nerasa.eu, privalo pateikti savo elektronin\u012f pa\u0161to adres\u0105 ir sugalvot\u0105 Slapta\u017eod\u012f. Registracijos metu yra sukuriama Paskyra. Paskyroje Pirk\u0117jas pats suveda savo duomenis \u2013 vard\u0105, pavard\u0119, telefono numer\u012f, elektroninio pa\u0161to adres\u0105, pristatymo\/registracijos adres\u0105 (Jei pristatymo ir registracijos adresai sutampa Pirk\u0117jas pateikia vien\u0105 adres\u0105, jei skiriasi du adresus). Pirk\u0117jas yra atsakingas u\u017e \u0161i\u0173 duomen\u0173 teisingum\u0105. Pirk\u0117jas gali bet kuriuo metu:<\/p>\n<p>20.2.1. koreguoti ir\/ar pildyti Asmens duomenis Paskyroje. U\u017e pakoreguot\u0173 ir\/ar papildyt\u0173 duomen\u0173 teisingum\u0105 atsakingas Pirk\u0117jas;<\/p>\n<p>20.2.2 kreiptis \u012f www.nerasa.eu elektroninio pa\u0161to adresu info@nerasa.eu d\u0117l Paskyros panaikinimo.<\/p>\n<p><b>III.\u00a0ASMENS DUOMEN\u0172 SAUGOJIMO IR NAUDOJIMO TVARKA<\/b><\/p>\n<p>21. Pirk\u0117jas sutinka, kad jo vardas, pavard\u0117, elektroninio pa\u0161to adresas, telefono numeris, IP adresas\u00a0www.nerasa.eu b\u016bt\u0173 tvarkomi veiklos analiz\u0117s tikslais.<\/p>\n<p>22 \u00a0www.nerasa.eu suteikia Pirk\u0117jui teis\u0119 registruojantis arba pateikiant u\u017esakym\u0105 e-parduotuv\u0117je <a href=\"https:\/\/nerasa.eu\/\">www.nerasa.eu<\/a> i\u0161reik\u0161ti savo sutikim\u0105 ar nesutikim\u0105, kad jo vardas, pavard\u0117, elektroninio pa\u0161to adresas, telefono numeris, IP adresas\u00a0 b\u016bt\u0173 tvarkomi tiesiogin\u0117s rinkodaros tikslais, t.y. b\u016bt\u0173 gaunami naujienlai\u0161kiai, pateikiami individualiai pritaikyti reklaminiai skelbimai, siun\u010diami prane\u0161imai apie akcijas ir pana\u0161iai.<\/p>\n<p>23. Pardav\u0117jas patvirtina, jog Pirk\u0117jo nurodyti Asmens duomenys bus tvarkomi tik siekiant tinkamai suteikti Pirk\u0117jams elektronin\u0117je parduotuv\u0117je\u00a0www.nerasa.eu teikiamas paslaugas. Pardav\u0117jas taip pat patvirtina, jog Pirk\u0117jo nurodyti Asmens duomenys bus tvarkomi Pardav\u0117jo veiklos analiz\u0117s ir Tiesiogin\u0117s rinkodaros \u00a0tikslais, jeigu tok\u012f sutikim\u0105 Pirk\u0117jas suteiks ir nepanaikins. Nustatoma Asmens duomen\u0173 saugojimo trukm\u0117 \u2013 10 met\u0173 po paskutinio Pirk\u0117jo naudojimosi www.nerasa.eu turiniu ar paslaugomis.<\/p>\n<p>24. Pardav\u0117jas \u012fsipareigoja neatskleisti Pirk\u0117jo Asmens duomen\u0173 tretiesiems asmenims, i\u0161skyrus \u0161iuos atvejus:<\/p>\n<p>24.1. jei yra Pirk\u0117jo sutikimas Asmens duomen\u0173 atskleidimui;<\/p>\n<p>24.2. vykdant u\u017esakym\u0105 ar teikiant kitas paslaugas \u2013 Pardav\u0117jo partneriams, teikiantiems preki\u0173 pristatymo ar kitas Pirk\u0117jo u\u017esisakytas paslaugas;<\/p>\n<p>24.3. teis\u0117saugos institucijoms pagal Lietuvos Respublikos teis\u0117s akt\u0173 numatyt\u0105 tvark\u0105;<\/p>\n<p>24.4. jeigu b\u016btina u\u017ekirsti keli\u0105 nusikalstamoms veikoms arba b\u016btina jas tirti.<\/p>\n<p>25. Pirk\u0117jas turi \u0161ias teises:<\/p>\n<p>25.1. prisijung\u0119s prie savo paskyros ir paspaud\u0119s mygtuk\u0105: \u201cMano paskyra\u201d matyti ir koreguoti visus savo paskyros duomenis;<\/p>\n<p>25.2. pateik\u0119s u\u017eklaus\u0105 Pardav\u0117jui ra\u0161tu gauti informacij\u0105, i\u0161 koki\u0173 \u0161altini\u0173 ir kokie jo Asmens duomenys surinkti, kokiu tikslu jie tvarkomi, kokiems duomen\u0173 gav\u0117jams teikiami ir buvo teikti bent per paskutinius 1 (vienerius) metus. Informacija Pirk\u0117jui pateikiama jo nurodytu elektroninio pa\u0161to adresu;<\/p>\n<p>25.3. pateik\u0119s pra\u0161ym\u0105 Pardav\u0117jui ra\u0161tu, elektroninio pa\u0161to adresu info@nerasa.eu, reikalauti panaikinti Paskyr\u0105;<\/p>\n<p>25.4. nesutikdamas su Privatumo politika nesutikti, kad b\u016bt\u0173 tvarkomi jo Asmens duomenys. Tokiu atveju Pirk\u0117jas netur\u0117s galimyb\u0117s \u012fsigyti preki\u0173 ir\/ar paslaug\u0173 elektronin\u0117je parduotuv\u0117je <a href=\"https:\/\/nerasa.eu\/\">www.nerasa.eu<\/a>;<\/p>\n<p>26. Preki\u0173 atsi\u0117mimo metu Pardav\u0117jui, akcin\u0117s bendrov\u0117s Lietuvos pa\u0161to darbuotojui, kurjeri\u0173 tarnybos darbuotojui ar Preki\u0173 atsi\u0117mimo centro darbuotojui pateiktas susipa\u017einti Pirk\u0117jo asmens tapatyb\u0119 patvirtinantis dokumentas ir jame esantys Pirk\u0117jo duomenys naudojami tik tinkamam asmens tapatyb\u0117s identifikavimui.<\/p>\n<p>27. Pirk\u0117jas sutikdamas su \u0161ia Privatumo politika, sutinka, kad jo Asmens duomenys b\u016bt\u0173 naudojami siekiant \u012fvykdyti jo u\u017esakym\u0105, nepriklausomai nuo to, ar u\u017esako prekes ir\/ar paslaugas i\u0161\u00a0www.nerasa.eu kaip pardav\u0117jo ar i\u0161 Partneri\u0173, \u012fskaitant sutinka, kad jo Asmens duomenys bus perduoti Pardav\u0117jo partneriams, taip pat Pardav\u0117jo ar jo paskirto duomen\u0173 tvarkytojo tvarkomi u\u017esakym\u0173 vykdymo veiklos analiz\u0117s tikslais.<\/p>\n<p>28. Pirk\u0117jo Asmens duomenys teikiami \u012f Europos S\u0105jungos valstybes nares ar \u012f kitas u\u017esienio valstybes tokiomis pat s\u0105lygomis ir tvarka, kaip ir Lietuvos Respublikoje esantiems subjektams ir tik tikslams, numatytiems \u0161ioje Privatumo politikoje.<\/p>\n<p>29. Pardav\u0117jas Asmens duomenis saugo tiek, kiek \u0161is asmuo naudojasi\u00a0www.nerasa.eu paslaugomis, i\u0161skyrus atvejus, nurodytus \u0161ioje Privatumo politikoje. Po Paskyros panaikinimo siekiant \u012fgyvendinti Privatumo politikos numatytus reikalavimus, Pirk\u0117jo Asmens duomenys gali b\u016bti saugomi Asmens duomen\u0173 valdytojo serveryje iki dvylikos m\u0117nesi\u0173 nuo paskutinio aktyvaus Pirk\u0117jo veiksmo (u\u017esakymo), i\u0161skyrus nurodytus atvejus bei teis\u0117tus teis\u0117saugos institucij\u0173 reikalavimus juos saugoti.<\/p>\n<p>30. Pardav\u0117jas vidini\u0173 organizacini\u0173 ir technini\u0173 priemoni\u0173 pagalba u\u017etikrina, jog Pirk\u0117jo pateikiami Asmens duomenys\u00a0www.nerasa.eu b\u016bt\u0173 apsaugoti nuo bet koki\u0173 neteis\u0117t\u0173 veiksm\u0173: neteis\u0117to Asmens duomen\u0173 pakeitimo, atskleidimo ar sunaikinimo, asmens tapatyb\u0117s vagyst\u0117s, suk\u010diavimo bei Asmens duomen\u0173 apsaugos lygis atitikt\u0173 Lietuvos Respublikos teis\u0117s akt\u0173 reikalavimus.<\/p>\n<p>31. Asmens duomenys yra saugomi nuo neleistino naudojimo ir pakeitim\u0173. Visi Pirk\u0117j\u0173 Slapta\u017eod\u017eiai yra \u0161ifruojami. Prie serveri\u0173, kurie susij\u0119 su Asmens duomenimis gali prisijungti tik Asmens duomen\u0173 valdytojo \u012fgalioti asmenys ir tik per saug\u0173 sertifikat\u0105, taip pat visi\u00a0www.nerasa.eu puslapiai, kurie reikalauja Asmens duomen\u0173 \u012fvedimo yra vykdomi per https:\/\/ protokol\u0105.<\/p>\n<p>32. Pirk\u0117jas \u012fsipareigoja ir privalo saugoti savo prisijungimo prie\u00a0www.nerasa.eu Slapta\u017eod\u012f ir prisijungimo vard\u0105, bei kitus duomenis. Pirk\u0117jas \u012fsipareigoja ir privalo jokiems kitiems tretiesiems asmenims neatskleisti Asmens duomen\u0173 nei apie save, nei apie tre\u010diuosius asmenis, jeigu tokie tre\u010di\u0173j\u0173 asmen\u0173 Asmens duomenys jam tapo prieinami, ir i\u0161 karto apie matomus pa\u017eeidimus informuoti Pardav\u0117j\u0105.<\/p>\n<p>33. Pirk\u0117jas i\u0161 anksto sutinka, kad jo Asmens duomenis Pardav\u0117jas turi teis\u0119 laikyti serveryje tiek, kiek tai b\u016btina pagal\u00a0www.nerasa.eu vykdomos veiklos ypatumus, jeigu Pirk\u0117jo pateiktais duomenimis buvo (i) pasinaudota vykdant neteis\u0117t\u0105 veik\u0105 ar (ii) buvo \u012ftariama, jog \u012fvykdyta tapatyb\u0117s vagyst\u0117 ar kitas pa\u017eeidimas, d\u0117l kurio buvo ar bus atliekamas atitinkam\u0173 teis\u0117saugos institucij\u0173 tyrimas, (iii) jeigu Pardav\u0117jas yra gav\u0119s skund\u0173, susijusi\u0173 su atitinkamu Pirk\u0117ju, ar jeigu Pardav\u0117jas yra pasteb\u0117j\u0119s atitinkamo Pirk\u0117jo padarytus Taisykli\u0173 pa\u017eeidimus ar (iv) esant kitiems teis\u0117tiems tikslams saugoti Asmens duomenis. \u0160ie duomenys sunaikinami gavus teis\u0117tus teis\u0117saugos ar kit\u0173 \u012fgaliot\u0173 institucij\u0173 nurodymus.<\/p>\n<p>34. Administruodamas\u00a0www.nerasa.eu ir diagnozuodamas galimus sutrikimus Administratorius gali naudoti Pirk\u0117j\u0173 IP adresus.<\/p>\n<p><b>IV.\u00a0ASMENS DUOMEN\u0172 KOREGAVIMAS, PAPILDYMAS IR I\u0160TRYNIMAS<\/b><\/p>\n<p>35.\u00a0Pirk\u0117jas suteikia teis\u0119\u00a0www.nerasa.eu rinkti, valdyti, tvarkyti ir saugoti Pirk\u0117jo Asmens duomenis tokia apimtimi ir tokiais tikslais, kaip numatyta Privatumo politikoje ir kituose <a href=\"https:\/\/nerasa.eu\/\">www.nerasa.eu<\/a> dokumentuose.<\/p>\n<p>36.\u00a0Sutikimo rinkti, valdyti, tvarkyti ir saugoti Pirk\u0117jo Asmens duomenis davimas ar at\u0161aukimas galioja tik \u012f priek\u012f.<\/p>\n<p>37.\u00a0Jeigu susipa\u017ein\u0119s su savo Asmens duomenimis Pirk\u0117jas nustato, kad Asmens duomenys yra surinkti ar gauti i\u0161 neteis\u0117t\u0173 \u0161altini\u0173, ar kad Asmens duomenys tvarkomi ne tais tikslais, kokiems jie teikiami, Pirk\u0117jas turi teis\u0119 kreiptis \u012f\u00a0<a href=\"https:\/\/nerasa.eu\/\">www.nerasa.eu<\/a> elektroniniu pa\u0161to adresu <a href=\"mailto:info@nerasa.eu\">info@nerasa.eu<\/a>\u00a0pra\u0161ydamas sustabdyti toki\u0173 Asmens duomen\u0173 tvarkymo veiksmus. Pirk\u0117jas, kuris naudojasi <a href=\"https:\/\/nerasa.eu\/\">www.nerasa.eu<\/a> neprisiregistrav\u0119s, ir gav\u0119s i\u0161\u00a0<a href=\"https:\/\/nerasa.eu\/\">www.nerasa.eu<\/a> atsakym\u0105, kuriame pastebi netikslum\u0173 ar klaid\u0173 jo Asmens duomenyse, turi teis\u0119 reikalauti, kad jo Asmens duomenys kuo skubiau, bet ne v\u0117liau kaip per 5 (penkias) darbo dienas b\u016bt\u0173 patikslinti, pakoreguoti. Pirk\u0117jas, kuris naudojasi\u00a0<a href=\"https:\/\/nerasa.eu\/\">www.nerasa.eu<\/a> prisiregistrav\u0119s, Asmens duomenis taiso pats prisijung\u0119s prie savo Paskyros.\u00a0<a href=\"https:\/\/nerasa.eu\">www.nerasa.eu<\/a> turi teis\u0119 koreguoti, papildyti, naikinti Asmens duomenis arba stabdyti Asmens duomen\u0173 tvarkymo veiksmus tik identifikavus Pirk\u0117jo, kuris kreip\u0117si, asmenyb\u0119.<\/p>\n<p>38.\u00a0Jeigu\u00a0<a href=\"https:\/\/nerasa.eu\/\">www.nerasa.eu<\/a> abejoja Pirk\u0117jo pateikt\u0173 Asmens duomen\u0173 teisingumu, jis gali sustabdyti \u0161i\u0173 Pirk\u0117j\u0173 Asmens duomen\u0173 tvarkymo veiksmus, \u0161iuos duomenis patikrinti ir patikslinti. Tokie Asmens duomenys naudojami tik j\u0173 teisingumui patikrinti.<\/p>\n<p>39.\u00a0\u012egyvendindamas auk\u0161\u010diau min\u0117tas teises Pirk\u0117jas gali kreiptis \u012f\u00a0<a href=\"https:\/\/nerasa.eu\/\">www.nerasa.eu<\/a> elektroninio pa\u0161to adresu (info@nerasa.eu).<\/p>\n<p><b>V.\u00a0ASMENS DUOMEN\u0172 RINKIMAS IR SAUGOJIMAS<\/b><\/p>\n<p>40.\u00a0Siekiant, kad Pirk\u0117jui b\u016bt\u0173 suteiktos visavert\u0117s elektronin\u0117s parduotuv\u0117s\u00a0<a href=\"https:\/\/nerasa.eu\/\">www.nerasa.eu<\/a> paslaugos, \u012f Pirk\u0117jo kompiuter\u012f (\u012frengin\u012f) gali b\u016bti \u012fra\u0161yti Slapukai. \u012era\u0161yt\u0105 informacij\u0105 Pardav\u0117jas naudoja Pirk\u0117jo kaip ankstesnio <a href=\"https:\/\/nerasa.eu\/\">www.nerasa.eu<\/a> internetin\u0117s parduotuv\u0117s lankytojo atpa\u017einimui, informacijos apie pirkinius, \u012fd\u0117tus \u012f Pirk\u0117jo preki\u0173 krep\u0161el\u012f, i\u0161saugojimui, elektronin\u0117s parduotuv\u0117s\u00a0<a href=\"https:\/\/nerasa.eu\/\">www.nerasa.eu<\/a> lankomumo statistikos rinkimui. Pirk\u0117jas, patvirtindamas Privatumo politik\u0105, sutinka, kad jo kompiuteryje (\u012frenginyje) b\u016bt\u0173 \u012fra\u0161omi \u0161ioje Privatumo politikoje numatyti Slapukai. \u0160\u012f sutikim\u0105 Pirk\u0117jas gali bet kada at\u0161aukti, pakeisdamas savo interneto nar\u0161ykl\u0117s nustatymus, ta\u010diau tokiu atveju tam tikros internetin\u0117s parduotuv\u0117s\u00a0<a href=\"https:\/\/nerasa.eu\/\">www.nerasa.eu<\/a> funkcijos jam gali neveikti.<\/p>\n<p>Kita Slapuk\u0173 r\u016b\u0161is \u2013 skirta rinkti informacij\u0105 lankomumui apskai\u010diuoti (rinkti statistin\u0119 informacij\u0105), pateikti Pirk\u0117j\u0173 interesus atitinkant\u012f turin\u012f ir i\u0161saugoti lankymosi istorij\u0105.<\/p>\n","protected":false},"excerpt":{"rendered":"<p>Privatumo politika I.\u00a0VARTOJAMOS S\u0104VOKOS: 1.\u00a0Pardav\u0117jas\u00a0\u2013\u00a0Rasa Nenartavi\u010di\u016bt\u0117, veikianti pagal individualios veiklos pa\u017eym\u0105 Nr. 708698 Adresas: Ugniagesi\u0173 10-2, 62137 Alytus 2. www.nerasa.eu\u00a0\u2013 elektronin\u0117 parduotuv\u0117, esanti adresu www.nerasa.eu 3.\u00a0Pirk\u0117jas\u00a0\u2013 1) veiksnus fizinis asmuo, t.y. asmuo, sulauk\u0119s pilnametyst\u0117s, kurio veiksnumas n\u0117ra apribotas teismo tvarka; 2) nepilnametis nuo keturiolikos iki a\u0161tuoniolikos met\u0173 am\u017eiaus, kuris turi t\u0117v\u0173 arba r\u016bpintoj\u0173 sutikim\u0105, i\u0161skyrus [&hellip;]<\/p>\n","protected":false},"author":1,"featured_media":0,"parent":0,"menu_order":0,"comment_status":"closed","ping_status":"closed","template":"page-narrow.php","meta":{"_mi_skip_tracking":false,"_monsterinsights_sitenote_active":false,"_monsterinsights_sitenote_note":"","_monsterinsights_sitenote_category":0,"spay_email":"","footnotes":""},"acf":[],"yoast_head":"<!-- This site is optimized with the Yoast SEO plugin v17.4 - https:\/\/yoast.com\/wordpress\/plugins\/seo\/ -->\n<title>Privatumo politika - ne.rasa - patog\u016bs vyri\u0161ki ir moteri\u0161ki drabu\u017eiai<\/title>\n<meta name=\"description\" content=\"Privatumo politika skirta apsaugoti ir ginti\u00a0www.nerasa.eu Pirk\u0117j\u0173 Asmens duomenis nuo neteis\u0117to naudojimo. Politika taikoma www.nerasa.eu Paskyroms.\" \/>\n<meta name=\"robots\" content=\"index, follow, max-snippet:-1, max-image-preview:large, max-video-preview:-1\" \/>\n<link rel=\"canonical\" href=\"https:\/\/nerasa.eu\/lt\/privatumo-politika\/\" \/>\n<meta property=\"og:locale\" content=\"lt_LT\" \/>\n<meta property=\"og:type\" content=\"article\" \/>\n<meta property=\"og:title\" content=\"Privatumo politika - ne.rasa - patog\u016bs vyri\u0161ki ir moteri\u0161ki drabu\u017eiai\" \/>\n<meta property=\"og:description\" content=\"Privatumo politika skirta apsaugoti ir ginti\u00a0www.nerasa.eu Pirk\u0117j\u0173 Asmens duomenis nuo neteis\u0117to naudojimo. Politika taikoma www.nerasa.eu Paskyroms.\" \/>\n<meta property=\"og:url\" content=\"https:\/\/nerasa.eu\/lt\/privatumo-politika\/\" \/>\n<meta property=\"og:site_name\" content=\"ne.rasa\" \/>\n<meta property=\"article:publisher\" content=\"https:\/\/www.facebook.com\/nerasa.eu\" \/>\n<meta property=\"article:modified_time\" content=\"2022-03-24T07:11:15+00:00\" \/>\n<meta name=\"twitter:card\" content=\"summary\" \/>\n<meta name=\"twitter:label1\" content=\"Est. reading time\" \/>\n\t<meta name=\"twitter:data1\" content=\"8 minut\u0117s\" \/>\n<script type=\"application\/ld+json\" class=\"yoast-schema-graph\">{\"@context\":\"https:\/\/schema.org\",\"@graph\":[{\"@type\":\"Organization\",\"@id\":\"https:\/\/nerasa.eu\/lt\/#organization\",\"name\":\"ne.rasa\",\"url\":\"https:\/\/nerasa.eu\/lt\/\",\"sameAs\":[\"https:\/\/www.facebook.com\/nerasa.eu\"],\"logo\":{\"@type\":\"ImageObject\",\"@id\":\"https:\/\/nerasa.eu\/lt\/#logo\",\"inLanguage\":\"lt-LT\",\"url\":\"https:\/\/nerasa.eu\/wp-content\/uploads\/2017\/09\/logo-borderless-1-e1506375274625.png\",\"contentUrl\":\"https:\/\/nerasa.eu\/wp-content\/uploads\/2017\/09\/logo-borderless-1-e1506375274625.png\",\"width\":105,\"height\":93,\"caption\":\"ne.rasa\"},\"image\":{\"@id\":\"https:\/\/nerasa.eu\/lt\/#logo\"}},{\"@type\":\"WebSite\",\"@id\":\"https:\/\/nerasa.eu\/lt\/#website\",\"url\":\"https:\/\/nerasa.eu\/lt\/\",\"name\":\"ne.rasa\",\"description\":\"\",\"publisher\":{\"@id\":\"https:\/\/nerasa.eu\/lt\/#organization\"},\"potentialAction\":[{\"@type\":\"SearchAction\",\"target\":{\"@type\":\"EntryPoint\",\"urlTemplate\":\"https:\/\/nerasa.eu\/lt\/?s={search_term_string}\"},\"query-input\":\"required name=search_term_string\"}],\"inLanguage\":\"lt-LT\"},{\"@type\":\"WebPage\",\"@id\":\"https:\/\/nerasa.eu\/lt\/privatumo-politika\/#webpage\",\"url\":\"https:\/\/nerasa.eu\/lt\/privatumo-politika\/\",\"name\":\"Privatumo politika - ne.rasa - patog\\u016bs vyri\\u0161ki ir moteri\\u0161ki drabu\\u017eiai\",\"isPartOf\":{\"@id\":\"https:\/\/nerasa.eu\/lt\/#website\"},\"datePublished\":\"2018-08-06T07:48:09+00:00\",\"dateModified\":\"2022-03-24T07:11:15+00:00\",\"description\":\"Privatumo politika skirta apsaugoti ir ginti\\u00a0www.nerasa.eu Pirk\\u0117j\\u0173 Asmens duomenis nuo neteis\\u0117to naudojimo. Politika taikoma www.nerasa.eu Paskyroms.\",\"breadcrumb\":{\"@id\":\"https:\/\/nerasa.eu\/lt\/privatumo-politika\/#breadcrumb\"},\"inLanguage\":\"lt-LT\",\"potentialAction\":[{\"@type\":\"ReadAction\",\"target\":[\"https:\/\/nerasa.eu\/lt\/privatumo-politika\/\"]}]},{\"@type\":\"BreadcrumbList\",\"@id\":\"https:\/\/nerasa.eu\/lt\/privatumo-politika\/#breadcrumb\",\"itemListElement\":[{\"@type\":\"ListItem\",\"position\":1,\"name\":\"Pagrindinis\",\"item\":\"https:\/\/nerasa.eu\/lt\/\"},{\"@type\":\"ListItem\",\"position\":2,\"name\":\"Privatumo politika\"}]}]}<\/script>\n<!-- \/ Yoast SEO plugin. -->","yoast_head_json":{"title":"Privatumo politika - ne.rasa - patog\u016bs vyri\u0161ki ir moteri\u0161ki drabu\u017eiai","description":"Privatumo politika skirta apsaugoti ir ginti\u00a0www.nerasa.eu Pirk\u0117j\u0173 Asmens duomenis nuo neteis\u0117to naudojimo. Politika taikoma www.nerasa.eu Paskyroms.","robots":{"index":"index","follow":"follow","max-snippet":"max-snippet:-1","max-image-preview":"max-image-preview:large","max-video-preview":"max-video-preview:-1"},"canonical":"https:\/\/nerasa.eu\/lt\/privatumo-politika\/","og_locale":"lt_LT","og_type":"article","og_title":"Privatumo politika - ne.rasa - patog\u016bs vyri\u0161ki ir moteri\u0161ki drabu\u017eiai","og_description":"Privatumo politika skirta apsaugoti ir ginti\u00a0www.nerasa.eu Pirk\u0117j\u0173 Asmens duomenis nuo neteis\u0117to naudojimo. Politika taikoma www.nerasa.eu Paskyroms.","og_url":"https:\/\/nerasa.eu\/lt\/privatumo-politika\/","og_site_name":"ne.rasa","article_publisher":"https:\/\/www.facebook.com\/nerasa.eu","article_modified_time":"2022-03-24T07:11:15+00:00","twitter_card":"summary","twitter_misc":{"Est. reading time":"8 minut\u0117s"},"schema":{"@context":"https:\/\/schema.org","@graph":[{"@type":"Organization","@id":"https:\/\/nerasa.eu\/lt\/#organization","name":"ne.rasa","url":"https:\/\/nerasa.eu\/lt\/","sameAs":["https:\/\/www.facebook.com\/nerasa.eu"],"logo":{"@type":"ImageObject","@id":"https:\/\/nerasa.eu\/lt\/#logo","inLanguage":"lt-LT","url":"https:\/\/nerasa.eu\/wp-content\/uploads\/2017\/09\/logo-borderless-1-e1506375274625.png","contentUrl":"https:\/\/nerasa.eu\/wp-content\/uploads\/2017\/09\/logo-borderless-1-e1506375274625.png","width":105,"height":93,"caption":"ne.rasa"},"image":{"@id":"https:\/\/nerasa.eu\/lt\/#logo"}},{"@type":"WebSite","@id":"https:\/\/nerasa.eu\/lt\/#website","url":"https:\/\/nerasa.eu\/lt\/","name":"ne.rasa","description":"","publisher":{"@id":"https:\/\/nerasa.eu\/lt\/#organization"},"potentialAction":[{"@type":"SearchAction","target":{"@type":"EntryPoint","urlTemplate":"https:\/\/nerasa.eu\/lt\/?s={search_term_string}"},"query-input":"required name=search_term_string"}],"inLanguage":"lt-LT"},{"@type":"WebPage","@id":"https:\/\/nerasa.eu\/lt\/privatumo-politika\/#webpage","url":"https:\/\/nerasa.eu\/lt\/privatumo-politika\/","name":"Privatumo politika - ne.rasa - patog\u016bs vyri\u0161ki ir moteri\u0161ki drabu\u017eiai","isPartOf":{"@id":"https:\/\/nerasa.eu\/lt\/#website"},"datePublished":"2018-08-06T07:48:09+00:00","dateModified":"2022-03-24T07:11:15+00:00","description":"Privatumo politika skirta apsaugoti ir ginti\u00a0www.nerasa.eu Pirk\u0117j\u0173 Asmens duomenis nuo neteis\u0117to naudojimo. Politika taikoma www.nerasa.eu Paskyroms.","breadcrumb":{"@id":"https:\/\/nerasa.eu\/lt\/privatumo-politika\/#breadcrumb"},"inLanguage":"lt-LT","potentialAction":[{"@type":"ReadAction","target":["https:\/\/nerasa.eu\/lt\/privatumo-politika\/"]}]},{"@type":"BreadcrumbList","@id":"https:\/\/nerasa.eu\/lt\/privatumo-politika\/#breadcrumb","itemListElement":[{"@type":"ListItem","position":1,"name":"Pagrindinis","item":"https:\/\/nerasa.eu\/lt\/"},{"@type":"ListItem","position":2,"name":"Privatumo politika"}]}]}},"_links":{"self":[{"href":"https:\/\/nerasa.eu\/lt\/wp-json\/wp\/v2\/pages\/1288"}],"collection":[{"href":"https:\/\/nerasa.eu\/lt\/wp-json\/wp\/v2\/pages"}],"about":[{"href":"https:\/\/nerasa.eu\/lt\/wp-json\/wp\/v2\/types\/page"}],"author":[{"embeddable":true,"href":"https:\/\/nerasa.eu\/lt\/wp-json\/wp\/v2\/users\/1"}],"replies":[{"embeddable":true,"href":"https:\/\/nerasa.eu\/lt\/wp-json\/wp\/v2\/comments?post=1288"}],"version-history":[{"count":8,"href":"https:\/\/nerasa.eu\/lt\/wp-json\/wp\/v2\/pages\/1288\/revisions"}],"predecessor-version":[{"id":24878,"href":"https:\/\/nerasa.eu\/lt\/wp-json\/wp\/v2\/pages\/1288\/revisions\/24878"}],"wp:attachment":[{"href":"https:\/\/nerasa.eu\/lt\/wp-json\/wp\/v2\/media?parent=1288"}],"curies":[{"name":"wp","href":"https:\/\/api.w.org\/{rel}","templated":true}]}}