{"id":4101,"date":"2020-03-03T17:34:24","date_gmt":"2020-03-03T14:34:24","guid":{"rendered":"https:\/\/nerasa.eu\/?page_id=4101"},"modified":"2024-02-02T13:14:54","modified_gmt":"2024-02-02T10:14:54","slug":"terms-conditions","status":"publish","type":"page","link":"https:\/\/nerasa.eu\/en\/terms-conditions\/","title":{"rendered":"Terms &#038; Conditions"},"content":{"rendered":"<p><b>Pirkimo pardavimo taisykl\u0117s<\/b><\/p>\n<p><b>1. Bendrosios nuostatos<\/b><\/p>\n<p>1.1. \u0160ios preki\u0173 pirkimo \u2013 pardavimo taisykl\u0117s (toliau \u201eTaisykl\u0117s\u201c) yra \u0161alims privalomas teisinis dokumentas, kuriame nustatomos Pirk\u0117jo ir Pardav\u0117jo teis\u0117s bei pareigos, preki\u0173 \u012fsigijimo bei apmok\u0117jimo u\u017e jas s\u0105lygos, preki\u0173 pristatymo ir gr\u0105\u017einimo tvarka, \u0161ali\u0173 atsakomyb\u0117 bei kitos su preki\u0173 pirkimu \u2013 pardavimu\u00a0 www.nerasa.eu internetin\u0117je parduotuv\u0117je susijusios nuostatos.<\/p>\n<p>1.2. Pardav\u0117jas pasilieka teis\u0119 bet kuriuo metu pakeisti, taisyti ar papildyti Taisykles, atsi\u017evelgdamas \u012f teis\u0117s akt\u0173 nustatytus reikalavimus. Apie bet kokius pakeitimus, taisymus ar papildymus prisiregistrav\u0119s Pirk\u0117jas bus informuojamas prie\u0161 \u012fsigyjant pasirinktas prekes internetin\u0117je parduotuv\u0117je www.nerasa.eu. Pirk\u0117jas prie\u0161 patvirtindamas pirkim\u0105 prival\u0117s i\u0161 naujo sutikti su pasikeitusiomis Taisykl\u0117mis (pa\u017eym\u0117damas varnel\u0119 langelyje \u201cSu taisykl\u0117mis susipa\u017einau ir sutinku\u201d). Jeigu Pirk\u0117jas nesutinka su \u0161iomis taisykl\u0117mis naudotis www.nerasa.eu paslaugomis Pirk\u0117jas negal\u0117s.<\/p>\n<p>1.4. Pirkti www.nerasa.eu internetin\u0117je parduotuv\u0117je turi teis\u0119:<br \/>\n1.4.1. visi fiziniai asmenys sulauk\u0119 pilnametyst\u0117s;<br \/>\n1.4.2. nepilname\u010diai nuo keturiolikos iki a\u0161tuoniolikos met\u0173 am\u017eiaus, tik tur\u0117dami t\u0117v\u0173 arba r\u016bpintoj\u0173 sutikim\u0105, i\u0161skyrus tuos atvejus, kai jie savaranki\u0161kai disponuoja savo pajamomis;<br \/>\n1.4.3. juridiniai asmenys;<br \/>\n1.4.4. vis\u0173 auk\u0161\u010diau nurodyt\u0173 asmen\u0173 \u012fgalioti atstovai.<\/p>\n<p><b>2. Asmens duomen\u0173 apsauga<\/b><\/p>\n<p>2.1. Registruojantis www.nerasa.eu internetin\u0117je parduotuv\u0117je Pirk\u0117jai privalo pateikti teising\u0105 asmenin\u0119 informacij\u0105 (vard\u0105, pavard\u0119, el. pa\u0161to adres\u0105). Perkant prekes Pirk\u0117jas privalo pateikti papildomus teisingus duomenis (piln\u0105 mok\u0117tojo adres\u0105, piln\u0105 gav\u0117jo adres\u0105, telefon\u0105, pasirinkti mok\u0117jimo b\u016bd\u0105. Jeigu pasirenkamas apmok\u0117jimas kreditine kortele, Pirk\u0117jas \u012fveda savo kreditin\u0117s kortel\u0117s duomenis) Pirk\u0117jas atsakingas u\u017e teising\u0105 duomen\u0173 pateikim\u0105.<\/p>\n<p>2.2. Internetin\u0117 parduotuv\u0117 www.nerasa.eu \u012fsipareigoja neatskleisti jokios informacijos tretiesiems asmenims, i\u0161skyrus internetin\u0117s parduotuv\u0117s www.nerasa.eu partnerius, teikian\u010dius preki\u0173 pristatymo ar kitas, su Kliento u\u017esakymo pateikimu ar \u012fvykdymu susijusias paslaugas. Bet kokios kitos asmenin\u0117s Pirk\u0117jo informacijos atskleidimo tretiesiems asmenims i\u0161imtys visais atvejais derinamos su Pirk\u0117ju. Visais kitais atvejais tretiesiems asmenims bet kokie Pirk\u0117jo asmeniniai duomenys gali b\u016bti atskleid\u017eiami tik LR teis\u0117s aktuose numatytais atvejais.<\/p>\n<p><b>3. Prkimo \u2013 pardavimo sutarties sudarymo momentas<\/b><\/p>\n<p>3.1 . Sutartis tarp Pirk\u0117jo ir Pardav\u0117jo laikoma sudaryta nuo to momento, kai Pirk\u0117jas, i\u0161sirink\u0119s perkam\u0105 (-as) prek\u0119 (-es) ir suformav\u0119s preki\u0173 krep\u0161el\u012f, paspaud\u017eia nuorod\u0105 \u201eApmok\u0117ti\u201c.<\/p>\n<p>3.2. Visos tarp Pirk\u0117jo ir Pardav\u0117jo sudarytos pirkimo \u2013 pardavimo sutartys yra registruojamos ir saugomos www.nerasa.eu internetin\u0117s parduotuv\u0117s duomen\u0173 baz\u0117je.<\/p>\n<p><b>4. Pirk\u0117jo teis\u0117s<\/b><\/p>\n<p>4.1. Pirk\u0117jas turi teis\u0119 pirkti prekes www.nerasa.eu internetin\u0117je parduotuv\u0117je \u0161i\u0173 Taisykli\u0173 nustatyta tvarka.<\/p>\n<p>4.2. Pirk\u0117jas turi teis\u0119 atsisakyti preki\u0173 pirkimo \u2013 pardavimo sutarties, sudarytos su www.nerasa.eu internetine parduotuve apie tai prane\u0161damas Pardav\u0117jui ra\u0161tu, ne v\u0117liau kaip per 14 (keturiolika) dien\u0173 nuo prek\u0117s pristatymo dienos, vadovaujantis 2001 m. rugpj\u016b\u010dio 17 d. LR \u016akio ministro \u012fsakymu Nr. 258 \u201eD\u0117l daikt\u0173 pardavimo ir paslaug\u0173 teikimo, kai sutartys sudaromos naudojant ry\u0161i\u0173 priemones, taisykli\u0173 patvirtinimo\u201c. Pirk\u0117jas turi kitas Taisykl\u0117se ir Lietuvos Respublikos teis\u0117s aktuose numatytas teises.<\/p>\n<p>4.3. Taisykli\u0173 4.2. punkte numatyta teise Pirk\u0117jas gali pasinaudoti tik tuo atveju, jeigu prek\u0117 nebuvo sugadinta arba i\u0161 esm\u0117s nepasikeit\u0117 jos i\u0161vaizda, taip pat ji nebuvo naudojama (nenupl\u0117\u0161tos originalios etiket\u0117s bei \u017eym\u0117jimai).<\/p>\n<p><b>5. Pirk\u0117jo \u012fsipareigojimai<\/b><\/p>\n<p>5.1. Pirk\u0117jas privalo sumok\u0117ti u\u017e prekes ir priimti jas \u0161i\u0173 Taisykli\u0173 nustatyta tvarka.<\/p>\n<p>5.2. Pirk\u0117jas \u012fsipareigoja neperduoti tretiesiems asmenims savo prisijungimo duomen\u0173 prie www.nerasa.eu internetin\u0117je parduotuv\u0117je turimos vartotojo s\u0105sajos. Jei Pirk\u0117jas praranda prisijungimo duomenis, jis privalo nedelsiant informuoti apie tai elektroniniu pa\u0161tu: info@nerasa.eu<\/p>\n<p>5.3. Jeigu pasikei\u010dia Pirk\u0117jo registracijos formoje pateikti duomenys, jis privalo nedelsdamas juos atnaujinti.<\/p>\n<p>5.4. Pirk\u0117jas, naudodamasis www.nerasa.eu internetine parduotuve \u012fsipareigoja laikytis \u0161i\u0173 Taisykli\u0173, kit\u0173 s\u0105lyg\u0173, ai\u0161kiai nurodyt\u0173 internetin\u0117je parduotuv\u0117je bei nepa\u017eeisti Lietuvos Respublikos teis\u0117s akt\u0173.<\/p>\n<p>5.5 Pirk\u0117jas yra atsakingas u\u017e teising\u0173 duomen\u0173 pateikim\u0105 \u012f internetin\u0119 parduotuv\u0119 www.nerasa.eu.<\/p>\n<p><b>6.\u00a0 Pardav\u0117jo teis\u0117s<\/b><\/p>\n<p>6.1. Jei Pirk\u0117jas bando pakenkti internetin\u0117s parduotuv\u0117s www.nerasa.eu darbo stabilumui ir saugumui ar pa\u017eeid\u017eia savo \u012fsipareigojimus, Pardav\u0117jas turi teis\u0119 nedelsiant ir be persp\u0117jimo apriboti ar sustabdyti jam galimyb\u0119 naudotis www.nerasa.eu internetine parduotuve ir\/arba panaikinti Pirk\u0117jo registracij\u0105. Bet kokie bandymai pakenkti internetin\u0117s parduotuv\u0117s darbo stabilumui yra tiriami ir, esant reikalui, perduodami teis\u0117saugos institucijoms.<\/p>\n<p>6.2. Susidarius svarbioms aplinkyb\u0117ms, Pardav\u0117jas gali laikinai arba i\u0161 viso nutraukti www.nerasa.eu internetin\u0117s parduotuv\u0117s veikl\u0105, apie tai i\u0161 anksto neprane\u0161\u0119 Pirk\u0117jui.<\/p>\n<p>6.3. Pardav\u0117jas turi teis\u0119 i\u0161 anksto neprane\u0161\u0119s Pirk\u0117jui anuliuoti jo u\u017esakym\u0105, jeigu Pirk\u0117jas, pasirink\u0119s Taisykli\u0173 8.2. punktuose numatytus apmok\u0117jimo b\u016bdus, nesumoka u\u017e prekes per 2 (dvi) darbo dienas.<\/p>\n<p><b>7. Pardav\u0117jo \u012fsipareigojimai<\/b><\/p>\n<p>7.1. Pardav\u0117jas \u012fsipareigoja \u0161iose Taisykl\u0117se ir www.nerasa.eut internetin\u0117je parduotuv\u0117je nustatytomis s\u0105lygomis sudaryti Pirk\u0117jui galimyb\u0119 naudotis internetin\u0117s parduotuv\u0117s www.nerasa.eu teikiamomis paslaugomis.<\/p>\n<p>7.2. Pardav\u0117jas \u012fsipareigoja gerbti Pirk\u0117jo privatumo teis\u0119 \u012f jam priklausan\u010di\u0105 asmenin\u0119 informacij\u0105, nurodyt\u0105 www.nerasa.eu internetin\u0117s parduotuv\u0117s registracijos formoje, i\u0161skyrus Lietuvos Respublikos \u012fstatymuose nustatytus atvejus, kai \u012fvykdoma nusikalstama veika, susijusi su Pirk\u0117ju, ir \u0161ie duomenys yra reikalingi teis\u0117saugos institucijoms.<\/p>\n<p>7.3. Pardav\u0117jas \u012fsipareigoja pristatyti Pirk\u0117jo u\u017esakytas prekes jo nurodytu adresu 9. Taisykli\u0173 punkte nurodytomis s\u0105lygomis. U\u017e duomen\u0173 pateikimo teisingum\u0105 atsako Pirk\u0117jas.<\/p>\n<p>7.4. Pardav\u0117jas, d\u0117l svarbi\u0173 aplinkybi\u0173 negal\u0117damas pristatyti Pirk\u0117jui u\u017esakytos prek\u0117s, \u012fsipareigoja pasi\u016blyti analogi\u0161k\u0105 ar kiek \u012fmanoma savo savyb\u0117mis pana\u0161esn\u0119 prek\u0119. Pirk\u0117jui atsisakius priimti analogi\u0161k\u0105 ar savo savyb\u0117mis pana\u0161iausi\u0105 prek\u0119, Pardav\u0117jas \u012fsipareigoja gr\u0105\u017einti Pirk\u0117jui sumok\u0117tus pinigus per 3 darbo dienas, jeigu buvo atliktas i\u0161ankstinis apmok\u0117jimas.<\/p>\n<p><b>8. Preki\u0173 kainos, apmok\u0117jimo tvarka ir terminai<\/b><\/p>\n<p>8.1. Preki\u0173 kainos www.nerasa.eu internetin\u0117je parduotuv\u0117je ir suformuotame u\u017esakyme nurodomos Eurais su PVM.<\/p>\n<p>8.2. Pirk\u0117jas atsiskaito u\u017e prekes vienu i\u0161 \u0161i\u0173 b\u016bd\u0173:<\/p>\n<p>8.2.1.\u00a0<b>Atsiskaitymas bankiniu pavedimu.\u00a0<\/b>Po u\u017esakymo gavimo Pirk\u0117jui nedelsiant i\u0161siun\u010diama informacija reikalinga bankinio pavedimo atlikimui, pagal kuri\u0105 jis turi pats suformuoti pavedim\u0105 ir atsiskaityti u\u017e pasirinktas prekes.<br \/>\n8.2.2. <b>Atsiskaitymas per elektronin\u0119 bankininkyst\u0119<\/b> &#8211; Atsiskaityti galima naudojantis Swedbank, Seb, Luminor, Citadele ir \u0160iauli\u0173 bankas elektronin\u0117s bankininkyst\u0117s paslaugomis. Atsiskaitymai galimi euro valiuta. Mok\u0117jimai apdorojami naudojantis <a href=\"https:\/\/makecommerce.lt\/\" target=\"_blank\" rel=\"noopener\">MakeCommerce.lt<\/a> mok\u0117jim\u0173 platforma.  Elektronin\u0117je parduotuv\u0117je apmok\u0117jimai apdorojami naudojantis makecommerce.lt platforma, kurios valdytojas Maksekeskus AS (Niine 11, Talinas 10414, Estija, reg. nr.:12268475), tod\u0117l J\u016bs\u0173 asmenin\u0117 informacija, reikalinga mok\u0117jimo \u012fvykdymui ir patvirtinimui, bus perduodama Maksekeskus AS.<\/p>\n<p>8.2.3. Atsiskaityti per PayPal tarptautin\u0119 sistem\u0105;<\/p>\n<p>8.3. Atsiskaitydamas 8.2. punkte numatytais apmok\u0117jimo b\u016bdais, Pirk\u0117jas \u012fsipareigoja sumok\u0117ti nedelsiant. Min\u0117taisiais atvejais, atsi\u017evelgiant \u012f Taisykli\u0173 6.3. punkte numatyt\u0105 Pardav\u0117jo teis\u0119, tik gavus apmok\u0117jim\u0105 u\u017e prekes pradedamas formuoti preki\u0173 siuntinys ir pradedamas skai\u010diuoti preki\u0173 pristatymo terminas.<\/p>\n<p><b>9. Preki\u0173 pristatymas<\/b><\/p>\n<p>9.1. Pirk\u0117jas, u\u017esakydamas prekes, \u012fsipareigoja nurodyti preki\u0173 pristatymo viet\u0105.<\/p>\n<p>9.2. Pirk\u0117jas \u012fsipareigoja prekes priimti pats. Tuo atveju, kai jis preki\u0173 pats priimti negali, o prek\u0117s pristatytos nurodytu adresu ir remiantis kitais Pirk\u0117jo pateiktais duomenimis, Pirk\u0117jas neturi teis\u0117s reik\u0161ti Pardav\u0117jui pretenzij\u0173 d\u0117l preki\u0173 pristatymo netinkamam subjektui.<\/p>\n<p>9.3. Prekes pristato Pardav\u0117jas arba jo \u012fgaliotas atstovas.<\/p>\n<p>9.4. Pardav\u0117jas \u012fsipareigoja pristatyti prekes ne v\u0117liau kaip per 2-4 darbo dienas (i\u0161skyrus \u0161ventines dienas) nuo u\u017esakymo apmok\u0117jimo gavimo. \u0160ie terminai netaikomi i\u0161ankstiniams u\u017esakymams. I\u0161ankstini\u0173 u\u017esakym\u0173 atveju pristatymo terminas yra suderinamas individualiai kiekvienam u\u017esakymui.<\/p>\n<p>&nbsp;<\/p>\n<p>9.5. Visais atvejais Pardav\u0117jas atleid\u017eiamas nuo atsakomyb\u0117s u\u017e preki\u0173 pristatymo termin\u0173 pa\u017eeidim\u0105, jeigu prek\u0117s Pirk\u0117jui n\u0117ra pristatomos arba pristatomos ne laiku d\u0117l Pirk\u0117jo kalt\u0117s arba d\u0117l nuo Pirk\u0117jo priklausan\u010di\u0173 aplinkybi\u0173.<\/p>\n<p>9.6. Detalesn\u0117 informacija, susijusi su preki\u0173 pristatymu, pateikiama www.nerasa.eu internetin\u0117s parduotuv\u0117s skyriuje \u201ePristatymas\u201c.<\/p>\n<p><b>10. Preki\u0173 kokyb\u0117s garantija ir tinkamumo naudoti terminas<\/b><\/p>\n<p>10.1. Kiekvienos www.nerasa.eu internetin\u0117s parduotuv\u0117s parduodamos prek\u0117s savyb\u0117s ir dyd\u017eiai bendrai nurodomos prie kiekvienos prek\u0117s esan\u010diame prek\u0117s apra\u0161yme.<\/p>\n<p>10.2. Pardav\u0117jas neatsako u\u017e tai, kad internetin\u0117je parduotuv\u0117je www.nerasa.eu esan\u010dios prek\u0117s savo spalva, forma ar kitais parametrais gali neatitikti realaus preki\u0173 dyd\u017eio, form\u0173 ir spalvos d\u0117l Pirk\u0117jo naudojamo vaizduoklio ypatybi\u0173.<\/p>\n<p><b>11. Preki\u0173 gr\u0105\u017einimas ir keitimas<\/b><\/p>\n<p>11.1. Parduot\u0173 preki\u0173 tr\u016bkumai \u0161alinami, nekokybi\u0161kos prek\u0117s kei\u010diamos, gr\u0105\u017einamos vadovaujantis \u016bkio ministro 2001 m. bir\u017eelio 29 d. \u012fsakymu Nr. 217 \u201eD\u0117l Daikt\u0173 gr\u0105\u017einimo ir keitimo taisykli\u0173 patvirtinimo\u201c patvirtintomis Daikt\u0173 gr\u0105\u017einimo ir keitimo taisykl\u0117mis.<\/p>\n<p>11.2. Pirk\u0117jas gali pasinaudoti per 14 (keturiolika) dien\u0173 nuo preki\u0173 pristatymo jam dienos, informuodamas apie tai Pardav\u0117j\u0105 4.2. Taisykli\u0173 punkte numatyta tvarka.<\/p>\n<p>11.3. Pirk\u0117jui gr\u0105\u017einant prekes, b\u016btina laikytis \u0161i\u0173 s\u0105lyg\u0173:<br \/>\n11.3.1. gr\u0105\u017einama prek\u0117 turi b\u016bti originalioje tvarkingoje pakuot\u0117je;<br \/>\n11.3.2. prek\u0117 turi b\u016bti Pirk\u0117jo nesugadinta;<br \/>\n11.3.3. prek\u0117 turi b\u016bti nepraradusi prekin\u0117s i\u0161vaizdos (nepa\u017eeistos etiket\u0117s, nenupl\u0117\u0161tos apsaugin\u0117s pl\u0117vel\u0117s ir kt.). \u0160is punktas netaikomas tuo atveju, kai gr\u0105\u017einama nekokybi\u0161ka prek\u0117;<br \/>\n11.3.4. gr\u0105\u017einama prek\u0117 turi b\u016bti tos pa\u010dios komplektacijos, kokios buvo Pirk\u0117jo gauta;<br \/>\n11.3.5. gr\u0105\u017einant prek\u0119 b\u016btina pateikti Preki\u0173 gr\u0105\u017einimo akt\u0105.<\/p>\n<p>11.4. Pardav\u0117jas turi teis\u0119 nepriimti Pirk\u0117jo gr\u0105\u017einam\u0173 preki\u0173, jei Pirk\u0117jas nesilaiko \u0161iame straipsnyje nustatytos preki\u0173 gr\u0105\u017einimo tvarkos.<\/p>\n<p>11.5. Gr\u0105\u017einamas prekes Pirk\u0117jas Pardav\u0117jui gali si\u0173sti jam patogiu b\u016bdu, www.nerasa.eu\u00a0internetin\u0117je parduotuv\u0117je puslapyje \u201eGr\u0105\u017einimo taisykl\u0117s\u201c nurodytais kontaktais.<\/p>\n<p>11.6.Tuo atveju, kai prek\u0117 gr\u0105\u017einama, remiantis 4.2. punkte numatyta teise, Pirk\u0117jui tenka apmok\u0117ti preki\u0173 gr\u0105\u017einimo i\u0161laidas. Pardav\u0117jas \u012fsipareigoja gr\u0105\u017einti tik u\u017e prekes sumok\u0117ta pinig\u0173 sum\u0105. Pristatymo i\u0161laidos n\u0117ra gr\u0105\u017einamos.<\/p>\n<p>11.7. Kai gr\u0105\u017einama gauta ne ta prek\u0117 ir\/ar nekokybi\u0161ka prek\u0117, Pardav\u0117jas \u012fsipareigoja pasiimti tokias prekes ir jas pakeisti analogi\u0161komis tinkamomis prek\u0117mis. Tuo atveju, kai Pardav\u0117jas neturi analogi\u0161k\u0173 preki\u0173, jis gr\u0105\u017eina Pirk\u0117jui u\u017e prek\u0119 (-es) ir j\u0173 siuntim\u0105 sumok\u0117tus pinigus.<\/p>\n<p><b>12. Atsakomyb\u0117<\/b><\/p>\n<p>12.1. Pirk\u0117jas yra visi\u0161kai atsakingas u\u017e registracijos formoje pateikt\u0173 duomen\u0173 teisingum\u0105. Jei Pirk\u0117jas nepateikia registracijos formoje tiksli\u0173 duomen\u0173, Pardav\u0117jas neatsako u\u017e d\u0117l to atsiradusius padarinius.<\/p>\n<p>12.2. Pirk\u0117jas atsako u\u017e veiksmus, atliktus naudojantis \u0161ia internetine parduotuve.<\/p>\n<p>12.3. Pirk\u0117jas atsako u\u017e savo prisijungimo duomen\u0173 perdavim\u0105 tretiesiems asmenims. Jei www.nerasa.eu internetin\u0117s parduotuv\u0117s teikiamomis paslaugomis naudojasi tre\u010diasis asmuo, prisijung\u0119s prie www.nerasa.eu internetin\u0117s parduotuv\u0117s, naudodamasis Pirk\u0117jo prisijungimo duomenimis, Pardav\u0117jas \u0161\u012f asmen\u012f laiko Pirk\u0117ju.<\/p>\n<p>12.4. Pardav\u0117jas atleid\u017eiamas nuo bet kokios atsakomyb\u0117s tais atvejais, kai nuostoliai kyla d\u0117l to, jog Pirk\u0117jas, neatsi\u017evelgdamas \u012f Pardav\u0117jo rekomendacijas ir savo \u012fsipareigojimus, nesusipa\u017eino su \u0161iomis Taisykl\u0117mis, nors tokia galimyb\u0117 jam buvo suteikta.<\/p>\n<p>12.5. Jei Pardav\u0117jo internetin\u0117je parduotuv\u0117je www.nerasa.eu yra nuorodos \u012f kit\u0173 \u012fmoni\u0173, \u012fstaig\u0173, organizacij\u0173 ar asmen\u0173 tinklapius, Pardav\u0117jas n\u0117ra atsakingas u\u017e ten esan\u010di\u0105 informacij\u0105 ar vykdom\u0105 veikl\u0105, t\u0173 tinklapi\u0173 nepri\u017ei\u016bri, nekontroliuoja ir toms \u012fmon\u0117ms bei asmenims neatstovauja.<\/p>\n<p>12.6. Atsiradus \u017ealai, kaltoji \u0161alis atlygina kitai \u0161aliai tiesioginius nuostolius.<\/p>\n<p><b>13. Pardav\u0117jo taikomos rinkodaros priemon\u0117s<\/b><\/p>\n<p>13.1. Pardav\u0117jas savo nuo\u017ei\u016bra gali inicijuoti internetin\u0117je parduotuv\u0117je www.nerasa.eu \u012fvairias akcijas.<\/p>\n<p>13.2. Pardav\u0117jas turi teis\u0119 viena\u0161ali\u0161kai, be atskiro \u012fsp\u0117jimo, pakeisti akcij\u0173 s\u0105lygas, taip pat jas panaikinti.<\/p>\n<p><b>14. Apsikeitimas informacija<\/b><\/p>\n<p>14.1. Pardav\u0117jas visus prane\u0161imus siun\u010dia Pirk\u0117jo registracijos formoje pateiktu elektroninio pa\u0161to adresu.<\/p>\n<p>14.2. Pirk\u0117jas visus prane\u0161imus ir klausimus siun\u010dia Pardav\u0117jo www.nerasa.eu internetin\u0117s parduotuv\u0117s skyrelyje \u201eKontaktai\u201c nurodytomis susisiekimo priemon\u0117mis.<\/p>\n<p><b>15. Baigiamosios nuostatos<\/b><\/p>\n<p>15.1. \u0160ios taisykl\u0117s sudarytos vadovaujantis LR teis\u0117s aktais.<\/p>\n<p>15.2. \u0160i\u0173 taisykli\u0173 pagrindu kylantiems santykiams taikoma LR teis\u0117.<\/p>\n<p>15.3. Visi nesutarimai, kil\u0119 d\u0117l \u0161i\u0173 taisykli\u0173 vykdymo, sprend\u017eiami deryb\u0173 b\u016bdu. Nepavykus susitarti, gin\u010dai sprend\u017eiami LR \u012fstatym\u0173 nustatyta tvarka.<\/p>\n","protected":false},"excerpt":{"rendered":"<p>Pirkimo pardavimo taisykl\u0117s 1. Bendrosios nuostatos 1.1. \u0160ios preki\u0173 pirkimo \u2013 pardavimo taisykl\u0117s (toliau \u201eTaisykl\u0117s\u201c) yra \u0161alims privalomas teisinis dokumentas, kuriame nustatomos Pirk\u0117jo ir Pardav\u0117jo teis\u0117s bei pareigos, preki\u0173 \u012fsigijimo bei apmok\u0117jimo u\u017e jas s\u0105lygos, preki\u0173 pristatymo ir gr\u0105\u017einimo tvarka, \u0161ali\u0173 atsakomyb\u0117 bei kitos su preki\u0173 pirkimu \u2013 pardavimu\u00a0 www.nerasa.eu internetin\u0117je parduotuv\u0117je susijusios nuostatos. 1.2. [&hellip;]<\/p>\n","protected":false},"author":1,"featured_media":0,"parent":0,"menu_order":0,"comment_status":"closed","ping_status":"closed","template":"page-narrow.php","meta":{"_mi_skip_tracking":false,"_monsterinsights_sitenote_active":false,"_monsterinsights_sitenote_note":"","_monsterinsights_sitenote_category":0,"spay_email":"","footnotes":""},"acf":[],"yoast_head":"<!-- This site is optimized with the Yoast SEO plugin v17.4 - https:\/\/yoast.com\/wordpress\/plugins\/seo\/ -->\n<title>Terms &amp; Conditions - ne.rasa<\/title>\n<meta name=\"robots\" content=\"index, follow, max-snippet:-1, max-image-preview:large, max-video-preview:-1\" \/>\n<link rel=\"canonical\" href=\"https:\/\/nerasa.eu\/en\/terms-conditions\/\" \/>\n<meta property=\"og:locale\" content=\"en_US\" \/>\n<meta property=\"og:type\" content=\"article\" \/>\n<meta property=\"og:title\" content=\"Terms &amp; Conditions - ne.rasa\" \/>\n<meta property=\"og:description\" content=\"Pirkimo pardavimo taisykl\u0117s 1. Bendrosios nuostatos 1.1. \u0160ios preki\u0173 pirkimo \u2013 pardavimo taisykl\u0117s (toliau \u201eTaisykl\u0117s\u201c) yra \u0161alims privalomas teisinis dokumentas, kuriame nustatomos Pirk\u0117jo ir Pardav\u0117jo teis\u0117s bei pareigos, preki\u0173 \u012fsigijimo bei apmok\u0117jimo u\u017e jas s\u0105lygos, preki\u0173 pristatymo ir gr\u0105\u017einimo tvarka, \u0161ali\u0173 atsakomyb\u0117 bei kitos su preki\u0173 pirkimu \u2013 pardavimu\u00a0 www.nerasa.eu internetin\u0117je parduotuv\u0117je susijusios nuostatos. 1.2. [&hellip;]\" \/>\n<meta property=\"og:url\" content=\"https:\/\/nerasa.eu\/en\/terms-conditions\/\" \/>\n<meta property=\"og:site_name\" content=\"ne.rasa\" \/>\n<meta property=\"article:publisher\" content=\"https:\/\/www.facebook.com\/nerasa.eu\" \/>\n<meta property=\"article:modified_time\" content=\"2024-02-02T10:14:54+00:00\" \/>\n<meta name=\"twitter:card\" content=\"summary\" \/>\n<meta name=\"twitter:label1\" content=\"Est. reading time\" \/>\n\t<meta name=\"twitter:data1\" content=\"10 minutes\" \/>\n<script type=\"application\/ld+json\" class=\"yoast-schema-graph\">{\"@context\":\"https:\/\/schema.org\",\"@graph\":[{\"@type\":\"Organization\",\"@id\":\"https:\/\/nerasa.eu\/en\/#organization\",\"name\":\"ne.rasa\",\"url\":\"https:\/\/nerasa.eu\/en\/\",\"sameAs\":[\"https:\/\/www.facebook.com\/nerasa.eu\"],\"logo\":{\"@type\":\"ImageObject\",\"@id\":\"https:\/\/nerasa.eu\/en\/#logo\",\"inLanguage\":\"en-US\",\"url\":\"https:\/\/nerasa.eu\/wp-content\/uploads\/2017\/09\/logo-borderless-1-e1506375274625.png\",\"contentUrl\":\"https:\/\/nerasa.eu\/wp-content\/uploads\/2017\/09\/logo-borderless-1-e1506375274625.png\",\"width\":105,\"height\":93,\"caption\":\"ne.rasa\"},\"image\":{\"@id\":\"https:\/\/nerasa.eu\/en\/#logo\"}},{\"@type\":\"WebSite\",\"@id\":\"https:\/\/nerasa.eu\/en\/#website\",\"url\":\"https:\/\/nerasa.eu\/en\/\",\"name\":\"ne.rasa\",\"description\":\"\",\"publisher\":{\"@id\":\"https:\/\/nerasa.eu\/en\/#organization\"},\"potentialAction\":[{\"@type\":\"SearchAction\",\"target\":{\"@type\":\"EntryPoint\",\"urlTemplate\":\"https:\/\/nerasa.eu\/en\/?s={search_term_string}\"},\"query-input\":\"required name=search_term_string\"}],\"inLanguage\":\"en-US\"},{\"@type\":\"WebPage\",\"@id\":\"https:\/\/nerasa.eu\/en\/terms-conditions\/#webpage\",\"url\":\"https:\/\/nerasa.eu\/en\/terms-conditions\/\",\"name\":\"Terms & Conditions - ne.rasa\",\"isPartOf\":{\"@id\":\"https:\/\/nerasa.eu\/en\/#website\"},\"datePublished\":\"2020-03-03T14:34:24+00:00\",\"dateModified\":\"2024-02-02T10:14:54+00:00\",\"breadcrumb\":{\"@id\":\"https:\/\/nerasa.eu\/en\/terms-conditions\/#breadcrumb\"},\"inLanguage\":\"en-US\",\"potentialAction\":[{\"@type\":\"ReadAction\",\"target\":[\"https:\/\/nerasa.eu\/en\/terms-conditions\/\"]}]},{\"@type\":\"BreadcrumbList\",\"@id\":\"https:\/\/nerasa.eu\/en\/terms-conditions\/#breadcrumb\",\"itemListElement\":[{\"@type\":\"ListItem\",\"position\":1,\"name\":\"Pagrindinis\",\"item\":\"https:\/\/nerasa.eu\/en\/\"},{\"@type\":\"ListItem\",\"position\":2,\"name\":\"Terms &#038; Conditions\"}]}]}<\/script>\n<!-- \/ Yoast SEO plugin. -->","yoast_head_json":{"title":"Terms & Conditions - ne.rasa","robots":{"index":"index","follow":"follow","max-snippet":"max-snippet:-1","max-image-preview":"max-image-preview:large","max-video-preview":"max-video-preview:-1"},"canonical":"https:\/\/nerasa.eu\/en\/terms-conditions\/","og_locale":"en_US","og_type":"article","og_title":"Terms & Conditions - ne.rasa","og_description":"Pirkimo pardavimo taisykl\u0117s 1. Bendrosios nuostatos 1.1. \u0160ios preki\u0173 pirkimo \u2013 pardavimo taisykl\u0117s (toliau \u201eTaisykl\u0117s\u201c) yra \u0161alims privalomas teisinis dokumentas, kuriame nustatomos Pirk\u0117jo ir Pardav\u0117jo teis\u0117s bei pareigos, preki\u0173 \u012fsigijimo bei apmok\u0117jimo u\u017e jas s\u0105lygos, preki\u0173 pristatymo ir gr\u0105\u017einimo tvarka, \u0161ali\u0173 atsakomyb\u0117 bei kitos su preki\u0173 pirkimu \u2013 pardavimu\u00a0 www.nerasa.eu internetin\u0117je parduotuv\u0117je susijusios nuostatos. 1.2. [&hellip;]","og_url":"https:\/\/nerasa.eu\/en\/terms-conditions\/","og_site_name":"ne.rasa","article_publisher":"https:\/\/www.facebook.com\/nerasa.eu","article_modified_time":"2024-02-02T10:14:54+00:00","twitter_card":"summary","twitter_misc":{"Est. reading time":"10 minutes"},"schema":{"@context":"https:\/\/schema.org","@graph":[{"@type":"Organization","@id":"https:\/\/nerasa.eu\/en\/#organization","name":"ne.rasa","url":"https:\/\/nerasa.eu\/en\/","sameAs":["https:\/\/www.facebook.com\/nerasa.eu"],"logo":{"@type":"ImageObject","@id":"https:\/\/nerasa.eu\/en\/#logo","inLanguage":"en-US","url":"https:\/\/nerasa.eu\/wp-content\/uploads\/2017\/09\/logo-borderless-1-e1506375274625.png","contentUrl":"https:\/\/nerasa.eu\/wp-content\/uploads\/2017\/09\/logo-borderless-1-e1506375274625.png","width":105,"height":93,"caption":"ne.rasa"},"image":{"@id":"https:\/\/nerasa.eu\/en\/#logo"}},{"@type":"WebSite","@id":"https:\/\/nerasa.eu\/en\/#website","url":"https:\/\/nerasa.eu\/en\/","name":"ne.rasa","description":"","publisher":{"@id":"https:\/\/nerasa.eu\/en\/#organization"},"potentialAction":[{"@type":"SearchAction","target":{"@type":"EntryPoint","urlTemplate":"https:\/\/nerasa.eu\/en\/?s={search_term_string}"},"query-input":"required name=search_term_string"}],"inLanguage":"en-US"},{"@type":"WebPage","@id":"https:\/\/nerasa.eu\/en\/terms-conditions\/#webpage","url":"https:\/\/nerasa.eu\/en\/terms-conditions\/","name":"Terms & Conditions - ne.rasa","isPartOf":{"@id":"https:\/\/nerasa.eu\/en\/#website"},"datePublished":"2020-03-03T14:34:24+00:00","dateModified":"2024-02-02T10:14:54+00:00","breadcrumb":{"@id":"https:\/\/nerasa.eu\/en\/terms-conditions\/#breadcrumb"},"inLanguage":"en-US","potentialAction":[{"@type":"ReadAction","target":["https:\/\/nerasa.eu\/en\/terms-conditions\/"]}]},{"@type":"BreadcrumbList","@id":"https:\/\/nerasa.eu\/en\/terms-conditions\/#breadcrumb","itemListElement":[{"@type":"ListItem","position":1,"name":"Pagrindinis","item":"https:\/\/nerasa.eu\/en\/"},{"@type":"ListItem","position":2,"name":"Terms &#038; Conditions"}]}]}},"_links":{"self":[{"href":"https:\/\/nerasa.eu\/en\/wp-json\/wp\/v2\/pages\/4101"}],"collection":[{"href":"https:\/\/nerasa.eu\/en\/wp-json\/wp\/v2\/pages"}],"about":[{"href":"https:\/\/nerasa.eu\/en\/wp-json\/wp\/v2\/types\/page"}],"author":[{"embeddable":true,"href":"https:\/\/nerasa.eu\/en\/wp-json\/wp\/v2\/users\/1"}],"replies":[{"embeddable":true,"href":"https:\/\/nerasa.eu\/en\/wp-json\/wp\/v2\/comments?post=4101"}],"version-history":[{"count":4,"href":"https:\/\/nerasa.eu\/en\/wp-json\/wp\/v2\/pages\/4101\/revisions"}],"predecessor-version":[{"id":39527,"href":"https:\/\/nerasa.eu\/en\/wp-json\/wp\/v2\/pages\/4101\/revisions\/39527"}],"wp:attachment":[{"href":"https:\/\/nerasa.eu\/en\/wp-json\/wp\/v2\/media?parent=4101"}],"curies":[{"name":"wp","href":"https:\/\/api.w.org\/{rel}","templated":true}]}}