{"id":1421,"date":"2018-08-27T22:30:37","date_gmt":"2018-08-27T19:30:37","guid":{"rendered":"https:\/\/nerasa.eu\/?page_id=1421"},"modified":"2024-06-04T11:07:42","modified_gmt":"2024-06-04T08:07:42","slug":"return-policy","status":"publish","type":"page","link":"https:\/\/nerasa.eu\/en\/return-policy\/","title":{"rendered":"Return policy"},"content":{"rendered":"<p>[vc_row][vc_column][vc_column_text]We are doing our best that you wouldn&#8217;t have to even thing about returning our products!<\/p>\n<p>But if the size didn&#8217;t fit, the color was different from what you expected it to be, or the garment just didn&#8217;t suit you, you can return it within 14 working days from purchase date.<\/p>\n<p>ATTENTION:\u00a0 MAX size (5XL-6XL) garments are non-returnable and non-replaceable unless the products have fabric, tailoring, or other defects. If you have any doubts when ordering plus size garment just ask us anything. We will consult you and make changes to the garment if needed.<\/p>\n<p>In order to return the unsuited products:<\/p>\n<ul>\n<li>Inform us regarding the return by email\u00a0<a href=\"mailto:info@nerasa.eu\">info@nerasa.eu<\/a><\/li>\n<li>The return is only possible if the item was unused, was not damaged, appearance was intact and had the same packaging as it was received.<\/li>\n<li>The shipping cost are paid by customer.<\/li>\n<li>Fill out the free form return \/ exchange request form.\u00a0 You should write your order number, the reason of the return and the bank account number to which the money should be returned in this form. Include that form with returned goods\u00a0 before shipping.<\/li>\n<li>You can send us the returned goods by one of option listed below:\n<ol>\n<li>by OMNIVA parcel machine: ne.rasa, Alytaus Pulko g. OMNIVA parcel machine, Telephone: 8 612 66806<\/li>\n<li>by LPEXPRESS parcel machine: ne.rasa, Alytaus Santaikos g. LPEXPRESS parcel machine, Telephone: 8 612 66806<\/li>\n<li>by registered mail package or by the courier of your choice to the address: Rasa Nenartavi\u010di\u016bt\u0117, ne.rasa, Ugniagesi\u0173 g. 10-2, 62137 Alytus Telephone: 8 612 66806<\/li>\n<\/ol>\n<\/li>\n<li>We will transfer the sum of the returned products within 3 working days when we will receive the products, the shipping cost is not refunded.<\/li>\n<\/ul>\n<p>[\/vc_column_text][\/vc_column][\/vc_row]<\/p>\n","protected":false},"excerpt":{"rendered":"<p>[vc_row][vc_column][vc_column_text]We are doing our best that you wouldn&#8217;t have to even thing about returning our products! But if the size didn&#8217;t fit, the color was different from what you expected it to be, or the garment just didn&#8217;t suit you, you can return it within 14 working days from purchase date. ATTENTION:\u00a0 MAX size (5XL-6XL) [&hellip;]<\/p>\n","protected":false},"author":1,"featured_media":0,"parent":0,"menu_order":0,"comment_status":"closed","ping_status":"closed","template":"","meta":{"_mi_skip_tracking":false,"_monsterinsights_sitenote_active":false,"_monsterinsights_sitenote_note":"","_monsterinsights_sitenote_category":0,"spay_email":"","footnotes":""},"acf":[],"yoast_head":"<!-- This site is optimized with the Yoast SEO plugin v17.4 - https:\/\/yoast.com\/wordpress\/plugins\/seo\/ -->\n<title>Return policy - ne.rasa - handmade designer clothing<\/title>\n<meta name=\"description\" content=\"If the size didn&#039;t fit, the color was different then you expected, you can return the order within 14 working days from purchase date.\" \/>\n<meta name=\"robots\" content=\"index, follow, max-snippet:-1, max-image-preview:large, max-video-preview:-1\" \/>\n<link rel=\"canonical\" href=\"https:\/\/nerasa.eu\/en\/return-policy\/\" \/>\n<meta property=\"og:locale\" content=\"en_US\" \/>\n<meta property=\"og:type\" content=\"article\" \/>\n<meta property=\"og:title\" content=\"Return policy - ne.rasa - handmade designer clothing\" \/>\n<meta property=\"og:description\" content=\"If the size didn&#039;t fit, the color was different then you expected, you can return the order within 14 working days from purchase date.\" \/>\n<meta property=\"og:url\" content=\"https:\/\/nerasa.eu\/en\/return-policy\/\" \/>\n<meta property=\"og:site_name\" content=\"ne.rasa\" \/>\n<meta property=\"article:publisher\" content=\"https:\/\/www.facebook.com\/nerasa.eu\" \/>\n<meta property=\"article:modified_time\" content=\"2024-06-04T08:07:42+00:00\" \/>\n<meta name=\"twitter:card\" content=\"summary\" \/>\n<meta name=\"twitter:label1\" content=\"Est. reading time\" \/>\n\t<meta name=\"twitter:data1\" content=\"2 minutes\" \/>\n<script type=\"application\/ld+json\" class=\"yoast-schema-graph\">{\"@context\":\"https:\/\/schema.org\",\"@graph\":[{\"@type\":\"Organization\",\"@id\":\"https:\/\/nerasa.eu\/en\/#organization\",\"name\":\"ne.rasa\",\"url\":\"https:\/\/nerasa.eu\/en\/\",\"sameAs\":[\"https:\/\/www.facebook.com\/nerasa.eu\"],\"logo\":{\"@type\":\"ImageObject\",\"@id\":\"https:\/\/nerasa.eu\/en\/#logo\",\"inLanguage\":\"en-US\",\"url\":\"https:\/\/nerasa.eu\/wp-content\/uploads\/2017\/09\/logo-borderless-1-e1506375274625.png\",\"contentUrl\":\"https:\/\/nerasa.eu\/wp-content\/uploads\/2017\/09\/logo-borderless-1-e1506375274625.png\",\"width\":105,\"height\":93,\"caption\":\"ne.rasa\"},\"image\":{\"@id\":\"https:\/\/nerasa.eu\/en\/#logo\"}},{\"@type\":\"WebSite\",\"@id\":\"https:\/\/nerasa.eu\/en\/#website\",\"url\":\"https:\/\/nerasa.eu\/en\/\",\"name\":\"ne.rasa\",\"description\":\"\",\"publisher\":{\"@id\":\"https:\/\/nerasa.eu\/en\/#organization\"},\"potentialAction\":[{\"@type\":\"SearchAction\",\"target\":{\"@type\":\"EntryPoint\",\"urlTemplate\":\"https:\/\/nerasa.eu\/en\/?s={search_term_string}\"},\"query-input\":\"required name=search_term_string\"}],\"inLanguage\":\"en-US\"},{\"@type\":\"WebPage\",\"@id\":\"https:\/\/nerasa.eu\/en\/return-policy\/#webpage\",\"url\":\"https:\/\/nerasa.eu\/en\/return-policy\/\",\"name\":\"Return policy - ne.rasa - handmade designer clothing\",\"isPartOf\":{\"@id\":\"https:\/\/nerasa.eu\/en\/#website\"},\"datePublished\":\"2018-08-27T19:30:37+00:00\",\"dateModified\":\"2024-06-04T08:07:42+00:00\",\"description\":\"If the size didn't fit, the color was different then you expected, you can return the order within 14 working days from purchase date.\",\"breadcrumb\":{\"@id\":\"https:\/\/nerasa.eu\/en\/return-policy\/#breadcrumb\"},\"inLanguage\":\"en-US\",\"potentialAction\":[{\"@type\":\"ReadAction\",\"target\":[\"https:\/\/nerasa.eu\/en\/return-policy\/\"]}]},{\"@type\":\"BreadcrumbList\",\"@id\":\"https:\/\/nerasa.eu\/en\/return-policy\/#breadcrumb\",\"itemListElement\":[{\"@type\":\"ListItem\",\"position\":1,\"name\":\"Pagrindinis\",\"item\":\"https:\/\/nerasa.eu\/en\/\"},{\"@type\":\"ListItem\",\"position\":2,\"name\":\"Return policy\"}]}]}<\/script>\n<!-- \/ Yoast SEO plugin. -->","yoast_head_json":{"title":"Return policy - ne.rasa - handmade designer clothing","description":"If the size didn't fit, the color was different then you expected, you can return the order within 14 working days from purchase date.","robots":{"index":"index","follow":"follow","max-snippet":"max-snippet:-1","max-image-preview":"max-image-preview:large","max-video-preview":"max-video-preview:-1"},"canonical":"https:\/\/nerasa.eu\/en\/return-policy\/","og_locale":"en_US","og_type":"article","og_title":"Return policy - ne.rasa - handmade designer clothing","og_description":"If the size didn't fit, the color was different then you expected, you can return the order within 14 working days from purchase date.","og_url":"https:\/\/nerasa.eu\/en\/return-policy\/","og_site_name":"ne.rasa","article_publisher":"https:\/\/www.facebook.com\/nerasa.eu","article_modified_time":"2024-06-04T08:07:42+00:00","twitter_card":"summary","twitter_misc":{"Est. reading time":"2 minutes"},"schema":{"@context":"https:\/\/schema.org","@graph":[{"@type":"Organization","@id":"https:\/\/nerasa.eu\/en\/#organization","name":"ne.rasa","url":"https:\/\/nerasa.eu\/en\/","sameAs":["https:\/\/www.facebook.com\/nerasa.eu"],"logo":{"@type":"ImageObject","@id":"https:\/\/nerasa.eu\/en\/#logo","inLanguage":"en-US","url":"https:\/\/nerasa.eu\/wp-content\/uploads\/2017\/09\/logo-borderless-1-e1506375274625.png","contentUrl":"https:\/\/nerasa.eu\/wp-content\/uploads\/2017\/09\/logo-borderless-1-e1506375274625.png","width":105,"height":93,"caption":"ne.rasa"},"image":{"@id":"https:\/\/nerasa.eu\/en\/#logo"}},{"@type":"WebSite","@id":"https:\/\/nerasa.eu\/en\/#website","url":"https:\/\/nerasa.eu\/en\/","name":"ne.rasa","description":"","publisher":{"@id":"https:\/\/nerasa.eu\/en\/#organization"},"potentialAction":[{"@type":"SearchAction","target":{"@type":"EntryPoint","urlTemplate":"https:\/\/nerasa.eu\/en\/?s={search_term_string}"},"query-input":"required name=search_term_string"}],"inLanguage":"en-US"},{"@type":"WebPage","@id":"https:\/\/nerasa.eu\/en\/return-policy\/#webpage","url":"https:\/\/nerasa.eu\/en\/return-policy\/","name":"Return policy - ne.rasa - handmade designer clothing","isPartOf":{"@id":"https:\/\/nerasa.eu\/en\/#website"},"datePublished":"2018-08-27T19:30:37+00:00","dateModified":"2024-06-04T08:07:42+00:00","description":"If the size didn't fit, the color was different then you expected, you can return the order within 14 working days from purchase date.","breadcrumb":{"@id":"https:\/\/nerasa.eu\/en\/return-policy\/#breadcrumb"},"inLanguage":"en-US","potentialAction":[{"@type":"ReadAction","target":["https:\/\/nerasa.eu\/en\/return-policy\/"]}]},{"@type":"BreadcrumbList","@id":"https:\/\/nerasa.eu\/en\/return-policy\/#breadcrumb","itemListElement":[{"@type":"ListItem","position":1,"name":"Pagrindinis","item":"https:\/\/nerasa.eu\/en\/"},{"@type":"ListItem","position":2,"name":"Return policy"}]}]}},"_links":{"self":[{"href":"https:\/\/nerasa.eu\/en\/wp-json\/wp\/v2\/pages\/1421"}],"collection":[{"href":"https:\/\/nerasa.eu\/en\/wp-json\/wp\/v2\/pages"}],"about":[{"href":"https:\/\/nerasa.eu\/en\/wp-json\/wp\/v2\/types\/page"}],"author":[{"embeddable":true,"href":"https:\/\/nerasa.eu\/en\/wp-json\/wp\/v2\/users\/1"}],"replies":[{"embeddable":true,"href":"https:\/\/nerasa.eu\/en\/wp-json\/wp\/v2\/comments?post=1421"}],"version-history":[{"count":12,"href":"https:\/\/nerasa.eu\/en\/wp-json\/wp\/v2\/pages\/1421\/revisions"}],"predecessor-version":[{"id":40497,"href":"https:\/\/nerasa.eu\/en\/wp-json\/wp\/v2\/pages\/1421\/revisions\/40497"}],"wp:attachment":[{"href":"https:\/\/nerasa.eu\/en\/wp-json\/wp\/v2\/media?parent=1421"}],"curies":[{"name":"wp","href":"https:\/\/api.w.org\/{rel}","templated":true}]}}